{"id":12618,"date":"2015-12-01T15:44:41","date_gmt":"2015-12-01T15:44:41","guid":{"rendered":"http:\/\/www.poderjudicialcdmx.gob.mx\/anales\/?page_id=12618"},"modified":"2018-01-23T16:33:38","modified_gmt":"2018-01-23T16:33:38","slug":"anales-de-jusrisprudencia","status":"publish","type":"page","link":"https:\/\/www.poderjudicialcdmx.gob.mx\/anales\/anales-de-jusrisprudencia\/","title":{"rendered":"BOLETIN_JUDICIAL"},"content":{"rendered":"<p>[vc_row row_type=\u00bbrow\u00bb use_row_as_full_screen_section=\u00bbno\u00bb type=\u00bbgrid\u00bb oblique_section=\u00bbno\u00bb text_align=\u00bbcenter\u00bb Overflow=\u00bb\u00bb triangle_shape=\u00bbno\u00bb background_image=\u00bb12625&#8243; background_color=\u00bb#ffffff\u00bb padding_top=\u00bb10%\u00bb css_animation=\u00bb\u00bb overflow=\u00bb\u00bb][vc_column][vc_separator type=\u00bbtransparent\u00bb up=\u00bb150&#8243; up_style=\u00bbpx\u00bb down_style=\u00bbpx\u00bb][no_elements_holder number_of_columns=\u00bbone_column\u00bb switch_to_one_column=\u00bb\u00bb alignment_one_column=\u00bbcenter\u00bb][no_elements_holder_item item_padding=\u00bb19% 0% 0% 0%\u00bb aligment=\u00bbcenter\u00bb vertical_alignment=\u00bbmiddle\u00bb animation_name=\u00bbgrow_in\u00bb advanced_animations=\u00bbno\u00bb item_padding_1300_1600=\u00bb10% 0% 0% 0%\u00bb item_padding_1024_1300=\u00bb13% 0% 0% 0%\u00bb item_padding_768_1024=\u00bb20% 0% 9% 0%\u00bb item_padding_600_768=\u00bb20% 0% 9% 0%\u00bb]<div class=\"custom_font_holder  \" style=\"font-family: Lato; font-size: 75px; line-height: 250px; font-style: normal; font-weight: 600; color: #ffffff; text-decoration: none; text-shadow: 1px 1px 2px rgba(0, 0, 0, 0.4);; letter-spacing: 0px;; padding: 5px 5px 5px 5px; text-transform: uppercase; text-align: center\" data-font-size=75 data-line-height=250 ><div  ><\/div><\/div>[vc_row_inner row_type=\u00bbrow\u00bb type=\u00bbfull_width\u00bb use_row_as_full_screen_section_slide=\u00bbno\u00bb text_align=\u00bbcenter\u00bb css_animation=\u00bb\u00bb][vc_column_inner][vc_separator type=\u00bbtransparent\u00bb up=\u00bb100&#8243; up_style=\u00bbpx\u00bb down=\u00bb0&#8243; down_style=\u00bbpx\u00bb][\/vc_column_inner][\/vc_row_inner][\/no_elements_holder_item][\/no_elements_holder][\/vc_column][\/vc_row][vc_row row_type=\u00bbparallax\u00bb type=\u00bbfull_width\u00bb text_align=\u00bbcenter\u00bb triangle_shape=\u00bbno\u00bb background_image=\u00bb12432&#8243; full_screen_section_height=\u00bbno\u00bb section_height=\u00bb100&#8243; zoom_effect=\u00bbno\u00bb][vc_column][vc_separator type=\u00bbtransparent\u00bb up=\u00bb120&#8243; up_style=\u00bbpx\u00bb down=\u00bb0&#8243; down_style=\u00bbpx\u00bb][vc_column_text]<\/p>\n<p style=\"text-align: center; font-size: 46px; color: #9eb75d; font-weight: 600; line-height: 45px;\">CONSULTA BOLET\u00cdN JUDICIAL<\/p>\n<p>[\/vc_column_text][vc_separator type=\u00bbtransparent\u00bb up=\u00bb120&#8243; up_style=\u00bbpx\u00bb down=\u00bb0&#8243; down_style=\u00bbpx\u00bb][\/vc_column][\/vc_row][vc_row row_type=\u00bbrow\u00bb use_row_as_full_screen_section=\u00bbno\u00bb type=\u00bbfull_width\u00bb oblique_section=\u00bbno\u00bb text_align=\u00bbleft\u00bb Overflow=\u00bb\u00bb triangle_shape=\u00bbno\u00bb css_animation=\u00bb\u00bb overflow=\u00bb\u00bb][vc_column][vc_column_text]<\/p>\n<h4><span style=\"color: #005361;\">BOLET\u00cdN JUDICIAL<\/span><\/h4>\n<p>[\/vc_column_text][\/vc_column][\/vc_row][vc_row row_type=\u00bbrow\u00bb use_row_as_full_screen_section=\u00bbno\u00bb type=\u00bbfull_width\u00bb oblique_section=\u00bbno\u00bb text_align=\u00bbleft\u00bb Overflow=\u00bb\u00bb triangle_shape=\u00bbno\u00bb css_animation=\u00bb\u00bb overflow=\u00bb\u00bb][vc_column][vc_empty_space image_repeat=\u00bbno-repeat\u00bb][\/vc_column][\/vc_row][vc_row row_type=\u00bbrow\u00bb use_row_as_full_screen_section=\u00bbno\u00bb type=\u00bbfull_width\u00bb oblique_section=\u00bbno\u00bb text_align=\u00bbleft\u00bb Overflow=\u00bb\u00bb triangle_shape=\u00bbno\u00bb css_animation=\u00bb\u00bb overflow=\u00bb\u00bb][vc_column][vc_column_text]<\/p>\n<h6>El Lic. Emilio Portes Gil, Presidente Provisional de los Estados Unidos Mexicanos, expidi\u00f3 el 31 de diciembre de 1928, la \u201cLey Org\u00e1nica de los Tribunales del Fuero Com\u00fan del Distrito y Territorios Federales\u201d, destac\u00e1ndose el Bolet\u00edn Judicial como un \u00f3rgano dependiente del Presidente del Tribunal y encargado de la publicaci\u00f3n de los edictos, convocatorias y dem\u00e1s avisos judiciales.<\/h6>\n<h6>FUNDAMENTO LEGAL<\/h6>\n<h6>(Ley Org\u00e1nica Tribunal Superior de Justicia de la Ciudad de M\u00e9xico)<\/h6>\n<h6>Art\u00edculo 161. El Bolet\u00edn Judicial se publicar\u00e1 por la Direcci\u00f3n General de los Anales de Jurisprudencia diariamente, con excepci\u00f3n de los s\u00e1bados, domingos y d\u00edas inh\u00e1biles.<\/h6>\n<h6>Art\u00edculo 163.<\/h6>\n<h6>\u2026.<\/h6>\n<h6>El Bolet\u00edn Judicial contendr\u00e1 los acuerdos, sentencias y avisos de todos los Juzgados y Salas, as\u00ed como los avisos y acuerdos del Pleno y del Consejo, su publicaci\u00f3n se har\u00e1 todos los d\u00edas laborables del Tribunal Superior de Justicia del Distrito Federal.<\/h6>\n<h6>Art\u00edculo 165. Los edictos, convocatorias y dem\u00e1s avisos judiciales que deban insertarse en el Bolet\u00edn Judicial, se publicar\u00e1n gratuitamente en negocios cuya cuant\u00eda no exceda de treinta veces la Unidad de Cuenta de la Ciudad de M\u00e9xico vigente.<\/h6>\n<h6>(C\u00f3digo de Procedimientos Civiles para el D.F.)<\/h6>\n<h6>Art\u00edculo 111<\/h6>\n<h6>Las notificaciones en juicio se podr\u00e1n hacer:<\/h6>\n<h6>I.\u2026<\/h6>\n<ol>\n<li>\n<h6>Por Bolet\u00edn Judicial, en los t\u00e9rminos de los art\u00edculos 123 y 125;<\/h6>\n<\/li>\n<\/ol>\n<h6>III. Por edictos que se hagan ostensibles en los sitios p\u00fablicos de costumbre o que se manden publicar en los peri\u00f3dicos que al efecto se autoricen en los plazos que se precisen<\/h6>\n<p>[\/vc_column_text][\/vc_column][\/vc_row][vc_row row_type=\u00bbparallax\u00bb type=\u00bbfull_width\u00bb text_align=\u00bbcenter\u00bb triangle_shape=\u00bbno\u00bb background_image=\u00bb12432&#8243; full_screen_section_height=\u00bbno\u00bb section_height=\u00bb100&#8243; zoom_effect=\u00bbno\u00bb][vc_column][vc_separator type=\u00bbtransparent\u00bb up=\u00bb120&#8243; up_style=\u00bbpx\u00bb down=\u00bb0&#8243; down_style=\u00bbpx\u00bb][vc_separator type=\u00bbtransparent\u00bb up=\u00bb120&#8243; up_style=\u00bbpx\u00bb down=\u00bb0&#8243; down_style=\u00bbpx\u00bb][vc_raw_html]JTNDZGl2JTIwc3R5bGUlM0QlMjJ0ZXh0LWFsaWduJTNBY2VudGVyJTNCJTIyJTNFJTIwJTBBJTNDaWZyYW1lJTIwdGl0bGUlM0QlMjJUaXR1bG8lMjIlMjB3aWR0aCUzRCUyMjEyMDAlMjIlMjBoZWlnaHQlM0QlMjI2NjAlMjIlMjBzcmMlM0QlMjJodHRwJTNBJTJGJTJGMjAxLjE3NS4yNy45MCUzQTgwODAlMkZpbmRleC5waHAlMjIlMjBmcmFtZWJvcmRlciUzRCUyMjAlMjIlM0UlM0MlMkZpZnJhbWUlM0UlMEElM0MlMkZkaXYlM0U=[\/vc_raw_html][\/vc_column][\/vc_row][vc_row row_type=\u00bbrow\u00bb use_row_as_full_screen_section=\u00bbno\u00bb type=\u00bbfull_width\u00bb oblique_section=\u00bbno\u00bb text_align=\u00bbleft\u00bb Overflow=\u00bb\u00bb triangle_shape=\u00bbno\u00bb css_animation=\u00bb\u00bb overflow=\u00bb\u00bb][vc_column][vc_separator type=\u00bbtransparent\u00bb up=\u00bb60&#8243; up_style=\u00bbpx\u00bb down=\u00bb0&#8243; down_style=\u00bbpx\u00bb][vc_separator type=\u00bbtransparent\u00bb up=\u00bb120&#8243; up_style=\u00bbpx\u00bb down=\u00bb0&#8243; down_style=\u00bbpx\u00bb][\/vc_column][\/vc_row]<\/p>\n","protected":false},"excerpt":{"rendered":"<p>[vc_row row_type=\u00bbrow\u00bb use_row_as_full_screen_section=\u00bbno\u00bb type=\u00bbgrid\u00bb oblique_section=\u00bbno\u00bb text_align=\u00bbcenter\u00bb Overflow=\u00bb\u00bb triangle_shape=\u00bbno\u00bb background_image=\u00bb12625&#8243; background_color=\u00bb#ffffff\u00bb padding_top=\u00bb10%\u00bb css_animation=\u00bb\u00bb overflow=\u00bb\u00bb][vc_column][vc_separator type=\u00bbtransparent\u00bb up=\u00bb150&#8243; up_style=\u00bbpx\u00bb down_style=\u00bbpx\u00bb][no_elements_holder number_of_columns=\u00bbone_column\u00bb switch_to_one_column=\u00bb\u00bb alignment_one_column=\u00bbcenter\u00bb][no_elements_holder_item item_padding=\u00bb19% 0% 0% 0%\u00bb aligment=\u00bbcenter\u00bb vertical_alignment=\u00bbmiddle\u00bb animation_name=\u00bbgrow_in\u00bb advanced_animations=\u00bbno\u00bb item_padding_1300_1600=\u00bb10% 0% 0% 0%\u00bb item_padding_1024_1300=\u00bb13% 0% 0% 0%\u00bb item_padding_768_1024=\u00bb20% 0% 9% 0%\u00bb item_padding_600_768=\u00bb20% 0% 9% 0%\u00bb][vc_row_inner row_type=\u00bbrow\u00bb&#8230;<\/p>\n","protected":false},"author":1,"featured_media":0,"parent":0,"menu_order":0,"comment_status":"closed","ping_status":"closed","template":"full_width.php","meta":{"footnotes":""},"class_list":["post-12618","page","type-page","status-publish","hentry"],"_links":{"self":[{"href":"https:\/\/www.poderjudicialcdmx.gob.mx\/anales\/wp-json\/wp\/v2\/pages\/12618"}],"collection":[{"href":"https:\/\/www.poderjudicialcdmx.gob.mx\/anales\/wp-json\/wp\/v2\/pages"}],"about":[{"href":"https:\/\/www.poderjudicialcdmx.gob.mx\/anales\/wp-json\/wp\/v2\/types\/page"}],"author":[{"embeddable":true,"href":"https:\/\/www.poderjudicialcdmx.gob.mx\/anales\/wp-json\/wp\/v2\/users\/1"}],"replies":[{"embeddable":true,"href":"https:\/\/www.poderjudicialcdmx.gob.mx\/anales\/wp-json\/wp\/v2\/comments?post=12618"}],"version-history":[{"count":47,"href":"https:\/\/www.poderjudicialcdmx.gob.mx\/anales\/wp-json\/wp\/v2\/pages\/12618\/revisions"}],"predecessor-version":[{"id":16735,"href":"https:\/\/www.poderjudicialcdmx.gob.mx\/anales\/wp-json\/wp\/v2\/pages\/12618\/revisions\/16735"}],"wp:attachment":[{"href":"https:\/\/www.poderjudicialcdmx.gob.mx\/anales\/wp-json\/wp\/v2\/media?parent=12618"}],"curies":[{"name":"wp","href":"https:\/\/api.w.org\/{rel}","templated":true}]}}