{"id":15930,"date":"2022-04-06T20:45:04","date_gmt":"2022-04-06T20:45:04","guid":{"rendered":"http:\/\/www.poderjudicialcdmx.gob.mx\/anales\/?page_id=17257"},"modified":"2022-04-06T20:45:04","modified_gmt":"2022-04-06T20:45:04","slug":"catalogo_historico","status":"publish","type":"page","link":"https:\/\/www.poderjudicialcdmx.gob.mx\/anales\/catalogo_historico\/","title":{"rendered":"CAT\u00c1LOGO HIST\u00d3RICO"},"content":{"rendered":"<p>[vc_row row_type=\u00bbrow\u00bb use_row_as_full_screen_section=\u00bbno\u00bb type=\u00bbfull_width\u00bb oblique_section=\u00bbno\u00bb text_align=\u00bbcenter\u00bb Overflow=\u00bb\u00bb triangle_shape=\u00bbno\u00bb background_image=\u00bb19183&#8243; use_as_box=\u00bbuse_row_as_box\u00bb css_animation=\u00bb\u00bb overflow=\u00bb\u00bb][vc_column][no_elements_holder number_of_columns=\u00bbone_column\u00bb switch_to_one_column=\u00bb\u00bb alignment_one_column=\u00bbcenter\u00bb][no_elements_holder_item item_padding=\u00bb19% 0% 0% 0%\u00bb aligment=\u00bbcenter\u00bb vertical_alignment=\u00bbmiddle\u00bb animation_name=\u00bbgrow_in\u00bb advanced_animations=\u00bbno\u00bb item_padding_1300_1600=\u00bb10% 0% 0% 0%\u00bb item_padding_1024_1300=\u00bb13% 0% 0% 0%\u00bb item_padding_768_1024=\u00bb20% 0% 9% 0%\u00bb item_padding_600_768=\u00bb20% 0% 9% 0%\u00bb]<div class=\"custom_font_holder  \" style=\"font-family: Lato; font-size: 80px; line-height: 95px; font-style: normal; font-weight: 600; color: #ffffff; text-decoration: none; padding: 0px 50px 50px 0px; text-transform: none; text-align: right\" data-font-size=80 data-line-height=95 ><div  ><p>CAT\u00c1LOGO<\/p>\n<p>HIST\u00d3RICO<\/p>\n<\/div><\/div>[\/no_elements_holder_item][\/no_elements_holder][\/vc_column][\/vc_row][vc_row row_type=\u00bbrow\u00bb use_row_as_full_screen_section=\u00bbno\u00bb type=\u00bbfull_width\u00bb oblique_section=\u00bbno\u00bb text_align=\u00bbleft\u00bb Overflow=\u00bb\u00bb triangle_shape=\u00bbno\u00bb css_animation=\u00bb\u00bb overflow=\u00bb\u00bb][vc_column][vc_empty_space height=\u00bb50px\u00bb image_repeat=\u00bbno-repeat\u00bb][\/vc_column][\/vc_row][vc_row row_type=\u00bbrow\u00bb use_row_as_full_screen_section=\u00bbno\u00bb type=\u00bbgrid\u00bb oblique_section=\u00bbno\u00bb text_align=\u00bbleft\u00bb Overflow=\u00bb\u00bb triangle_shape=\u00bbno\u00bb css_animation=\u00bb\u00bb overflow=\u00bb\u00bb][vc_column width=\u00bb1\/2&#8243;][vc_empty_space image_repeat=\u00bbno-repeat\u00bb][vc_single_image image=\u00bb15965&#8243; img_size=\u00bbmedium\u00bb alignment=\u00bbcenter\u00bb style=\u00bbvc_box_shadow_3d\u00bb onclick=\u00bbcustom_link\u00bb img_link_target=\u00bb_blank\u00bb mkd_css_animation=\u00bb\u00bb set_shader=\u00bbno\u00bb set_popup=\u00bbno\u00bb animate_image_on_hover=\u00bbzoom\u00bb link=\u00bbhttp:\/\/www.poderjudicialcdmx.gob.mx\/anales\/wp-content\/uploads\/Catalogo-Historico.pdf\u00bb][\/vc_column][vc_column width=\u00bb1\/2&#8243;][vc_column_text]<\/p>\n<h4 style=\"text-align: left\"><strong><span style=\"color: #005361\">CAT\u00c1LOGO DE\u00a0PUBLICACIONES\u00a01991-2015.\u00a0<\/span><\/strong><\/h4>\n<h6 style=\"text-align: left\"><span style=\"color: #68a0a9\"><strong>Direcci\u00f3n General de Anales de Jurisprudencia y Bolet\u00edn Judicial.<\/strong><\/span><\/h6>\n<p>&nbsp;<\/p>\n<p style=\"text-align: justify\">Una detallada recopilaci\u00f3n de las obras que durante 24 a\u00f1os la Direcci\u00f3n General de Anales de Jurisprudencia y Bolet\u00edn Judicial del TSJCDMX ha puesto al alcance de los lectores en las colecciones: Cl\u00e1sicos del Derecho internacional y mexicano, C\u00f3digos y Leyes, Doctrina, Publicaciones Especiales, as\u00ed como la revista Anales de Jurisprudencia. Se trata de una gu\u00eda que incluye rese\u00f1as m\u00ednimas para los lectores interesados en el material bibliogr\u00e1fico disponible en librer\u00edas y bibliotecas especializadas.<\/p>\n<h5><\/h5>\n<p>[\/vc_column_text][\/vc_column][\/vc_row][vc_row row_type=\u00bbrow\u00bb use_row_as_full_screen_section=\u00bbno\u00bb type=\u00bbfull_width\u00bb oblique_section=\u00bbno\u00bb text_align=\u00bbleft\u00bb Overflow=\u00bb\u00bb triangle_shape=\u00bbno\u00bb css_animation=\u00bb\u00bb overflow=\u00bb\u00bb][vc_column][vc_empty_space height=\u00bb120px\u00bb image_repeat=\u00bbno-repeat\u00bb][\/vc_column][\/vc_row][vc_row row_type=\u00bbrow\u00bb use_row_as_full_screen_section=\u00bbno\u00bb type=\u00bbfull_width\u00bb oblique_section=\u00bbno\u00bb text_align=\u00bbleft\u00bb Overflow=\u00bb\u00bb triangle_shape=\u00bbno\u00bb css_animation=\u00bb\u00bb overflow=\u00bb\u00bb][vc_column]<div class='mkd_carousels_holder clearfix '><div class='mkd_carousels'  data-number_of_items='3'><ul class='slides'><li class='item'><div class=\"carousel_item_holder\" ><div class=\"carousel_item_holder_inner\" ><span class='first_image_holder hover_zoom'><img src='http:\/\/www.poderjudicialcdmx.gob.mx\/anales\/wp-content\/uploads\/Portada-catalogo.jpg' alt='Portada'><\/span><\/div><\/div><\/li><li class='item'><div class=\"carousel_item_holder\" ><div class=\"carousel_item_holder_inner\" ><span class='first_image_holder hover_zoom'><img src='http:\/\/www.poderjudicialcdmx.gob.mx\/anales\/wp-content\/uploads\/Indice-catalogo.jpg' alt='\u00edndice'><\/span><\/div><\/div><\/li><li class='item'><div class=\"carousel_item_holder\" ><div class=\"carousel_item_holder_inner\" ><a href='https:\/\/www.poderjudicialcdmx.gob.mx\/anales\/wp-content\/uploads\/Catalogo-R_Anales.pdf' target='_blank' class='carousel-link'><span class='first_image_holder hover_zoom'><img src='http:\/\/www.poderjudicialcdmx.gob.mx\/anales\/wp-content\/uploads\/Portadilla-RAJ.jpg' alt='Revista'><\/span><\/a><\/div><\/div><\/li><li class='item'><div class=\"carousel_item_holder\" ><div class=\"carousel_item_holder_inner\" ><a href='https:\/\/www.poderjudicialcdmx.gob.mx\/anales\/wp-content\/uploads\/Catalogo-Clasicos.pdf' target='_blank' class='carousel-link'><span class='first_image_holder hover_zoom'><img src='http:\/\/www.poderjudicialcdmx.gob.mx\/anales\/wp-content\/uploads\/PortadillaClasicos_d_D.jpg' alt='Cl\u00e1sicos'><\/span><\/a><\/div><\/div><\/li><li class='item'><div class=\"carousel_item_holder\" ><div class=\"carousel_item_holder_inner\" ><a href='https:\/\/www.poderjudicialcdmx.gob.mx\/anales\/wp-content\/uploads\/Catalogo-Clasicos_D_M.pdf' target='_blank' class='carousel-link'><span class='first_image_holder hover_zoom'><img src='http:\/\/www.poderjudicialcdmx.gob.mx\/anales\/wp-content\/uploads\/PortadillaClasicos_d_D_Mx.jpg' alt='Derecho Mexicano'><\/span><\/a><\/div><\/div><\/li><li class='item'><div class=\"carousel_item_holder\" ><div class=\"carousel_item_holder_inner\" ><a href='https:\/\/www.poderjudicialcdmx.gob.mx\/anales\/wp-content\/uploads\/Catalogo-Doctrina.pdf' target='_blank' class='carousel-link'><span class='first_image_holder hover_zoom'><img src='http:\/\/www.poderjudicialcdmx.gob.mx\/anales\/wp-content\/uploads\/Portadilla_Doctrina.jpg' alt='Doctrina'><\/span><\/a><\/div><\/div><\/li><li class='item'><div class=\"carousel_item_holder\" ><div class=\"carousel_item_holder_inner\" ><a href='https:\/\/www.poderjudicialcdmx.gob.mx\/anales\/wp-content\/uploads\/Catalogo-P_Especiales.pdf' target='_blank' class='carousel-link'><span class='first_image_holder hover_zoom'><img src='http:\/\/www.poderjudicialcdmx.gob.mx\/anales\/wp-content\/uploads\/Portadilla_P_E.jpg' alt='Publi Especiales'><\/span><\/a><\/div><\/div><\/li><li class='item'><div class=\"carousel_item_holder\" ><div class=\"carousel_item_holder_inner\" ><a href='https:\/\/www.poderjudicialcdmx.gob.mx\/anales\/wp-content\/uploads\/Catalogo-Codigos-Leyes.pdf' target='_blank' class='carousel-link'><span class='first_image_holder hover_zoom'><img src='http:\/\/www.poderjudicialcdmx.gob.mx\/anales\/wp-content\/uploads\/Portadilla_CL.jpg' alt='C\u00f3digos y leyes'><\/span><\/a><\/div><\/div><\/li><\/ul><ul class=\"caroufredsel-direction-nav\"><li class=\"caroufredsel-prev-holder\"><a id=\"caroufredsel-prev\" class=\"mkd_carousel_prev caroufredsel-navigation-item caroufredsel-prev\" href=\"javascript: void(0)\"><span class=\"arrow_carrot-left\"><\/span><\/a><\/li><li class=\"caroufredsel-next-holder\"><a class=\"mkd_carousel_next caroufredsel-next caroufredsel-navigation-item\" id=\"caroufredsel-next\" href=\"javascript: void(0)\"><span class=\"arrow_carrot-right\"><\/span><\/a><\/li><\/ul><\/div><\/div>[vc_empty_space image_repeat=\u00bbno-repeat\u00bb][\/vc_column][\/vc_row]<\/p>\n","protected":false},"excerpt":{"rendered":"<p>[vc_row row_type=\u00bbrow\u00bb use_row_as_full_screen_section=\u00bbno\u00bb type=\u00bbfull_width\u00bb oblique_section=\u00bbno\u00bb text_align=\u00bbcenter\u00bb Overflow=\u00bb\u00bb triangle_shape=\u00bbno\u00bb background_image=\u00bb19183&#8243; use_as_box=\u00bbuse_row_as_box\u00bb css_animation=\u00bb\u00bb overflow=\u00bb\u00bb][vc_column][no_elements_holder number_of_columns=\u00bbone_column\u00bb switch_to_one_column=\u00bb\u00bb alignment_one_column=\u00bbcenter\u00bb][no_elements_holder_item item_padding=\u00bb19% 0% 0% 0%\u00bb aligment=\u00bbcenter\u00bb vertical_alignment=\u00bbmiddle\u00bb animation_name=\u00bbgrow_in\u00bb advanced_animations=\u00bbno\u00bb item_padding_1300_1600=\u00bb10% 0% 0% 0%\u00bb item_padding_1024_1300=\u00bb13% 0% 0% 0%\u00bb item_padding_768_1024=\u00bb20% 0% 9% 0%\u00bb item_padding_600_768=\u00bb20% 0% 9% 0%\u00bb][\/no_elements_holder_item][\/no_elements_holder][\/vc_column][\/vc_row][vc_row row_type=\u00bbrow\u00bb use_row_as_full_screen_section=\u00bbno\u00bb type=\u00bbfull_width\u00bb oblique_section=\u00bbno\u00bb text_align=\u00bbleft\u00bb Overflow=\u00bb\u00bb&#8230;<\/p>\n","protected":false},"author":10,"featured_media":0,"parent":0,"menu_order":0,"comment_status":"closed","ping_status":"closed","template":"full_width.php","meta":{"footnotes":""},"class_list":["post-15930","page","type-page","status-publish","hentry"],"_links":{"self":[{"href":"https:\/\/www.poderjudicialcdmx.gob.mx\/anales\/wp-json\/wp\/v2\/pages\/15930"}],"collection":[{"href":"https:\/\/www.poderjudicialcdmx.gob.mx\/anales\/wp-json\/wp\/v2\/pages"}],"about":[{"href":"https:\/\/www.poderjudicialcdmx.gob.mx\/anales\/wp-json\/wp\/v2\/types\/page"}],"author":[{"embeddable":true,"href":"https:\/\/www.poderjudicialcdmx.gob.mx\/anales\/wp-json\/wp\/v2\/users\/10"}],"replies":[{"embeddable":true,"href":"https:\/\/www.poderjudicialcdmx.gob.mx\/anales\/wp-json\/wp\/v2\/comments?post=15930"}],"version-history":[{"count":39,"href":"https:\/\/www.poderjudicialcdmx.gob.mx\/anales\/wp-json\/wp\/v2\/pages\/15930\/revisions"}],"predecessor-version":[{"id":18315,"href":"https:\/\/www.poderjudicialcdmx.gob.mx\/anales\/wp-json\/wp\/v2\/pages\/15930\/revisions\/18315"}],"wp:attachment":[{"href":"https:\/\/www.poderjudicialcdmx.gob.mx\/anales\/wp-json\/wp\/v2\/media?parent=15930"}],"curies":[{"name":"wp","href":"https:\/\/api.w.org\/{rel}","templated":true}]}}