{"id":16015,"date":"2022-04-06T20:39:48","date_gmt":"2022-04-06T20:39:48","guid":{"rendered":"http:\/\/www.poderjudicialcdmx.gob.mx\/anales\/?page_id=17523"},"modified":"2022-04-27T15:30:00","modified_gmt":"2022-04-27T15:30:00","slug":"novedades-editoriales-2","status":"publish","type":"page","link":"https:\/\/www.poderjudicialcdmx.gob.mx\/anales\/novedades-editoriales-2\/","title":{"rendered":"Novedades editoriales"},"content":{"rendered":"<p>[vc_row row_type=\u00bbrow\u00bb use_row_as_full_screen_section=\u00bbno\u00bb type=\u00bbfull_width\u00bb oblique_section=\u00bbno\u00bb text_align=\u00bbleft\u00bb Overflow=\u00bb\u00bb triangle_shape=\u00bbno\u00bb background_image=\u00bb19276&#8243; css_animation=\u00bb\u00bb overflow=\u00bb\u00bb][vc_column][no_elements_holder number_of_columns=\u00bbone_column\u00bb switch_to_one_column=\u00bb\u00bb alignment_one_column=\u00bbcenter\u00bb][no_elements_holder_item item_padding=\u00bb19% 0% 0% 0%\u00bb aligment=\u00bbcenter\u00bb vertical_alignment=\u00bbmiddle\u00bb animation_name=\u00bbgrow_in\u00bb advanced_animations=\u00bbno\u00bb item_padding_1300_1600=\u00bb10% 0% 0% 0%\u00bb item_padding_1024_1300=\u00bb13% 0% 0% 0%\u00bb item_padding_768_1024=\u00bb20% 0% 9% 0%\u00bb item_padding_600_768=\u00bb20% 0% 9% 0%\u00bb]<div class=\"custom_font_holder  \" style=\"font-family: Lato; font-size: 80px; line-height: 95px; font-style: normal; font-weight: 600; color: #ffffff; text-decoration: none; padding: 0px 50px 100px 100px; text-transform: uppercase; text-align: right\" data-font-size=80 data-line-height=95 ><div  ><p><strong>NOVEDADES <\/strong><\/p>\n<p>EDITORIALES<\/p>\n<\/div><\/div>[\/no_elements_holder_item][\/no_elements_holder][\/vc_column][\/vc_row][vc_row row_type=\u00bbrow\u00bb use_row_as_full_screen_section=\u00bbno\u00bb type=\u00bbgrid\u00bb oblique_section=\u00bbno\u00bb text_align=\u00bbcenter\u00bb Overflow=\u00bb\u00bb triangle_shape=\u00bbno\u00bb css_animation=\u00bb\u00bb overflow=\u00bb\u00bb][vc_column][vc_empty_space height=\u00bb50px\u00bb image_repeat=\u00bbno-repeat\u00bb]<div class=\"custom_font_holder  \" style=\"font-family: lato; font-size: 30px; line-height: 40px; font-style: normal; font-weight: 300; color: #0c0c0c; text-decoration: none; text-transform: none; text-align: center\" data-font-size=30 data-line-height=40 ><div  ><p style=\"text-align: center;\">Un caleidoscopio de textos jur\u00eddicos, publicaciones especiales y los libros m\u00e1s recientes que interesan a los estudiosos del derecho, fiel reflejo de la tarea editorial del Tribunal Superior de Justicia de la Ciudad de M\u00e9xico, a trav\u00e9s de la Direcci\u00f3n General de Anales de Jurisprudencia y Bolet\u00edn Judicial, la cual cuenta con puntos de venta en los inmuebles de esta Casa de Justicia.<\/p>\n<\/div><\/div>[vc_empty_space height=\u00bb90px\u00bb image_repeat=\u00bbno-repeat\u00bb][\/vc_column][\/vc_row][vc_row row_type=\u00bbrow\u00bb use_row_as_full_screen_section=\u00bbno\u00bb type=\u00bbgrid\u00bb oblique_section=\u00bbno\u00bb text_align=\u00bbleft\u00bb Overflow=\u00bb\u00bb triangle_shape=\u00bbno\u00bb css_animation=\u00bb\u00bb overflow=\u00bb\u00bb][vc_column width=\u00bb1\/3&#8243;]<div class=\"mkd_image_with_text_over  image_zoom \"><div class=\"shader\" style=\"background-color:rgba(0,0,0,0.01);\" data-hover-background-color=rgba(250,64,92,0.8) ><\/div><a class=\"mkd_image_with_text_link_class\" target=\"_self\" href=\"https:\/\/www.poderjudicialcdmx.gob.mx\/anales\/novedades_clasicos\/\"><\/a><img decoding=\"async\" src=\"https:\/\/www.poderjudicialcdmx.gob.mx\/anales\/wp-content\/uploads\/NOVEDADES-ED-01.png\" alt=\"\" \/><div class=\"front_holder\" ><div class=\"front_holder_inner\" style=\"border:none;\"><div class=\"front_holder_content\"><div class=\"front_side\"><\/div><\/div><\/div><\/div><div class=\"back_holder\" ><div class=\"back_holder_inner\" style=\"border:none;\"><div class=\"back_holder_content\"><div class=\"back_side\"><div class=\"text_content\"><p><img loading=\"lazy\" decoding=\"async\" class=\"alignnone size-medium wp-image-17808\" src=\"http:\/\/www.poderjudicialcdmx.gob.mx\/anales\/wp-content\/uploads\/TEXTO_CLA\u0301SICOS-04-1-282x300.png\" alt=\"\" width=\"282\" height=\"300\" srcset=\"https:\/\/www.poderjudicialcdmx.gob.mx\/anales\/wp-content\/uploads\/TEXTO_CLA\u0301SICOS-04-1-282x300.png 282w, https:\/\/www.poderjudicialcdmx.gob.mx\/anales\/wp-content\/uploads\/TEXTO_CLA\u0301SICOS-04-1-768x816.png 768w, https:\/\/www.poderjudicialcdmx.gob.mx\/anales\/wp-content\/uploads\/TEXTO_CLA\u0301SICOS-04-1-964x1024.png 964w, https:\/\/www.poderjudicialcdmx.gob.mx\/anales\/wp-content\/uploads\/TEXTO_CLA\u0301SICOS-04-1-700x744.png 700w, https:\/\/www.poderjudicialcdmx.gob.mx\/anales\/wp-content\/uploads\/TEXTO_CLA\u0301SICOS-04-1.png 1099w\" sizes=\"(max-width: 282px) 100vw, 282px\" \/><\/p>\n<\/div><\/div><\/div><\/div><\/div><\/div>[vc_empty_space height=\u00bb50px\u00bb image_repeat=\u00bbno-repeat\u00bb][\/vc_column][vc_column width=\u00bb1\/3&#8243;]<div class=\"mkd_image_with_text_over  image_zoom \"><div class=\"shader\" style=\"background-color:rgba(0,0,0,0.01);\" data-hover-background-color=rgba(18,40,76,0.81) ><\/div><a class=\"mkd_image_with_text_link_class\" target=\"_self\" href=\"https:\/\/www.poderjudicialcdmx.gob.mx\/anales\/novedades_codigos-2\/\"><\/a><img decoding=\"async\" src=\"https:\/\/www.poderjudicialcdmx.gob.mx\/anales\/wp-content\/uploads\/NOVEDADES-ED-02.png\" alt=\"\" \/><div class=\"front_holder\" ><div class=\"front_holder_inner\" style=\"border:none;\"><div class=\"front_holder_content\"><div class=\"front_side\"><\/div><\/div><\/div><\/div><div class=\"back_holder\" ><div class=\"back_holder_inner\" style=\"border:none;\"><div class=\"back_holder_content\"><div class=\"back_side\"><div class=\"text_content\"><p><img loading=\"lazy\" decoding=\"async\" class=\"size-medium wp-image-17943 aligncenter\" src=\"http:\/\/www.poderjudicialcdmx.gob.mx\/anales\/wp-content\/uploads\/NOVEDADES-ED-05-282x300.png\" alt=\"\" width=\"282\" height=\"300\" srcset=\"https:\/\/www.poderjudicialcdmx.gob.mx\/anales\/wp-content\/uploads\/NOVEDADES-ED-05-282x300.png 282w, https:\/\/www.poderjudicialcdmx.gob.mx\/anales\/wp-content\/uploads\/NOVEDADES-ED-05-768x816.png 768w, https:\/\/www.poderjudicialcdmx.gob.mx\/anales\/wp-content\/uploads\/NOVEDADES-ED-05-964x1024.png 964w, https:\/\/www.poderjudicialcdmx.gob.mx\/anales\/wp-content\/uploads\/NOVEDADES-ED-05-700x744.png 700w, https:\/\/www.poderjudicialcdmx.gob.mx\/anales\/wp-content\/uploads\/NOVEDADES-ED-05.png 1099w\" sizes=\"(max-width: 282px) 100vw, 282px\" \/><\/p>\n<\/div><\/div><\/div><\/div><\/div><\/div>[\/vc_column][vc_column width=\u00bb1\/3&#8243;]<div class=\"mkd_image_with_text_over  image_zoom \"><div class=\"shader\" style=\"background-color:rgba(0,0,0,0.01);\" data-hover-background-color=rgba(0,110,99,0.8) ><\/div><a class=\"mkd_image_with_text_link_class\" target=\"_self\" href=\"https:\/\/www.poderjudicialcdmx.gob.mx\/anales\/novedades_especiales\/\"><\/a><img decoding=\"async\" src=\"https:\/\/www.poderjudicialcdmx.gob.mx\/anales\/wp-content\/uploads\/NOVEDADES-ED-03.png\" alt=\"\" \/><div class=\"front_holder\" ><div class=\"front_holder_inner\" style=\"border:none;\"><div class=\"front_holder_content\"><div class=\"front_side\"><\/div><\/div><\/div><\/div><div class=\"back_holder\" ><div class=\"back_holder_inner\" style=\"border:none;\"><div class=\"back_holder_content\"><div class=\"back_side\"><div class=\"text_content\"><p><img loading=\"lazy\" decoding=\"async\" class=\"alignnone size-medium wp-image-17944\" src=\"http:\/\/www.poderjudicialcdmx.gob.mx\/anales\/wp-content\/uploads\/NOVEDADES-ED-06-282x300.png\" alt=\"\" width=\"282\" height=\"300\" srcset=\"https:\/\/www.poderjudicialcdmx.gob.mx\/anales\/wp-content\/uploads\/NOVEDADES-ED-06-282x300.png 282w, https:\/\/www.poderjudicialcdmx.gob.mx\/anales\/wp-content\/uploads\/NOVEDADES-ED-06-768x816.png 768w, https:\/\/www.poderjudicialcdmx.gob.mx\/anales\/wp-content\/uploads\/NOVEDADES-ED-06-964x1024.png 964w, https:\/\/www.poderjudicialcdmx.gob.mx\/anales\/wp-content\/uploads\/NOVEDADES-ED-06-700x744.png 700w, https:\/\/www.poderjudicialcdmx.gob.mx\/anales\/wp-content\/uploads\/NOVEDADES-ED-06.png 1099w\" sizes=\"(max-width: 282px) 100vw, 282px\" \/><\/p>\n<\/div><\/div><\/div><\/div><\/div><\/div>[\/vc_column][\/vc_row][vc_row row_type=\u00bbrow\u00bb use_row_as_full_screen_section=\u00bbno\u00bb type=\u00bbgrid\u00bb oblique_section=\u00bbno\u00bb text_align=\u00bbcenter\u00bb Overflow=\u00bb\u00bb triangle_shape=\u00bbno\u00bb css_animation=\u00bb\u00bb overflow=\u00bb\u00bb][vc_column width=\u00bb1\/3&#8243;][vc_empty_space height=\u00bb60px\u00bb image_repeat=\u00bbno-repeat\u00bb][vc_separator type=\u00bbnormal\u00bb up_style=\u00bbpx\u00bb down_style=\u00bbpx\u00bb][\/vc_column][vc_column width=\u00bb1\/3&#8243;][vc_empty_space height=\u00bb50px\u00bb image_repeat=\u00bbno-repeat\u00bb]<div class=\"custom_font_holder  \" style=\"font-family: lato; font-size: 40px; font-style: normal; font-weight: 300; color: #005361; text-decoration: none; text-shadow: 1px 1px 2px rgba(0, 0, 0, 0.4);; text-transform: none; text-align: center\" data-font-size=40 ><div  ><p>Los m\u00e1s vendidos<\/p>\n<\/div><\/div>[\/vc_column][vc_column width=\u00bb1\/3&#8243;][vc_empty_space height=\u00bb60px\u00bb image_repeat=\u00bbno-repeat\u00bb][vc_separator type=\u00bbnormal\u00bb up_style=\u00bbpx\u00bb down_style=\u00bbpx\u00bb][\/vc_column][\/vc_row][vc_row row_type=\u00bbrow\u00bb use_row_as_full_screen_section=\u00bbno\u00bb type=\u00bbfull_width\u00bb oblique_section=\u00bbno\u00bb text_align=\u00bbcenter\u00bb Overflow=\u00bb\u00bb triangle_shape=\u00bbno\u00bb css_animation=\u00bb\u00bb overflow=\u00bb\u00bb][vc_column][vc_empty_space height=\u00bb25px\u00bb image_repeat=\u00bbno-repeat\u00bb][vc_row_inner row_type=\u00bbrow\u00bb type=\u00bbgrid\u00bb use_row_as_full_screen_section_slide=\u00bbno\u00bb text_align=\u00bbleft\u00bb background_color=\u00bb#f2f2f2&#8243; css_animation=\u00bb\u00bb][vc_column_inner width=\u00bb1\/6&#8243;][\/vc_column_inner][vc_column_inner width=\u00bb2\/3&#8243;][vc_empty_space height=\u00bb20px\u00bb image_repeat=\u00bbno-repeat\u00bb]<div class='mkd_carousels_holder clearfix '><div class='mkd_carousels'  data-number_of_items='3'><ul class='slides'><li class='item'><div class=\"carousel_item_holder\" ><div class=\"carousel_item_holder_inner\" ><a href='https:\/\/www.poderjudicialcdmx.gob.mx\/anales\/wp-content\/uploads\/PreVisualizacion-Estatuas-1.pdf' target='_self' class='carousel-link'><span class='first_image_holder  has_hover_image'><img src='https:\/\/www.poderjudicialcdmx.gob.mx\/anales\/wp-content\/uploads\/estatuas-1.jpg' alt='ESTATUAS'><\/span><span class='second_image_holder  has_hover_image'><img src='https:\/\/www.poderjudicialcdmx.gob.mx\/anales\/wp-content\/uploads\/ESTATUAS_P.jpg' alt='ESTATUAS'><\/span><\/a><\/div><\/div><\/li><li class='item'><div class=\"carousel_item_holder\" ><div class=\"carousel_item_holder_inner\" ><a href='https:\/\/www.poderjudicialcdmx.gob.mx\/anales\/wp-content\/uploads\/Previsualizacio-Libro-Rojo2.pdf' target='_self' class='carousel-link'><span class='first_image_holder  has_hover_image has_hover_image'><img src='https:\/\/www.poderjudicialcdmx.gob.mx\/anales\/wp-content\/uploads\/rojo.jpg' alt='LIBRO ROJO VOL.II'><\/span><span class='second_image_holder  has_hover_image has_hover_image'><img src='https:\/\/www.poderjudicialcdmx.gob.mx\/anales\/wp-content\/uploads\/ROJO_P.jpg' alt='LIBRO ROJO VOL.II'><\/span><\/a><\/div><\/div><\/li><li class='item'><div class=\"carousel_item_holder\" ><div class=\"carousel_item_holder_inner\" ><span class='first_image_holder  has_hover_image has_hover_image has_hover_image'><img src='https:\/\/www.poderjudicialcdmx.gob.mx\/anales\/wp-content\/uploads\/COUTO-1.jpg' alt='COUTO'><\/span><span class='second_image_holder  has_hover_image has_hover_image has_hover_image'><img src='https:\/\/www.poderjudicialcdmx.gob.mx\/anales\/wp-content\/uploads\/COUTO_P.jpg' alt='COUTO'><\/span><\/div><\/div><\/li><li class='item'><div class=\"carousel_item_holder\" ><div class=\"carousel_item_holder_inner\" ><span class='first_image_holder  has_hover_image has_hover_image has_hover_image has_hover_image'><img src='https:\/\/www.poderjudicialcdmx.gob.mx\/anales\/wp-content\/uploads\/OBRA.jpg' alt='OBRA EDUCATIVA'><\/span><span class='second_image_holder  has_hover_image has_hover_image has_hover_image has_hover_image'><img src='https:\/\/www.poderjudicialcdmx.gob.mx\/anales\/wp-content\/uploads\/OBRA_P.jpg' alt='OBRA EDUCATIVA'><\/span><\/div><\/div><\/li><li class='item'><div class=\"carousel_item_holder\" ><div class=\"carousel_item_holder_inner\" ><span class='first_image_holder  has_hover_image has_hover_image has_hover_image has_hover_image has_hover_image'><img src='https:\/\/www.poderjudicialcdmx.gob.mx\/anales\/wp-content\/uploads\/CENTENARIA.jpg' alt='VALLARTA'><\/span><span class='second_image_holder  has_hover_image has_hover_image has_hover_image has_hover_image has_hover_image'><img src='https:\/\/www.poderjudicialcdmx.gob.mx\/anales\/wp-content\/uploads\/La_Cenenaria_Obra.png' alt='VALLARTA'><\/span><\/div><\/div><\/li><\/ul><ul class=\"caroufredsel-direction-nav\"><li class=\"caroufredsel-prev-holder\"><a id=\"caroufredsel-prev\" class=\"mkd_carousel_prev caroufredsel-navigation-item caroufredsel-prev\" href=\"javascript: void(0)\"><span class=\"arrow_carrot-left\"><\/span><\/a><\/li><li class=\"caroufredsel-next-holder\"><a class=\"mkd_carousel_next caroufredsel-next caroufredsel-navigation-item\" id=\"caroufredsel-next\" href=\"javascript: void(0)\"><span class=\"arrow_carrot-right\"><\/span><\/a><\/li><\/ul><\/div><\/div>[vc_empty_space height=\u00bb20px\u00bb image_repeat=\u00bbno-repeat\u00bb][\/vc_column_inner][vc_column_inner width=\u00bb1\/6&#8243;][\/vc_column_inner][\/vc_row_inner][vc_empty_space height=\u00bb20px\u00bb image_repeat=\u00bbno-repeat\u00bb][\/vc_column][\/vc_row][vc_row row_type=\u00bbrow\u00bb use_row_as_full_screen_section=\u00bbno\u00bb type=\u00bbgrid\u00bb oblique_section=\u00bbno\u00bb text_align=\u00bbleft\u00bb Overflow=\u00bb\u00bb triangle_shape=\u00bbno\u00bb css_animation=\u00bb\u00bb overflow=\u00bb\u00bb][vc_column][vc_empty_space image_repeat=\u00bbno-repeat\u00bb][vc_row_inner row_type=\u00bbrow\u00bb type=\u00bbfull_width\u00bb use_row_as_full_screen_section_slide=\u00bbno\u00bb text_align=\u00bbleft\u00bb css_animation=\u00bb\u00bb][vc_column_inner width=\u00bb2\/3&#8243;][vc_empty_space height=\u00bb58px\u00bb image_repeat=\u00bbno-repeat\u00bb][vc_column_text]<\/p>\n<h3 style=\"text-align: right;\">Conoce nuestros <span style=\"color: #005361;\">PUNTOS DE VENTA<\/span><\/h3>\n<p>[\/vc_column_text][vc_empty_space height=\u00bb50px\u00bb image_repeat=\u00bbno-repeat\u00bb][\/vc_column_inner][vc_column_inner width=\u00bb1\/3&#8243;][vc_single_image image=\u00bb15577&#8243; onclick=\u00bbcustom_link\u00bb mkd_css_animation=\u00bb\u00bb set_shader=\u00bbno\u00bb set_popup=\u00bbno\u00bb animate_image_on_hover=\u00bbzoom\u00bb link=\u00bbhttp:\/\/www.poderjudicialcdmx.gob.mx\/anales\/aj-puntos-de-venta-direcciones\/\u00bb][\/vc_column_inner][\/vc_row_inner][\/vc_column][\/vc_row][vc_row row_type=\u00bbrow\u00bb use_row_as_full_screen_section=\u00bbno\u00bb type=\u00bbfull_width\u00bb oblique_section=\u00bbno\u00bb text_align=\u00bbleft\u00bb Overflow=\u00bb\u00bb triangle_shape=\u00bbno\u00bb css_animation=\u00bb\u00bb overflow=\u00bb\u00bb][vc_column][vc_empty_space image_repeat=\u00bbno-repeat\u00bb][\/vc_column][\/vc_row]<\/p>\n","protected":false},"excerpt":{"rendered":"<p>[vc_row row_type=\u00bbrow\u00bb use_row_as_full_screen_section=\u00bbno\u00bb type=\u00bbfull_width\u00bb oblique_section=\u00bbno\u00bb text_align=\u00bbleft\u00bb Overflow=\u00bb\u00bb triangle_shape=\u00bbno\u00bb background_image=\u00bb19276&#8243; css_animation=\u00bb\u00bb overflow=\u00bb\u00bb][vc_column][no_elements_holder number_of_columns=\u00bbone_column\u00bb switch_to_one_column=\u00bb\u00bb alignment_one_column=\u00bbcenter\u00bb][no_elements_holder_item item_padding=\u00bb19% 0% 0% 0%\u00bb aligment=\u00bbcenter\u00bb vertical_alignment=\u00bbmiddle\u00bb animation_name=\u00bbgrow_in\u00bb advanced_animations=\u00bbno\u00bb item_padding_1300_1600=\u00bb10% 0% 0% 0%\u00bb item_padding_1024_1300=\u00bb13% 0% 0% 0%\u00bb item_padding_768_1024=\u00bb20% 0% 9% 0%\u00bb item_padding_600_768=\u00bb20% 0% 9% 0%\u00bb][\/no_elements_holder_item][\/no_elements_holder][\/vc_column][\/vc_row][vc_row row_type=\u00bbrow\u00bb use_row_as_full_screen_section=\u00bbno\u00bb type=\u00bbgrid\u00bb oblique_section=\u00bbno\u00bb text_align=\u00bbcenter\u00bb Overflow=\u00bb\u00bb triangle_shape=\u00bbno\u00bb&#8230;<\/p>\n","protected":false},"author":10,"featured_media":0,"parent":0,"menu_order":0,"comment_status":"closed","ping_status":"closed","template":"full_width.php","meta":{"footnotes":""},"class_list":["post-16015","page","type-page","status-publish","hentry"],"_links":{"self":[{"href":"https:\/\/www.poderjudicialcdmx.gob.mx\/anales\/wp-json\/wp\/v2\/pages\/16015"}],"collection":[{"href":"https:\/\/www.poderjudicialcdmx.gob.mx\/anales\/wp-json\/wp\/v2\/pages"}],"about":[{"href":"https:\/\/www.poderjudicialcdmx.gob.mx\/anales\/wp-json\/wp\/v2\/types\/page"}],"author":[{"embeddable":true,"href":"https:\/\/www.poderjudicialcdmx.gob.mx\/anales\/wp-json\/wp\/v2\/users\/10"}],"replies":[{"embeddable":true,"href":"https:\/\/www.poderjudicialcdmx.gob.mx\/anales\/wp-json\/wp\/v2\/comments?post=16015"}],"version-history":[{"count":88,"href":"https:\/\/www.poderjudicialcdmx.gob.mx\/anales\/wp-json\/wp\/v2\/pages\/16015\/revisions"}],"predecessor-version":[{"id":19298,"href":"https:\/\/www.poderjudicialcdmx.gob.mx\/anales\/wp-json\/wp\/v2\/pages\/16015\/revisions\/19298"}],"wp:attachment":[{"href":"https:\/\/www.poderjudicialcdmx.gob.mx\/anales\/wp-json\/wp\/v2\/media?parent=16015"}],"curies":[{"name":"wp","href":"https:\/\/api.w.org\/{rel}","templated":true}]}}