{"id":16112,"date":"2026-04-07T19:01:51","date_gmt":"2026-04-07T19:01:51","guid":{"rendered":"http:\/\/www.poderjudicialcdmx.gob.mx\/anales\/?page_id=17297"},"modified":"2026-04-07T19:01:51","modified_gmt":"2026-04-07T19:01:51","slug":"bj_venta","status":"publish","type":"page","link":"https:\/\/www.poderjudicialcdmx.gob.mx\/anales\/bj_venta\/","title":{"rendered":"VENTA"},"content":{"rendered":"<p>[vc_row row_type=\u00bbrow\u00bb use_row_as_full_screen_section=\u00bbno\u00bb type=\u00bbfull_width\u00bb oblique_section=\u00bbno\u00bb text_align=\u00bbleft\u00bb Overflow=\u00bb\u00bb triangle_shape=\u00bbno\u00bb css_animation=\u00bb\u00bb overflow=\u00bb\u00bb][vc_column][vc_empty_space height=\u00bb50px\u00bb image_repeat=\u00bbno-repeat\u00bb][vc_empty_space image_repeat=\u00bbno-repeat\u00bb][vc_empty_space height=\u00bb64px\u00bb image_repeat=\u00bbno-repeat\u00bb][vc_empty_space height=\u00bb64px\u00bb image_repeat=\u00bbno-repeat\u00bb][\/vc_column][\/vc_row][vc_row row_type=\u00bbrow\u00bb use_row_as_full_screen_section=\u00bbno\u00bb type=\u00bbfull_width\u00bb oblique_section=\u00bbno\u00bb text_align=\u00bbleft\u00bb Overflow=\u00bb\u00bb triangle_shape=\u00bbno\u00bb css_animation=\u00bb\u00bb overflow=\u00bb\u00bb][vc_column width=\u00bb1\/3&#8243;][vc_single_image image=\u00bb20262&#8243; img_size=\u00bb175&#215;171&#8243; alignment=\u00bbcenter\u00bb mkd_css_animation=\u00bbelement_from_left\u00bb transition_delay=\u00bb1&#8243; set_shader=\u00bbno\u00bb set_popup=\u00bbno\u00bb animate_image_on_hover=\u00bbno\u00bb css=\u00bb.vc_custom_1775587279805{margin-left: 200px !important;}\u00bb][vc_empty_space image_repeat=\u00bbno-repeat\u00bb][\/vc_column][vc_column width=\u00bb1\/3&#8243;][vc_column_text css=\u00bb.vc_custom_1775585179459{margin-right: -100px !important;margin-left: 100px !important;}\u00bb]<\/p>\n<h5><strong><span style=\"color: #00515d\">Acude a las oficinas del Bolet\u00edn Judicial y pregunta en ventanilla si hay ejemplares disponibles del bolet\u00edn que deseas<\/span><\/strong><\/h5>\n<p>[\/vc_column_text][vc_empty_space image_repeat=\u00bbno-repeat\u00bb][\/vc_column][vc_column width=\u00bb1\/3&#8243;][vc_empty_space image_repeat=\u00bbno-repeat\u00bb][vc_empty_space image_repeat=\u00bbno-repeat\u00bb][\/vc_column][\/vc_row][vc_row row_type=\u00bbrow\u00bb use_row_as_full_screen_section=\u00bbno\u00bb type=\u00bbfull_width\u00bb oblique_section=\u00bbno\u00bb text_align=\u00bbleft\u00bb Overflow=\u00bb\u00bb triangle_shape=\u00bbno\u00bb css_animation=\u00bb\u00bb overflow=\u00bb\u00bb][vc_column width=\u00bb1\/3&#8243;][vc_single_image image=\u00bb20261&#8243; img_size=\u00bb175&#215;171&#8243; alignment=\u00bbcenter\u00bb mkd_css_animation=\u00bbelement_from_left\u00bb transition_delay=\u00bb1&#8243; set_shader=\u00bbno\u00bb set_popup=\u00bbno\u00bb animate_image_on_hover=\u00bbno\u00bb css=\u00bb.vc_custom_1775587297995{margin-left: 200px !important;}\u00bb][vc_empty_space image_repeat=\u00bbno-repeat\u00bb][\/vc_column][vc_column width=\u00bb1\/3&#8243;][vc_column_text css=\u00bb.vc_custom_1775585384978{margin-right: -100px !important;margin-left: 100px !important;}\u00bb]<\/p>\n<h5><span style=\"color: #00515d\"><strong>Si hay ejemplares disponibles, realiza tu pago en los Kioskos PIC<\/strong><\/span><\/h5>\n<p>[\/vc_column_text][vc_empty_space image_repeat=\u00bbno-repeat\u00bb][\/vc_column][vc_column width=\u00bb1\/3&#8243;][vc_empty_space image_repeat=\u00bbno-repeat\u00bb][vc_empty_space image_repeat=\u00bbno-repeat\u00bb][\/vc_column][\/vc_row][vc_row row_type=\u00bbrow\u00bb use_row_as_full_screen_section=\u00bbno\u00bb type=\u00bbfull_width\u00bb oblique_section=\u00bbno\u00bb text_align=\u00bbleft\u00bb Overflow=\u00bb\u00bb triangle_shape=\u00bbno\u00bb css_animation=\u00bb\u00bb overflow=\u00bb\u00bb][vc_column width=\u00bb1\/3&#8243;][vc_single_image image=\u00bb20260&#8243; img_size=\u00bb175&#215;171&#8243; alignment=\u00bbcenter\u00bb mkd_css_animation=\u00bbelement_from_left\u00bb transition_delay=\u00bb1&#8243; set_shader=\u00bbno\u00bb set_popup=\u00bbno\u00bb animate_image_on_hover=\u00bbno\u00bb css=\u00bb.vc_custom_1775587395688{margin-left: 200px !important;}\u00bb][vc_empty_space image_repeat=\u00bbno-repeat\u00bb][\/vc_column][vc_column width=\u00bb1\/3&#8243;][vc_column_text css=\u00bb.vc_custom_1775587478215{margin-right: -100px !important;margin-left: 100px !important;}\u00bb]<\/p>\n<h5><span style=\"color: #00515d\"><strong>Presenta tu comprobante de pago en ventanilla<\/strong><\/span><\/h5>\n<p>[\/vc_column_text][vc_empty_space image_repeat=\u00bbno-repeat\u00bb][\/vc_column][vc_column width=\u00bb1\/3&#8243;][vc_empty_space image_repeat=\u00bbno-repeat\u00bb][vc_empty_space image_repeat=\u00bbno-repeat\u00bb][\/vc_column][\/vc_row][vc_row row_type=\u00bbrow\u00bb use_row_as_full_screen_section=\u00bbno\u00bb type=\u00bbfull_width\u00bb oblique_section=\u00bbno\u00bb text_align=\u00bbleft\u00bb Overflow=\u00bb\u00bb triangle_shape=\u00bbno\u00bb css_animation=\u00bb\u00bb overflow=\u00bb\u00bb][vc_column width=\u00bb1\/3&#8243;][vc_single_image image=\u00bb20259&#8243; img_size=\u00bb175&#215;171&#8243; alignment=\u00bbcenter\u00bb mkd_css_animation=\u00bbelement_from_left\u00bb transition_delay=\u00bb1&#8243; set_shader=\u00bbno\u00bb set_popup=\u00bbno\u00bb animate_image_on_hover=\u00bbno\u00bb css=\u00bb.vc_custom_1775587496002{margin-left: 200px !important;}\u00bb][vc_empty_space image_repeat=\u00bbno-repeat\u00bb][\/vc_column][vc_column width=\u00bb1\/3&#8243;][vc_column_text css=\u00bb.vc_custom_1775587541285{margin-right: -100px !important;margin-left: 100px !important;}\u00bb]<\/p>\n<h5><span style=\"color: #00515d\"><strong>Recoge tu ejemplar del Bolet\u00edn Judicial<\/strong><\/span><\/h5>\n<p>[\/vc_column_text][vc_empty_space image_repeat=\u00bbno-repeat\u00bb][\/vc_column][vc_column width=\u00bb1\/3&#8243;][vc_empty_space image_repeat=\u00bbno-repeat\u00bb][vc_empty_space image_repeat=\u00bbno-repeat\u00bb][\/vc_column][\/vc_row][vc_row row_type=\u00bbrow\u00bb use_row_as_full_screen_section=\u00bbno\u00bb type=\u00bbfull_width\u00bb oblique_section=\u00bbno\u00bb text_align=\u00bbleft\u00bb Overflow=\u00bb\u00bb triangle_shape=\u00bbno\u00bb css_animation=\u00bb\u00bb overflow=\u00bb\u00bb][vc_column][vc_column_text css=\u00bb.vc_custom_1775588044590{margin-right: 20px !important;margin-left: 20px !important;}\u00bb]<\/p>\n<p style=\"text-align: center\"><span style=\"color: #00515d\">Para m\u00e1s informaci\u00f3n puedes acudir a la direcci\u00f3n del Bolet\u00edn Judicial en <strong>Dr. Claudio Bernard 60 P.B. Col. Doctores CP 06720<\/strong> o llamar al tel\u00e9fono <strong>55 9156 4997,<\/strong> ext. <strong>111006<\/strong> y en el correo electr\u00f3nico: <strong>boletin.judicial@tsjcdmx.gob.mx<\/strong><\/span><\/p>\n<p>[\/vc_column_text][\/vc_column][\/vc_row][vc_row row_type=\u00bbrow\u00bb use_row_as_full_screen_section=\u00bbno\u00bb type=\u00bbfull_width\u00bb oblique_section=\u00bbno\u00bb text_align=\u00bbleft\u00bb Overflow=\u00bb\u00bb triangle_shape=\u00bbno\u00bb css_animation=\u00bb\u00bb overflow=\u00bb\u00bb][vc_column][vc_empty_space height=\u00bb64px\u00bb image_repeat=\u00bbno-repeat\u00bb][vc_column_text]<\/p>\n<h3 style=\"text-align: center\"><span style=\"color: #00515d\">Proceso de compra del Bolet\u00edn Judicial<\/span><\/h3>\n<p>[\/vc_column_text][vc_empty_space image_repeat=\u00bbno-repeat\u00bb][vc_video link=\u00bbhttps:\/\/www.youtube.com\/watch?v=s95aK7aRJEs\u00bb el_width=\u00bb60&#8243; align=\u00bbcenter\u00bb][vc_column_text]<\/p>\n<p style=\"text-align: center\"><span style=\"color: #00515d\">Video elaborado por la Coordinaci\u00f3n de Comunicaci\u00f3n Social<\/span><\/p>\n<p>[\/vc_column_text][\/vc_column][\/vc_row][vc_row row_type=\u00bbrow\u00bb use_row_as_full_screen_section=\u00bbno\u00bb type=\u00bbfull_width\u00bb oblique_section=\u00bbno\u00bb text_align=\u00bbleft\u00bb Overflow=\u00bb\u00bb triangle_shape=\u00bbno\u00bb css_animation=\u00bb\u00bb overflow=\u00bb\u00bb][vc_column][vc_empty_space height=\u00bb50px\u00bb image_repeat=\u00bbno-repeat\u00bb][\/vc_column][\/vc_row]<\/p>\n","protected":false},"excerpt":{"rendered":"<p>[vc_row row_type=\u00bbrow\u00bb use_row_as_full_screen_section=\u00bbno\u00bb type=\u00bbfull_width\u00bb oblique_section=\u00bbno\u00bb text_align=\u00bbleft\u00bb Overflow=\u00bb\u00bb triangle_shape=\u00bbno\u00bb css_animation=\u00bb\u00bb overflow=\u00bb\u00bb][vc_column][vc_empty_space height=\u00bb50px\u00bb image_repeat=\u00bbno-repeat\u00bb][vc_empty_space image_repeat=\u00bbno-repeat\u00bb][vc_empty_space height=\u00bb64px\u00bb image_repeat=\u00bbno-repeat\u00bb][vc_empty_space height=\u00bb64px\u00bb image_repeat=\u00bbno-repeat\u00bb][\/vc_column][\/vc_row][vc_row row_type=\u00bbrow\u00bb use_row_as_full_screen_section=\u00bbno\u00bb type=\u00bbfull_width\u00bb oblique_section=\u00bbno\u00bb text_align=\u00bbleft\u00bb Overflow=\u00bb\u00bb triangle_shape=\u00bbno\u00bb css_animation=\u00bb\u00bb overflow=\u00bb\u00bb][vc_column width=\u00bb1\/3&#8243;][vc_single_image image=\u00bb20262&#8243; img_size=\u00bb175&#215;171&#8243; alignment=\u00bbcenter\u00bb mkd_css_animation=\u00bbelement_from_left\u00bb transition_delay=\u00bb1&#8243; set_shader=\u00bbno\u00bb set_popup=\u00bbno\u00bb animate_image_on_hover=\u00bbno\u00bb css=\u00bb.vc_custom_1775587279805{margin-left: 200px !important;}\u00bb][vc_empty_space image_repeat=\u00bbno-repeat\u00bb][\/vc_column][vc_column width=\u00bb1\/3&#8243;][vc_column_text css=\u00bb.vc_custom_1775585179459{margin-right: -100px !important;margin-left: 100px !important;}\u00bb]&#8230;<\/p>\n","protected":false},"author":15,"featured_media":0,"parent":0,"menu_order":0,"comment_status":"closed","ping_status":"closed","template":"","meta":{"footnotes":""},"class_list":["post-16112","page","type-page","status-publish","hentry"],"_links":{"self":[{"href":"https:\/\/www.poderjudicialcdmx.gob.mx\/anales\/wp-json\/wp\/v2\/pages\/16112"}],"collection":[{"href":"https:\/\/www.poderjudicialcdmx.gob.mx\/anales\/wp-json\/wp\/v2\/pages"}],"about":[{"href":"https:\/\/www.poderjudicialcdmx.gob.mx\/anales\/wp-json\/wp\/v2\/types\/page"}],"author":[{"embeddable":true,"href":"https:\/\/www.poderjudicialcdmx.gob.mx\/anales\/wp-json\/wp\/v2\/users\/15"}],"replies":[{"embeddable":true,"href":"https:\/\/www.poderjudicialcdmx.gob.mx\/anales\/wp-json\/wp\/v2\/comments?post=16112"}],"version-history":[{"count":14,"href":"https:\/\/www.poderjudicialcdmx.gob.mx\/anales\/wp-json\/wp\/v2\/pages\/16112\/revisions"}],"predecessor-version":[{"id":20179,"href":"https:\/\/www.poderjudicialcdmx.gob.mx\/anales\/wp-json\/wp\/v2\/pages\/16112\/revisions\/20179"}],"wp:attachment":[{"href":"https:\/\/www.poderjudicialcdmx.gob.mx\/anales\/wp-json\/wp\/v2\/media?parent=16112"}],"curies":[{"name":"wp","href":"https:\/\/api.w.org\/{rel}","templated":true}]}}