{"id":18557,"date":"2026-03-04T21:22:28","date_gmt":"2026-03-04T21:22:28","guid":{"rendered":"https:\/\/www.poderjudicialcdmx.gob.mx\/anales\/?page_id=18557"},"modified":"2026-03-10T17:03:30","modified_gmt":"2026-03-10T17:03:30","slug":"revista-anales-de-jurisprudencia","status":"publish","type":"page","link":"https:\/\/www.poderjudicialcdmx.gob.mx\/anales\/revista-anales-de-jurisprudencia\/","title":{"rendered":"REVISTA ANALES DE JURISPRUDENCIA"},"content":{"rendered":"<p>[vc_row row_type=\u00bbrow\u00bb use_row_as_full_screen_section=\u00bbno\u00bb type=\u00bbfull_width\u00bb oblique_section=\u00bbno\u00bb text_align=\u00bbcenter\u00bb Overflow=\u00bb\u00bb triangle_shape=\u00bbno\u00bb background_image=\u00bb19187&#8243; use_as_box=\u00bbuse_row_as_box\u00bb css_animation=\u00bb\u00bb overflow=\u00bb\u00bb][vc_column][no_elements_holder number_of_columns=\u00bbone_column\u00bb switch_to_one_column=\u00bb\u00bb alignment_one_column=\u00bbcenter\u00bb][no_elements_holder_item item_padding=\u00bb19% 0% 0% 0%\u00bb aligment=\u00bbcenter\u00bb vertical_alignment=\u00bbmiddle\u00bb animation_name=\u00bbgrow_in\u00bb advanced_animations=\u00bbno\u00bb item_padding_1300_1600=\u00bb10% 0% 0% 0%\u00bb item_padding_1024_1300=\u00bb13% 0% 0% 0%\u00bb item_padding_768_1024=\u00bb20% 0% 9% 0%\u00bb item_padding_600_768=\u00bb20% 0% 9% 0%\u00bb]<div class=\"custom_font_holder  \" style=\"font-family: Lato; font-size: 80px; line-height: 95px; font-style: normal; font-weight: 600; color: #ffffff; text-decoration: none; padding: 0px 50px 50px 0px; text-transform: none; text-align: right\" data-font-size=80 data-line-height=95 ><div  ><p>REVISTA<\/p>\n<p>ANALES de<\/p>\n<p>JURISPRUDENCIA<\/p>\n<\/div><\/div>[\/no_elements_holder_item][\/no_elements_holder][\/vc_column][\/vc_row][vc_row row_type=\u00bbrow\u00bb use_row_as_full_screen_section=\u00bbno\u00bb type=\u00bbgrid\u00bb oblique_section=\u00bbno\u00bb text_align=\u00bbleft\u00bb Overflow=\u00bb\u00bb triangle_shape=\u00bbno\u00bb css_animation=\u00bb\u00bb overflow=\u00bb\u00bb][vc_column][vc_empty_space image_repeat=\u00bbno-repeat\u00bb][\/vc_column][\/vc_row][vc_row row_type=\u00bbrow\u00bb use_row_as_full_screen_section=\u00bbno\u00bb type=\u00bbgrid\u00bb oblique_section=\u00bbno\u00bb text_align=\u00bbleft\u00bb Overflow=\u00bb\u00bb triangle_shape=\u00bbno\u00bb css_animation=\u00bb\u00bb overflow=\u00bb\u00bb][vc_column][\/vc_column][\/vc_row][vc_row row_type=\u00bbrow\u00bb use_row_as_full_screen_section=\u00bbno\u00bb type=\u00bbgrid\u00bb oblique_section=\u00bbno\u00bb text_align=\u00bbleft\u00bb Overflow=\u00bb\u00bb triangle_shape=\u00bbno\u00bb css_animation=\u00bb\u00bb overflow=\u00bb\u00bb][vc_column]<div class=\"custom_font_holder  \" style=\"font-family: Lato; font-size: 25px; line-height: 40px; font-style: normal; font-weight: 300; text-decoration: none; text-transform: none; text-align: center\" data-font-size=25 data-line-height=40 ><div  ><p style=\"text-align: center;\">Publicaci\u00f3n que data de 1903. A partir de 1932 recibe el nombre que lleva hasta el d\u00eda de hoy. En esta revista bimestral se publican los fallos m\u00e1s relevantes que se dictan en materia civil, mercantil, familiar, penal y de justicia para adolescentes por este Tribunal, as\u00ed como los art\u00edculos, estudios jur\u00eddicos y documentos hist\u00f3ricos de especial inter\u00e9s para los miembros de la judicatura y el foro. A la fecha se han publicado m\u00e1s de 300 n\u00fameros.<\/p>\n<\/div><\/div>[vc_empty_space image_repeat=\u00bbno-repeat\u00bb][\/vc_column][\/vc_row][vc_row row_type=\u00bbrow\u00bb use_row_as_full_screen_section=\u00bbno\u00bb type=\u00bbgrid\u00bb oblique_section=\u00bbno\u00bb text_align=\u00bbleft\u00bb Overflow=\u00bb\u00bb triangle_shape=\u00bbno\u00bb css_animation=\u00bb\u00bb overflow=\u00bb\u00bb][vc_column][vc_empty_space height=\u00bb15px\u00bb image_repeat=\u00bbno-repeat\u00bb][vc_row_inner row_type=\u00bbrow\u00bb type=\u00bbfull_width\u00bb use_row_as_full_screen_section_slide=\u00bbno\u00bb text_align=\u00bbleft\u00bb css_animation=\u00bb\u00bb][vc_column_inner width=\u00bb1\/3&#8243;][vc_single_image image=\u00bb19352&#8243; img_size=\u00bbmedium\u00bb onclick=\u00bbcustom_link\u00bb img_link_target=\u00bb_blank\u00bb mkd_css_animation=\u00bb\u00bb set_shader=\u00bbno\u00bb set_popup=\u00bbno\u00bb animate_image_on_hover=\u00bbzoom\u00bb link=\u00bbhttps:\/\/www.poderjudicialcdmx.gob.mx\/anales\/indices_generales\/\u00bb][\/vc_column_inner][vc_column_inner width=\u00bb1\/3&#8243;][vc_single_image image=\u00bb20163&#8243; img_size=\u00bbmedium\u00bb onclick=\u00bbcustom_link\u00bb img_link_target=\u00bb_blank\u00bb mkd_css_animation=\u00bb\u00bb set_shader=\u00bbno\u00bb set_popup=\u00bbno\u00bb animate_image_on_hover=\u00bbzoom\u00bb link=\u00bbhttps:\/\/www.poderjudicialcdmx.gob.mx\/anales\/revista-2026\/\u00bb][\/vc_column_inner][vc_column_inner width=\u00bb1\/3&#8243;][vc_single_image image=\u00bb19984&#8243; img_size=\u00bbmedium\u00bb onclick=\u00bbcustom_link\u00bb img_link_target=\u00bb_blank\u00bb mkd_css_animation=\u00bb\u00bb set_shader=\u00bbno\u00bb set_popup=\u00bbno\u00bb animate_image_on_hover=\u00bbzoom\u00bb link=\u00bbhttps:\/\/www.poderjudicialcdmx.gob.mx\/anales\/revista-2025\/\u00bb][\/vc_column_inner][\/vc_row_inner][vc_empty_space height=\u00bb15px\u00bb image_repeat=\u00bbno-repeat\u00bb][vc_row_inner row_type=\u00bbrow\u00bb type=\u00bbfull_width\u00bb use_row_as_full_screen_section_slide=\u00bbno\u00bb text_align=\u00bbleft\u00bb css_animation=\u00bb\u00bb][vc_column_inner width=\u00bb1\/3&#8243;][vc_single_image image=\u00bb19787&#8243; img_size=\u00bbmedium\u00bb onclick=\u00bbcustom_link\u00bb img_link_target=\u00bb_blank\u00bb mkd_css_animation=\u00bb\u00bb set_shader=\u00bbno\u00bb set_popup=\u00bbno\u00bb animate_image_on_hover=\u00bbzoom\u00bb link=\u00bbhttps:\/\/www.poderjudicialcdmx.gob.mx\/anales\/revista-2024\/\u00bb][\/vc_column_inner][vc_column_inner width=\u00bb1\/3&#8243;][vc_single_image image=\u00bb19544&#8243; img_size=\u00bbmedium\u00bb onclick=\u00bbcustom_link\u00bb img_link_target=\u00bb_blank\u00bb mkd_css_animation=\u00bb\u00bb set_shader=\u00bbno\u00bb set_popup=\u00bbno\u00bb animate_image_on_hover=\u00bbzoom\u00bb link=\u00bbhttps:\/\/www.poderjudicialcdmx.gob.mx\/anales\/revista-2023&#8243;][\/vc_column_inner][vc_column_inner width=\u00bb1\/3&#8243;][vc_single_image image=\u00bb19145&#8243; img_size=\u00bbmedium\u00bb onclick=\u00bbcustom_link\u00bb img_link_target=\u00bb_blank\u00bb mkd_css_animation=\u00bb\u00bb set_shader=\u00bbno\u00bb set_popup=\u00bbno\u00bb animate_image_on_hover=\u00bbzoom\u00bb link=\u00bbhttps:\/\/www.poderjudicialcdmx.gob.mx\/anales\/revista2022\/\u00bb][\/vc_column_inner][\/vc_row_inner][vc_empty_space height=\u00bb15px\u00bb image_repeat=\u00bbno-repeat\u00bb][vc_row_inner row_type=\u00bbrow\u00bb type=\u00bbfull_width\u00bb use_row_as_full_screen_section_slide=\u00bbno\u00bb text_align=\u00bbleft\u00bb css_animation=\u00bb\u00bb][vc_column_inner width=\u00bb1\/3&#8243;][vc_single_image image=\u00bb19144&#8243; img_size=\u00bbmedium\u00bb onclick=\u00bbcustom_link\u00bb mkd_css_animation=\u00bb\u00bb set_shader=\u00bbno\u00bb set_popup=\u00bbno\u00bb animate_image_on_hover=\u00bbzoom\u00bb link=\u00bbhttps:\/\/www.poderjudicialcdmx.gob.mx\/anales\/revista2021\/\u00bb][\/vc_column_inner][vc_column_inner width=\u00bb1\/3&#8243;][vc_single_image image=\u00bb19143&#8243; img_size=\u00bbmedium\u00bb onclick=\u00bbcustom_link\u00bb mkd_css_animation=\u00bb\u00bb set_shader=\u00bbno\u00bb set_popup=\u00bbno\u00bb animate_image_on_hover=\u00bbzoom\u00bb link=\u00bbhttps:\/\/www.poderjudicialcdmx.gob.mx\/anales\/revista2020\/\u00bb][\/vc_column_inner][vc_column_inner width=\u00bb1\/3&#8243;][vc_single_image image=\u00bb19142&#8243; img_size=\u00bbmedium\u00bb onclick=\u00bbcustom_link\u00bb mkd_css_animation=\u00bb\u00bb set_shader=\u00bbno\u00bb set_popup=\u00bbno\u00bb animate_image_on_hover=\u00bbzoom\u00bb link=\u00bbhttps:\/\/www.poderjudicialcdmx.gob.mx\/anales\/revista2019\/\u00bb][\/vc_column_inner][\/vc_row_inner][vc_empty_space height=\u00bb15px\u00bb image_repeat=\u00bbno-repeat\u00bb][vc_row_inner row_type=\u00bbrow\u00bb type=\u00bbfull_width\u00bb use_row_as_full_screen_section_slide=\u00bbno\u00bb text_align=\u00bbleft\u00bb css_animation=\u00bb\u00bb][vc_column_inner width=\u00bb1\/3&#8243;][vc_single_image image=\u00bb19141&#8243; img_size=\u00bbmedium\u00bb onclick=\u00bbcustom_link\u00bb mkd_css_animation=\u00bb\u00bb set_shader=\u00bbno\u00bb set_popup=\u00bbno\u00bb animate_image_on_hover=\u00bbzoom\u00bb link=\u00bbhttps:\/\/www.poderjudicialcdmx.gob.mx\/anales\/revista2018\/\u00bb][\/vc_column_inner][vc_column_inner width=\u00bb1\/3&#8243;][vc_single_image image=\u00bb19140&#8243; img_size=\u00bbmedium\u00bb onclick=\u00bbcustom_link\u00bb mkd_css_animation=\u00bb\u00bb set_shader=\u00bbno\u00bb set_popup=\u00bbno\u00bb animate_image_on_hover=\u00bbzoom\u00bb link=\u00bbhttps:\/\/www.poderjudicialcdmx.gob.mx\/anales\/revista2017\/\u00bb][\/vc_column_inner][vc_column_inner width=\u00bb1\/3&#8243;][vc_single_image image=\u00bb19139&#8243; img_size=\u00bbmedium\u00bb onclick=\u00bbcustom_link\u00bb mkd_css_animation=\u00bb\u00bb set_shader=\u00bbno\u00bb set_popup=\u00bbno\u00bb animate_image_on_hover=\u00bbzoom\u00bb link=\u00bbhttps:\/\/www.poderjudicialcdmx.gob.mx\/anales\/revista2016\/\u00bb][\/vc_column_inner][\/vc_row_inner][\/vc_column][\/vc_row][vc_row row_type=\u00bbrow\u00bb use_row_as_full_screen_section=\u00bbno\u00bb type=\u00bbgrid\u00bb oblique_section=\u00bbno\u00bb text_align=\u00bbleft\u00bb Overflow=\u00bb\u00bb triangle_shape=\u00bbno\u00bb css_animation=\u00bb\u00bb overflow=\u00bb\u00bb][vc_column][vc_empty_space height=\u00bb70px\u00bb image_repeat=\u00bbno-repeat\u00bb]<div class=\"custom_font_holder  \" style=\"font-family: Lato; font-size: 35px; font-style: normal; font-weight: 500; color: #6d6d6d; text-decoration: none; text-transform: none; text-align: center\" data-font-size=35 ><div  ><p>TOMO HIST\u00d3RICO<\/p>\n<\/div><\/div>[vc_empty_space image_repeat=\u00bbno-repeat\u00bb][\/vc_column][\/vc_row][vc_row row_type=\u00bbrow\u00bb use_row_as_full_screen_section=\u00bbno\u00bb type=\u00bbgrid\u00bb oblique_section=\u00bbno\u00bb text_align=\u00bbleft\u00bb Overflow=\u00bb\u00bb triangle_shape=\u00bbno\u00bb background_color=\u00bb#ededed\u00bb css_animation=\u00bb\u00bb overflow=\u00bb\u00bb][vc_column][vc_separator type=\u00bbtransparent\u00bb up_style=\u00bbpx\u00bb down_style=\u00bbpx\u00bb][vc_row_inner row_type=\u00bbrow\u00bb type=\u00bbfull_width\u00bb use_row_as_full_screen_section_slide=\u00bbno\u00bb text_align=\u00bbleft\u00bb css_animation=\u00bb\u00bb][vc_column_inner width=\u00bb1\/4&#8243;][vc_single_image image=\u00bb18964&#8243; img_size=\u00bblarge\u00bb alignment=\u00bbcenter\u00bb onclick=\u00bbcustom_link\u00bb mkd_css_animation=\u00bb\u00bb set_shader=\u00bbno\u00bb set_popup=\u00bbno\u00bb animate_image_on_hover=\u00bbzoom\u00bb link=\u00bbhttps:\/\/www.poderjudicialcdmx.gob.mx\/anales\/anales-historico\/\u00bb][\/vc_column_inner][vc_column_inner width=\u00bb3\/4&#8243;]<div class=\"custom_font_holder  \" style=\"font-family: Lato; font-size: 22px; line-height: 50px; font-style: normal; text-decoration: none; text-transform: none; text-align: center\" data-font-size=22 data-line-height=50 ><div  ><p>Consulta la memoria hist\u00f3rica del tomo I y II de la revista <strong><em>Anales de Jurisprudencia<\/em><\/strong>, creada por la Ley Org\u00e1nica de los Tribunales de Justicia del fuero com\u00fan el 30 de diciembre de 1932, bajo la fundaci\u00f3n del licenciado Jos\u00e9 Castillo Larra\u00f1aga; publicaci\u00f3n que desde sus inicios ha tenido como objeto la difusi\u00f3n de las resoluciones del fuero com\u00fan m\u00e1s importantes como precedentes para la funci\u00f3n jurisdiccional.<\/p>\n<\/div><\/div>[\/vc_column_inner][\/vc_row_inner][vc_separator type=\u00bbtransparent\u00bb up_style=\u00bbpx\u00bb down_style=\u00bbpx\u00bb][\/vc_column][\/vc_row][vc_row row_type=\u00bbrow\u00bb use_row_as_full_screen_section=\u00bbno\u00bb type=\u00bbfull_width\u00bb oblique_section=\u00bbno\u00bb text_align=\u00bbleft\u00bb Overflow=\u00bb\u00bb triangle_shape=\u00bbno\u00bb css_animation=\u00bb\u00bb overflow=\u00bb\u00bb][vc_column][vc_empty_space height=\u00bb100px\u00bb image_repeat=\u00bbno-repeat\u00bb][\/vc_column][\/vc_row]<\/p>\n","protected":false},"excerpt":{"rendered":"<p>[vc_row row_type=\u00bbrow\u00bb use_row_as_full_screen_section=\u00bbno\u00bb type=\u00bbfull_width\u00bb oblique_section=\u00bbno\u00bb text_align=\u00bbcenter\u00bb Overflow=\u00bb\u00bb triangle_shape=\u00bbno\u00bb background_image=\u00bb19187&#8243; use_as_box=\u00bbuse_row_as_box\u00bb css_animation=\u00bb\u00bb overflow=\u00bb\u00bb][vc_column][no_elements_holder number_of_columns=\u00bbone_column\u00bb switch_to_one_column=\u00bb\u00bb alignment_one_column=\u00bbcenter\u00bb][no_elements_holder_item item_padding=\u00bb19% 0% 0% 0%\u00bb aligment=\u00bbcenter\u00bb vertical_alignment=\u00bbmiddle\u00bb animation_name=\u00bbgrow_in\u00bb advanced_animations=\u00bbno\u00bb item_padding_1300_1600=\u00bb10% 0% 0% 0%\u00bb item_padding_1024_1300=\u00bb13% 0% 0% 0%\u00bb item_padding_768_1024=\u00bb20% 0% 9% 0%\u00bb item_padding_600_768=\u00bb20% 0% 9% 0%\u00bb][\/no_elements_holder_item][\/no_elements_holder][\/vc_column][\/vc_row][vc_row row_type=\u00bbrow\u00bb use_row_as_full_screen_section=\u00bbno\u00bb type=\u00bbgrid\u00bb oblique_section=\u00bbno\u00bb text_align=\u00bbleft\u00bb Overflow=\u00bb\u00bb&#8230;<\/p>\n","protected":false},"author":15,"featured_media":0,"parent":0,"menu_order":0,"comment_status":"closed","ping_status":"closed","template":"full_width.php","meta":{"footnotes":""},"class_list":["post-18557","page","type-page","status-publish","hentry"],"_links":{"self":[{"href":"https:\/\/www.poderjudicialcdmx.gob.mx\/anales\/wp-json\/wp\/v2\/pages\/18557"}],"collection":[{"href":"https:\/\/www.poderjudicialcdmx.gob.mx\/anales\/wp-json\/wp\/v2\/pages"}],"about":[{"href":"https:\/\/www.poderjudicialcdmx.gob.mx\/anales\/wp-json\/wp\/v2\/types\/page"}],"author":[{"embeddable":true,"href":"https:\/\/www.poderjudicialcdmx.gob.mx\/anales\/wp-json\/wp\/v2\/users\/15"}],"replies":[{"embeddable":true,"href":"https:\/\/www.poderjudicialcdmx.gob.mx\/anales\/wp-json\/wp\/v2\/comments?post=18557"}],"version-history":[{"count":21,"href":"https:\/\/www.poderjudicialcdmx.gob.mx\/anales\/wp-json\/wp\/v2\/pages\/18557\/revisions"}],"predecessor-version":[{"id":20214,"href":"https:\/\/www.poderjudicialcdmx.gob.mx\/anales\/wp-json\/wp\/v2\/pages\/18557\/revisions\/20214"}],"wp:attachment":[{"href":"https:\/\/www.poderjudicialcdmx.gob.mx\/anales\/wp-json\/wp\/v2\/media?parent=18557"}],"curies":[{"name":"wp","href":"https:\/\/api.w.org\/{rel}","templated":true}]}}