{"id":18814,"date":"2025-10-07T20:33:16","date_gmt":"2025-10-07T20:33:16","guid":{"rendered":"https:\/\/www.poderjudicialcdmx.gob.mx\/anales\/?page_id=18814"},"modified":"2025-10-07T20:33:16","modified_gmt":"2025-10-07T20:33:16","slug":"novedades_codigos-2","status":"publish","type":"page","link":"https:\/\/www.poderjudicialcdmx.gob.mx\/anales\/novedades_codigos-2\/","title":{"rendered":"NOVEDADES_C\u00d3DIGOS"},"content":{"rendered":"<p>[vc_row row_type=\u00bbrow\u00bb use_row_as_full_screen_section=\u00bbno\u00bb type=\u00bbfull_width\u00bb oblique_section=\u00bbno\u00bb text_align=\u00bbleft\u00bb Overflow=\u00bb\u00bb triangle_shape=\u00bbno\u00bb background_image=\u00bb19185&#8243; css_animation=\u00bb\u00bb overflow=\u00bb\u00bb][vc_column][no_elements_holder number_of_columns=\u00bbone_column\u00bb switch_to_one_column=\u00bb\u00bb alignment_one_column=\u00bbcenter\u00bb][no_elements_holder_item item_padding=\u00bb19% 0% 0% 0%\u00bb aligment=\u00bbcenter\u00bb vertical_alignment=\u00bbmiddle\u00bb animation_name=\u00bbgrow_in\u00bb advanced_animations=\u00bbno\u00bb item_padding_1300_1600=\u00bb10% 0% 0% 0%\u00bb item_padding_1024_1300=\u00bb13% 0% 0% 0%\u00bb item_padding_768_1024=\u00bb20% 0% 9% 0%\u00bb item_padding_600_768=\u00bb20% 0% 0% 0%\u00bb]<div class=\"custom_font_holder  \" style=\"font-family: Lato; font-size: 80px; line-height: 95px; font-style: normal; font-weight: 600; color: #ffffff; text-decoration: none; padding: 0px 0px 100px 50px; text-transform: none; text-align: left\" data-font-size=80 data-line-height=95 ><div  ><p><strong>C\u00d3DIGOS<\/strong> y LEYES<\/p>\n<\/div><\/div>[\/no_elements_holder_item][\/no_elements_holder][\/vc_column][\/vc_row][vc_row row_type=\u00bbrow\u00bb use_row_as_full_screen_section=\u00bbno\u00bb type=\u00bbgrid\u00bb oblique_section=\u00bbno\u00bb text_align=\u00bbleft\u00bb Overflow=\u00bb\u00bb triangle_shape=\u00bbno\u00bb css_animation=\u00bb\u00bb overflow=\u00bb\u00bb][vc_column][vc_empty_space height=\u00bb60px\u00bb image_repeat=\u00bbno-repeat\u00bb][vc_row_inner row_type=\u00bbrow\u00bb type=\u00bbgrid\u00bb use_row_as_full_screen_section_slide=\u00bbno\u00bb text_align=\u00bbleft\u00bb css_animation=\u00bb\u00bb][vc_column_inner]<div class=\"custom_font_holder  \" style=\"font-family: lato; font-size: 30px; line-height: 30px; font-style: normal; font-weight: 300; text-decoration: none; text-transform: none; text-align: center\" data-font-size=30 data-line-height=30 ><div  ><p style=\"text-align: center\">Materia prima, imprescindible y de obligada referencia en la impartici\u00f3n de justicia. Por su naturaleza y alcance, se trata de un material en constante actualizaci\u00f3n en los \u00e1mbitos federal y local. Sin duda, la incorporaci\u00f3n de \u00edndices anal\u00edticos, correlaci\u00f3n entre preceptos, fechas de publicaci\u00f3n de reformas, as\u00ed como el \u00e9nfasis en el dise\u00f1o gr\u00e1fico y la tipograf\u00eda, favorece una consulta \u00e1gil, r\u00e1pida y sencilla.<\/p>\n<\/div><\/div>[vc_empty_space height=\u00bb60px\u00bb image_repeat=\u00bbno-repeat\u00bb][\/vc_column_inner][\/vc_row_inner][vc_row_inner row_type=\u00bbrow\u00bb type=\u00bbfull_width\u00bb use_row_as_full_screen_section_slide=\u00bbno\u00bb text_align=\u00bbleft\u00bb background_color=\u00bb#f2f2f2&#8243; css_animation=\u00bb\u00bb][vc_column_inner width=\u00bb1\/6&#8243;][\/vc_column_inner][vc_column_inner width=\u00bb2\/3&#8243;][vc_empty_space image_repeat=\u00bbno-repeat\u00bb]<div class='mkd_carousels_holder clearfix '><div class='mkd_carousels'  data-number_of_items='3'><ul class='slides'><li class='item'><div class=\"carousel_item_holder\" ><div class=\"carousel_item_holder_inner\" ><a href='https:\/\/www.poderjudicialcdmx.gob.mx\/anales\/wp-content\/uploads\/CPEUM2024-1.pdf' target='_self' class='carousel-link'><span class='first_image_holder  has_hover_image'><img src='https:\/\/www.poderjudicialcdmx.gob.mx\/anales\/wp-content\/uploads\/Captura-de-Pantalla-2024-01-23-a-las-11.03.16.png' alt='CPEUM'><\/span><span class='second_image_holder  has_hover_image'><img src='https:\/\/www.poderjudicialcdmx.gob.mx\/anales\/wp-content\/uploads\/CPEUM-precio.png' alt='CPEUM'><\/span><\/a><\/div><\/div><\/li><li class='item'><div class=\"carousel_item_holder\" ><div class=\"carousel_item_holder_inner\" ><a href='https:\/\/www.poderjudicialcdmx.gob.mx\/anales\/wp-content\/uploads\/Previw-Ley-Federal-del-Trabajo.pdf' target='_blank' class='carousel-link'><span class='first_image_holder  has_hover_image has_hover_image'><img src='https:\/\/www.poderjudicialcdmx.gob.mx\/anales\/wp-content\/uploads\/LFT.png' alt='LEY JUSTICIA ALTERNATIVA'><\/span><span class='second_image_holder  has_hover_image has_hover_image'><img src='https:\/\/www.poderjudicialcdmx.gob.mx\/anales\/wp-content\/uploads\/LFT-precio.png' alt='LEY JUSTICIA ALTERNATIVA'><\/span><\/a><\/div><\/div><\/li><li class='item'><div class=\"carousel_item_holder\" ><div class=\"carousel_item_holder_inner\" ><a href='https:\/\/www.poderjudicialcdmx.gob.mx\/anales\/wp-content\/uploads\/Previsualizacion_L_Amparo.pdf' target='_self' class='carousel-link'><span class='first_image_holder  has_hover_image has_hover_image has_hover_image'><img src='https:\/\/www.poderjudicialcdmx.gob.mx\/anales\/wp-content\/uploads\/Ley_Amparo_Portada.png' alt='LEY AMPARO'><\/span><span class='second_image_holder  has_hover_image has_hover_image has_hover_image'><img src='https:\/\/www.poderjudicialcdmx.gob.mx\/anales\/wp-content\/uploads\/Ley_Amparo_Precio.png' alt='LEY AMPARO'><\/span><\/a><\/div><\/div><\/li><li class='item'><div class=\"carousel_item_holder\" ><div class=\"carousel_item_holder_inner\" ><a href='https:\/\/www.poderjudicialcdmx.gob.mx\/anales\/wp-content\/uploads\/CNPCF_tematizado_previsualizacion.pdf' target='_self' class='carousel-link'><span class='first_image_holder  has_hover_image has_hover_image has_hover_image has_hover_image'><img src='https:\/\/www.poderjudicialcdmx.gob.mx\/anales\/wp-content\/uploads\/CNPCyF.jpg' alt='CNPCF'><\/span><span class='second_image_holder  has_hover_image has_hover_image has_hover_image has_hover_image'><img src='https:\/\/www.poderjudicialcdmx.gob.mx\/anales\/wp-content\/uploads\/precio_CNPCyF.jpg' alt='CNPCF'><\/span><\/a><\/div><\/div><\/li><li class='item'><div class=\"carousel_item_holder\" ><div class=\"carousel_item_holder_inner\" ><a href='https:\/\/www.poderjudicialcdmx.gob.mx\/anales\/wp-content\/uploads\/COD-ETICA-VERSION-Micrositio-1.pdf' target='_blank' class='carousel-link'><span class='first_image_holder  has_hover_image has_hover_image has_hover_image has_hover_image has_hover_image'><img src='https:\/\/www.poderjudicialcdmx.gob.mx\/anales\/wp-content\/uploads\/Forro-Etica.jpg' alt='COD \u00c9TICA'><\/span><span class='second_image_holder  has_hover_image has_hover_image has_hover_image has_hover_image has_hover_image'><img src='https:\/\/www.poderjudicialcdmx.gob.mx\/anales\/wp-content\/uploads\/Precio-Etica.jpg' alt='COD \u00c9TICA'><\/span><\/a><\/div><\/div><\/li><li class='item'><div class=\"carousel_item_holder\" ><div class=\"carousel_item_holder_inner\" ><a href='https:\/\/www.poderjudicialcdmx.gob.mx\/anales\/wp-content\/uploads\/Comp-Transparencia-previsualizacion.pdf' target='_blank' class='carousel-link'><span class='first_image_holder  has_hover_image has_hover_image has_hover_image has_hover_image has_hover_image has_hover_image'><img src='https:\/\/www.poderjudicialcdmx.gob.mx\/anales\/wp-content\/uploads\/Captura-de-Pantalla-2021-10-18-a-las-10.49.45-1.png' alt='COMP TRANSPARENCIA'><\/span><span class='second_image_holder  has_hover_image has_hover_image has_hover_image has_hover_image has_hover_image has_hover_image'><img src='https:\/\/www.poderjudicialcdmx.gob.mx\/anales\/wp-content\/uploads\/Compilacion_de_Transparencia.png' alt='COMP TRANSPARENCIA'><\/span><\/a><\/div><\/div><\/li><li class='item'><div class=\"carousel_item_holder\" ><div class=\"carousel_item_holder_inner\" ><span class='first_image_holder  has_hover_image has_hover_image has_hover_image has_hover_image has_hover_image has_hover_image has_hover_image'><img src='https:\/\/www.poderjudicialcdmx.gob.mx\/anales\/wp-content\/uploads\/codigos25.jpg' alt='COMPILACI\u00d3N DDHH CDMX'><\/span><span class='second_image_holder  has_hover_image has_hover_image has_hover_image has_hover_image has_hover_image has_hover_image has_hover_image'><img src='https:\/\/www.poderjudicialcdmx.gob.mx\/anales\/wp-content\/uploads\/codigos26.jpg' alt='COMPILACI\u00d3N DDHH CDMX'><\/span><\/div><\/div><\/li><li class='item'><div class=\"carousel_item_holder\" ><div class=\"carousel_item_holder_inner\" ><a href='https:\/\/www.poderjudicialcdmx.gob.mx\/anales\/wp-content\/uploads\/COMP-CONSTICDMX_preview.pdf' target='_blank' class='carousel-link'><span class='first_image_holder  has_hover_image has_hover_image has_hover_image has_hover_image has_hover_image has_hover_image has_hover_image has_hover_image'><img src='http:\/\/www.poderjudicialcdmx.gob.mx\/anales\/wp-content\/uploads\/Compilaci\u00f3n-CDMX-Portada.png' alt='COMPILACI\u00d3N CDMX'><\/span><span class='second_image_holder  has_hover_image has_hover_image has_hover_image has_hover_image has_hover_image has_hover_image has_hover_image has_hover_image'><img src='http:\/\/www.poderjudicialcdmx.gob.mx\/anales\/wp-content\/uploads\/LIBROS-NUEVOS2.jpg' alt='COMPILACI\u00d3N CDMX'><\/span><\/a><\/div><\/div><\/li><li class='item'><div class=\"carousel_item_holder\" ><div class=\"carousel_item_holder_inner\" ><a href='https:\/\/www.poderjudicialcdmx.gob.mx\/anales\/wp-content\/uploads\/Cod-Civil-2022_preview.pdf' target='_self' class='carousel-link'><span class='first_image_holder  has_hover_image has_hover_image has_hover_image has_hover_image has_hover_image has_hover_image has_hover_image has_hover_image has_hover_image'><img src='https:\/\/www.poderjudicialcdmx.gob.mx\/anales\/wp-content\/uploads\/Captura-de-Pantalla-2023-01-10-a-las-10.28.06.png' alt='CODIGO CIVIL DF'><\/span><span class='second_image_holder  has_hover_image has_hover_image has_hover_image has_hover_image has_hover_image has_hover_image has_hover_image has_hover_image has_hover_image'><img src='https:\/\/www.poderjudicialcdmx.gob.mx\/anales\/wp-content\/uploads\/Codigo_Civil_DF.png' alt='CODIGO CIVIL DF'><\/span><\/a><\/div><\/div><\/li><li class='item'><div class=\"carousel_item_holder\" ><div class=\"carousel_item_holder_inner\" ><a href='https:\/\/www.poderjudicialcdmx.gob.mx\/anales\/wp-content\/uploads\/Constitucion-Politica-CDMX_preview-1.pdf' target='_blank' class='carousel-link'><span class='first_image_holder  has_hover_image has_hover_image has_hover_image has_hover_image has_hover_image has_hover_image has_hover_image has_hover_image has_hover_image has_hover_image'><img src='https:\/\/www.poderjudicialcdmx.gob.mx\/anales\/wp-content\/uploads\/codigos7.jpg' alt='CONSTITUCI\u00d3N CDMX'><\/span><span class='second_image_holder  has_hover_image has_hover_image has_hover_image has_hover_image has_hover_image has_hover_image has_hover_image has_hover_image has_hover_image has_hover_image'><img src='https:\/\/www.poderjudicialcdmx.gob.mx\/anales\/wp-content\/uploads\/codigos8.jpg' alt='CONSTITUCI\u00d3N CDMX'><\/span><\/a><\/div><\/div><\/li><li class='item'><div class=\"carousel_item_holder\" ><div class=\"carousel_item_holder_inner\" ><a href='https:\/\/www.poderjudicialcdmx.gob.mx\/anales\/wp-content\/uploads\/COMP-PENAL.pdf' target='_self' class='carousel-link'><span class='first_image_holder  has_hover_image has_hover_image has_hover_image has_hover_image has_hover_image has_hover_image has_hover_image has_hover_image has_hover_image has_hover_image has_hover_image'><img src='https:\/\/www.poderjudicialcdmx.gob.mx\/anales\/wp-content\/uploads\/Captura-de-Pantalla-2024-01-23-a-las-11.24.01.png' alt='Compilacion Penal'><\/span><span class='second_image_holder  has_hover_image has_hover_image has_hover_image has_hover_image has_hover_image has_hover_image has_hover_image has_hover_image has_hover_image has_hover_image has_hover_image'><img src='https:\/\/www.poderjudicialcdmx.gob.mx\/anales\/wp-content\/uploads\/Precio_Compilacio\u0301nPenal.png' alt='Compilacion Penal'><\/span><\/a><\/div><\/div><\/li><li class='item'><div class=\"carousel_item_holder\" ><div class=\"carousel_item_holder_inner\" ><a href='https:\/\/www.poderjudicialcdmx.gob.mx\/anales\/wp-content\/uploads\/Previsualizacion_CNPP.pdf' target='_blank' class='carousel-link'><span class='first_image_holder  has_hover_image has_hover_image has_hover_image has_hover_image has_hover_image has_hover_image has_hover_image has_hover_image has_hover_image has_hover_image has_hover_image has_hover_image'><img src='https:\/\/www.poderjudicialcdmx.gob.mx\/anales\/wp-content\/uploads\/CNPP_tematizado.png' alt='C\u00d3DIGO NACIONAL DE PROCEDIMIENTOS PENALES'><\/span><span class='second_image_holder  has_hover_image has_hover_image has_hover_image has_hover_image has_hover_image has_hover_image has_hover_image has_hover_image has_hover_image has_hover_image has_hover_image has_hover_image'><img src='https:\/\/www.poderjudicialcdmx.gob.mx\/anales\/wp-content\/uploads\/CNPP_T_precio.png' alt='C\u00d3DIGO NACIONAL DE PROCEDIMIENTOS PENALES'><\/span><\/a><\/div><\/div><\/li><\/ul><ul class=\"caroufredsel-direction-nav\"><li class=\"caroufredsel-prev-holder\"><a id=\"caroufredsel-prev\" class=\"mkd_carousel_prev caroufredsel-navigation-item caroufredsel-prev\" href=\"javascript: void(0)\"><span class=\"arrow_carrot-left\"><\/span><\/a><\/li><li class=\"caroufredsel-next-holder\"><a class=\"mkd_carousel_next caroufredsel-next caroufredsel-navigation-item\" id=\"caroufredsel-next\" href=\"javascript: void(0)\"><span class=\"arrow_carrot-right\"><\/span><\/a><\/li><\/ul><\/div><\/div>[vc_empty_space image_repeat=\u00bbno-repeat\u00bb][\/vc_column_inner][vc_column_inner width=\u00bb1\/6&#8243;][\/vc_column_inner][\/vc_row_inner][\/vc_column][\/vc_row][vc_row row_type=\u00bbrow\u00bb use_row_as_full_screen_section=\u00bbno\u00bb type=\u00bbfull_width\u00bb oblique_section=\u00bbno\u00bb text_align=\u00bbleft\u00bb Overflow=\u00bb\u00bb triangle_shape=\u00bbno\u00bb css_animation=\u00bb\u00bb overflow=\u00bb\u00bb][vc_column][vc_empty_space height=\u00bb70px\u00bb image_repeat=\u00bbno-repeat\u00bb][\/vc_column][\/vc_row][vc_row row_type=\u00bbrow\u00bb use_row_as_full_screen_section=\u00bbno\u00bb type=\u00bbgrid\u00bb oblique_section=\u00bbno\u00bb text_align=\u00bbleft\u00bb Overflow=\u00bb\u00bb triangle_shape=\u00bbno\u00bb css_animation=\u00bb\u00bb overflow=\u00bb\u00bb][vc_column width=\u00bb1\/2&#8243;]<div class=\"custom_font_holder  \" style=\"font-family: lato; font-size: 40px; font-style: normal; font-weight: 400; color: #dd952a; text-decoration: none; text-shadow: 1px 1px 2px rgba(0, 0, 0, 0.4);; text-transform: none; text-align: left\" data-font-size=40 ><div  ><p>Nuestra recomendaci\u00f3n<\/p>\n<\/div><\/div>[vc_empty_space height=\u00bb45&#8243; image_repeat=\u00bbno-repeat\u00bb][\/vc_column][vc_column width=\u00bb1\/2&#8243;][vc_separator type=\u00bbnormal\u00bb up_style=\u00bbpx\u00bb down_style=\u00bbpx\u00bb][\/vc_column][\/vc_row][vc_row row_type=\u00bbrow\u00bb use_row_as_full_screen_section=\u00bbno\u00bb type=\u00bbgrid\u00bb oblique_section=\u00bbno\u00bb text_align=\u00bbleft\u00bb Overflow=\u00bb\u00bb triangle_shape=\u00bbno\u00bb css_animation=\u00bb\u00bb overflow=\u00bb\u00bb][vc_column width=\u00bb1\/4&#8243;][vc_single_image image=\u00bb20037&#8243; img_size=\u00bbmedium\u00bb alignment=\u00bbcenter\u00bb onclick=\u00bbcustom_link\u00bb mkd_css_animation=\u00bb\u00bb set_shader=\u00bbno\u00bb set_popup=\u00bbno\u00bb animate_image_on_hover=\u00bbzoom\u00bb][\/vc_column][vc_column width=\u00bb3\/4&#8243;][vc_column_text]<\/p>\n<h4><span style=\"color: #005361\">Ley Federal del Trabajo<\/span><\/h4>\n<ul>\n<li><span style=\"color: #999999\">A\u00f1o 2024<\/span><\/li>\n<\/ul>\n<p>&nbsp;<\/p>\n<p class=\"p1\" style=\"text-align: left\">En cumplimiento a los mandatos constitucionales del 24 de febrero de 2017 y 1 de mayo de 2019 se reformaron m\u00e1s de 500 art\u00edculos de la Ley Federal del Trabajo, destac\u00e1ndose de entre ellas que los encargados de conocer y resolver los conflictos individuales y colectivos de trabajo, son los Tribunales Laborales dependientes del Poder Judicial. En este contexto, el Tribunal Superior de Justicia de la Ciudad de M\u00e9xico a trav\u00e9s de la Direcci\u00f3n General de Anales de Jurisprudencia y Bolet\u00edn Judicial, publica la Ley Federal del Trabajo en una edici\u00f3n que incluye anotaci\u00f3n tem\u00e1tica, correlaci\u00f3n por preceptos y \u00faltimas \u00a0reformas, como una herramienta m\u00e1s para los operadores del Derecho.<\/p>\n<h5><\/h5>\n<h3><span style=\"color: #db1212\">$400.00<\/span><\/h3>\n<p>[\/vc_column_text][\/vc_column][\/vc_row][vc_row row_type=\u00bbrow\u00bb use_row_as_full_screen_section=\u00bbno\u00bb type=\u00bbfull_width\u00bb oblique_section=\u00bbno\u00bb text_align=\u00bbleft\u00bb Overflow=\u00bb\u00bb triangle_shape=\u00bbno\u00bb css_animation=\u00bb\u00bb overflow=\u00bb\u00bb][vc_column][vc_empty_space height=\u00bb50px\u00bb image_repeat=\u00bbno-repeat\u00bb][\/vc_column][\/vc_row][vc_row row_type=\u00bbrow\u00bb use_row_as_full_screen_section=\u00bbno\u00bb type=\u00bbgrid\u00bb oblique_section=\u00bbno\u00bb text_align=\u00bbleft\u00bb Overflow=\u00bb\u00bb triangle_shape=\u00bbno\u00bb css_animation=\u00bb\u00bb overflow=\u00bb\u00bb][vc_column width=\u00bb1\/4&#8243;][vc_single_image image=\u00bb20101&#8243; img_size=\u00bbmedium\u00bb alignment=\u00bbcenter\u00bb onclick=\u00bbcustom_link\u00bb mkd_css_animation=\u00bb\u00bb set_shader=\u00bbno\u00bb set_popup=\u00bbno\u00bb animate_image_on_hover=\u00bbzoom\u00bb][\/vc_column][vc_column width=\u00bb3\/4&#8243;][vc_column_text]<\/p>\n<h4><span style=\"color: #005361\">C\u00d3DIGO NACIONAL DE PROCEDIMIENTOS CIVILES Y FAMILIARES<\/span><\/h4>\n<p><span style=\"color: #68a0a9\">Comentado<\/span><\/p>\n<ul>\n<li><span style=\"color: #999999\">A\u00f1o 2025<\/span><\/li>\n<\/ul>\n<p>&nbsp;<\/p>\n<p class=\"p1\">El 7 de junio de 2023 se public\u00f3 en el\u00a0<i>Diario Oficial de la Federaci\u00f3n\u00a0<\/i>el\u00a0<i>C\u00f3digo Nacional de Procedimientos Civiles y Familiares<\/i>. El cual tiene como finalidad homologar criterios y procedimientos, brindar instituciones jur\u00eddicas que fortalezcan la paz social, para lograr un concepto de justicia m\u00e1s amplio como lo es la justicia cotidiana cercana a la ciudadan\u00eda, integr\u00e1ndose aspectos novedosos como son: disposiciones especiales para la atenci\u00f3n de personas vulnerables; oralidad como principio rector; priorizaci\u00f3n de los medios alternativos y la aplicaci\u00f3n de la justicia digital.<\/p>\n<h5><\/h5>\n<h3><span style=\"color: #db1212\">$770.00<\/span><\/h3>\n<p>[\/vc_column_text][\/vc_column][\/vc_row][vc_row row_type=\u00bbrow\u00bb use_row_as_full_screen_section=\u00bbno\u00bb type=\u00bbfull_width\u00bb oblique_section=\u00bbno\u00bb text_align=\u00bbleft\u00bb Overflow=\u00bb\u00bb triangle_shape=\u00bbno\u00bb css_animation=\u00bb\u00bb overflow=\u00bb\u00bb][vc_column][vc_empty_space height=\u00bb50px\u00bb image_repeat=\u00bbno-repeat\u00bb][\/vc_column][\/vc_row]<\/p>\n","protected":false},"excerpt":{"rendered":"<p>[vc_row row_type=\u00bbrow\u00bb use_row_as_full_screen_section=\u00bbno\u00bb type=\u00bbfull_width\u00bb oblique_section=\u00bbno\u00bb text_align=\u00bbleft\u00bb Overflow=\u00bb\u00bb triangle_shape=\u00bbno\u00bb background_image=\u00bb19185&#8243; css_animation=\u00bb\u00bb overflow=\u00bb\u00bb][vc_column][no_elements_holder number_of_columns=\u00bbone_column\u00bb switch_to_one_column=\u00bb\u00bb alignment_one_column=\u00bbcenter\u00bb][no_elements_holder_item item_padding=\u00bb19% 0% 0% 0%\u00bb aligment=\u00bbcenter\u00bb vertical_alignment=\u00bbmiddle\u00bb animation_name=\u00bbgrow_in\u00bb advanced_animations=\u00bbno\u00bb item_padding_1300_1600=\u00bb10% 0% 0% 0%\u00bb item_padding_1024_1300=\u00bb13% 0% 0% 0%\u00bb item_padding_768_1024=\u00bb20% 0% 9% 0%\u00bb item_padding_600_768=\u00bb20% 0% 0% 0%\u00bb][\/no_elements_holder_item][\/no_elements_holder][\/vc_column][\/vc_row][vc_row row_type=\u00bbrow\u00bb use_row_as_full_screen_section=\u00bbno\u00bb type=\u00bbgrid\u00bb oblique_section=\u00bbno\u00bb text_align=\u00bbleft\u00bb Overflow=\u00bb\u00bb triangle_shape=\u00bbno\u00bb&#8230;<\/p>\n","protected":false},"author":15,"featured_media":0,"parent":0,"menu_order":0,"comment_status":"closed","ping_status":"closed","template":"full_width.php","meta":{"footnotes":""},"class_list":["post-18814","page","type-page","status-publish","hentry"],"_links":{"self":[{"href":"https:\/\/www.poderjudicialcdmx.gob.mx\/anales\/wp-json\/wp\/v2\/pages\/18814"}],"collection":[{"href":"https:\/\/www.poderjudicialcdmx.gob.mx\/anales\/wp-json\/wp\/v2\/pages"}],"about":[{"href":"https:\/\/www.poderjudicialcdmx.gob.mx\/anales\/wp-json\/wp\/v2\/types\/page"}],"author":[{"embeddable":true,"href":"https:\/\/www.poderjudicialcdmx.gob.mx\/anales\/wp-json\/wp\/v2\/users\/15"}],"replies":[{"embeddable":true,"href":"https:\/\/www.poderjudicialcdmx.gob.mx\/anales\/wp-json\/wp\/v2\/comments?post=18814"}],"version-history":[{"count":5,"href":"https:\/\/www.poderjudicialcdmx.gob.mx\/anales\/wp-json\/wp\/v2\/pages\/18814\/revisions"}],"predecessor-version":[{"id":19954,"href":"https:\/\/www.poderjudicialcdmx.gob.mx\/anales\/wp-json\/wp\/v2\/pages\/18814\/revisions\/19954"}],"wp:attachment":[{"href":"https:\/\/www.poderjudicialcdmx.gob.mx\/anales\/wp-json\/wp\/v2\/media?parent=18814"}],"curies":[{"name":"wp","href":"https:\/\/api.w.org\/{rel}","templated":true}]}}