{"id":19856,"date":"2024-06-20T20:31:25","date_gmt":"2024-06-20T20:31:25","guid":{"rendered":"https:\/\/www.poderjudicialcdmx.gob.mx\/anales\/?page_id=19856"},"modified":"2024-06-20T21:14:53","modified_gmt":"2024-06-20T21:14:53","slug":"aj-puntos-de-venta-direcciones","status":"publish","type":"page","link":"https:\/\/www.poderjudicialcdmx.gob.mx\/anales\/aj-puntos-de-venta-direcciones\/","title":{"rendered":"Puntos de venta"},"content":{"rendered":"<p>[vc_row row_type=\u00bbrow\u00bb use_row_as_full_screen_section=\u00bbno\u00bb type=\u00bbfull_width\u00bb oblique_section=\u00bbno\u00bb text_align=\u00bbleft\u00bb Overflow=\u00bb\u00bb triangle_shape=\u00bbno\u00bb background_image=\u00bb19558&#8243; use_as_box=\u00bbuse_row_as_box\u00bb css_animation=\u00bb\u00bb overflow=\u00bb\u00bb el_id=\u00bbimagen_cabeza\u00bb][vc_column][vc_separator type=\u00bbnormal\u00bb up_style=\u00bbpx\u00bb down_style=\u00bbpx\u00bb][no_elements_holder number_of_columns=\u00bbone_column\u00bb switch_to_one_column=\u00bb\u00bb alignment_one_column=\u00bbcenter\u00bb][no_elements_holder_item item_padding=\u00bb10%10%0%0%\u00bb aligment=\u00bbcenter\u00bb vertical_alignment=\u00bb\u00bb advanced_animations=\u00bbno\u00bb item_padding_1300_1600=\u00bb10% 0% 0% 0%\u00bb item_padding_1024_1300=\u00bb13% 0% 0% 0%\u00bb item_padding_768_1024=\u00bb20% 0%20% 0%\u00bb item_padding_600_768=\u00bb20% 0% 20% 0%\u00bb]<div class=\"custom_font_holder  \" style=\"font-family: Lato; font-size: 75px; line-height: 50px; font-style: normal; font-weight: 500; color: #ffffff; text-decoration: none; text-shadow: 1px 1px 2px rgba(0, 0, 0, 0.4);; padding: 0px 0px 200px 0px; text-transform: uppercase; text-align: right\" data-font-size=75 data-line-height=50 ><div  ><p>Puntos de venta<\/p>\n<\/div><\/div>[\/no_elements_holder_item][\/no_elements_holder][\/vc_column][\/vc_row][vc_row row_type=\u00bbrow\u00bb use_row_as_full_screen_section=\u00bbno\u00bb type=\u00bbfull_width\u00bb oblique_section=\u00bbno\u00bb text_align=\u00bbleft\u00bb Overflow=\u00bb\u00bb triangle_shape=\u00bbno\u00bb css_animation=\u00bb\u00bb overflow=\u00bb\u00bb][vc_column][vc_empty_space height=\u00bb50px\u00bb image_repeat=\u00bbno-repeat\u00bb][\/vc_column][\/vc_row][vc_row row_type=\u00bbrow\u00bb use_row_as_full_screen_section=\u00bbno\u00bb type=\u00bbgrid\u00bb oblique_section=\u00bbno\u00bb text_align=\u00bbcenter\u00bb Overflow=\u00bb\u00bb triangle_shape=\u00bbno\u00bb css_animation=\u00bbelement_from_left\u00bb overflow=\u00bb\u00bb][vc_column width=\u00bb1\/2&#8243;][vc_empty_space height=\u00bb60px\u00bb image_repeat=\u00bbno-repeat\u00bb][vc_single_image image=\u00bb15668&#8243; alignment=\u00bbcenter\u00bb mkd_css_animation=\u00bb\u00bb set_shader=\u00bbno\u00bb set_popup=\u00bbno\u00bb animate_image_on_hover=\u00bbno\u00bb][vc_column_text]<\/p>\n<h4 style=\"text-align: center;\"><span style=\"color: #68a0a9;\">Dr. Claudio Bernard N\u00fam. 60, Col. Doctores, C.P. 06720, Alcald\u00eda Cuauht\u00e9moc.<\/span><\/h4>\n<h5 style=\"text-align: center;\"><strong><span style=\"color: #33cccc;\">Tel\u00e9fono 5591564997 extensi\u00f3n 111002<\/span><\/strong><\/h5>\n<h5 style=\"text-align: center;\"><strong><span style=\"color: #33cccc;\">WhatsApp: 5548878157<\/span><\/strong><\/h5>\n<h5 style=\"text-align: center;\"><strong><span style=\"color: #33cccc;\">Horario: de lunes a jueves de 9:00 a 15:00 hrs<\/span><\/strong><\/h5>\n<h5 style=\"text-align: center;\"><strong><span style=\"color: #33cccc;\">y viernes de 9:00 al 14:00 hrs<\/span><\/strong><\/h5>\n<p>[\/vc_column_text][\/vc_column][vc_column width=\u00bb1\/2&#8243;][vc_raw_html]JTNDaWZyYW1lJTIwc3JjJTNEJTIyaHR0cHMlM0ElMkYlMkZ3d3cuZ29vZ2xlLmNvbSUyRm1hcHMlMkZlbWJlZCUzRnBiJTNEJTIxMW0xOCUyMTFtMTIlMjExbTMlMjExZDM3NjIuODE1OTA2MTM4MTQ1MiUyMTJkLTk5LjE0ODg0MDc4NDY2MDkyJTIxM2QxOS40MjAzNTg1NDYxMDMzMyUyMTJtMyUyMTFmMCUyMTJmMCUyMTNmMCUyMTNtMiUyMTFpMTAyNCUyMTJpNzY4JTIxNGYxMy4xJTIxM20zJTIxMW0yJTIxMXMweDg1ZDFmZjI3ZTYwYWM4N2QlMjUzQTB4ODRiZTFhMWVkM2RmYTAxZiUyMTJzQ2xhdWRpbyUyQkJlcm5hcmQlMkI2MCUyNTJDJTJCRG9jdG9yZXMlMjUyQyUyQjA2NzIwJTJCQ2l1ZGFkJTJCZGUlMkJNJTI1QzMlMjVBOXhpY28lMjUyQyUyQkNETVglMjE1ZTAlMjEzbTIlMjExc2VzJTIxMnNteCUyMTR2MTUyOTQyNzYzNTY3MyUyMiUyMHdpZHRoJTNEJTIyNDAwJTIyJTIwaGVpZ2h0JTNEJTIyMzAwJTIyJTIwZnJhbWVib3JkZXIlM0QlMjIwJTIyJTIwc3R5bGUlM0QlMjJib3JkZXIlM0EwJTIyJTIwYWxsb3dmdWxsc2NyZWVuJTNFJTNDJTJGaWZyYW1lJTNF[\/vc_raw_html][\/vc_column][\/vc_row][vc_row row_type=\u00bbrow\u00bb use_row_as_full_screen_section=\u00bbno\u00bb type=\u00bbfull_width\u00bb oblique_section=\u00bbno\u00bb text_align=\u00bbleft\u00bb Overflow=\u00bb\u00bb triangle_shape=\u00bbno\u00bb css_animation=\u00bb\u00bb overflow=\u00bb\u00bb][vc_column][vc_empty_space height=\u00bb90px\u00bb image_repeat=\u00bbno-repeat\u00bb][\/vc_column][\/vc_row][vc_row row_type=\u00bbrow\u00bb use_row_as_full_screen_section=\u00bbno\u00bb type=\u00bbgrid\u00bb oblique_section=\u00bbno\u00bb text_align=\u00bbcenter\u00bb Overflow=\u00bb\u00bb triangle_shape=\u00bbno\u00bb background_color=\u00bb#e8e8e8&#8243; css_animation=\u00bbelement_from_left\u00bb overflow=\u00bb\u00bb el_id=\u00bbubicacion2&#8243;][vc_column width=\u00bb1\/2&#8243;][vc_empty_space height=\u00bb60px\u00bb image_repeat=\u00bbno-repeat\u00bb][vc_single_image image=\u00bb15689&#8243; alignment=\u00bbcenter\u00bb mkd_css_animation=\u00bb\u00bb set_shader=\u00bbno\u00bb set_popup=\u00bbyes\u00bb popup_msg=\u00bbCERRADO*\u00bb popup_color=\u00bb#b71616&#8243; popup_msg_color=\u00bb#ffffff\u00bb popup_offset=\u00bbno\u00bb animate_image_on_hover=\u00bbno\u00bb][vc_column_text]<\/p>\n<h4 style=\"text-align: center;\"><span style=\"color: #005361;\">Edif. \u00abJuan \u00c1lvarez\u00bb<\/span><\/h4>\n<h4 style=\"text-align: center;\"><span style=\"color: #68a0a9;\">Ni\u00f1os H\u00e9roes N\u00fam. 132, Col. Doctores, C.P. 06720, Alcald\u00eda Cuauht\u00e9moc.<\/span><\/h4>\n<p style=\"text-align: center;\"><strong><span style=\"color: #ff0000;\">*Por contingencia sanitaria, hasta nuevo aviso<\/span><\/strong><\/p>\n<p>[\/vc_column_text][vc_empty_space height=\u00bb10px\u00bb image_repeat=\u00bbno-repeat\u00bb][\/vc_column][vc_column width=\u00bb1\/2&#8243;][vc_empty_space height=\u00bb10px\u00bb image_repeat=\u00bbno-repeat\u00bb][vc_raw_html]JTNDaWZyYW1lJTIwc3JjJTNEJTIyaHR0cHMlM0ElMkYlMkZ3d3cuZ29vZ2xlLmNvbSUyRm1hcHMlMkZlbWJlZCUzRnBiJTNEJTIxMW0xOCUyMTFtMTIlMjExbTMlMjExZDM3NjIuNzk2MDUzODc5MDM1JTIxMmQtOTkuMTUxNzU0NDg0NjYxJTIxM2QxOS40MjEyMTU5NDYwNzYxMjQlMjEybTMlMjExZjAlMjEyZjAlMjEzZjAlMjEzbTIlMjExaTEwMjQlMjEyaTc2OCUyMTRmMTMuMSUyMTNtMyUyMTFtMiUyMTFzMHg4NWQxZmYyODk5MmVlNzIxJTI1M0EweGE5NzdmMzQyNmRiMDdkMjklMjEyc0F2LiUyQk5pJTI1QzMlMjVCMW9zJTJCSGVyb2VzJTJCMTMyJTI1MkMlMkJEb2N0b3JlcyUyNTJDJTJCMDY3MjAlMkJDaXVkYWQlMkJkZSUyQk0lMjVDMyUyNUE5eGljbyUyNTJDJTJCQ0RNWCUyMTVlMCUyMTNtMiUyMTFzZXMlMjEyc214JTIxNHYxNTI5NDI4NjYxODg4JTIyJTIwd2lkdGglM0QlMjI0MDAlMjIlMjBoZWlnaHQlM0QlMjIzMDAlMjIlMjBmcmFtZWJvcmRlciUzRCUyMjAlMjIlMjBzdHlsZSUzRCUyMmJvcmRlciUzQTAlMjIlMjBhbGxvd2Z1bGxzY3JlZW4lM0UlM0MlMkZpZnJhbWUlM0U=[\/vc_raw_html][\/vc_column][\/vc_row][vc_row row_type=\u00bbrow\u00bb use_row_as_full_screen_section=\u00bbno\u00bb type=\u00bbgrid\u00bb oblique_section=\u00bbno\u00bb text_align=\u00bbcenter\u00bb Overflow=\u00bb\u00bb triangle_shape=\u00bbno\u00bb background_color=\u00bb#e8e8e8&#8243; css_animation=\u00bbelement_from_left\u00bb overflow=\u00bb\u00bb el_id=\u00bbubicacion3&#8243;][vc_column width=\u00bb1\/2&#8243;][vc_empty_space height=\u00bb60px\u00bb image_repeat=\u00bbno-repeat\u00bb][vc_single_image image=\u00bb15690&#8243; alignment=\u00bbcenter\u00bb mkd_css_animation=\u00bb\u00bb set_shader=\u00bbno\u00bb set_popup=\u00bbyes\u00bb popup_msg=\u00bbCERRADO*\u00bb popup_color=\u00bb#b71616&#8243; popup_msg_color=\u00bb#ffffff\u00bb popup_offset=\u00bbno\u00bb animate_image_on_hover=\u00bbno\u00bb][vc_column_text]<\/p>\n<h4 style=\"text-align: center;\"><span style=\"color: #005361;\">Edif. \u00abClementina Gil de Lester\u00bb<\/span><\/h4>\n<h4 style=\"text-align: center;\"><span style=\"color: #68a0a9;\">Av. Ju\u00e1rez N\u00fam. 8, Col. Centro, C.P. 06010, Alcald\u00eda Cuauht\u00e9moc.<\/span><\/h4>\n<p style=\"text-align: center;\"><strong><span style=\"color: #ff0000;\">*Por contingencia sanitaria, hasta nuevo aviso<\/span><\/strong><\/p>\n<p>[\/vc_column_text][vc_empty_space height=\u00bb10px\u00bb image_repeat=\u00bbno-repeat\u00bb][\/vc_column][vc_column width=\u00bb1\/2&#8243;][vc_raw_html]JTNDaWZyYW1lJTIwc3JjJTNEJTIyaHR0cHMlM0ElMkYlMkZ3d3cuZ29vZ2xlLmNvbSUyRm1hcHMlMkZlbWJlZCUzRnBiJTNEJTIxMW0xOCUyMTFtMTIlMjExbTMlMjExZDM3NjIuNDk5MTcyMTA3OTk0JTIxMmQtOTkuMTQzNTE0Mzg0NjYwODIlMjEzZDE5LjQzNDAzMzY0NTY2OTY4JTIxMm0zJTIxMWYwJTIxMmYwJTIxM2YwJTIxM20yJTIxMWkxMDI0JTIxMmk3NjglMjE0ZjEzLjElMjEzbTMlMjExbTIlMjExczB4ODVkMWY5MmFjODg5NjE3MyUyNTNBMHhmZTM2NTc1MzE4ZDcyMzkyJTIxMnNKdXpnYWRvcyUyQkZhbWlsaWFyZXMlMkJELkYlMjE1ZTAlMjEzbTIlMjExc2VzJTIxMnNteCUyMTR2MTUyOTQyOTIzMjE1NCUyMiUyMHdpZHRoJTNEJTIyNDAwJTIyJTIwaGVpZ2h0JTNEJTIyMzAwJTIyJTIwZnJhbWVib3JkZXIlM0QlMjIwJTIyJTIwc3R5bGUlM0QlMjJib3JkZXIlM0EwJTIyJTIwYWxsb3dmdWxsc2NyZWVuJTNFJTNDJTJGaWZyYW1lJTNF[\/vc_raw_html][\/vc_column][\/vc_row][vc_row row_type=\u00bbrow\u00bb use_row_as_full_screen_section=\u00bbno\u00bb type=\u00bbfull_width\u00bb oblique_section=\u00bbno\u00bb text_align=\u00bbleft\u00bb Overflow=\u00bb\u00bb triangle_shape=\u00bbno\u00bb css_animation=\u00bb\u00bb overflow=\u00bb\u00bb][vc_column][vc_empty_space height=\u00bb90px\u00bb image_repeat=\u00bbno-repeat\u00bb][\/vc_column][\/vc_row][vc_row row_type=\u00bbrow\u00bb use_row_as_full_screen_section=\u00bbno\u00bb type=\u00bbfull_width\u00bb oblique_section=\u00bbno\u00bb text_align=\u00bbleft\u00bb Overflow=\u00bb\u00bb triangle_shape=\u00bbno\u00bb css_animation=\u00bb\u00bb overflow=\u00bb\u00bb][vc_column][vc_empty_space image_repeat=\u00bbno-repeat\u00bb][\/vc_column][\/vc_row]<\/p>\n","protected":false},"excerpt":{"rendered":"<p>[vc_row row_type=\u00bbrow\u00bb use_row_as_full_screen_section=\u00bbno\u00bb type=\u00bbfull_width\u00bb oblique_section=\u00bbno\u00bb text_align=\u00bbleft\u00bb Overflow=\u00bb\u00bb triangle_shape=\u00bbno\u00bb background_image=\u00bb19558&#8243; use_as_box=\u00bbuse_row_as_box\u00bb css_animation=\u00bb\u00bb overflow=\u00bb\u00bb el_id=\u00bbimagen_cabeza\u00bb][vc_column][vc_separator type=\u00bbnormal\u00bb up_style=\u00bbpx\u00bb down_style=\u00bbpx\u00bb][no_elements_holder number_of_columns=\u00bbone_column\u00bb switch_to_one_column=\u00bb\u00bb alignment_one_column=\u00bbcenter\u00bb][no_elements_holder_item item_padding=\u00bb10%10%0%0%\u00bb aligment=\u00bbcenter\u00bb vertical_alignment=\u00bb\u00bb advanced_animations=\u00bbno\u00bb item_padding_1300_1600=\u00bb10% 0% 0% 0%\u00bb item_padding_1024_1300=\u00bb13% 0% 0% 0%\u00bb item_padding_768_1024=\u00bb20% 0%20% 0%\u00bb item_padding_600_768=\u00bb20% 0% 20% 0%\u00bb][\/no_elements_holder_item][\/no_elements_holder][\/vc_column][\/vc_row][vc_row row_type=\u00bbrow\u00bb use_row_as_full_screen_section=\u00bbno\u00bb type=\u00bbfull_width\u00bb oblique_section=\u00bbno\u00bb text_align=\u00bbleft\u00bb Overflow=\u00bb\u00bb triangle_shape=\u00bbno\u00bb&#8230;<\/p>\n","protected":false},"author":10,"featured_media":0,"parent":0,"menu_order":0,"comment_status":"closed","ping_status":"closed","template":"full_width.php","meta":{"footnotes":""},"class_list":["post-19856","page","type-page","status-publish","hentry"],"_links":{"self":[{"href":"https:\/\/www.poderjudicialcdmx.gob.mx\/anales\/wp-json\/wp\/v2\/pages\/19856"}],"collection":[{"href":"https:\/\/www.poderjudicialcdmx.gob.mx\/anales\/wp-json\/wp\/v2\/pages"}],"about":[{"href":"https:\/\/www.poderjudicialcdmx.gob.mx\/anales\/wp-json\/wp\/v2\/types\/page"}],"author":[{"embeddable":true,"href":"https:\/\/www.poderjudicialcdmx.gob.mx\/anales\/wp-json\/wp\/v2\/users\/10"}],"replies":[{"embeddable":true,"href":"https:\/\/www.poderjudicialcdmx.gob.mx\/anales\/wp-json\/wp\/v2\/comments?post=19856"}],"version-history":[{"count":2,"href":"https:\/\/www.poderjudicialcdmx.gob.mx\/anales\/wp-json\/wp\/v2\/pages\/19856\/revisions"}],"predecessor-version":[{"id":19858,"href":"https:\/\/www.poderjudicialcdmx.gob.mx\/anales\/wp-json\/wp\/v2\/pages\/19856\/revisions\/19858"}],"wp:attachment":[{"href":"https:\/\/www.poderjudicialcdmx.gob.mx\/anales\/wp-json\/wp\/v2\/media?parent=19856"}],"curies":[{"name":"wp","href":"https:\/\/api.w.org\/{rel}","templated":true}]}}