{"id":15467,"date":"2018-03-08T20:21:35","date_gmt":"2018-03-08T20:21:35","guid":{"rendered":"http:\/\/www.poderjudicialcdmx.gob.mx\/cecofam\/?page_id=15991"},"modified":"2018-12-05T15:17:28","modified_gmt":"2018-12-05T15:17:28","slug":"anales-tramites-y-servicios","status":"publish","type":"page","link":"https:\/\/www.poderjudicialcdmx.gob.mx\/cecofam\/anales-tramites-y-servicios\/","title":{"rendered":"CECOFAM servicios"},"content":{"rendered":"<p>[vc_row row_type=\u00bbrow\u00bb use_row_as_full_screen_section=\u00bbno\u00bb type=\u00bbfull_width\u00bb oblique_section=\u00bbno\u00bb text_align=\u00bbleft\u00bb Overflow=\u00bb\u00bb triangle_shape=\u00bbno\u00bb background_image=\u00bb15945&#8243; css_animation=\u00bb\u00bb overflow=\u00bb\u00bb el_id=\u00bbimagen_cabeza\u00bb][vc_column][vc_separator type=\u00bbtransparent\u00bb up=\u00bb100&#8243; up_style=\u00bbpx\u00bb down_style=\u00bbpx\u00bb][vc_separator type=\u00bbtransparent\u00bb up_style=\u00bbpx\u00bb down=\u00bb180&#8243; down_style=\u00bbpx\u00bb][\/vc_column][\/vc_row][vc_row row_type=\u00bbparallax\u00bb type=\u00bbfull_width\u00bb text_align=\u00bbcenter\u00bb triangle_shape=\u00bbno\u00bb background_image=\u00bb12432&#8243; full_screen_section_height=\u00bbno\u00bb section_height=\u00bb100&#8243; zoom_effect=\u00bbno\u00bb el_id=\u00bbtexto_titulo\u00bb][vc_column][vc_separator type=\u00bbtransparent\u00bb up=\u00bb50&#8243; up_style=\u00bbpx\u00bb down=\u00bb0&#8243; down_style=\u00bbpx\u00bb][vc_column_text]<\/p>\n<p style=\"text-align: center;font-size: 46px;color: #9d6167;font-weight: 600;line-height: 60px\">SERVICIOS<\/p>\n<p>[\/vc_column_text][vc_separator type=\u00bbtransparent\u00bb up=\u00bb20&#8243; up_style=\u00bbpx\u00bb down=\u00bb0&#8243; down_style=\u00bbpx\u00bb][\/vc_column][\/vc_row][vc_row row_type=\u00bbrow\u00bb use_row_as_full_screen_section=\u00bbno\u00bb type=\u00bbgrid\u00bb oblique_section=\u00bbno\u00bb text_align=\u00bbcenter\u00bb Overflow=\u00bb\u00bb triangle_shape=\u00bbno\u00bb padding_top=\u00bb50&#8243; padding_bottom=\u00bb5&#8243; css_animation=\u00bb\u00bb overflow=\u00bb\u00bb box_shadow_on_row=\u00bbno\u00bb el_id=\u00bbtexto_area\u00bb][vc_column][vc_column_text]El Centro de Convivencia Familiar Supervisada cuenta con dos sedes: la primera ubicada en Calle R\u00edo Atoyac n\u00famero 110, colonia y delegaci\u00f3n Cuauht\u00e9moc; la segunda se encuentra en Avenida Ju\u00e1rez n\u00famero 8, segundo piso, colonia Centro, delegaci\u00f3n Cuauht\u00e9moc.[\/vc_column_text][vc_separator type=\u00bbtransparent\u00bb up=\u00bb0&#8243; up_style=\u00bbpx\u00bb down=\u00bb20&#8243; down_style=\u00bbpx\u00bb][vc_text_separator title=\u00bbCONVIVENCIA\u00bb title_size=\u00bb23&#8243; text_in_box=\u00bbno\u00bb text_position=\u00bbcenter\u00bb animation=\u00bbdefault\u00bb line_border_style=\u00bbtransparent\u00bb line_dots=\u00bbno\u00bb title_color=\u00bb#adaaa8&#8243;][vc_column_text]R\u00e9gimen que por orden del \u00d3rgano Jurisdiccional, se desarrolla durante un horario determinado dentro de las instalaciones del Centro y que consiste en el acto de relacionarse, las ni\u00f1as, ni\u00f1os o adolescente con sus progenitores o abuelos, ante la supervisi\u00f3n de un Trabajador Social, Psic\u00f3logo y\/o personal adscrito al Centro, debidamente facultado para ello.<\/p>\n<p>[\/vc_column_text][\/vc_column][\/vc_row][vc_row row_type=\u00bbrow\u00bb use_row_as_full_screen_section=\u00bbno\u00bb type=\u00bbgrid\u00bb oblique_section=\u00bbno\u00bb text_align=\u00bbcenter\u00bb Overflow=\u00bb\u00bb triangle_shape=\u00bbno\u00bb padding_top=\u00bb50&#8243; padding_bottom=\u00bb5&#8243; css_animation=\u00bb\u00bb overflow=\u00bb\u00bb box_shadow_on_row=\u00bbno\u00bb el_id=\u00bbtexto_area2&#8243;][vc_column][vc_text_separator title=\u00bbENTREGA-RECEPCI\u00d3N\u00bb title_size=\u00bb23&#8243; text_in_box=\u00bbno\u00bb text_position=\u00bbcenter\u00bb animation=\u00bbdefault\u00bb line_border_style=\u00bbtransparent\u00bb line_dots=\u00bbno\u00bb title_color=\u00bb#adaaa8&#8243;][vc_column_text]R\u00e9gimen que consiste en la Entrega y\/o Recepci\u00f3n de\u00a0ni\u00f1as, ni\u00f1os o adolescentes en un determinado horario, ante la supervisi\u00f3n de un Trabajador Social, Psic\u00f3logo y\/o personal adscrito al Centro debidamente facultado para ello, por parte de sus progenitores o abuelos, con el fin de que convivan fuera de las instalaciones del Centro, por orden del \u00d3rgano Jurisdiccional.<\/p>\n<p>Este servicio \u00fanicamente se brinda en la sede Plaza Ju\u00e1rez.<\/p>\n<p>[\/vc_column_text][vc_separator type=\u00bbtransparent\u00bb up=\u00bb0&#8243; up_style=\u00bbpx\u00bb down=\u00bb20&#8243; down_style=\u00bbpx\u00bb][\/vc_column][\/vc_row][vc_row row_type=\u00bbrow\u00bb use_row_as_full_screen_section=\u00bbno\u00bb type=\u00bbfull_width\u00bb oblique_section=\u00bbno\u00bb text_align=\u00bbleft\u00bb Overflow=\u00bb\u00bb triangle_shape=\u00bbno\u00bb css_animation=\u00bb\u00bb overflow=\u00bb\u00bb][vc_column][vc_separator type=\u00bbtransparent\u00bb up=\u00bb0&#8243; up_style=\u00bbpx\u00bb down=\u00bb20&#8243; down_style=\u00bbpx\u00bb][vc_text_separator title=\u00bbTODOS LOS SERVICIOS QUE BRINDA EL CENTRO DE CONVIVENCIA FAMILIAR SUPERVISADA, SON TOTALMENTE GRATUITOS.\u00bb text_in_box=\u00bbyes\u00bb text_position=\u00bbcenter\u00bb box_border_style=\u00bbsolid\u00bb animation=\u00bbdefault\u00bb line_border_style=\u00bbsolid\u00bb line_dots=\u00bbno\u00bb][vc_separator type=\u00bbtransparent\u00bb up=\u00bb0&#8243; up_style=\u00bbpx\u00bb down=\u00bb40&#8243; down_style=\u00bbpx\u00bb][\/vc_column][\/vc_row]<\/p>\n","protected":false},"excerpt":{"rendered":"<p>[vc_row row_type=\u00bbrow\u00bb use_row_as_full_screen_section=\u00bbno\u00bb type=\u00bbfull_width\u00bb oblique_section=\u00bbno\u00bb text_align=\u00bbleft\u00bb Overflow=\u00bb\u00bb triangle_shape=\u00bbno\u00bb background_image=\u00bb15945&#8243; css_animation=\u00bb\u00bb overflow=\u00bb\u00bb el_id=\u00bbimagen_cabeza\u00bb][vc_column][vc_separator type=\u00bbtransparent\u00bb up=\u00bb100&#8243; up_style=\u00bbpx\u00bb down_style=\u00bbpx\u00bb][vc_separator type=\u00bbtransparent\u00bb up_style=\u00bbpx\u00bb down=\u00bb180&#8243; down_style=\u00bbpx\u00bb][\/vc_column][\/vc_row][vc_row row_type=\u00bbparallax\u00bb type=\u00bbfull_width\u00bb text_align=\u00bbcenter\u00bb triangle_shape=\u00bbno\u00bb background_image=\u00bb12432&#8243; full_screen_section_height=\u00bbno\u00bb section_height=\u00bb100&#8243; zoom_effect=\u00bbno\u00bb el_id=\u00bbtexto_titulo\u00bb][vc_column][vc_separator type=\u00bbtransparent\u00bb up=\u00bb50&#8243; up_style=\u00bbpx\u00bb down=\u00bb0&#8243; down_style=\u00bbpx\u00bb][vc_column_text] SERVICIOS [\/vc_column_text][vc_separator type=\u00bbtransparent\u00bb up=\u00bb20&#8243; up_style=\u00bbpx\u00bb down=\u00bb0&#8243; down_style=\u00bbpx\u00bb][\/vc_column][\/vc_row][vc_row row_type=\u00bbrow\u00bb use_row_as_full_screen_section=\u00bbno\u00bb type=\u00bbgrid\u00bb oblique_section=\u00bbno\u00bb&#8230;<\/p>\n","protected":false},"author":12,"featured_media":0,"parent":0,"menu_order":0,"comment_status":"closed","ping_status":"closed","template":"full_width.php","meta":{"footnotes":""},"class_list":["post-15467","page","type-page","status-publish","hentry"],"_links":{"self":[{"href":"https:\/\/www.poderjudicialcdmx.gob.mx\/cecofam\/wp-json\/wp\/v2\/pages\/15467"}],"collection":[{"href":"https:\/\/www.poderjudicialcdmx.gob.mx\/cecofam\/wp-json\/wp\/v2\/pages"}],"about":[{"href":"https:\/\/www.poderjudicialcdmx.gob.mx\/cecofam\/wp-json\/wp\/v2\/types\/page"}],"author":[{"embeddable":true,"href":"https:\/\/www.poderjudicialcdmx.gob.mx\/cecofam\/wp-json\/wp\/v2\/users\/12"}],"replies":[{"embeddable":true,"href":"https:\/\/www.poderjudicialcdmx.gob.mx\/cecofam\/wp-json\/wp\/v2\/comments?post=15467"}],"version-history":[{"count":76,"href":"https:\/\/www.poderjudicialcdmx.gob.mx\/cecofam\/wp-json\/wp\/v2\/pages\/15467\/revisions"}],"predecessor-version":[{"id":16054,"href":"https:\/\/www.poderjudicialcdmx.gob.mx\/cecofam\/wp-json\/wp\/v2\/pages\/15467\/revisions\/16054"}],"wp:attachment":[{"href":"https:\/\/www.poderjudicialcdmx.gob.mx\/cecofam\/wp-json\/wp\/v2\/media?parent=15467"}],"curies":[{"name":"wp","href":"https:\/\/api.w.org\/{rel}","templated":true}]}}