{"id":18567,"date":"2021-11-18T20:52:05","date_gmt":"2021-11-18T20:52:05","guid":{"rendered":"https:\/\/www.poderjudicialcdmx.gob.mx\/cja\/?page_id=18567"},"modified":"2022-01-11T17:57:44","modified_gmt":"2022-01-11T17:57:44","slug":"lineamientos_2020","status":"publish","type":"page","link":"https:\/\/www.poderjudicialcdmx.gob.mx\/cja\/lineamientos_2020\/","title":{"rendered":"Lineamientos 2020"},"content":{"rendered":"<p>[vc_row row_type=&#8221;row&#8221; use_row_as_full_screen_section=&#8221;no&#8221; type=&#8221;full_width&#8221; oblique_section=&#8221;no&#8221; text_align=&#8221;left&#8221; Overflow=&#8221;&#8221; triangle_shape=&#8221;no&#8221; css_animation=&#8221;&#8221; overflow=&#8221;&#8221;][vc_column][vc_empty_space height=&#8221;30px&#8221; image_repeat=&#8221;no-repeat&#8221;]<div class=\"custom_font_holder  \" style=\"font-family: LATO; font-size: 30px; font-style: normal; font-weight: 800; text-decoration: none; text-transform: none; text-align: left\" data-font-size=30 ><div  ><p>Lineamientos 2020<\/p>\n<\/div><\/div>[\/vc_column][\/vc_row][vc_row row_type=&#8221;row&#8221; use_row_as_full_screen_section=&#8221;no&#8221; type=&#8221;full_width&#8221; oblique_section=&#8221;no&#8221; text_align=&#8221;left&#8221; Overflow=&#8221;&#8221; triangle_shape=&#8221;no&#8221; css_animation=&#8221;&#8221; overflow=&#8221;&#8221;][vc_column][vc_empty_space height=&#8221;80px&#8221; image_repeat=&#8221;no-repeat&#8221;][\/vc_column][\/vc_row][vc_row row_type=&#8221;row&#8221; use_row_as_full_screen_section=&#8221;no&#8221; type=&#8221;full_width&#8221; oblique_section=&#8221;no&#8221; text_align=&#8221;center&#8221; Overflow=&#8221;&#8221; triangle_shape=&#8221;no&#8221; css_animation=&#8221;&#8221; overflow=&#8221;&#8221;][vc_column width=&#8221;1\/3&#8243;]<a href=\"https:\/\/www.poderjudicialcdmx.gob.mx\/cja\/wp-content\/uploads\/mediacion-y-facilitacion-virtual-11-18.pdf\" target=\"_self\" data-hover-background-color=#bfc98d data-hover-color=#ffffff  class=\"qbutton  icon_right\" style=\"color: #ffffff; background-color: #819825;\">Acuerdo 11-18\/2020<\/a>[vc_empty_space image_repeat=&#8221;no-repeat&#8221;]<div class=\"custom_font_holder  \" style=\"font-family: LATO; font-size: 17px; line-height: 19px; font-style: normal; font-weight: 400; text-decoration: none; text-transform: none; text-align: center\" data-font-size=17 data-line-height=19 ><div  ><p>Mediaci\u00f3n y Facilitaci\u00f3n<br \/>\nVirtual<\/p>\n<\/div><\/div>[\/vc_column][vc_column width=&#8221;1\/3&#8243;]<a href=\"https:\/\/www.poderjudicialcdmx.gob.mx\/cja\/wp-content\/uploads\/aplicacion-de-examenes-07-23.pdf\" target=\"_self\" data-hover-background-color=#bfc98d data-hover-color=#ffffff  class=\"qbutton  icon_right\" style=\"color: #ffffff; background-color: #819825;\">Acuerdo 07-23\/2020<\/a>[vc_empty_space image_repeat=&#8221;no-repeat&#8221;]<div class=\"custom_font_holder  \" style=\"font-family: LATO; font-size: 17px; line-height: 19px; font-style: normal; font-weight: 400; text-decoration: none; text-transform: none; text-align: center\" data-font-size=17 data-line-height=19 ><div  ><p>Examen en L\u00ednea para<br \/>\nMediadores Privados<\/p>\n<\/div><\/div>[\/vc_column][vc_column width=&#8221;1\/3&#8243;]<a href=\"https:\/\/www.poderjudicialcdmx.gob.mx\/cja\/wp-content\/uploads\/recepcion-y-revision-de-convenios-17-26.pdf\" target=\"_self\" data-hover-background-color=#bfc98d data-hover-color=#ffffff  class=\"qbutton  icon_right\" style=\"color: #ffffff; background-color: #819825;\">Acuerdo 17-26\/2020<\/a>[vc_empty_space image_repeat=&#8221;no-repeat&#8221;]<div class=\"custom_font_holder  \" style=\"font-family: LATO; font-size: 17px; line-height: 19px; font-style: normal; font-weight: 400; text-decoration: none; text-transform: none; text-align: center\" data-font-size=17 data-line-height=19 ><div  ><p>Recepci\u00f3n, Revisi\u00f3n, Entrega y Devoluci\u00f3n<br \/>\nde Convenios a trav\u00e9s de la\u00a0 Sana Distancia<\/p>\n<\/div><\/div>[\/vc_column][\/vc_row]<\/p>\n","protected":false},"excerpt":{"rendered":"<p>18567<\/p>\n","protected":false},"author":16,"featured_media":0,"parent":0,"menu_order":0,"comment_status":"closed","ping_status":"closed","template":"","meta":{"footnotes":""},"class_list":["post-18567","page","type-page","status-publish","hentry"],"_links":{"self":[{"href":"https:\/\/www.poderjudicialcdmx.gob.mx\/cja\/wp-json\/wp\/v2\/pages\/18567"}],"collection":[{"href":"https:\/\/www.poderjudicialcdmx.gob.mx\/cja\/wp-json\/wp\/v2\/pages"}],"about":[{"href":"https:\/\/www.poderjudicialcdmx.gob.mx\/cja\/wp-json\/wp\/v2\/types\/page"}],"author":[{"embeddable":true,"href":"https:\/\/www.poderjudicialcdmx.gob.mx\/cja\/wp-json\/wp\/v2\/users\/16"}],"replies":[{"embeddable":true,"href":"https:\/\/www.poderjudicialcdmx.gob.mx\/cja\/wp-json\/wp\/v2\/comments?post=18567"}],"version-history":[{"count":20,"href":"https:\/\/www.poderjudicialcdmx.gob.mx\/cja\/wp-json\/wp\/v2\/pages\/18567\/revisions"}],"predecessor-version":[{"id":18815,"href":"https:\/\/www.poderjudicialcdmx.gob.mx\/cja\/wp-json\/wp\/v2\/pages\/18567\/revisions\/18815"}],"wp:attachment":[{"href":"https:\/\/www.poderjudicialcdmx.gob.mx\/cja\/wp-json\/wp\/v2\/media?parent=18567"}],"curies":[{"name":"wp","href":"https:\/\/api.w.org\/{rel}","templated":true}]}}