{"id":19410,"date":"2024-07-08T20:47:56","date_gmt":"2024-07-08T20:47:56","guid":{"rendered":"https:\/\/www.poderjudicialcdmx.gob.mx\/cja\/?page_id=19410"},"modified":"2024-09-25T20:26:17","modified_gmt":"2024-09-25T20:26:17","slug":"mediacion-privada","status":"publish","type":"page","link":"https:\/\/www.poderjudicialcdmx.gob.mx\/cja\/mediacion-privada\/","title":{"rendered":"Mediaci\u00f3n privada"},"content":{"rendered":"<p>[vc_row row_type=&#8221;row&#8221; use_row_as_full_screen_section=&#8221;no&#8221; type=&#8221;full_width&#8221; oblique_section=&#8221;no&#8221; text_align=&#8221;center&#8221; Overflow=&#8221;&#8221; triangle_shape=&#8221;no&#8221; background_image=&#8221;19523&#8243; css_animation=&#8221;&#8221; overflow=&#8221;&#8221;][vc_column][vc_empty_space height=&#8221;300px&#8221; image_repeat=&#8221;no-repeat&#8221;][\/vc_column][\/vc_row][vc_row row_type=&#8221;row&#8221; use_row_as_full_screen_section=&#8221;no&#8221; type=&#8221;grid&#8221; oblique_section=&#8221;no&#8221; text_align=&#8221;left&#8221; Overflow=&#8221;&#8221; triangle_shape=&#8221;no&#8221; css_animation=&#8221;element_from_left&#8221; overflow=&#8221;&#8221;][vc_column][vc_empty_space height=&#8221;50 px&#8221; image_repeat=&#8221;no-repeat&#8221;]<div class=\"custom_font_holder  \" style=\"font-family: lato; font-size: 35px; line-height: 35px; font-style: normal; font-weight: 700; color: #86a315; text-decoration: none; text-transform: none; text-align: center\" data-font-size=35 data-line-height=35 ><div  ><h1 style=\"text-align: center;\"><strong><span style=\"color: #86a315;\">MEDIACI\u00d3N PRIVADA<\/span><\/strong><\/h1>\n<\/div><\/div>[vc_empty_space height=&#8221;45px&#8221; image_repeat=&#8221;no-repeat&#8221;][vc_separator css_animation=&#8221;fadeIn&#8221; type=&#8221;normal&#8221; color=&#8221;#86a315&#8243; up_style=&#8221;px&#8221; down_style=&#8221;px&#8221;][vc_empty_space height=&#8221;15px&#8221; image_repeat=&#8221;no-repeat&#8221;][\/vc_column][\/vc_row][vc_row row_type=&#8221;row&#8221; use_row_as_full_screen_section=&#8221;no&#8221; type=&#8221;grid&#8221; oblique_section=&#8221;no&#8221; text_align=&#8221;left&#8221; Overflow=&#8221;&#8221; triangle_shape=&#8221;no&#8221; css_animation=&#8221;&#8221; overflow=&#8221;&#8221;][vc_column][vc_empty_space height=&#8221;40 px&#8221; image_repeat=&#8221;no-repeat&#8221;]<div class=\"custom_font_holder  \" style=\"font-family: lato; font-size: 30px; line-height: 30px; font-style: normal; font-weight: 900; color: #6d6d6d; text-decoration: none; text-transform: none; text-align: center\" data-font-size=30 data-line-height=30 ><div  ><h1 style=\"text-align: center;\"><span style=\"color: #6d6d6d;\">\u00bfQu\u00e9 es la facilitaci\u00f3n privada?<\/span><\/h1>\n<\/div><\/div>[vc_empty_space height=&#8221;40px&#8221; image_repeat=&#8221;no-repeat&#8221;]<div class=\"custom_font_holder  \" style=\"font-family: lato; font-size: 21px; line-height: 30px; font-style: normal; font-weight: 400; text-decoration: none; text-transform: none; text-align: left\" data-font-size=21 data-line-height=30 ><div  ><p class=\"p1\" style=\"text-align: justify;\">La mediaci\u00f3n privada, al igual que la mediaci\u00f3n p\u00fablica, es un procedimiento voluntario mediante el cual las personas, con el apoyo de una persona Facilitadora Privada Certificada, pueden comunicarse y negociar, para encontrar de manera amigable y satisfactoria la soluci\u00f3n legal a su problema de car\u00e1cter Civil-Mercantil o Familiar.<\/p>\n<\/div><\/div>[vc_empty_space height=&#8221;50px&#8221; image_repeat=&#8221;no-repeat&#8221;]<div class=\"custom_font_holder  \" style=\"font-family: lato; font-size: 30px; line-height: 30px; font-style: normal; font-weight: 900; color: #6d6d6d; text-decoration: none; text-transform: none; text-align: center\" data-font-size=30 data-line-height=30 ><div  ><h1 style=\"text-align: center;\"><span style=\"color: #6d6d6d;\">\u00bfQui\u00e9nes pueden ser Personas Facilitadoras Privadas Certificadas?<\/span><\/h1>\n<\/div><\/div>[vc_empty_space height=&#8221;40px&#8221; image_repeat=&#8221;no-repeat&#8221;]<div class=\"custom_font_holder  \" style=\"font-family: lato; font-size: 21px; line-height: 30px; font-style: normal; font-weight: 400; text-decoration: none; text-transform: none; text-align: left\" data-font-size=21 data-line-height=30 ><div  ><p class=\"p1\" style=\"text-align: justify;\">Aquellas personas profesionales que deseen certificarse en los campos Civil-Mercantil y Familiar, que se encuentra en constante actualizaci\u00f3n y bajo la regulaci\u00f3n del Centro de P\u00fablico de Mecanismos Alternativos de Soluci\u00f3n de Controversias de la Ciudad de M\u00e9xico. Es imparcial, neutral y se encarga de facilitar la comunicaci\u00f3n entre los interesados para que puedan solucionar su problema.<\/p>\n<\/div><\/div>[vc_empty_space height=&#8221;40px&#8221; image_repeat=&#8221;no-repeat&#8221;][\/vc_column][\/vc_row][vc_row row_type=&#8221;row&#8221; use_row_as_full_screen_section=&#8221;no&#8221; type=&#8221;grid&#8221; oblique_section=&#8221;no&#8221; text_align=&#8221;left&#8221; Overflow=&#8221;&#8221; triangle_shape=&#8221;no&#8221; css_animation=&#8221;element_from_left&#8221; overflow=&#8221;&#8221;][vc_column][vc_empty_space height=&#8221;15px&#8221; image_repeat=&#8221;no-repeat&#8221;]<div class=\"custom_font_holder  \" style=\"font-family: lato; font-size: 35px; line-height: 35px; font-style: normal; font-weight: 700; color: #86a315; text-decoration: none; text-transform: none; text-align: center\" data-font-size=35 data-line-height=35 ><div  ><h1 style=\"text-align: center;\"><span style=\"color: #86a315;\">\u00bfCu\u00e1les son las ventajas de certificarse<br \/>\ncomo Persona Mediadora Privada?<\/span><\/h1>\n<\/div><\/div>[vc_empty_space height=&#8221;45px&#8221; image_repeat=&#8221;no-repeat&#8221;][\/vc_column][\/vc_row][vc_row row_type=&#8221;row&#8221; use_row_as_full_screen_section=&#8221;no&#8221; type=&#8221;grid&#8221; oblique_section=&#8221;no&#8221; text_align=&#8221;center&#8221; Overflow=&#8221;&#8221; triangle_shape=&#8221;no&#8221; css_animation=&#8221;&#8221; overflow=&#8221;&#8221;][vc_column width=&#8221;1\/4&#8243;][vc_empty_space height=&#8221;10px&#8221; image_repeat=&#8221;no-repeat&#8221;][vc_single_image image=&#8221;19529&#8243; img_size=&#8221;50&#215;50&#8243; alignment=&#8221;center&#8221; mkd_css_animation=&#8221;element_from_left&#8221; set_shader=&#8221;no&#8221; set_popup=&#8221;no&#8221; animate_image_on_hover=&#8221;no&#8221;][\/vc_column][vc_column width=&#8221;3\/4&#8243;]<div class=\"custom_font_holder  \" style=\"font-family: lato; font-size: 21px; line-height: 30px; font-style: normal; font-weight: 400; text-decoration: none; text-transform: none; text-align: left\" data-font-size=21 data-line-height=30 ><div  ><p class=\"p2\">Contar con la certificaci\u00f3n del Centro de P\u00fablico de Mecanismos Alternativos de Soluci\u00f3n de Controversias de la Ciudad de M\u00e9xico.<\/p>\n<\/div><\/div>[vc_empty_space height=&#8221;50px&#8221; image_repeat=&#8221;no-repeat&#8221;][\/vc_column][\/vc_row][vc_row row_type=&#8221;row&#8221; use_row_as_full_screen_section=&#8221;no&#8221; type=&#8221;grid&#8221; oblique_section=&#8221;no&#8221; text_align=&#8221;left&#8221; Overflow=&#8221;&#8221; triangle_shape=&#8221;no&#8221; css_animation=&#8221;&#8221; overflow=&#8221;&#8221;][vc_column width=&#8221;1\/4&#8243;][vc_single_image image=&#8221;19529&#8243; img_size=&#8221;50&#215;50&#8243; alignment=&#8221;center&#8221; mkd_css_animation=&#8221;element_from_left&#8221; set_shader=&#8221;no&#8221; set_popup=&#8221;no&#8221; animate_image_on_hover=&#8221;no&#8221;][\/vc_column][vc_column width=&#8221;3\/4&#8243;][vc_empty_space height=&#8221;10px&#8221; image_repeat=&#8221;no-repeat&#8221;]<div class=\"custom_font_holder  \" style=\"font-family: lato; font-size: 21px; line-height: 30px; font-style: normal; font-weight: 400; text-decoration: none; text-transform: none; text-align: left\" data-font-size=21 data-line-height=30 ><div  ><p class=\"p1\">Mantenerse capacitados en materia Civil-Mercantil y Familiar en el \u00e1mbito de los MASC.<\/p>\n<\/div><\/div>[vc_empty_space height=&#8221;50px&#8221; image_repeat=&#8221;no-repeat&#8221;][\/vc_column][\/vc_row][vc_row row_type=&#8221;row&#8221; use_row_as_full_screen_section=&#8221;no&#8221; type=&#8221;grid&#8221; oblique_section=&#8221;no&#8221; text_align=&#8221;left&#8221; Overflow=&#8221;&#8221; triangle_shape=&#8221;no&#8221; css_animation=&#8221;&#8221; overflow=&#8221;&#8221;][vc_column width=&#8221;1\/4&#8243;][vc_single_image image=&#8221;19529&#8243; img_size=&#8221;50&#215;50&#8243; alignment=&#8221;center&#8221; mkd_css_animation=&#8221;element_from_left&#8221; set_shader=&#8221;no&#8221; set_popup=&#8221;no&#8221; animate_image_on_hover=&#8221;no&#8221;][vc_empty_space height=&#8221;10px&#8221; image_repeat=&#8221;no-repeat&#8221;][\/vc_column][vc_column width=&#8221;3\/4&#8243;][vc_empty_space height=&#8221;10px&#8221; image_repeat=&#8221;no-repeat&#8221;]<div class=\"custom_font_holder  \" style=\"font-family: lato; font-size: 21px; line-height: 30px; font-style: normal; font-weight: 400; text-decoration: none; text-transform: none; text-align: left\" data-font-size=21 data-line-height=30 ><div  ><p class=\"p1\">Contar con fe p\u00fablica como persona facilitadora privada certificada.<\/p>\n<\/div><\/div>[\/vc_column][\/vc_row][vc_row row_type=&#8221;row&#8221; use_row_as_full_screen_section=&#8221;no&#8221; type=&#8221;full_width&#8221; oblique_section=&#8221;no&#8221; text_align=&#8221;left&#8221; Overflow=&#8221;&#8221; triangle_shape=&#8221;no&#8221; css_animation=&#8221;&#8221; overflow=&#8221;&#8221;][vc_column][vc_empty_space height=&#8221;40px&#8221; image_repeat=&#8221;no-repeat&#8221;][vc_separator css_animation=&#8221;fadeIn&#8221; type=&#8221;normal&#8221; color=&#8221;#86a315&#8243; up_style=&#8221;px&#8221; down_style=&#8221;px&#8221;][vc_empty_space height=&#8221;40px&#8221; image_repeat=&#8221;no-repeat&#8221;][\/vc_column][\/vc_row][vc_row row_type=&#8221;row&#8221; use_row_as_full_screen_section=&#8221;no&#8221; type=&#8221;grid&#8221; oblique_section=&#8221;no&#8221; text_align=&#8221;left&#8221; Overflow=&#8221;&#8221; triangle_shape=&#8221;no&#8221; background_image=&#8221;19359&#8243; css_animation=&#8221;&#8221; overflow=&#8221;&#8221;][vc_column][vc_empty_space height=&#8221;40px&#8221; image_repeat=&#8221;no-repeat&#8221;]<div class=\"custom_font_holder  \" style=\"font-family: lato; font-size: 45px; font-style: normal; font-weight: 800; color: #86a315; text-decoration: none; text-transform: none; text-align: left\" data-font-size=45 ><div  ><p class=\"p1\">\u00bfTienes alguna duda?<\/p>\n<\/div><\/div>[vc_empty_space height=&#8221;30px&#8221; image_repeat=&#8221;no-repeat&#8221;]<div class=\"custom_font_holder  \" style=\"font-family: lato; font-size: 25px; line-height: 30px; font-style: normal; font-weight: 800; color: #6d6d6d; text-decoration: none; text-transform: none; text-align: left\" data-font-size=25 data-line-height=30 ><div  ><p class=\"p1\">Cont\u00e1ctanos al 55 9156-4997 Ext. 111204<br \/>\nCorreo electr\u00f3nico: mediacion.privada@tsjcdmx.gob.mx<\/p>\n<\/div><\/div>[vc_empty_space height=&#8221;100px&#8221; image_repeat=&#8221;no-repeat&#8221;][\/vc_column][\/vc_row]<\/p>\n","protected":false},"excerpt":{"rendered":"<p>[vc_row row_type=&#8221;row&#8221; use_row_as_full_screen_section=&#8221;no&#8221; type=&#8221;full_width&#8221; oblique_section=&#8221;no&#8221; text_align=&#8221;center&#8221; Overflow=&#8221;&#8221; triangle_shape=&#8221;no&#8221; background_image=&#8221;19523&#8243; css_animation=&#8221;&#8221; overflow=&#8221;&#8221;][vc_column][vc_empty_space height=&#8221;300px&#8221; image_repeat=&#8221;no-repeat&#8221;][\/vc_column][\/vc_row][vc_row row_type=&#8221;row&#8221; use_row_as_full_screen_section=&#8221;no&#8221; type=&#8221;grid&#8221; oblique_section=&#8221;no&#8221; text_align=&#8221;left&#8221; Overflow=&#8221;&#8221; triangle_shape=&#8221;no&#8221; css_animation=&#8221;element_from_left&#8221; overflow=&#8221;&#8221;][vc_column][vc_empty_space height=&#8221;50 px&#8221; image_repeat=&#8221;no-repeat&#8221;][vc_empty_space height=&#8221;45px&#8221; image_repeat=&#8221;no-repeat&#8221;][vc_separator css_animation=&#8221;fadeIn&#8221; type=&#8221;normal&#8221; color=&#8221;#86a315&#8243; up_style=&#8221;px&#8221; down_style=&#8221;px&#8221;][vc_empty_space height=&#8221;15px&#8221; image_repeat=&#8221;no-repeat&#8221;][\/vc_column][\/vc_row][vc_row row_type=&#8221;row&#8221; use_row_as_full_screen_section=&#8221;no&#8221; type=&#8221;grid&#8221; oblique_section=&#8221;no&#8221; text_align=&#8221;left&#8221; Overflow=&#8221;&#8221; triangle_shape=&#8221;no&#8221; css_animation=&#8221;&#8221; overflow=&#8221;&#8221;][vc_column][vc_empty_space height=&#8221;40 px&#8221;&#8230;<\/p>\n","protected":false},"author":1,"featured_media":0,"parent":0,"menu_order":0,"comment_status":"closed","ping_status":"closed","template":"full_width.php","meta":{"footnotes":""},"class_list":["post-19410","page","type-page","status-publish","hentry"],"_links":{"self":[{"href":"https:\/\/www.poderjudicialcdmx.gob.mx\/cja\/wp-json\/wp\/v2\/pages\/19410"}],"collection":[{"href":"https:\/\/www.poderjudicialcdmx.gob.mx\/cja\/wp-json\/wp\/v2\/pages"}],"about":[{"href":"https:\/\/www.poderjudicialcdmx.gob.mx\/cja\/wp-json\/wp\/v2\/types\/page"}],"author":[{"embeddable":true,"href":"https:\/\/www.poderjudicialcdmx.gob.mx\/cja\/wp-json\/wp\/v2\/users\/1"}],"replies":[{"embeddable":true,"href":"https:\/\/www.poderjudicialcdmx.gob.mx\/cja\/wp-json\/wp\/v2\/comments?post=19410"}],"version-history":[{"count":76,"href":"https:\/\/www.poderjudicialcdmx.gob.mx\/cja\/wp-json\/wp\/v2\/pages\/19410\/revisions"}],"predecessor-version":[{"id":19792,"href":"https:\/\/www.poderjudicialcdmx.gob.mx\/cja\/wp-json\/wp\/v2\/pages\/19410\/revisions\/19792"}],"wp:attachment":[{"href":"https:\/\/www.poderjudicialcdmx.gob.mx\/cja\/wp-json\/wp\/v2\/media?parent=19410"}],"curies":[{"name":"wp","href":"https:\/\/api.w.org\/{rel}","templated":true}]}}