{"id":19869,"date":"2025-01-17T20:13:08","date_gmt":"2025-01-17T20:13:08","guid":{"rendered":"https:\/\/www.poderjudicialcdmx.gob.mx\/cja\/?page_id=19869"},"modified":"2025-04-25T17:59:38","modified_gmt":"2025-04-25T17:59:38","slug":"facilitacion_penal_y_adolescentes","status":"publish","type":"page","link":"https:\/\/www.poderjudicialcdmx.gob.mx\/cja\/facilitacion_penal_y_adolescentes\/","title":{"rendered":"Facilitaci\u00f3n Penal y de Justicia para Adolescentes"},"content":{"rendered":"<p>[vc_row row_type=&#8221;row&#8221; use_row_as_full_screen_section=&#8221;no&#8221; type=&#8221;full_width&#8221; oblique_section=&#8221;no&#8221; text_align=&#8221;center&#8221; Overflow=&#8221;&#8221; triangle_shape=&#8221;no&#8221; css_animation=&#8221;&#8221; overflow=&#8221;&#8221;][vc_column][vc_empty_space height=&#8221;250px&#8221; background_image=&#8221;19800&#8243; image_repeat=&#8221;no-repeat&#8221;][\/vc_column][\/vc_row][vc_row row_type=&#8221;row&#8221; use_row_as_full_screen_section=&#8221;no&#8221; type=&#8221;grid&#8221; oblique_section=&#8221;no&#8221; text_align=&#8221;left&#8221; Overflow=&#8221;&#8221; triangle_shape=&#8221;no&#8221; css_animation=&#8221;element_from_left&#8221; overflow=&#8221;&#8221;][vc_column][vc_empty_space height=&#8221;45px&#8221; image_repeat=&#8221;no-repeat&#8221;]<div class=\"custom_font_holder  \" style=\"font-family: lato; font-size: 35px; line-height: 35px; font-style: normal; font-weight: 700; color: #86a315; text-decoration: none; text-transform: none; text-align: center\" data-font-size=35 data-line-height=35 ><div  ><h1 style=\"text-align: center;\"><span style=\"color: #86a315;\">Facilitaci\u00f3n Penal y de Justicia para Adolescentes<\/span><\/h1>\n<\/div><\/div>[vc_empty_space height=&#8221;30px&#8221; image_repeat=&#8221;no-repeat&#8221;][\/vc_column][\/vc_row][vc_row row_type=&#8221;row&#8221; use_row_as_full_screen_section=&#8221;no&#8221; type=&#8221;grid&#8221; oblique_section=&#8221;no&#8221; text_align=&#8221;left&#8221; Overflow=&#8221;&#8221; triangle_shape=&#8221;no&#8221; css_animation=&#8221;&#8221; overflow=&#8221;&#8221;][vc_column][vc_empty_space image_repeat=&#8221;no-repeat&#8221;]<div class=\"custom_font_holder  \" style=\"font-family: lato; font-size: 23px; font-style: normal; font-weight: 700; color: #6d6d6d; text-decoration: none; text-transform: none; text-align: left\" data-font-size=23 ><div  ><p style=\"text-align: left;\"><span style=\"color: #6d6d6d;\">\u00bfQU\u00c9 ES LA FACILITACI\u00d3N <\/span>PENAL Y DE JUSTICIA PARA ADOLESCENTES?<\/p>\n<\/div><\/div>[vc_empty_space height=&#8221;10px&#8221; image_repeat=&#8221;no-repeat&#8221;]<div class=\"custom_font_holder  \" style=\"font-family: lato; font-size: 19px; line-height: 21px; font-style: normal; font-weight: 400; text-decoration: none; text-transform: none; text-align: left\" data-font-size=19 data-line-height=21 ><div  ><p class=\"p1\">Es un \u00e1rea del Centro de P\u00fablico de Mecanismos Alternativos de Soluci\u00f3n de Controversias de la Ciudad de M\u00e9xico que opera como \u00d3rgano Especializado en Mecanismos Alternativos de Soluci\u00f3n de Controversias (MASC) en Materia Penal y de Justicia para Adolescentes, es el encargado de tramitar los mecanismos alternativos (mediaci\u00f3n, conciliaci\u00f3n, junta restaurativa o procesos restaurativos, respectivamente) para la atenci\u00f3n de los conflictos de naturaleza penal y de justicia para adolescentes.<\/p>\n<\/div><\/div>[vc_empty_space height=&#8221;70px&#8221; image_repeat=&#8221;no-repeat&#8221;]<div class=\"custom_font_holder  \" style=\"font-family: lato; font-size: 23px; line-height: 30px; font-style: normal; font-weight: 700; color: #6d6d6d; text-decoration: none; text-transform: none; text-align: left\" data-font-size=23 data-line-height=30 ><div  ><p class=\"p1\">\u00bfQU\u00c9 ES UN MASC EN MATERIA PENAL Y DE JUSTICIA PARA ADOLESCENTES?<\/p>\n<\/div><\/div>[vc_empty_space height=&#8221;10px&#8221; image_repeat=&#8221;no-repeat&#8221;]<div class=\"custom_font_holder  \" style=\"font-family: lato; font-size: 19px; line-height: 21px; font-style: normal; font-weight: 400; text-decoration: none; text-transform: none; text-align: left\" data-font-size=19 data-line-height=21 ><div  ><p class=\"p1\">Es una forma de solucionar un conflicto derivado de la comisi\u00f3n de un hecho delictuoso para la procedencia de una soluci\u00f3n alterna, o en la etapa de ejecuci\u00f3n, para resolver la forma de reparar el da\u00f1o. La persona Facilitadora interviene para que las partes en un proceso penal establezcan un Acuerdo Reparatorio o un Plan de Reparaci\u00f3n, o bien, resuelvan la forma de reparar el da\u00f1o establecido en una sentencia.<\/p>\n<\/div><\/div>[vc_empty_space height=&#8221;70px&#8221; image_repeat=&#8221;no-repeat&#8221;][\/vc_column][\/vc_row][vc_row row_type=&#8221;row&#8221; use_row_as_full_screen_section=&#8221;no&#8221; type=&#8221;full_width&#8221; oblique_section=&#8221;no&#8221; text_align=&#8221;left&#8221; Overflow=&#8221;&#8221; triangle_shape=&#8221;no&#8221; css_animation=&#8221;&#8221; overflow=&#8221;&#8221;][vc_column width=&#8221;1\/2&#8243;]<div class=\"custom_font_holder  \" style=\"font-family: lato; font-size: 19px; line-height: 25px; font-style: italic; font-weight: 500; text-decoration: none; text-transform: none; text-align: left\" data-font-size=19 data-line-height=25 ><div  ><p class=\"p1\" style=\"text-align: right;\">Se atienden asuntos derivados de los siguientes Sistemas:<\/p>\n<\/div><\/div>[\/vc_column][vc_column width=&#8221;1\/2&#8243;]<div class=\"custom_font_holder  \" style=\"font-family: lato; font-size: 19px; line-height: 25px; font-style: normal; font-weight: 400; text-decoration: none; text-transform: none; text-align: left\" data-font-size=19 data-line-height=25 ><div  ><ul>\n<li class=\"p2\">Sistema Procesal Penal Acusatorio<\/li>\n<li class=\"p2\">Sistema Integral de Justicia Penal para Adolescentes<\/li>\n<\/ul>\n<\/div><\/div>[\/vc_column][\/vc_row][vc_row row_type=&#8221;row&#8221; use_row_as_full_screen_section=&#8221;no&#8221; type=&#8221;full_width&#8221; oblique_section=&#8221;no&#8221; text_align=&#8221;left&#8221; Overflow=&#8221;&#8221; triangle_shape=&#8221;no&#8221; css_animation=&#8221;&#8221; overflow=&#8221;&#8221;][vc_column][vc_empty_space height=&#8221;40px&#8221; image_repeat=&#8221;no-repeat&#8221;][vc_separator type=&#8221;normal&#8221; color=&#8221;#819825&#8243; thickness=&#8221;2&#8243; up=&#8221;25px&#8221; up_style=&#8221;px&#8221; down_style=&#8221;px&#8221;][vc_empty_space height=&#8221;40px&#8221; image_repeat=&#8221;no-repeat&#8221;][\/vc_column][\/vc_row][vc_row row_type=&#8221;row&#8221; use_row_as_full_screen_section=&#8221;no&#8221; type=&#8221;grid&#8221; oblique_section=&#8221;no&#8221; text_align=&#8221;left&#8221; Overflow=&#8221;&#8221; triangle_shape=&#8221;no&#8221; css_animation=&#8221;&#8221; overflow=&#8221;&#8221;][vc_column]<div class=\"custom_font_holder  \" style=\"font-family: lato; font-size: 23px; line-height: 30px; font-style: normal; font-weight: 700; color: #3b5239; text-decoration: none; text-transform: none; text-align: left\" data-font-size=23 data-line-height=30 ><div  ><p class=\"p1\">SISTEMA PROCESAL PENAL ACUSATORIO<\/p>\n<\/div><\/div>[\/vc_column][\/vc_row][vc_row row_type=&#8221;row&#8221; use_row_as_full_screen_section=&#8221;no&#8221; type=&#8221;grid&#8221; oblique_section=&#8221;no&#8221; text_align=&#8221;left&#8221; Overflow=&#8221;&#8221; triangle_shape=&#8221;no&#8221; css_animation=&#8221;&#8221; overflow=&#8221;&#8221;][vc_column css=&#8221;.vc_custom_1720206845843{padding-right: 15px !important;}&#8221;][vc_empty_space height=&#8221;10px&#8221; image_repeat=&#8221;no-repeat&#8221;]<div class=\"custom_font_holder  \" style=\"font-family: lato; font-size: 19px; line-height: 23px; font-style: normal; font-weight: 400; text-decoration: none; text-transform: none; text-align: left\" data-font-size=19 data-line-height=23 ><div  ><p class=\"p1\"><strong>Un Mecanismo Alternativo de Soluci\u00f3n de Controversias en materia penal<\/strong>, es una v\u00eda para celebrar un acuerdo reparatorio o un plan de reparaci\u00f3n.<\/p>\n<p>&nbsp;<\/p>\n<p class=\"p1\"><em><strong>Un Acuerdo Reparatorio<\/strong> es un acuerdo de voluntades entre la v\u00edctima u ofendido y el imputado.<\/em><\/p>\n<p>&nbsp;<\/p>\n<p class=\"p1\"><strong>Un Plan de Reparaci\u00f3n<\/strong> es un elemento que se considera para la aprobaci\u00f3n de una suspensi\u00f3n condicional del proceso como soluci\u00f3n alterna.<\/p>\n<p>&nbsp;<\/p>\n<p class=\"p1\"><em><strong>Un Acuerdo Reparatorio<\/strong> es procedente por delitos de querella o que admiten el perd\u00f3n de la v\u00edctima u ofendido, culposos o patrimoniales sin violencia sobre las personas. Queda exceptuado de este tipo de salida alterna el hecho delictuoso de violencia familiar.<\/em><\/p>\n<p>&nbsp;<\/p>\n<p class=\"p1\"><strong>Un Plan de Reparaci\u00f3n<\/strong> es procedente para la suspensi\u00f3n condicional del proceso cuando la media aritm\u00e9tica de la pena del hecho delictivo no excede de 5 a\u00f1os y \u00e9ste Plan puede elaborarse con el apoyo de una persona facilitadora.<\/p>\n<\/div><\/div>[\/vc_column][\/vc_row][vc_row row_type=&#8221;row&#8221; use_row_as_full_screen_section=&#8221;no&#8221; type=&#8221;full_width&#8221; oblique_section=&#8221;no&#8221; text_align=&#8221;left&#8221; Overflow=&#8221;&#8221; triangle_shape=&#8221;no&#8221; css_animation=&#8221;&#8221; overflow=&#8221;&#8221;][vc_column][vc_empty_space height=&#8221;80px&#8221; image_repeat=&#8221;no-repeat&#8221;][\/vc_column][\/vc_row][vc_row row_type=&#8221;row&#8221; use_row_as_full_screen_section=&#8221;no&#8221; type=&#8221;grid&#8221; oblique_section=&#8221;no&#8221; text_align=&#8221;center&#8221; Overflow=&#8221;&#8221; triangle_shape=&#8221;no&#8221; css_animation=&#8221;&#8221; overflow=&#8221;&#8221;][vc_column]<div class=\"custom_font_holder  \" style=\"font-family: lato; font-size: 30px; line-height: 33px; font-style: normal; font-weight: 800; color: #3b5239; text-decoration: none; text-shadow: 1px 1px 2px rgba(0, 0, 0, 0.4);; text-transform: none; text-align: center\" data-font-size=30 data-line-height=33 ><div  ><p class=\"p1\">Procedimientos de Facilitaci\u00f3n del SPPA<\/p>\n<\/div><\/div>[\/vc_column][\/vc_row][vc_row row_type=&#8221;row&#8221; use_row_as_full_screen_section=&#8221;no&#8221; type=&#8221;grid&#8221; oblique_section=&#8221;no&#8221; text_align=&#8221;center&#8221; Overflow=&#8221;&#8221; triangle_shape=&#8221;no&#8221; css_animation=&#8221;&#8221; overflow=&#8221;&#8221;][vc_column][vc_single_image image=&#8221;20120&#8243; img_size=&#8221;full&#8221; mkd_css_animation=&#8221;&#8221; set_shader=&#8221;no&#8221; set_popup=&#8221;no&#8221; animate_image_on_hover=&#8221;no&#8221;]<div class=\"custom_font_holder  \" style=\" font-size: 1px; line-height: 1px; font-style: normal; font-weight: 100; text-decoration: none; text-transform: none; text-align: center\" data-font-size=1 data-line-height=1 ><div  ><p>SOLICITUD DE LA UNIDAD DE GESTI\u00d3N JUDICIAL AL \u00c1REA DE FACILITACI\u00d3N PENAL.<\/p>\n<p>La solicitud de la Unidad de Gesti\u00f3n Judicial se realiza al \u00e1rea de Facilitaci\u00f3n Penal, se fija una fecha y hora para la intervenci\u00f3n, se registra el expediente y en una sesi\u00f3n preliminar del solicitante y requerido, se asigna un facilitador que brindar\u00e1 informaci\u00f3n sobre los mecanismos alternativos. Luego, si uno o ambos intervinientes no aceptan, el mecanismo se concluye anticipadamente; si ambos aceptan, se fija fecha y hora de la primera sesi\u00f3n y se determina el tipo de mecanismo de soluci\u00f3n de controversias, como; mediaci\u00f3n, conciliaci\u00f3n o junta restaurativa. En esa primera sesi\u00f3n si no se establece un acuerdo reparatorio, se cierra el expediente, pero si se establece un <strong>plan de reparaci\u00f3n<\/strong> para la suspensi\u00f3n condicional del proceso, se informa a la Unidad de Gesti\u00f3n Judicial para su aprobaci\u00f3n por el juez de control. O en el caso de establecer un <strong>acuerdo reparatorio<\/strong> se define si es diferido o imediato.<\/p>\n<p>En el caso de que el cumplimiento sea inmediato se da por extinguida la acci\u00f3n penal. Y en el caso de que el cumplimiento sea diferido, se suspende el proceso para el cumplimiento, si se cumple, se aprueba el cumplimiento y se da por extinguida la acci\u00f3n penal. No obstante si no se cumple, se procede a una reuni\u00f3n de revisi\u00f3n en \u00f3rgano especializado en mecanismos alternativos de soluci\u00f3n de controversias.<\/p>\n<\/div><\/div>[\/vc_column][\/vc_row][vc_row row_type=&#8221;row&#8221; use_row_as_full_screen_section=&#8221;no&#8221; type=&#8221;full_width&#8221; oblique_section=&#8221;no&#8221; text_align=&#8221;left&#8221; Overflow=&#8221;&#8221; triangle_shape=&#8221;no&#8221; css_animation=&#8221;&#8221; overflow=&#8221;&#8221;][vc_column][vc_empty_space height=&#8221;40px&#8221; image_repeat=&#8221;no-repeat&#8221;][vc_separator type=&#8221;normal&#8221; color=&#8221;#819825&#8243; thickness=&#8221;2&#8243; up=&#8221;25px&#8221; up_style=&#8221;px&#8221; down_style=&#8221;px&#8221;][\/vc_column][\/vc_row][vc_row row_type=&#8221;row&#8221; use_row_as_full_screen_section=&#8221;no&#8221; type=&#8221;grid&#8221; oblique_section=&#8221;no&#8221; text_align=&#8221;left&#8221; Overflow=&#8221;&#8221; triangle_shape=&#8221;no&#8221; css_animation=&#8221;&#8221; overflow=&#8221;&#8221;][vc_column][no_elements_holder number_of_columns=&#8221;one_column&#8221; switch_to_one_column=&#8221;&#8221;][no_elements_holder_item aligment=&#8221;left&#8221; vertical_alignment=&#8221;&#8221; advanced_animations=&#8221;no&#8221;][vc_empty_space height=&#8221;40px&#8221; image_repeat=&#8221;no-repeat&#8221;]<div class=\"custom_font_holder  \" style=\"font-family: lato; font-size: 23px; line-height: 30px; font-style: normal; font-weight: 700; color: #3b5239; text-decoration: none; text-transform: none; text-align: left\" data-font-size=23 data-line-height=30 ><div  ><p class=\"p1\">SISTEMA INTEGRAL DE JUSTICIA PENAL PARA ADOLESCENTES<\/p>\n<\/div><\/div>[vc_empty_space height=&#8221;10px&#8221; image_repeat=&#8221;no-repeat&#8221;]<div class=\"custom_font_holder  \" style=\"font-family: lato; font-size: 19px; line-height: 23px; font-style: normal; font-weight: 400; text-decoration: none; text-transform: none; text-align: left\" data-font-size=19 data-line-height=23 ><div  ><p class=\"p1\"><strong>Los Mecanismos Alternativos de Soluci\u00f3n de Controversias en materia de Justicia Penal para Adolescentes<\/strong>, pueden derivar en un Acuerdo Reparatorio o en un Plan de Reparaci\u00f3n y propuesta de condiciones por cumplir para una suspensi\u00f3n condicional del proceso.<\/p>\n<p>&nbsp;<\/p>\n<p class=\"p1\"><strong>Los mecanismos aplicables en materia de Justicia para Adolescentes<\/strong> son la mediaci\u00f3n y los procesos restaurativos (reuni\u00f3n de la v\u00edctima con la persona adolescente, junta restaurativa o c\u00edrculos).<\/p>\n<p>&nbsp;<\/p>\n<p class=\"p1\"><strong>El Acuerdo Reparatorio y el Plan de Reparaci\u00f3n<\/strong>, este \u00faltimo como elemento de la suspensi\u00f3n condicional del proceso, son procedentes por todas las conductas delictivas que no ameritan una medida de internamiento.<\/p>\n<p>&nbsp;<\/p>\n<p class=\"p1\">En ejecuci\u00f3n de las medidas de sanci\u00f3n son procedentes los Procesos Restaurativos en donde la v\u00edctima u ofendido, la persona adolescente y en su caso la comunidad afectada participa activamente en este tipo de procedimiento para coadyuvar en su reintegraci\u00f3n a la comunidad.<\/p>\n<p>&nbsp;<\/p>\n<p class=\"p1\"><strong>Los Procesos Restaurativos<\/strong> son procedentes para todos los hechos se\u00f1alados como delitos y podr\u00e1n ser aplicados a partir de que queda firme la sentencia que imponga una medida de sanci\u00f3n.<\/p>\n<\/div><\/div>[\/no_elements_holder_item][\/no_elements_holder][vc_empty_space height=&#8221;80px&#8221; image_repeat=&#8221;no-repeat&#8221;][\/vc_column][\/vc_row][vc_row row_type=&#8221;row&#8221; use_row_as_full_screen_section=&#8221;no&#8221; type=&#8221;grid&#8221; oblique_section=&#8221;no&#8221; text_align=&#8221;left&#8221; Overflow=&#8221;&#8221; triangle_shape=&#8221;no&#8221; css_animation=&#8221;&#8221; overflow=&#8221;&#8221;][vc_column]<div class=\"custom_font_holder  \" style=\"font-family: lato; font-size: 30px; line-height: 33px; font-style: normal; font-weight: 800; color: #3b5239; text-decoration: none; text-shadow: 1px 1px 2px rgba(0, 0, 0, 0.4);; text-transform: none; text-align: center\" data-font-size=30 data-line-height=33 ><div  ><p class=\"p1\">Procedimientos de Facilitaci\u00f3n del Sistema Acusatorio para Adolescentes<\/p>\n<\/div><\/div>[vc_separator type=&#8221;transparent&#8221; up_style=&#8221;px&#8221; down_style=&#8221;px&#8221;][vc_single_image image=&#8221;20077&#8243; img_size=&#8221;full&#8221; mkd_css_animation=&#8221;&#8221; set_shader=&#8221;no&#8221; set_popup=&#8221;no&#8221; animate_image_on_hover=&#8221;no&#8221;]<div class=\"custom_font_holder  \" style=\" font-size: 1px; line-height: 1px; font-style: normal; font-weight: 100; text-decoration: none; text-transform: none; text-align: center\" data-font-size=1 data-line-height=1 ><div  ><p>El proceso de facilitaci\u00f3n penal y de justicia para adolescentes comienza con la solicitud de la Unidad de Gesti\u00f3n Judicial de Justicia para Adolescentes al \u00e1rea correspondiente, estableciendo una fecha y hora para la intervenci\u00f3n. Posteriormente, se registra un expediente y se organiza una sesi\u00f3n preliminar en la que tanto el solicitante como el requerido son asignados a un facilitador, quien les explica los mecanismos alternativos disponibles. En la sesi\u00f3n, el adolescente debe asistir acompa\u00f1ado por su persona responsable, mientras que la v\u00edctima o el ofendido debe estar acompa\u00f1ado por su representante legal. Si alguna de las partes no acepta los mecanismos alternativos, el expediente se cierra y se informa a la Unidad de Gesti\u00f3n Judicial de Justicia para Adolescentes. En caso de que ambas partes acepten, se agenda una sesi\u00f3n conjunta, donde, si no se llega a un acuerdo, el expediente se cierra nuevamente. Si se llega a un acuerdo, ya sea un acuerdo reparatorio o un plan de reparaci\u00f3n, se registra seg\u00fan corresponda. En el caso de un acuerdo reparatorio, este puede ser cumplido de manera inmediata o diferida, y el proceso se da por concluido si se cumple. Si el cumplimiento es diferido e incumplido, el procedimiento contin\u00faa. Si se establece un plan de reparaci\u00f3n para la suspensi\u00f3n condicional del proceso, se env\u00eda a la Unidad de Gesti\u00f3n Judicial para Adolescentes para su aprobaci\u00f3n por parte del juez de control de adolescentes.<\/p>\n<\/div><\/div>[\/vc_column][\/vc_row][vc_row row_type=&#8221;row&#8221; use_row_as_full_screen_section=&#8221;no&#8221; type=&#8221;grid&#8221; oblique_section=&#8221;no&#8221; text_align=&#8221;left&#8221; Overflow=&#8221;&#8221; triangle_shape=&#8221;no&#8221; background_image=&#8221;19359&#8243; css_animation=&#8221;&#8221; overflow=&#8221;&#8221;][vc_column][vc_empty_space height=&#8221;70px&#8221; image_repeat=&#8221;no-repeat&#8221;]<div class=\"custom_font_holder  \" style=\"font-family: lato; font-size: 45px; font-style: normal; font-weight: 800; color: #86a315; text-decoration: none; text-transform: none; text-align: left\" data-font-size=45 ><div  ><p class=\"p1\">\u00bfTienes alguna duda?<\/p>\n<\/div><\/div>[vc_empty_space height=&#8221;30px&#8221; image_repeat=&#8221;no-repeat&#8221;]<div class=\"custom_font_holder  \" style=\"font-family: lato; font-size: 25px; line-height: 30px; font-style: normal; font-weight: 800; color: #6d6d6d; text-decoration: none; text-transform: none; text-align: left\" data-font-size=25 data-line-height=30 ><div  ><p class=\"p1\">Cont\u00e1ctanos al 55 9156 4997<\/p>\n<p>Extensi\u00f3n 111223<\/p>\n<p>mediacion.familiar@tsjcdmx.gob.mx<\/p>\n<\/div><\/div>[vc_empty_space height=&#8221;150px&#8221; image_repeat=&#8221;no-repeat&#8221;][\/vc_column][\/vc_row]<\/p>\n","protected":false},"excerpt":{"rendered":"<p>[vc_row row_type=&#8221;row&#8221; use_row_as_full_screen_section=&#8221;no&#8221; type=&#8221;full_width&#8221; oblique_section=&#8221;no&#8221; text_align=&#8221;center&#8221; Overflow=&#8221;&#8221; triangle_shape=&#8221;no&#8221; css_animation=&#8221;&#8221; overflow=&#8221;&#8221;][vc_column][vc_empty_space height=&#8221;250px&#8221; background_image=&#8221;19800&#8243; image_repeat=&#8221;no-repeat&#8221;][\/vc_column][\/vc_row][vc_row row_type=&#8221;row&#8221; use_row_as_full_screen_section=&#8221;no&#8221; type=&#8221;grid&#8221; oblique_section=&#8221;no&#8221; text_align=&#8221;left&#8221; Overflow=&#8221;&#8221; triangle_shape=&#8221;no&#8221; css_animation=&#8221;element_from_left&#8221; overflow=&#8221;&#8221;][vc_column][vc_empty_space height=&#8221;45px&#8221; image_repeat=&#8221;no-repeat&#8221;][vc_empty_space height=&#8221;30px&#8221; image_repeat=&#8221;no-repeat&#8221;][\/vc_column][\/vc_row][vc_row row_type=&#8221;row&#8221; use_row_as_full_screen_section=&#8221;no&#8221; type=&#8221;grid&#8221; oblique_section=&#8221;no&#8221; text_align=&#8221;left&#8221; Overflow=&#8221;&#8221; triangle_shape=&#8221;no&#8221; css_animation=&#8221;&#8221; overflow=&#8221;&#8221;][vc_column][vc_empty_space image_repeat=&#8221;no-repeat&#8221;][vc_empty_space height=&#8221;10px&#8221; image_repeat=&#8221;no-repeat&#8221;][vc_empty_space height=&#8221;70px&#8221; image_repeat=&#8221;no-repeat&#8221;][vc_empty_space height=&#8221;10px&#8221; image_repeat=&#8221;no-repeat&#8221;][vc_empty_space height=&#8221;70px&#8221; image_repeat=&#8221;no-repeat&#8221;][\/vc_column][\/vc_row][vc_row row_type=&#8221;row&#8221;&#8230;<\/p>\n","protected":false},"author":20,"featured_media":0,"parent":0,"menu_order":0,"comment_status":"closed","ping_status":"closed","template":"full_width.php","meta":{"footnotes":""},"class_list":["post-19869","page","type-page","status-publish","hentry"],"_links":{"self":[{"href":"https:\/\/www.poderjudicialcdmx.gob.mx\/cja\/wp-json\/wp\/v2\/pages\/19869"}],"collection":[{"href":"https:\/\/www.poderjudicialcdmx.gob.mx\/cja\/wp-json\/wp\/v2\/pages"}],"about":[{"href":"https:\/\/www.poderjudicialcdmx.gob.mx\/cja\/wp-json\/wp\/v2\/types\/page"}],"author":[{"embeddable":true,"href":"https:\/\/www.poderjudicialcdmx.gob.mx\/cja\/wp-json\/wp\/v2\/users\/20"}],"replies":[{"embeddable":true,"href":"https:\/\/www.poderjudicialcdmx.gob.mx\/cja\/wp-json\/wp\/v2\/comments?post=19869"}],"version-history":[{"count":38,"href":"https:\/\/www.poderjudicialcdmx.gob.mx\/cja\/wp-json\/wp\/v2\/pages\/19869\/revisions"}],"predecessor-version":[{"id":20125,"href":"https:\/\/www.poderjudicialcdmx.gob.mx\/cja\/wp-json\/wp\/v2\/pages\/19869\/revisions\/20125"}],"wp:attachment":[{"href":"https:\/\/www.poderjudicialcdmx.gob.mx\/cja\/wp-json\/wp\/v2\/media?parent=19869"}],"curies":[{"name":"wp","href":"https:\/\/api.w.org\/{rel}","templated":true}]}}