{"id":19925,"date":"2025-02-04T20:23:10","date_gmt":"2025-02-04T20:23:10","guid":{"rendered":"https:\/\/www.poderjudicialcdmx.gob.mx\/cja\/?page_id=19925"},"modified":"2025-02-06T20:04:33","modified_gmt":"2025-02-06T20:04:33","slug":"preguntas-frecuentes","status":"publish","type":"page","link":"https:\/\/www.poderjudicialcdmx.gob.mx\/cja\/preguntas-frecuentes\/","title":{"rendered":"Preguntas Frecuentes"},"content":{"rendered":"<p>[vc_row row_type=&#8221;row&#8221; use_row_as_full_screen_section=&#8221;no&#8221; type=&#8221;full_width&#8221; oblique_section=&#8221;no&#8221; text_align=&#8221;center&#8221; Overflow=&#8221;&#8221; triangle_shape=&#8221;no&#8221; css_animation=&#8221;&#8221; overflow=&#8221;&#8221;][vc_column][vc_empty_space height=&#8221;250px&#8221; background_image=&#8221;19928&#8243; image_repeat=&#8221;no-repeat&#8221;][\/vc_column][\/vc_row][vc_row row_type=&#8221;row&#8221; use_row_as_full_screen_section=&#8221;no&#8221; type=&#8221;grid&#8221; oblique_section=&#8221;no&#8221; text_align=&#8221;left&#8221; Overflow=&#8221;&#8221; triangle_shape=&#8221;no&#8221; css_animation=&#8221;element_from_left&#8221; overflow=&#8221;&#8221;][vc_column][vc_empty_space height=&#8221;45px&#8221; image_repeat=&#8221;no-repeat&#8221;]<div class=\"custom_font_holder  \" style=\"font-family: lato; font-size: 35px; line-height: 35px; font-style: normal; font-weight: 700; color: #86a315; text-decoration: none; text-transform: none; text-align: center\" data-font-size=35 data-line-height=35 ><div  ><h1 style=\"text-align: center;\"><span style=\"color: #86a315;\">Preguntas Frecuentes<\/span><\/h1>\n<\/div><\/div>[vc_empty_space height=&#8221;15px&#8221; image_repeat=&#8221;no-repeat&#8221;][\/vc_column][\/vc_row][vc_row row_type=&#8221;row&#8221; use_row_as_full_screen_section=&#8221;no&#8221; type=&#8221;grid&#8221; oblique_section=&#8221;no&#8221; text_align=&#8221;left&#8221; Overflow=&#8221;&#8221; triangle_shape=&#8221;no&#8221; css_animation=&#8221;&#8221; overflow=&#8221;&#8221;][vc_column][vc_empty_space image_repeat=&#8221;no-repeat&#8221;]<div class=\"custom_font_holder  \" style=\"font-family: lato; font-size: 21px; line-height: 30px; font-style: normal; font-weight: 400; text-decoration: none; text-transform: none; text-align: left\" data-font-size=21 data-line-height=30 ><div  ><p class=\"p1\">En el Centro de P\u00fablico de Mecanismos Alternativos de Soluci\u00f3n de Controversias de la Ciudad de M\u00e9xico, nos interesa aclara tus dudas, por eso te compartimos las respuestas a las preguntas m\u00e1s frecuentes.<\/p>\n<\/div><\/div>[vc_empty_space height=&#8221;70px&#8221; image_repeat=&#8221;no-repeat&#8221;][\/vc_column][\/vc_row][vc_row row_type=&#8221;row&#8221; use_row_as_full_screen_section=&#8221;no&#8221; type=&#8221;grid&#8221; oblique_section=&#8221;no&#8221; text_align=&#8221;left&#8221; Overflow=&#8221;&#8221; triangle_shape=&#8221;no&#8221; css_animation=&#8221;&#8221; overflow=&#8221;&#8221;][vc_column][no_accordion active_tab=&#8221;false&#8221; collapsible=&#8221;yes&#8221; style=&#8221;boxed_toggle&#8221; hide_icon=&#8221;no&#8221; title_icon_alignment=&#8221;icon_left_text_left&#8221;][no_accordion_section title=&#8221;\u00bfQu\u00e9 es el Centro P\u00fablico de MASC de la Ciudad de M\u00e9xico?&#8221; title_color=&#8221;#424242&#8243; mark_icon_color=&#8221;#d3d3d3&#8243; border_hover_color=&#8221;#c9c9c9&#8243; title_tag=&#8221;h3&#8243;]<div class=\"custom_font_holder  \" style=\" font-size: 20px; line-height: 23px; font-style: normal; font-weight: 400; color: #707070; text-decoration: none; text-transform: none; text-align: left\" data-font-size=20 data-line-height=23 ><div  ><p>El Centro P\u00fablico de Mecanismos Alternativos de Soluci\u00f3n de Controversias de la Ciudad de M\u00e9xico, es una dependencia del Poder Judicial que, se encarga de administrar y substanciar los m\u00e9todos alternativos de soluci\u00f3n de controversias, para la atenci\u00f3n de las controversias de naturaleza civil, mercantil, familiar, penal y de justicia para adolescentes, entre particulares, as\u00ed como para su desarrollo.<\/p>\n<\/div><\/div>[\/no_accordion_section][\/no_accordion][\/vc_column][\/vc_row][vc_row row_type=&#8221;row&#8221; use_row_as_full_screen_section=&#8221;no&#8221; type=&#8221;grid&#8221; oblique_section=&#8221;no&#8221; text_align=&#8221;left&#8221; Overflow=&#8221;&#8221; triangle_shape=&#8221;no&#8221; css_animation=&#8221;&#8221; overflow=&#8221;&#8221;][vc_column][no_accordion active_tab=&#8221;false&#8221; collapsible=&#8221;yes&#8221; style=&#8221;boxed_toggle&#8221; hide_icon=&#8221;no&#8221; title_icon_alignment=&#8221;icon_left_text_left&#8221;][no_accordion_section title=&#8221;\u00bfCu\u00e1l es el domicilio y horario de atenci\u00f3n del CJA?&#8221; title_color=&#8221;#ffffff&#8221; mark_icon_color=&#8221;#d3d3d3&#8243; background_color=&#8221;#3f3f3f&#8221; border_hover_color=&#8221;#383838&#8243; title_tag=&#8221;h3&#8243; content_color=&#8221;#ffffff&#8221; content_bckg_color=&#8221;#232323&#8243;]<div class=\"custom_font_holder  \" style=\" font-size: 20px; line-height: 23px; font-style: normal; font-weight: 400; color: #ffffff; text-decoration: none; text-transform: none; text-align: left\" data-font-size=20 data-line-height=23 ><div  ><p>El Centro se encuentra ubicado en Avenida Ni\u00f1os H\u00e9roes #133 esquina Dr. Navarro, Colonia Doctores, Alcald\u00eda Cuauht\u00e9moc, C.P. 06720, CDMX, horario de atenci\u00f3n de 9:00 a 17:00 hrs., de lunes a viernes. Tel\u00e9fono 91 56 49 97, extensiones 111241, 111242 y 111243.<\/p>\n<\/div><\/div>[\/no_accordion_section][\/no_accordion][\/vc_column][\/vc_row][vc_row row_type=&#8221;row&#8221; use_row_as_full_screen_section=&#8221;no&#8221; type=&#8221;grid&#8221; oblique_section=&#8221;no&#8221; text_align=&#8221;left&#8221; Overflow=&#8221;&#8221; triangle_shape=&#8221;no&#8221; css_animation=&#8221;&#8221; overflow=&#8221;&#8221;][vc_column][no_accordion active_tab=&#8221;false&#8221; collapsible=&#8221;yes&#8221; style=&#8221;boxed_toggle&#8221; hide_icon=&#8221;no&#8221; title_icon_alignment=&#8221;icon_left_text_left&#8221;][no_accordion_section title=&#8221;\u00bfEs necesario tener abogado para participar en el procedimiento de mediaci\u00f3n?&#8221; title_color=&#8221;#424242&#8243; mark_icon_color=&#8221;#d3d3d3&#8243; border_hover_color=&#8221;#c9c9c9&#8243; title_tag=&#8221;h3&#8243;]<div class=\"custom_font_holder  \" style=\" font-size: 20px; line-height: 23px; font-style: normal; font-weight: 400; color: #707070; text-decoration: none; text-transform: none; text-align: left\" data-font-size=20 data-line-height=23 ><div  ><p>Los participantes acuden de manera personal y podr\u00e1n ser asesorados en todo momento por su abogado particular de forma externa al Centro o servicio de mediaci\u00f3n privada.<\/p>\n<\/div><\/div>[\/no_accordion_section][\/no_accordion][\/vc_column][\/vc_row][vc_row row_type=&#8221;row&#8221; use_row_as_full_screen_section=&#8221;no&#8221; type=&#8221;grid&#8221; oblique_section=&#8221;no&#8221; text_align=&#8221;left&#8221; Overflow=&#8221;&#8221; triangle_shape=&#8221;no&#8221; css_animation=&#8221;&#8221; overflow=&#8221;&#8221;][vc_column][no_accordion active_tab=&#8221;false&#8221; collapsible=&#8221;yes&#8221; style=&#8221;boxed_toggle&#8221; hide_icon=&#8221;no&#8221; title_icon_alignment=&#8221;icon_left_text_left&#8221;][no_accordion_section title=&#8221;\u00bfCu\u00e1nto cuesta el procedimiento de mediaci\u00f3n?&#8221; title_color=&#8221;#ffffff&#8221; mark_icon_color=&#8221;#d3d3d3&#8243; background_color=&#8221;#3f3f3f&#8221; border_hover_color=&#8221;#383838&#8243; title_tag=&#8221;h3&#8243; content_color=&#8221;#ffffff&#8221; content_bckg_color=&#8221;#232323&#8243;]<div class=\"custom_font_holder  \" style=\" font-size: 20px; line-height: 23px; font-style: normal; font-weight: 400; color: #ffffff; text-decoration: none; text-transform: none; text-align: left\" data-font-size=20 data-line-height=23 ><div  ><p>El servicio es gratuito si es el que se brinda en el Centro de Justicia Alternativa de la Ciudad de M\u00e9xico y si se contrata los servicios de una mediadora o mediador privados, se tendr\u00e1 que convenir con ella o \u00e9l el pago de sus honorarios.<\/p>\n<\/div><\/div>[\/no_accordion_section][\/no_accordion][\/vc_column][\/vc_row][vc_row row_type=&#8221;row&#8221; use_row_as_full_screen_section=&#8221;no&#8221; type=&#8221;grid&#8221; oblique_section=&#8221;no&#8221; text_align=&#8221;left&#8221; Overflow=&#8221;&#8221; triangle_shape=&#8221;no&#8221; css_animation=&#8221;&#8221; overflow=&#8221;&#8221;][vc_column][no_accordion active_tab=&#8221;false&#8221; collapsible=&#8221;yes&#8221; style=&#8221;boxed_toggle&#8221; hide_icon=&#8221;no&#8221; title_icon_alignment=&#8221;icon_left_text_left&#8221;][no_accordion_section title=&#8221;\u00bfQu\u00e9 efectos jur\u00eddicos tiene el convenio de mediaci\u00f3n?&#8221; title_color=&#8221;#424242&#8243; mark_icon_color=&#8221;#d3d3d3&#8243; border_hover_color=&#8221;#c9c9c9&#8243; title_tag=&#8221;h3&#8243;]<div class=\"custom_font_holder  \" style=\" font-size: 20px; line-height: 23px; font-style: normal; font-weight: 400; color: #707070; text-decoration: none; text-transform: none; text-align: left\" data-font-size=20 data-line-height=23 ><div  ><p>El convenio celebrado entre los mediados ante la fe p\u00fablica del Director actuante, con las formalidades que se\u00f1ala la Ley de Justicia Alternativa del Tribunal Superior de Justicia para el Distrito Federal, ser\u00e1 v\u00e1lido y exigible en sus t\u00e9rminos, trayendo aparejada ejecuci\u00f3n para su exigibilidad en v\u00eda de apremio ante la autoridad jurisdiccional. Por acuerdo de los mediados los convenios podr\u00e1n ser anotados en el Registro P\u00fablico de la Propiedad y del Comercio de conformidad con las leyes respectivas.<\/p>\n<\/div><\/div>[\/no_accordion_section][\/no_accordion][\/vc_column][\/vc_row][vc_row row_type=&#8221;row&#8221; use_row_as_full_screen_section=&#8221;no&#8221; type=&#8221;grid&#8221; oblique_section=&#8221;no&#8221; text_align=&#8221;left&#8221; Overflow=&#8221;&#8221; triangle_shape=&#8221;no&#8221; css_animation=&#8221;&#8221; overflow=&#8221;&#8221;][vc_column][no_accordion active_tab=&#8221;false&#8221; collapsible=&#8221;yes&#8221; style=&#8221;boxed_toggle&#8221; hide_icon=&#8221;no&#8221; title_icon_alignment=&#8221;icon_left_text_left&#8221;][no_accordion_section title=&#8221;\u00bfPuede el CJA obligar a las partes a que cumplan el convenio?&#8221; title_color=&#8221;#ffffff&#8221; mark_icon_color=&#8221;#d3d3d3&#8243; background_color=&#8221;#3f3f3f&#8221; border_hover_color=&#8221;#383838&#8243; title_tag=&#8221;h3&#8243; content_color=&#8221;#ffffff&#8221; content_bckg_color=&#8221;#232323&#8243;]<div class=\"custom_font_holder  \" style=\" font-size: 20px; line-height: 23px; font-style: normal; font-weight: 400; color: #ffffff; text-decoration: none; text-transform: none; text-align: left\" data-font-size=20 data-line-height=23 ><div  ><p>No. En caso de incumplimiento del convenio por alguna de las partes, la parte que se considere afectada podr\u00e1 solicitar la ejecuci\u00f3n del convenio por v\u00eda de apremio ante la autoridad jurisdiccional o bien ejercer los derechos que le correspondan para hacerlos valer por la v\u00eda y forma correspondientes, de acuerdo a cada caso en particular.<\/p>\n<\/div><\/div>[\/no_accordion_section][\/no_accordion][\/vc_column][\/vc_row][vc_row row_type=&#8221;row&#8221; use_row_as_full_screen_section=&#8221;no&#8221; type=&#8221;grid&#8221; oblique_section=&#8221;no&#8221; text_align=&#8221;left&#8221; Overflow=&#8221;&#8221; triangle_shape=&#8221;no&#8221; css_animation=&#8221;&#8221; overflow=&#8221;&#8221;][vc_column][no_accordion active_tab=&#8221;false&#8221; collapsible=&#8221;yes&#8221; style=&#8221;boxed_toggle&#8221; hide_icon=&#8221;no&#8221; title_icon_alignment=&#8221;icon_left_text_left&#8221;][no_accordion_section title=&#8221;\u00bfCu\u00e1nto tiempo dura una mediaci\u00f3n?&#8221; title_color=&#8221;#424242&#8243; mark_icon_color=&#8221;#d3d3d3&#8243; border_hover_color=&#8221;#c9c9c9&#8243; title_tag=&#8221;h3&#8243;]<div class=\"custom_font_holder  \" style=\" font-size: 20px; line-height: 23px; font-style: normal; font-weight: 400; color: #707070; text-decoration: none; text-transform: none; text-align: left\" data-font-size=20 data-line-height=23 ><div  ><p>Las mediaciones se llevan a cabo a trav\u00e9s de sesiones, las cuales tienen una duraci\u00f3n aproximada de una hora y media cada una, tiempo que podr\u00e1 extenderse o reducirse de com\u00fan acuerdo, en raz\u00f3n de la din\u00e1mica del caso y de la carga de trabajo del mediador, pudiendo llevarse a cabo varias sesiones, las que se programan atendiendo a cada asunto en particular y a las necesidades de los mediados.<\/p>\n<\/div><\/div>[\/no_accordion_section][\/no_accordion][\/vc_column][\/vc_row][vc_row row_type=&#8221;row&#8221; use_row_as_full_screen_section=&#8221;no&#8221; type=&#8221;grid&#8221; oblique_section=&#8221;no&#8221; text_align=&#8221;left&#8221; Overflow=&#8221;&#8221; triangle_shape=&#8221;no&#8221; css_animation=&#8221;&#8221; overflow=&#8221;&#8221;][vc_column][no_accordion active_tab=&#8221;false&#8221; collapsible=&#8221;yes&#8221; style=&#8221;boxed_toggle&#8221; hide_icon=&#8221;no&#8221; title_icon_alignment=&#8221;icon_left_text_left&#8221;][no_accordion_section title=&#8221;\u00bfQu\u00e9 es el \u00d3rgano Especializado en Mecanismos Alternativos de Soluci\u00f3n de Controversias en Materia Penal y de Justicia para Adolescentes (OEMASC) del CJA?&#8221; title_color=&#8221;#ffffff&#8221; mark_icon_color=&#8221;#d3d3d3&#8243; background_color=&#8221;#3f3f3f&#8221; border_hover_color=&#8221;#383838&#8243; title_tag=&#8221;h3&#8243; content_color=&#8221;#ffffff&#8221; content_bckg_color=&#8221;#232323&#8243;]<div class=\"custom_font_holder  \" style=\" font-size: 20px; line-height: 23px; font-style: normal; font-weight: 400; color: #ffffff; text-decoration: none; text-transform: none; text-align: left\" data-font-size=20 data-line-height=23 ><div  ><p>Es el \u00d3rgano Especializado en Mecanismos Alternativos de Soluci\u00f3n de Controversias en Materia Penal y de Justicia para Adolescentes, encargado de tramitar los mecanismos alternativos (mediaci\u00f3n, conciliaci\u00f3n o junta restaurativa), que conduzcan a las soluciones alternas.<\/p>\n<\/div><\/div>[\/no_accordion_section][\/no_accordion][\/vc_column][\/vc_row][vc_row row_type=&#8221;row&#8221; use_row_as_full_screen_section=&#8221;no&#8221; type=&#8221;grid&#8221; oblique_section=&#8221;no&#8221; text_align=&#8221;left&#8221; Overflow=&#8221;&#8221; triangle_shape=&#8221;no&#8221; css_animation=&#8221;&#8221; overflow=&#8221;&#8221;][vc_column][no_accordion active_tab=&#8221;false&#8221; collapsible=&#8221;yes&#8221; style=&#8221;boxed_toggle&#8221; hide_icon=&#8221;no&#8221; title_icon_alignment=&#8221;icon_left_text_left&#8221;][no_accordion_section title=&#8221;\u00bfCu\u00e1l es el domicilio y horario de atenci\u00f3n del OEMASC del CJA?&#8221; title_color=&#8221;#424242&#8243; mark_icon_color=&#8221;#d3d3d3&#8243; border_hover_color=&#8221;#c9c9c9&#8243; title_tag=&#8221;h3&#8243;]<div class=\"custom_font_holder  \" style=\" font-size: 20px; line-height: 23px; font-style: normal; font-weight: 400; color: #707070; text-decoration: none; text-transform: none; text-align: left\" data-font-size=20 data-line-height=23 ><div  ><p>Avenida Ni\u00f1os H\u00e9roes 133, cuarto piso, Colonia Doctores, Alcald\u00eda Cuauht\u00e9moc, C.P. 06720, Ciudad de M\u00e9xico, horario de atenci\u00f3n de 9:00 a 17:00 horas, de lunes a viernes. Tel\u00e9fono 55 9156 4997, extensi\u00f3n 111210.<\/p>\n<p>&nbsp;<\/p>\n<p>Calle Doctor Lavista 114, planta baja, Colonia Doctores, Alcald\u00eda Cuauht\u00e9moc, C.P. 06720, Ciudad de M\u00e9xico, horario de atenci\u00f3n de 9:00 a 15:00 horas, de lunes a viernes. Tel\u00e9fono 55 9156 4997, extensi\u00f3n 170110.<\/p>\n<\/div><\/div>[\/no_accordion_section][\/no_accordion][\/vc_column][\/vc_row][vc_row row_type=&#8221;row&#8221; use_row_as_full_screen_section=&#8221;no&#8221; type=&#8221;grid&#8221; oblique_section=&#8221;no&#8221; text_align=&#8221;left&#8221; Overflow=&#8221;&#8221; triangle_shape=&#8221;no&#8221; css_animation=&#8221;&#8221; overflow=&#8221;&#8221;][vc_column][no_accordion active_tab=&#8221;false&#8221; collapsible=&#8221;yes&#8221; style=&#8221;boxed_toggle&#8221; hide_icon=&#8221;no&#8221; title_icon_alignment=&#8221;icon_left_text_left&#8221;][no_accordion_section title=&#8221;\u00bfQu\u00e9 es un Facilitador P\u00fablico?&#8221; title_color=&#8221;#ffffff&#8221; mark_icon_color=&#8221;#d3d3d3&#8243; background_color=&#8221;#3f3f3f&#8221; border_hover_color=&#8221;#383838&#8243; title_tag=&#8221;h3&#8243; content_color=&#8221;#ffffff&#8221; content_bckg_color=&#8221;#232323&#8243;]<div class=\"custom_font_holder  \" style=\" font-size: 20px; line-height: 23px; font-style: normal; font-weight: 400; color: #ffffff; text-decoration: none; text-transform: none; text-align: left\" data-font-size=20 data-line-height=23 ><div  ><p>Es el profesional certificado del \u00d3rgano cuya funci\u00f3n es propiciar la participaci\u00f3n de los intervinientes en los mecanismos alternativos.<\/p>\n<\/div><\/div>[\/no_accordion_section][\/no_accordion][\/vc_column][\/vc_row][vc_row row_type=&#8221;row&#8221; use_row_as_full_screen_section=&#8221;no&#8221; type=&#8221;grid&#8221; oblique_section=&#8221;no&#8221; text_align=&#8221;left&#8221; Overflow=&#8221;&#8221; triangle_shape=&#8221;no&#8221; css_animation=&#8221;&#8221; overflow=&#8221;&#8221;][vc_column][no_accordion active_tab=&#8221;false&#8221; collapsible=&#8221;yes&#8221; style=&#8221;boxed_toggle&#8221; hide_icon=&#8221;no&#8221; title_icon_alignment=&#8221;icon_left_text_left&#8221;][no_accordion_section title=&#8221;\u00bfQu\u00e9 efectos tiene un Acuerdo Reparatorio emanado de la aplicaci\u00f3n de un MASC?&#8221; title_color=&#8221;#424242&#8243; mark_icon_color=&#8221;#d3d3d3&#8243; border_hover_color=&#8221;#c9c9c9&#8243; title_tag=&#8221;h3&#8243;]<div class=\"custom_font_holder  \" style=\" font-size: 20px; line-height: 23px; font-style: normal; font-weight: 400; color: #707070; text-decoration: none; text-transform: none; text-align: left\" data-font-size=20 data-line-height=23 ><div  ><p>Una vez que el Juez de Control aprueba el Acuerdo Reparatorio en t\u00e9rminos del C\u00f3digo Nacional de Procedimientos Penales, se extingue la acci\u00f3n penal.<\/p>\n<\/div><\/div>[\/no_accordion_section][\/no_accordion][\/vc_column][\/vc_row][vc_row row_type=&#8221;row&#8221; use_row_as_full_screen_section=&#8221;no&#8221; type=&#8221;grid&#8221; oblique_section=&#8221;no&#8221; text_align=&#8221;left&#8221; Overflow=&#8221;&#8221; triangle_shape=&#8221;no&#8221; css_animation=&#8221;&#8221; overflow=&#8221;&#8221;][vc_column][no_accordion active_tab=&#8221;false&#8221; collapsible=&#8221;yes&#8221; style=&#8221;boxed_toggle&#8221; hide_icon=&#8221;no&#8221; title_icon_alignment=&#8221;icon_left_text_left&#8221;][no_accordion_section title=&#8221;\u00bfDe qu\u00e9 manera se solicita un Mecanismo Alternativo de Soluci\u00f3n de Controversias (MASC) en materia Penal?&#8221; title_color=&#8221;#ffffff&#8221; mark_icon_color=&#8221;#d3d3d3&#8243; background_color=&#8221;#3f3f3f&#8221; border_hover_color=&#8221;#383838&#8243; title_tag=&#8221;h3&#8243; content_color=&#8221;#ffffff&#8221; content_bckg_color=&#8221;#232323&#8243;]<div class=\"custom_font_holder  \" style=\" font-size: 20px; line-height: 23px; font-style: normal; font-weight: 400; color: #ffffff; text-decoration: none; text-transform: none; text-align: left\" data-font-size=20 data-line-height=23 ><div  ><p>Se solicita la salida alterna (acuerdo reparatorio o suspensi\u00f3n condicional) ante un Juez de Control, quien derivar\u00e1 el asunto al \u00d3rgano Especializado en Mecanismos Alternativos de Soluci\u00f3n de Controversias (OEMASC), a trav\u00e9s de la Unidad de Gesti\u00f3n Judicial, para que el imputado y la v\u00edctima u ofendido se presenten al OEMASC a recibir el servicio.<\/p>\n<\/div><\/div>[\/no_accordion_section][\/no_accordion][\/vc_column][\/vc_row][vc_row row_type=&#8221;row&#8221; use_row_as_full_screen_section=&#8221;no&#8221; type=&#8221;grid&#8221; oblique_section=&#8221;no&#8221; text_align=&#8221;left&#8221; Overflow=&#8221;&#8221; triangle_shape=&#8221;no&#8221; css_animation=&#8221;&#8221; overflow=&#8221;&#8221;][vc_column][no_accordion active_tab=&#8221;false&#8221; collapsible=&#8221;yes&#8221; style=&#8221;boxed_toggle&#8221; hide_icon=&#8221;no&#8221; title_icon_alignment=&#8221;icon_left_text_left&#8221;][no_accordion_section title=&#8221;\u00bfEn qu\u00e9 casos procede un MASC para celebrar un acuerdo reparatorio?&#8221; title_color=&#8221;#424242&#8243; mark_icon_color=&#8221;#d3d3d3&#8243; border_hover_color=&#8221;#c9c9c9&#8243; title_tag=&#8221;h3&#8243;]<div class=\"custom_font_holder  \" style=\" font-size: 20px; line-height: 23px; font-style: normal; font-weight: 400; color: #707070; text-decoration: none; text-transform: none; text-align: left\" data-font-size=20 data-line-height=23 ><div  ><p>En materia penal cuando se trate de un delito de querella, culposo, patrimonial sin violencia sobre las personas, exceptuando la violencia familiar, asimismo en materia de adolescentes es procedente en todas las conductas que no ameriten medida de internamiento.<\/p>\n<\/div><\/div>[\/no_accordion_section][\/no_accordion][\/vc_column][\/vc_row][vc_row row_type=&#8221;row&#8221; use_row_as_full_screen_section=&#8221;no&#8221; type=&#8221;grid&#8221; oblique_section=&#8221;no&#8221; text_align=&#8221;left&#8221; Overflow=&#8221;&#8221; triangle_shape=&#8221;no&#8221; css_animation=&#8221;&#8221; overflow=&#8221;&#8221;][vc_column][no_accordion active_tab=&#8221;false&#8221; collapsible=&#8221;yes&#8221; style=&#8221;boxed_toggle&#8221; hide_icon=&#8221;no&#8221; title_icon_alignment=&#8221;icon_left_text_left&#8221;][no_accordion_section title=&#8221;\u00bfQu\u00e9 sucede si el imputado o acusado incumple el Acuerdo?&#8221; title_color=&#8221;#ffffff&#8221; mark_icon_color=&#8221;#d3d3d3&#8243; background_color=&#8221;#3f3f3f&#8221; border_hover_color=&#8221;#383838&#8243; title_tag=&#8221;h3&#8243; content_color=&#8221;#ffffff&#8221; content_bckg_color=&#8221;#232323&#8243;]<div class=\"custom_font_holder  \" style=\" font-size: 20px; line-height: 23px; font-style: normal; font-weight: 400; color: #ffffff; text-decoration: none; text-transform: none; text-align: left\" data-font-size=20 data-line-height=23 ><div  ><p>Inmediatamente se informa al Juez de Control, a trav\u00e9s de la Unidad de Gesti\u00f3n Judicial, a efecto de que decrete el incumplimiento y se retome el proceso penal.<\/p>\n<\/div><\/div>[\/no_accordion_section][\/no_accordion][\/vc_column][\/vc_row][vc_row row_type=&#8221;row&#8221; use_row_as_full_screen_section=&#8221;no&#8221; type=&#8221;grid&#8221; oblique_section=&#8221;no&#8221; text_align=&#8221;left&#8221; Overflow=&#8221;&#8221; triangle_shape=&#8221;no&#8221; css_animation=&#8221;&#8221; overflow=&#8221;&#8221;][vc_column][no_accordion active_tab=&#8221;false&#8221; collapsible=&#8221;yes&#8221; style=&#8221;boxed_toggle&#8221; hide_icon=&#8221;no&#8221; title_icon_alignment=&#8221;icon_left_text_left&#8221;][no_accordion_section title=&#8221;\u00bfQu\u00e9 efectos tiene un Plan de Reparaci\u00f3n emanado de la aplicaci\u00f3n de un MASC?&#8221; title_color=&#8221;#424242&#8243; mark_icon_color=&#8221;#d3d3d3&#8243; border_hover_color=&#8221;#c9c9c9&#8243; title_tag=&#8221;h3&#8243;]<div class=\"custom_font_holder  \" style=\" font-size: 20px; line-height: 23px; font-style: normal; font-weight: 400; color: #707070; text-decoration: none; text-transform: none; text-align: left\" data-font-size=20 data-line-height=23 ><div  ><p>Es un elemento necesario para la procedencia de una suspensi\u00f3n condicional del proceso en t\u00e9rminos del C\u00f3digo Nacional de Procedimientos Penales.<\/p>\n<\/div><\/div>[\/no_accordion_section][\/no_accordion][\/vc_column][\/vc_row][vc_row row_type=&#8221;row&#8221; use_row_as_full_screen_section=&#8221;no&#8221; type=&#8221;full_width&#8221; oblique_section=&#8221;no&#8221; text_align=&#8221;left&#8221; Overflow=&#8221;&#8221; triangle_shape=&#8221;no&#8221; css_animation=&#8221;&#8221; overflow=&#8221;&#8221;][vc_column][vc_empty_space height=&#8221;80px&#8221; image_repeat=&#8221;no-repeat&#8221;][\/vc_column][\/vc_row][vc_row row_type=&#8221;row&#8221; use_row_as_full_screen_section=&#8221;no&#8221; type=&#8221;grid&#8221; oblique_section=&#8221;no&#8221; text_align=&#8221;left&#8221; Overflow=&#8221;&#8221; triangle_shape=&#8221;no&#8221; background_image=&#8221;19359&#8243; css_animation=&#8221;&#8221; overflow=&#8221;&#8221;][vc_column][vc_empty_space height=&#8221;300px&#8221; image_repeat=&#8221;no-repeat&#8221;][\/vc_column][\/vc_row]<\/p>\n","protected":false},"excerpt":{"rendered":"<p>[vc_row row_type=&#8221;row&#8221; use_row_as_full_screen_section=&#8221;no&#8221; type=&#8221;full_width&#8221; oblique_section=&#8221;no&#8221; text_align=&#8221;center&#8221; Overflow=&#8221;&#8221; triangle_shape=&#8221;no&#8221; css_animation=&#8221;&#8221; overflow=&#8221;&#8221;][vc_column][vc_empty_space height=&#8221;250px&#8221; background_image=&#8221;19928&#8243; image_repeat=&#8221;no-repeat&#8221;][\/vc_column][\/vc_row][vc_row row_type=&#8221;row&#8221; use_row_as_full_screen_section=&#8221;no&#8221; type=&#8221;grid&#8221; oblique_section=&#8221;no&#8221; text_align=&#8221;left&#8221; Overflow=&#8221;&#8221; triangle_shape=&#8221;no&#8221; css_animation=&#8221;element_from_left&#8221; overflow=&#8221;&#8221;][vc_column][vc_empty_space height=&#8221;45px&#8221; image_repeat=&#8221;no-repeat&#8221;][vc_empty_space height=&#8221;15px&#8221; image_repeat=&#8221;no-repeat&#8221;][\/vc_column][\/vc_row][vc_row row_type=&#8221;row&#8221; use_row_as_full_screen_section=&#8221;no&#8221; type=&#8221;grid&#8221; oblique_section=&#8221;no&#8221; text_align=&#8221;left&#8221; Overflow=&#8221;&#8221; triangle_shape=&#8221;no&#8221; css_animation=&#8221;&#8221; overflow=&#8221;&#8221;][vc_column][vc_empty_space image_repeat=&#8221;no-repeat&#8221;][vc_empty_space height=&#8221;70px&#8221; image_repeat=&#8221;no-repeat&#8221;][\/vc_column][\/vc_row][vc_row row_type=&#8221;row&#8221; use_row_as_full_screen_section=&#8221;no&#8221; type=&#8221;grid&#8221; oblique_section=&#8221;no&#8221; text_align=&#8221;left&#8221; Overflow=&#8221;&#8221; triangle_shape=&#8221;no&#8221;&#8230;<\/p>\n","protected":false},"author":20,"featured_media":0,"parent":0,"menu_order":0,"comment_status":"closed","ping_status":"closed","template":"full_width.php","meta":{"footnotes":""},"class_list":["post-19925","page","type-page","status-publish","hentry"],"_links":{"self":[{"href":"https:\/\/www.poderjudicialcdmx.gob.mx\/cja\/wp-json\/wp\/v2\/pages\/19925"}],"collection":[{"href":"https:\/\/www.poderjudicialcdmx.gob.mx\/cja\/wp-json\/wp\/v2\/pages"}],"about":[{"href":"https:\/\/www.poderjudicialcdmx.gob.mx\/cja\/wp-json\/wp\/v2\/types\/page"}],"author":[{"embeddable":true,"href":"https:\/\/www.poderjudicialcdmx.gob.mx\/cja\/wp-json\/wp\/v2\/users\/20"}],"replies":[{"embeddable":true,"href":"https:\/\/www.poderjudicialcdmx.gob.mx\/cja\/wp-json\/wp\/v2\/comments?post=19925"}],"version-history":[{"count":17,"href":"https:\/\/www.poderjudicialcdmx.gob.mx\/cja\/wp-json\/wp\/v2\/pages\/19925\/revisions"}],"predecessor-version":[{"id":20008,"href":"https:\/\/www.poderjudicialcdmx.gob.mx\/cja\/wp-json\/wp\/v2\/pages\/19925\/revisions\/20008"}],"wp:attachment":[{"href":"https:\/\/www.poderjudicialcdmx.gob.mx\/cja\/wp-json\/wp\/v2\/media?parent=19925"}],"curies":[{"name":"wp","href":"https:\/\/api.w.org\/{rel}","templated":true}]}}