{"id":20216,"date":"2025-08-08T18:26:27","date_gmt":"2025-08-08T18:26:27","guid":{"rendered":"https:\/\/www.poderjudicialcdmx.gob.mx\/cja\/?page_id=20216"},"modified":"2025-08-08T18:26:27","modified_gmt":"2025-08-08T18:26:27","slug":"normatividad","status":"publish","type":"page","link":"https:\/\/www.poderjudicialcdmx.gob.mx\/cja\/normatividad\/","title":{"rendered":"Normatividad"},"content":{"rendered":"<p>[vc_row row_type=&#8221;row&#8221; use_row_as_full_screen_section=&#8221;no&#8221; type=&#8221;full_width&#8221; oblique_section=&#8221;no&#8221; text_align=&#8221;center&#8221; Overflow=&#8221;&#8221; triangle_shape=&#8221;no&#8221; background_image=&#8221;19471&#8243; css_animation=&#8221;&#8221; overflow=&#8221;&#8221;][vc_column][vc_separator type=&#8221;transparent&#8221; up=&#8221;200&#8243; up_style=&#8221;px&#8221; down_style=&#8221;px&#8221;][\/vc_column][\/vc_row][vc_row row_type=&#8221;row&#8221; use_row_as_full_screen_section=&#8221;no&#8221; type=&#8221;grid&#8221; oblique_section=&#8221;no&#8221; text_align=&#8221;left&#8221; Overflow=&#8221;&#8221; triangle_shape=&#8221;no&#8221; css_animation=&#8221;element_from_left&#8221; overflow=&#8221;&#8221;][vc_column][vc_empty_space height=&#8221;45px&#8221; image_repeat=&#8221;no-repeat&#8221;]<div class=\"custom_font_holder  \" style=\"font-family: lato; font-size: 35px; line-height: 35px; font-style: normal; font-weight: 700; color: #86a315; text-decoration: none; text-transform: none; text-align: center\" data-font-size=35 data-line-height=35 ><div  ><h1 style=\"text-align: center;\"><span style=\"color: #86a315;\">Normatividad<\/span><\/h1>\n<\/div><\/div>[vc_empty_space height=&#8221;15px&#8221; image_repeat=&#8221;no-repeat&#8221;][\/vc_column][\/vc_row][vc_row row_type=&#8221;row&#8221; use_row_as_full_screen_section=&#8221;no&#8221; type=&#8221;grid&#8221; oblique_section=&#8221;no&#8221; text_align=&#8221;left&#8221; Overflow=&#8221;&#8221; triangle_shape=&#8221;no&#8221; css_animation=&#8221;&#8221; overflow=&#8221;&#8221;][vc_column][vc_empty_space image_repeat=&#8221;no-repeat&#8221;][vc_empty_space height=&#8221;40px&#8221; image_repeat=&#8221;no-repeat&#8221;][\/vc_column][\/vc_row][vc_row row_type=&#8221;row&#8221; use_row_as_full_screen_section=&#8221;no&#8221; type=&#8221;grid&#8221; oblique_section=&#8221;no&#8221; text_align=&#8221;center&#8221; Overflow=&#8221;&#8221; triangle_shape=&#8221;no&#8221; css_animation=&#8221;&#8221; overflow=&#8221;&#8221;][vc_column width=&#8221;1\/3&#8243;][vc_single_image image=&#8221;19446&#8243; alignment=&#8221;center&#8221; onclick=&#8221;custom_link&#8221; mkd_css_animation=&#8221;element_from_top&#8221; set_shader=&#8221;no&#8221; set_popup=&#8221;no&#8221; animate_image_on_hover=&#8221;zoom&#8221; link=&#8221;https:\/\/www.poderjudicialcdmx.gob.mx\/cja\/wp-content\/uploads\/LEY-DE-JUST-ALT-Y-REGLA-2017.pdf&#8221;][vc_empty_space height=&#8221;10px&#8221; image_repeat=&#8221;no-repeat&#8221;]<div class=\"custom_font_holder  \" style=\"font-family: lato; font-size: 15px; line-height: 21px; font-style: normal; font-weight: 400; color: #606060; text-decoration: none; text-transform: none; text-align: center\" data-font-size=15 data-line-height=21 ><div  ><p style=\"text-align: center;\">Ley de Justicia Alternativa\u00a0y<\/p>\n<p style=\"text-align: center;\">Reglamento Interno<\/p>\n<p style=\"text-align: center;\">del CJA de la CDMX<\/p>\n<\/div><\/div>[vc_empty_space height=&#8221;45px&#8221; image_repeat=&#8221;no-repeat&#8221;][\/vc_column][vc_column width=&#8221;1\/3&#8243;][vc_single_image image=&#8221;19446&#8243; alignment=&#8221;center&#8221; onclick=&#8221;custom_link&#8221; mkd_css_animation=&#8221;element_from_top&#8221; set_shader=&#8221;no&#8221; set_popup=&#8221;no&#8221; animate_image_on_hover=&#8221;zoom&#8221; link=&#8221;https:\/\/www.poderjudicialcdmx.gob.mx\/cja\/wp-content\/uploads\/Reglas-de-Mediador-Privado-16.pdf&#8221;][vc_empty_space height=&#8221;10px&#8221; image_repeat=&#8221;no-repeat&#8221;]<div class=\"custom_font_holder  \" style=\"font-family: lato; font-size: 15px; line-height: 21px; font-style: normal; font-weight: 400; color: #606060; text-decoration: none; text-transform: none; text-align: center\" data-font-size=15 data-line-height=21 ><div  ><p style=\"text-align: center;\">Reglas del Mediador Privado<\/p>\n<\/div><\/div>[vc_empty_space height=&#8221;45px&#8221; image_repeat=&#8221;no-repeat&#8221;][\/vc_column][vc_column width=&#8221;1\/3&#8243;][vc_single_image image=&#8221;19446&#8243; alignment=&#8221;center&#8221; onclick=&#8221;custom_link&#8221; mkd_css_animation=&#8221;element_from_top&#8221; set_shader=&#8221;no&#8221; set_popup=&#8221;no&#8221; animate_image_on_hover=&#8221;zoom&#8221; link=&#8221;https:\/\/www.poderjudicialcdmx.gob.mx\/cja\/lineamientos_2020\/&#8221;][vc_empty_space height=&#8221;10px&#8221; image_repeat=&#8221;no-repeat&#8221;]<div class=\"custom_font_holder  \" style=\"font-family: lato; font-size: 15px; line-height: 21px; font-style: normal; font-weight: 400; color: #606060; text-decoration: none; text-transform: none; text-align: center\" data-font-size=15 data-line-height=21 ><div  ><p style=\"text-align: center;\">Lineamientos 2020<\/p>\n<\/div><\/div>[vc_empty_space height=&#8221;45px&#8221; image_repeat=&#8221;no-repeat&#8221;][\/vc_column][\/vc_row][vc_row row_type=&#8221;row&#8221; use_row_as_full_screen_section=&#8221;no&#8221; type=&#8221;grid&#8221; oblique_section=&#8221;no&#8221; text_align=&#8221;center&#8221; Overflow=&#8221;&#8221; triangle_shape=&#8221;no&#8221; css_animation=&#8221;&#8221; overflow=&#8221;&#8221;][vc_column width=&#8221;1\/3&#8243;][vc_single_image image=&#8221;19446&#8243; alignment=&#8221;center&#8221; onclick=&#8221;custom_link&#8221; mkd_css_animation=&#8221;element_from_top&#8221; set_shader=&#8221;no&#8221; set_popup=&#8221;no&#8221; animate_image_on_hover=&#8221;zoom&#8221; link=&#8221;https:\/\/www.poderjudicialcdmx.gob.mx\/cja\/wp-content\/uploads\/Reglamento-Interno.pdf&#8221;][vc_empty_space height=&#8221;10px&#8221; image_repeat=&#8221;no-repeat&#8221;]<div class=\"custom_font_holder  \" style=\"font-family: lato; font-size: 15px; line-height: 21px; font-style: normal; font-weight: 400; color: #606060; text-decoration: none; text-transform: none; text-align: center\" data-font-size=15 data-line-height=21 ><div  ><p style=\"text-align: center;\">Reglamento Interno<\/p>\n<p style=\"text-align: center;\">del CNMASC<\/p>\n<\/div><\/div>[vc_empty_space height=&#8221;45px&#8221; image_repeat=&#8221;no-repeat&#8221;][\/vc_column][vc_column width=&#8221;1\/3&#8243;][vc_single_image image=&#8221;19446&#8243; alignment=&#8221;center&#8221; onclick=&#8221;custom_link&#8221; mkd_css_animation=&#8221;element_from_top&#8221; set_shader=&#8221;no&#8221; set_popup=&#8221;no&#8221; animate_image_on_hover=&#8221;zoom&#8221; link=&#8221;https:\/\/www.poderjudicialcdmx.gob.mx\/cja\/wp-content\/uploads\/LINEAMIENTOS-DE-CAPACITACION.pdf&#8221;][vc_empty_space height=&#8221;10px&#8221; image_repeat=&#8221;no-repeat&#8221;]<div class=\"custom_font_holder  \" style=\"font-family: lato; font-size: 15px; line-height: 21px; font-style: normal; font-weight: 400; color: #606060; text-decoration: none; text-transform: none; text-align: center\" data-font-size=15 data-line-height=21 ><div  ><p style=\"text-align: center;\">Lineamientos de capacitaci\u00f3n para la formaci\u00f3n, actualizaci\u00f3n y especializaci\u00f3n de personas facilitadoras<\/p>\n<\/div><\/div>[vc_empty_space height=&#8221;45px&#8221; image_repeat=&#8221;no-repeat&#8221;][\/vc_column][vc_column width=&#8221;1\/3&#8243;][vc_single_image image=&#8221;19446&#8243; alignment=&#8221;center&#8221; onclick=&#8221;custom_link&#8221; mkd_css_animation=&#8221;element_from_top&#8221; set_shader=&#8221;no&#8221; set_popup=&#8221;no&#8221; animate_image_on_hover=&#8221;zoom&#8221; link=&#8221;https:\/\/www.poderjudicialcdmx.gob.mx\/cja\/wp-content\/uploads\/LINEAMIENTOS-DE-CREACION-DE-PLATAFORMA.pdf&#8221;][vc_empty_space height=&#8221;10px&#8221; image_repeat=&#8221;no-repeat&#8221;]<div class=\"custom_font_holder  \" style=\"font-family: lato; font-size: 15px; line-height: 21px; font-style: normal; font-weight: 400; color: #606060; text-decoration: none; text-transform: none; text-align: center\" data-font-size=15 data-line-height=21 ><div  ><p style=\"text-align: center;\">Lineamientos de creaci\u00f3n de la Plataforma Nacional de Personas Facilitadoras<\/p>\n<\/div><\/div>[vc_empty_space height=&#8221;45px&#8221; image_repeat=&#8221;no-repeat&#8221;][\/vc_column][\/vc_row][vc_row row_type=&#8221;row&#8221; use_row_as_full_screen_section=&#8221;no&#8221; type=&#8221;grid&#8221; oblique_section=&#8221;no&#8221; text_align=&#8221;center&#8221; Overflow=&#8221;&#8221; triangle_shape=&#8221;no&#8221; css_animation=&#8221;&#8221; overflow=&#8221;&#8221;][vc_column width=&#8221;1\/3&#8243;][vc_single_image image=&#8221;19446&#8243; alignment=&#8221;center&#8221; onclick=&#8221;custom_link&#8221; mkd_css_animation=&#8221;element_from_top&#8221; set_shader=&#8221;no&#8221; set_popup=&#8221;no&#8221; animate_image_on_hover=&#8221;zoom&#8221; link=&#8221;https:\/\/www.poderjudicialcdmx.gob.mx\/cja\/wp-content\/uploads\/LINEAMIENTOS-DE-CREACION.pdf&#8221;][vc_empty_space height=&#8221;10px&#8221; image_repeat=&#8221;no-repeat&#8221;]<div class=\"custom_font_holder  \" style=\"font-family: lato; font-size: 15px; line-height: 21px; font-style: normal; font-weight: 400; color: #606060; text-decoration: none; text-transform: none; text-align: center\" data-font-size=15 data-line-height=21 ><div  ><p style=\"text-align: center;\">Lineamientos de creaci\u00f3n, actualizaci\u00f3n y mantenimiento de los Sistemas de Convenios, que se suscriban en todo el territorio nacional<\/p>\n<\/div><\/div>[vc_empty_space height=&#8221;45px&#8221; image_repeat=&#8221;no-repeat&#8221;][\/vc_column][vc_column width=&#8221;1\/3&#8243;][vc_single_image image=&#8221;19446&#8243; alignment=&#8221;center&#8221; onclick=&#8221;custom_link&#8221; mkd_css_animation=&#8221;element_from_top&#8221; set_shader=&#8221;no&#8221; set_popup=&#8221;no&#8221; animate_image_on_hover=&#8221;zoom&#8221; link=&#8221;https:\/\/www.poderjudicialcdmx.gob.mx\/cja\/wp-content\/uploads\/LINEAMIENTOS-PARA-LA-EVALUACION.pdf&#8221;][vc_empty_space height=&#8221;10px&#8221; image_repeat=&#8221;no-repeat&#8221;]<div class=\"custom_font_holder  \" style=\"font-family: lato; font-size: 15px; line-height: 21px; font-style: normal; font-weight: 400; color: #606060; text-decoration: none; text-transform: none; text-align: center\" data-font-size=15 data-line-height=21 ><div  ><p style=\"text-align: center;\">Lineamientos para la Evaluaci\u00f3n, Certificaci\u00f3n, Renovaci\u00f3n,\u00a0Suspensi\u00f3n y Revocaci\u00f3n de Personas Facilitadoras<\/p>\n<\/div><\/div>[vc_empty_space height=&#8221;45px&#8221; image_repeat=&#8221;no-repeat&#8221;][\/vc_column][vc_column width=&#8221;1\/3&#8243;][vc_single_image image=&#8221;19446&#8243; alignment=&#8221;center&#8221; onclick=&#8221;custom_link&#8221; mkd_css_animation=&#8221;element_from_top&#8221; set_shader=&#8221;no&#8221; set_popup=&#8221;no&#8221; animate_image_on_hover=&#8221;zoom&#8221; link=&#8221;https:\/\/www.poderjudicialcdmx.gob.mx\/cja\/wp-content\/uploads\/Lineamientos-y-Bases-para-la-Invitacion.pdf&#8221;][vc_empty_space height=&#8221;10px&#8221; image_repeat=&#8221;no-repeat&#8221;]<div class=\"custom_font_holder  \" style=\"font-family: lato; font-size: 15px; line-height: 21px; font-style: normal; font-weight: 400; color: #606060; text-decoration: none; text-transform: none; text-align: center\" data-font-size=15 data-line-height=21 ><div  ><p style=\"text-align: center;\">Lineamientos y Bases para la Invitaci\u00f3n y Participaci\u00f3n de las Personas Profesionales, Acad\u00e9micas y Especialistas a las Sesiones del CNMASC<\/p>\n<\/div><\/div>[vc_empty_space height=&#8221;45px&#8221; image_repeat=&#8221;no-repeat&#8221;][\/vc_column][\/vc_row][vc_row row_type=&#8221;row&#8221; use_row_as_full_screen_section=&#8221;no&#8221; type=&#8221;grid&#8221; oblique_section=&#8221;no&#8221; text_align=&#8221;center&#8221; Overflow=&#8221;&#8221; triangle_shape=&#8221;no&#8221; css_animation=&#8221;&#8221; overflow=&#8221;&#8221;][vc_column width=&#8221;1\/3&#8243;][vc_single_image image=&#8221;19446&#8243; alignment=&#8221;center&#8221; onclick=&#8221;custom_link&#8221; mkd_css_animation=&#8221;element_from_top&#8221; set_shader=&#8221;no&#8221; set_popup=&#8221;no&#8221; animate_image_on_hover=&#8221;zoom&#8221; link=&#8221;https:\/\/www.poderjudicialcdmx.gob.mx\/cja\/wp-content\/uploads\/Ley_General_MASC.pdf&#8221;][vc_empty_space height=&#8221;10px&#8221; image_repeat=&#8221;no-repeat&#8221;]<div class=\"custom_font_holder  \" style=\"font-family: lato; font-size: 15px; line-height: 21px; font-style: normal; font-weight: 400; color: #606060; text-decoration: none; text-transform: none; text-align: center\" data-font-size=15 data-line-height=21 ><div  ><p style=\"text-align: center;\">Ley General de Mecanismo Alternativos de Soluci\u00f3n de Controversias<\/p>\n<\/div><\/div>[vc_empty_space height=&#8221;45px&#8221; image_repeat=&#8221;no-repeat&#8221;][\/vc_column][vc_column width=&#8221;1\/3&#8243;][vc_single_image image=&#8221;19446&#8243; alignment=&#8221;center&#8221; onclick=&#8221;custom_link&#8221; mkd_css_animation=&#8221;element_from_top&#8221; set_shader=&#8221;no&#8221; set_popup=&#8221;no&#8221; animate_image_on_hover=&#8221;zoom&#8221; link=&#8221;https:\/\/www.poderjudicialcdmx.gob.mx\/cja\/wp-content\/uploads\/CNPCF.pdf&#8221;][vc_empty_space height=&#8221;10px&#8221; image_repeat=&#8221;no-repeat&#8221;]<div class=\"custom_font_holder  \" style=\"font-family: lato; font-size: 15px; line-height: 21px; font-style: normal; font-weight: 400; color: #606060; text-decoration: none; text-transform: none; text-align: center\" data-font-size=15 data-line-height=21 ><div  ><p style=\"text-align: center;\">C\u00f3digo Nacional de Procedimientos Civiles y Familiares<\/p>\n<\/div><\/div>[vc_empty_space height=&#8221;45px&#8221; image_repeat=&#8221;no-repeat&#8221;][\/vc_column][vc_column width=&#8221;1\/3&#8243;][vc_empty_space height=&#8221;10px&#8221; image_repeat=&#8221;no-repeat&#8221;][vc_empty_space height=&#8221;45px&#8221; image_repeat=&#8221;no-repeat&#8221;][\/vc_column][\/vc_row][vc_row row_type=&#8221;row&#8221; use_row_as_full_screen_section=&#8221;no&#8221; type=&#8221;full_width&#8221; oblique_section=&#8221;no&#8221; text_align=&#8221;left&#8221; Overflow=&#8221;&#8221; triangle_shape=&#8221;no&#8221; css_animation=&#8221;&#8221; overflow=&#8221;&#8221;][vc_column][vc_empty_space height=&#8221;50px&#8221; image_repeat=&#8221;no-repeat&#8221;][\/vc_column][\/vc_row][vc_row row_type=&#8221;row&#8221; use_row_as_full_screen_section=&#8221;no&#8221; type=&#8221;full_width&#8221; oblique_section=&#8221;no&#8221; text_align=&#8221;left&#8221; Overflow=&#8221;&#8221; triangle_shape=&#8221;no&#8221; css_animation=&#8221;&#8221; overflow=&#8221;&#8221;][vc_column][vc_column_text]<\/p>\n<p style=\"text-align: right;\">\u00daltima fecha de actualizaci\u00f3n: Mayo 2025<\/p>\n<p>[\/vc_column_text][\/vc_column][\/vc_row]<\/p>\n","protected":false},"excerpt":{"rendered":"<p>19417<\/p>\n","protected":false},"author":22,"featured_media":0,"parent":0,"menu_order":0,"comment_status":"closed","ping_status":"closed","template":"full_width.php","meta":{"footnotes":""},"class_list":["post-20216","page","type-page","status-publish","hentry"],"_links":{"self":[{"href":"https:\/\/www.poderjudicialcdmx.gob.mx\/cja\/wp-json\/wp\/v2\/pages\/20216"}],"collection":[{"href":"https:\/\/www.poderjudicialcdmx.gob.mx\/cja\/wp-json\/wp\/v2\/pages"}],"about":[{"href":"https:\/\/www.poderjudicialcdmx.gob.mx\/cja\/wp-json\/wp\/v2\/types\/page"}],"author":[{"embeddable":true,"href":"https:\/\/www.poderjudicialcdmx.gob.mx\/cja\/wp-json\/wp\/v2\/users\/22"}],"replies":[{"embeddable":true,"href":"https:\/\/www.poderjudicialcdmx.gob.mx\/cja\/wp-json\/wp\/v2\/comments?post=20216"}],"version-history":[{"count":3,"href":"https:\/\/www.poderjudicialcdmx.gob.mx\/cja\/wp-json\/wp\/v2\/pages\/20216\/revisions"}],"predecessor-version":[{"id":20224,"href":"https:\/\/www.poderjudicialcdmx.gob.mx\/cja\/wp-json\/wp\/v2\/pages\/20216\/revisions\/20224"}],"wp:attachment":[{"href":"https:\/\/www.poderjudicialcdmx.gob.mx\/cja\/wp-json\/wp\/v2\/media?parent=20216"}],"curies":[{"name":"wp","href":"https:\/\/api.w.org\/{rel}","templated":true}]}}