{"id":15680,"date":"2024-04-22T20:57:48","date_gmt":"2024-04-22T20:57:48","guid":{"rendered":"http:\/\/www.poderjudicialcdmx.gob.mx\/estadistica\/?page_id=17193"},"modified":"2024-04-22T21:46:14","modified_gmt":"2024-04-22T21:46:14","slug":"agendas","status":"publish","type":"page","link":"https:\/\/www.poderjudicialcdmx.gob.mx\/estadistica\/agendas\/","title":{"rendered":"Agendas"},"content":{"rendered":"<p>[vc_row row_type=\u00bbrow\u00bb use_row_as_full_screen_section=\u00bbyes\u00bb type=\u00bbfull_width\u00bb oblique_section=\u00bbno\u00bb text_align=\u00bbcenter\u00bb Overflow=\u00bb\u00bb triangle_shape=\u00bbno\u00bb background_image=\u00bb17135&#8243; background_color=\u00bb#ffffff\u00bb padding_top=\u00bb10%\u00bb css_animation=\u00bb\u00bb overflow=\u00bb\u00bb el_id=\u00bbimagen_cabeza\u00bb][vc_column][vc_separator type=\u00bbtransparent\u00bb up=\u00bb200&#8243; up_style=\u00bbpx\u00bb down_style=\u00bbpx\u00bb][vc_separator type=\u00bbtransparent\u00bb up_style=\u00bbpx\u00bb down=\u00bb200&#8243; down_style=\u00bbpx\u00bb][\/vc_column][\/vc_row][vc_row row_type=\u00bbrow\u00bb use_row_as_full_screen_section=\u00bbno\u00bb type=\u00bbfull_width\u00bb oblique_section=\u00bbno\u00bb text_align=\u00bbcenter\u00bb Overflow=\u00bb\u00bb triangle_shape=\u00bbno\u00bb css_animation=\u00bb\u00bb overflow=\u00bb\u00bb el_id=\u00bbtexto_titulo\u00bb][vc_column][vc_separator type=\u00bbtransparent\u00bb up=\u00bb60&#8243; up_style=\u00bbpx\u00bb down=\u00bb0&#8243; down_style=\u00bbpx\u00bb][vc_column_text]<\/p>\n<p id=\"pic\" style=\"text-align: center; font-size: 46px; color: #f8b329; font-weight: 600; line-height: 55px;\"><span style=\"color: #651420;\">Agendas<\/span><\/p>\n<p>[\/vc_column_text][vc_separator type=\u00bbtransparent\u00bb up=\u00bb60&#8243; up_style=\u00bbpx\u00bb down=\u00bb0&#8243; down_style=\u00bbpx\u00bb][\/vc_column][\/vc_row][vc_row row_type=\u00bbrow\u00bb use_row_as_full_screen_section=\u00bbno\u00bb type=\u00bbfull_width\u00bb oblique_section=\u00bbno\u00bb text_align=\u00bbleft\u00bb Overflow=\u00bb\u00bb triangle_shape=\u00bbno\u00bb side_padding=\u00bb17%\u00bb padding_top=\u00bb50&#8243; padding_bottom=\u00bb50&#8243; css_animation=\u00bb\u00bb overflow=\u00bb\u00bb][vc_column][vc_column_text css=\u00bb.vc_custom_1707436363376{margin-right: 50px !important;margin-left: 50px !important;}\u00bb]<\/p>\n<h3 style=\"text-align: center; color: #8f2829;\"><strong>OCTAVA REUNI\u00d3N RED NACIONAL DE ESTAD\u00cdSTICAS JUDICIALES<\/strong><\/h3>\n<p>[\/vc_column_text][vc_separator type=\u00bbtransparent\u00bb up=\u00bb70&#8243; up_style=\u00bbpx\u00bb down=\u00bb0&#8243; down_style=\u00bbpx\u00bb][no_accordion active_tab=\u00bbfalse\u00bb collapsible=\u00bbyes\u00bb style=\u00bbboxed_accordion\u00bb hide_icon=\u00bbno\u00bb title_icon_alignment=\u00bbicon_left_text_left\u00bb][no_accordion_section title=\u00bbAbrir\u00bb title_color=\u00bb#8f2829&#8243; title_hover_color=\u00bb#ffffff\u00bb mark_icon_color=\u00bb#8f2829&#8243; mark_icon_color_hover=\u00bb#ffffff\u00bb background_color=\u00bb#d9a3a1&#8243; background_hover_color=\u00bb#8f2829&#8243;]<div class=\"custom_font_holder  \" style=\"font-family: Lucida Sans Unicode; font-size: 15px; line-height: Lucida grandepx; font-style: normal; font-weight: 800; color: #666666; text-decoration: none; text-transform: none; text-align: left\" data-font-size=15 data-line-height=Lucida grande ><div  ><h3><strong><span style=\"color: #999999;\"><a style=\"color: #999999;\" href=\"https:\/\/www.poderjudicialcdmx.gob.mx\/estadistica\/wp-content\/uploads\/Agenda.pdf\" target=\"_blank\" rel=\"noopener noreferrer\">Agenda<\/a><\/span><\/strong><\/h3>\n<h3><a href=\"https:\/\/www.poderjudicialcdmx.gob.mx\/estadistica\/wp-content\/uploads\/RELATORIA-Y-ACUERDOS_RNEJ-2023.pdf\">Relator\u00eda y Acuerdos<\/a><\/h3>\n<\/div><\/div>[\/no_accordion_section][\/no_accordion][\/vc_column][\/vc_row][vc_row row_type=\u00bbrow\u00bb use_row_as_full_screen_section=\u00bbno\u00bb type=\u00bbfull_width\u00bb oblique_section=\u00bbno\u00bb text_align=\u00bbleft\u00bb Overflow=\u00bb\u00bb triangle_shape=\u00bbno\u00bb side_padding=\u00bb17%\u00bb padding_top=\u00bb50&#8243; padding_bottom=\u00bb50&#8243; css_animation=\u00bb\u00bb overflow=\u00bb\u00bb][vc_column][vc_column_text css=\u00bb.vc_custom_1678299131186{margin-right: 50px !important;margin-left: 50px !important;}\u00bb]<\/p>\n<h3 style=\"text-align: center; color: #8f2829;\"><strong>S\u00c9PTIMA REUNI\u00d3N RED NACIONAL DE ESTAD\u00cdSTICAS JUDICIALES<\/strong><\/h3>\n<p>[\/vc_column_text][vc_separator type=\u00bbtransparent\u00bb up=\u00bb70&#8243; up_style=\u00bbpx\u00bb down=\u00bb0&#8243; down_style=\u00bbpx\u00bb][no_accordion active_tab=\u00bbfalse\u00bb collapsible=\u00bbyes\u00bb style=\u00bbboxed_accordion\u00bb hide_icon=\u00bbno\u00bb title_icon_alignment=\u00bbicon_left_text_left\u00bb][no_accordion_section title=\u00bbAbrir\u00bb title_color=\u00bb#8f2829&#8243; title_hover_color=\u00bb#ffffff\u00bb mark_icon_color=\u00bb#8f2829&#8243; mark_icon_color_hover=\u00bb#ffffff\u00bb background_color=\u00bb#d9a3a1&#8243; background_hover_color=\u00bb#8f2829&#8243;]<div class=\"custom_font_holder  \" style=\"font-family: Lucida Sans Unicode; font-size: 15px; line-height: Lucida grandepx; font-style: normal; font-weight: 800; color: #666666; text-decoration: none; text-transform: none; text-align: left\" data-font-size=15 data-line-height=Lucida grande ><div  ><h3><strong><span style=\"color: #999999;\"><a style=\"color: #999999;\" href=\"https:\/\/www.poderjudicialcdmx.gob.mx\/estadistica\/wp-content\/uploads\/PROGRAMA-7\u00b0-RED-NACIONAL-DE-ESTAD\u00cdSTICAS-JUDICIALES.pdf\" target=\"_blank\" rel=\"noopener noreferrer\">Agenda<\/a><\/span><\/strong><\/h3>\n<h3><\/h3>\n<\/div><\/div>[\/no_accordion_section][\/no_accordion][\/vc_column][\/vc_row][vc_row row_type=\u00bbrow\u00bb use_row_as_full_screen_section=\u00bbno\u00bb type=\u00bbfull_width\u00bb oblique_section=\u00bbno\u00bb text_align=\u00bbleft\u00bb Overflow=\u00bb\u00bb triangle_shape=\u00bbno\u00bb side_padding=\u00bb17%\u00bb padding_top=\u00bb50&#8243; padding_bottom=\u00bb50&#8243; css_animation=\u00bb\u00bb overflow=\u00bb\u00bb][vc_column][vc_column_text css=\u00bb.vc_custom_1649273782510{margin-right: 50px !important;margin-left: 50px !important;}\u00bb]<\/p>\n<h3 style=\"text-align: center; color: #8f2829;\"><strong>SEXTA REUNI\u00d3N RED NACIONAL DE ESTAD\u00cdSTICAS JUDICIALES<\/strong><\/h3>\n<p>[\/vc_column_text][vc_separator type=\u00bbtransparent\u00bb up=\u00bb70&#8243; up_style=\u00bbpx\u00bb down=\u00bb0&#8243; down_style=\u00bbpx\u00bb][no_accordion active_tab=\u00bbfalse\u00bb collapsible=\u00bbyes\u00bb style=\u00bbboxed_accordion\u00bb hide_icon=\u00bbno\u00bb title_icon_alignment=\u00bbicon_left_text_left\u00bb][no_accordion_section title=\u00bbAbrir\u00bb title_color=\u00bb#8f2829&#8243; title_hover_color=\u00bb#ffffff\u00bb mark_icon_color=\u00bb#8f2829&#8243; mark_icon_color_hover=\u00bb#ffffff\u00bb background_color=\u00bb#d9a3a1&#8243; background_hover_color=\u00bb#8f2829&#8243;]<div class=\"custom_font_holder  \" style=\"font-family: Lucida Sans Unicode; font-size: 15px; line-height: Lucida grandepx; font-style: normal; font-weight: 800; color: #666666; text-decoration: none; text-transform: none; text-align: left\" data-font-size=15 data-line-height=Lucida grande ><div  ><h3><strong><span style=\"color: #999999;\"><a style=\"color: #999999;\" href=\"https:\/\/www.poderjudicialcdmx.gob.mx\/estadistica\/wp-content\/uploads\/PROGRAMA-ACTUALIZADO_6\u00b0-ENCUENTRO-DE-LA-RED-NACIONAL-DE-ESTADISTICAS.pdf\" target=\"_blank\" rel=\"noopener noreferrer\">Agenda<\/a><\/span><\/strong><\/h3>\n<h3><\/h3>\n<\/div><\/div>[\/no_accordion_section][\/no_accordion][\/vc_column][\/vc_row][vc_row row_type=\u00bbrow\u00bb use_row_as_full_screen_section=\u00bbno\u00bb type=\u00bbfull_width\u00bb oblique_section=\u00bbno\u00bb text_align=\u00bbleft\u00bb Overflow=\u00bb\u00bb triangle_shape=\u00bbno\u00bb side_padding=\u00bb17%\u00bb padding_top=\u00bb50&#8243; padding_bottom=\u00bb50&#8243; css_animation=\u00bb\u00bb overflow=\u00bb\u00bb][vc_column][vc_column_text css=\u00bb.vc_custom_1616087078343{margin-right: 50px !important;margin-left: 50px !important;}\u00bb]<\/p>\n<h3 style=\"text-align: center; color: #8f2829;\"><strong>QUINTA REUNI\u00d3N RED NACIONAL DE ESTAD\u00cdSTICAS JUDICIALES<\/strong><\/h3>\n<p>[\/vc_column_text][vc_separator type=\u00bbtransparent\u00bb up=\u00bb70&#8243; up_style=\u00bbpx\u00bb down=\u00bb0&#8243; down_style=\u00bbpx\u00bb][no_accordion active_tab=\u00bbfalse\u00bb collapsible=\u00bbyes\u00bb style=\u00bbboxed_accordion\u00bb hide_icon=\u00bbno\u00bb title_icon_alignment=\u00bbicon_left_text_left\u00bb][no_accordion_section title=\u00bbAbrir\u00bb title_color=\u00bb#8f2829&#8243; title_hover_color=\u00bb#ffffff\u00bb mark_icon_color=\u00bb#8f2829&#8243; mark_icon_color_hover=\u00bb#ffffff\u00bb background_color=\u00bb#d9a3a1&#8243; background_hover_color=\u00bb#8f2829&#8243;]<div class=\"custom_font_holder  \" style=\"font-family: Lucida Sans Unicode; font-size: 15px; line-height: Lucida grandepx; font-style: normal; font-weight: 800; color: #666666; text-decoration: none; text-transform: none; text-align: left\" data-font-size=15 data-line-height=Lucida grande ><div  ><h3><strong><span style=\"color: #999999;\"><a style=\"color: #999999;\" href=\"https:\/\/www.poderjudicialcdmx.gob.mx\/estadistica\/wp-content\/uploads\/Programa_5red.pdf\" target=\"_blank\" rel=\"noopener noreferrer\">Agenda<\/a><\/span><\/strong><\/h3>\n<h3><\/h3>\n<\/div><\/div>[\/no_accordion_section][\/no_accordion][\/vc_column][\/vc_row][vc_row row_type=\u00bbrow\u00bb use_row_as_full_screen_section=\u00bbno\u00bb type=\u00bbfull_width\u00bb oblique_section=\u00bbno\u00bb text_align=\u00bbleft\u00bb Overflow=\u00bb\u00bb triangle_shape=\u00bbno\u00bb side_padding=\u00bb17%\u00bb padding_top=\u00bb50&#8243; padding_bottom=\u00bb50&#8243; css_animation=\u00bb\u00bb overflow=\u00bb\u00bb el_id=\u00bb3&#8243;][vc_column][vc_column_text css=\u00bb.vc_custom_1575396223697{margin-right: 50px !important;margin-left: 50px !important;}\u00bb]<\/p>\n<h3 style=\"text-align: center; color: #8f2829;\"><strong>CUARTA REUNI\u00d3N RED NACIONAL DE ESTAD\u00cdSTICAS JUDICIALES<\/strong><\/h3>\n<p>[\/vc_column_text][vc_separator type=\u00bbtransparent\u00bb up=\u00bb70&#8243; up_style=\u00bbpx\u00bb down=\u00bb0&#8243; down_style=\u00bbpx\u00bb][no_accordion active_tab=\u00bbfalse\u00bb collapsible=\u00bbyes\u00bb style=\u00bbboxed_accordion\u00bb hide_icon=\u00bbno\u00bb title_icon_alignment=\u00bbicon_left_text_left\u00bb][no_accordion_section title=\u00bbAbrir\u00bb title_color=\u00bb#8f2829&#8243; title_hover_color=\u00bb#ffffff\u00bb mark_icon_color=\u00bb#8f2829&#8243; mark_icon_color_hover=\u00bb#ffffff\u00bb background_color=\u00bb#d9a3a1&#8243; background_hover_color=\u00bb#8f2829&#8243;]<div class=\"custom_font_holder  \" style=\"font-family: Lucida Sans Unicode; font-size: 15px; line-height: Lucida grandepx; font-style: normal; font-weight: 800; color: #666666; text-decoration: none; text-transform: none; text-align: left\" data-font-size=15 data-line-height=Lucida grande ><div  ><h3><strong><span style=\"color: #999999;\"><a style=\"color: #999999;\" href=\"https:\/\/www.poderjudicialcdmx.gob.mx\/estadistica\/wp-content\/uploads\/02_Agenda4toEncuentroRed14nov.pdf\" target=\"_blank\" rel=\"noopener noreferrer\">Agenda<\/a><\/span><\/strong><\/h3>\n<h3><\/h3>\n<\/div><\/div>[\/no_accordion_section][\/no_accordion][\/vc_column][\/vc_row][vc_row row_type=\u00bbrow\u00bb use_row_as_full_screen_section=\u00bbno\u00bb type=\u00bbfull_width\u00bb oblique_section=\u00bbno\u00bb text_align=\u00bbleft\u00bb Overflow=\u00bb\u00bb triangle_shape=\u00bbno\u00bb side_padding=\u00bb17%\u00bb padding_top=\u00bb50&#8243; padding_bottom=\u00bb50&#8243; css_animation=\u00bb\u00bb overflow=\u00bb\u00bb][vc_column][vc_column_text css=\u00bb.vc_custom_1547679387311{margin-right: 50px !important;margin-left: 50px !important;}\u00bb]<\/p>\n<h3 style=\"text-align: center; color: #8f2829;\"><strong>TERCERA REUNI\u00d3N RED NACIONAL DE ESTAD\u00cdSTICAS JUDICIALES<\/strong><\/h3>\n<p>[\/vc_column_text][vc_separator type=\u00bbtransparent\u00bb up=\u00bb70&#8243; up_style=\u00bbpx\u00bb down=\u00bb0&#8243; down_style=\u00bbpx\u00bb][no_accordion active_tab=\u00bbfalse\u00bb collapsible=\u00bbyes\u00bb style=\u00bbboxed_accordion\u00bb hide_icon=\u00bbno\u00bb title_icon_alignment=\u00bbicon_left_text_left\u00bb][no_accordion_section title=\u00bbAbrir\u00bb title_color=\u00bb#8f2829&#8243; title_hover_color=\u00bb#ffffff\u00bb mark_icon_color=\u00bb#8f2829&#8243; mark_icon_color_hover=\u00bb#ffffff\u00bb background_color=\u00bb#d9a3a1&#8243; background_hover_color=\u00bb#8f2829&#8243;]<div class=\"custom_font_holder  \" style=\"font-family: Lucida Sans Unicode; font-size: 15px; line-height: Lucida grandepx; font-style: normal; font-weight: 800; color: #666666; text-decoration: none; text-transform: none; text-align: left\" data-font-size=15 data-line-height=Lucida grande ><div  ><h3><strong><span style=\"color: #999999;\"><a style=\"color: #999999;\" href=\"http:\/\/www.poderjudicialcdmx.gob.mx\/estadistica\/wp-content\/uploads\/Agenda_-28.-29-y-30-noviembre.pdf\" target=\"_blank\" rel=\"noopener noreferrer\">Agenda<\/a><\/span><\/strong><\/h3>\n<h3><a href=\"http:\/\/www.poderjudicialcdmx.gob.mx\/estadistica\/wp-content\/uploads\/Acuerdos-3er-Encuentro.pdf\"><strong><span style=\"color: #808080;\">Acuerdos<\/span><\/strong><\/a><\/h3>\n<\/div><\/div>[\/no_accordion_section][\/no_accordion][\/vc_column][\/vc_row][vc_row row_type=\u00bbrow\u00bb use_row_as_full_screen_section=\u00bbno\u00bb type=\u00bbfull_width\u00bb oblique_section=\u00bbno\u00bb text_align=\u00bbleft\u00bb Overflow=\u00bb\u00bb triangle_shape=\u00bbno\u00bb side_padding=\u00bb17%\u00bb css_animation=\u00bb\u00bb overflow=\u00bb\u00bb el_id=\u00bb2&#8243;][vc_column][vc_separator type=\u00bbtransparent\u00bb up=\u00bb50&#8243; up_style=\u00bbpx\u00bb down=\u00bb0&#8243; down_style=\u00bbpx\u00bb][vc_column_text css=\u00bb.vc_custom_1505153010804{margin-right: 50px !important;margin-left: 50px !important;}\u00bb]<\/p>\n<h3 style=\"text-align: center; color: #8f2829;\"><strong>SEGUNDO\u00a0ENCUENTRO RED NACIONAL ESTAD\u00cdSTICAS JUDICIALES<\/strong><\/h3>\n<p>[\/vc_column_text][vc_separator type=\u00bbtransparent\u00bb up=\u00bb50&#8243; up_style=\u00bbpx\u00bb down=\u00bb0&#8243; down_style=\u00bbpx\u00bb][no_accordion active_tab=\u00bbfalse\u00bb collapsible=\u00bbyes\u00bb style=\u00bbboxed_accordion\u00bb hide_icon=\u00bbno\u00bb title_icon_alignment=\u00bbicon_left_text_left\u00bb][no_accordion_section title=\u00bbAbrir\u00bb title_color=\u00bb#8f2829&#8243; title_hover_color=\u00bb#ffffff\u00bb mark_icon_color=\u00bb#8f2829&#8243; mark_icon_color_hover=\u00bb#ffffff\u00bb background_color=\u00bb#d9a3a1&#8243; background_hover_color=\u00bb#8f2829&#8243;]<div class=\"custom_font_holder  \" style=\"font-family: Lucida Sans Unicode; font-size: 15px; line-height: Lucida grandepx; font-style: normal; font-weight: 800; color: #666666; text-decoration: none; text-transform: none; text-align: left\" data-font-size=15 data-line-height=Lucida grande ><div  ><h3><strong><span style=\"color: #999999;\"><a style=\"color: #999999;\" href=\"http:\/\/www.poderjudicialcdmx.gob.mx\/estadistica\/wp-content\/uploads\/Agenda2aReunionRedEstadistica.pdf\" target=\"_blank\" rel=\"noopener noreferrer\">Agenda<\/a><\/span><\/strong><\/h3>\n<h3><strong><span style=\"color: #999999;\"><a style=\"color: #999999;\" href=\"http:\/\/www.poderjudicialcdmx.gob.mx\/estadistica\/wp-content\/uploads\/RelatoriaREJ2oEvento.pdf\" target=\"_blank\" rel=\"noopener noreferrer\">Relator\u00eda<\/a><\/span><\/strong><\/h3>\n<\/div><\/div>[\/no_accordion_section][\/no_accordion][\/vc_column][\/vc_row][vc_row row_type=\u00bbrow\u00bb use_row_as_full_screen_section=\u00bbno\u00bb type=\u00bbfull_width\u00bb oblique_section=\u00bbno\u00bb text_align=\u00bbleft\u00bb Overflow=\u00bb\u00bb triangle_shape=\u00bbno\u00bb side_padding=\u00bb17%\u00bb css_animation=\u00bb\u00bb overflow=\u00bb\u00bb el_id=\u00bb1&#8243;][vc_column][vc_separator type=\u00bbtransparent\u00bb up=\u00bb70&#8243; up_style=\u00bbpx\u00bb down=\u00bb0&#8243; down_style=\u00bbpx\u00bb][vc_column_text css=\u00bb.vc_custom_1476150413507{margin-right: 50px !important;margin-left: 50px !important;}\u00bb]<\/p>\n<h3 style=\"text-align: center; color: #8f2829;\"><strong>PRIMER ENCUENTRO RED NACIONAL ESTAD\u00cdSTICAS JUDICIALES<\/strong><\/h3>\n<p>[\/vc_column_text][vc_separator type=\u00bbtransparent\u00bb up=\u00bb70&#8243; up_style=\u00bbpx\u00bb down=\u00bb0&#8243; down_style=\u00bbpx\u00bb][no_accordion active_tab=\u00bbfalse\u00bb collapsible=\u00bbyes\u00bb style=\u00bbboxed_accordion\u00bb hide_icon=\u00bbno\u00bb title_icon_alignment=\u00bbicon_left_text_left\u00bb][no_accordion_section title=\u00bbAbrir\u00bb title_color=\u00bb#8f2829&#8243; title_hover_color=\u00bb#ffffff\u00bb mark_icon_color=\u00bb#8f2829&#8243; mark_icon_color_hover=\u00bb#ffffff\u00bb background_color=\u00bb#d9a3a1&#8243; background_hover_color=\u00bb#8f2829&#8243;]<div class=\"custom_font_holder  \" style=\"font-family: Lucida Sans Unicode; font-size: 15px; line-height: Lucida grandepx; font-style: normal; font-weight: 800; color: #666666; text-decoration: none; text-transform: none; text-align: left\" data-font-size=15 data-line-height=Lucida grande ><div  ><h3><a href=\"https:\/\/www.poderjudicialcdmx.gob.mx\/estadistica\/wp-content\/uploads\/AgendaReunion_1red.pdf\" target=\"_blank\" rel=\"noopener noreferrer\"><span style=\"color: #000000;\"><strong>Agenda<\/strong><\/span><\/a><\/h3>\n<h3><a href=\"https:\/\/www.poderjudicialcdmx.gob.mx\/estadistica\/wp-content\/uploads\/Boletin_de_prensa_1red.pdf\" target=\"_blank\" rel=\"noopener noreferrer\">Bolet\u00edn de prensa<\/a><\/h3>\n<\/div><\/div>[\/no_accordion_section][\/no_accordion][vc_separator type=\u00bbtransparent\u00bb up=\u00bb70&#8243; up_style=\u00bbpx\u00bb down=\u00bb0&#8243; down_style=\u00bbpx\u00bb][\/vc_column][\/vc_row][vc_row row_type=\u00bbrow\u00bb use_row_as_full_screen_section=\u00bbno\u00bb type=\u00bbfull_width\u00bb oblique_section=\u00bbno\u00bb text_align=\u00bbleft\u00bb Overflow=\u00bb\u00bb triangle_shape=\u00bbno\u00bb css_animation=\u00bb\u00bb overflow=\u00bb\u00bb][vc_column][vc_separator type=\u00bbtransparent\u00bb up_style=\u00bbpx\u00bb down_style=\u00bbpx\u00bb][vc_separator type=\u00bbtransparent\u00bb up_style=\u00bbpx\u00bb down_style=\u00bbpx\u00bb][\/vc_column][\/vc_row][vc_row row_type=\u00bbrow\u00bb use_row_as_full_screen_section=\u00bbno\u00bb type=\u00bbfull_width\u00bb oblique_section=\u00bbno\u00bb text_align=\u00bbleft\u00bb Overflow=\u00bb\u00bb triangle_shape=\u00bbno\u00bb css_animation=\u00bb\u00bb overflow=\u00bb\u00bb][vc_column][vc_empty_space image_repeat=\u00bbno-repeat\u00bb][\/vc_column][\/vc_row][vc_row row_type=\u00bbrow\u00bb use_row_as_full_screen_section=\u00bbno\u00bb type=\u00bbfull_width\u00bb oblique_section=\u00bbno\u00bb text_align=\u00bbleft\u00bb Overflow=\u00bb\u00bb triangle_shape=\u00bbno\u00bb css_animation=\u00bb\u00bb overflow=\u00bb\u00bb][vc_column][vc_empty_space image_repeat=\u00bbno-repeat\u00bb][\/vc_column][\/vc_row][vc_row row_type=\u00bbrow\u00bb use_row_as_full_screen_section=\u00bbno\u00bb type=\u00bbfull_width\u00bb oblique_section=\u00bbno\u00bb text_align=\u00bbleft\u00bb Overflow=\u00bb\u00bb triangle_shape=\u00bbno\u00bb css_animation=\u00bb\u00bb overflow=\u00bb\u00bb][vc_column][vc_empty_space image_repeat=\u00bbno-repeat\u00bb][\/vc_column][\/vc_row]<\/p>\n","protected":false},"excerpt":{"rendered":"<p>15680<\/p>\n","protected":false},"author":5,"featured_media":0,"parent":0,"menu_order":0,"comment_status":"closed","ping_status":"closed","template":"full_width.php","meta":{"footnotes":""},"class_list":["post-15680","page","type-page","status-publish","hentry"],"_links":{"self":[{"href":"https:\/\/www.poderjudicialcdmx.gob.mx\/estadistica\/wp-json\/wp\/v2\/pages\/15680"}],"collection":[{"href":"https:\/\/www.poderjudicialcdmx.gob.mx\/estadistica\/wp-json\/wp\/v2\/pages"}],"about":[{"href":"https:\/\/www.poderjudicialcdmx.gob.mx\/estadistica\/wp-json\/wp\/v2\/types\/page"}],"author":[{"embeddable":true,"href":"https:\/\/www.poderjudicialcdmx.gob.mx\/estadistica\/wp-json\/wp\/v2\/users\/5"}],"replies":[{"embeddable":true,"href":"https:\/\/www.poderjudicialcdmx.gob.mx\/estadistica\/wp-json\/wp\/v2\/comments?post=15680"}],"version-history":[{"count":30,"href":"https:\/\/www.poderjudicialcdmx.gob.mx\/estadistica\/wp-json\/wp\/v2\/pages\/15680\/revisions"}],"predecessor-version":[{"id":21710,"href":"https:\/\/www.poderjudicialcdmx.gob.mx\/estadistica\/wp-json\/wp\/v2\/pages\/15680\/revisions\/21710"}],"wp:attachment":[{"href":"https:\/\/www.poderjudicialcdmx.gob.mx\/estadistica\/wp-json\/wp\/v2\/media?parent=15680"}],"curies":[{"name":"wp","href":"https:\/\/api.w.org\/{rel}","templated":true}]}}