{"id":15763,"date":"2024-07-03T18:11:52","date_gmt":"2024-07-03T18:11:52","guid":{"rendered":"http:\/\/www.poderjudicialcdmx.gob.mx\/estadistica\/?page_id=17200"},"modified":"2024-10-15T18:19:37","modified_gmt":"2024-10-15T18:19:37","slug":"documentos-de-interes","status":"publish","type":"page","link":"https:\/\/www.poderjudicialcdmx.gob.mx\/estadistica\/documentos-de-interes\/","title":{"rendered":"Documentos de Inter\u00e9s"},"content":{"rendered":"<p>[vc_row row_type=\u00bbrow\u00bb use_row_as_full_screen_section=\u00bbno\u00bb type=\u00bbgrid\u00bb oblique_section=\u00bbno\u00bb text_align=\u00bbcenter\u00bb Overflow=\u00bb\u00bb triangle_shape=\u00bbno\u00bb background_image=\u00bb17132&#8243; background_color=\u00bb#ffffff\u00bb padding_top=\u00bb10%\u00bb css_animation=\u00bb\u00bb overflow=\u00bb\u00bb el_id=\u00bbimagen_cabeza\u00bb][vc_column][vc_separator type=\u00bbtransparent\u00bb up=\u00bb60&#8243; up_style=\u00bbpx\u00bb down_style=\u00bbpx\u00bb][no_elements_holder number_of_columns=\u00bbone_column\u00bb switch_to_one_column=\u00bb\u00bb alignment_one_column=\u00bbcenter\u00bb][no_elements_holder_item item_padding=\u00bb19% 0% 0% 0%\u00bb aligment=\u00bbcenter\u00bb vertical_alignment=\u00bbmiddle\u00bb animation_name=\u00bbgrow_in\u00bb advanced_animations=\u00bbno\u00bb item_padding_1300_1600=\u00bb10% 0% 0% 0%\u00bb item_padding_1024_1300=\u00bb13% 0% 0% 0%\u00bb item_padding_768_1024=\u00bb20% 0% 9% 0%\u00bb item_padding_600_768=\u00bb20% 0% 9% 0%\u00bb][vc_row_inner row_type=\u00bbrow\u00bb type=\u00bbfull_width\u00bb use_row_as_full_screen_section_slide=\u00bbno\u00bb text_align=\u00bbcenter\u00bb css_animation=\u00bb\u00bb][vc_column_inner][vc_separator type=\u00bbtransparent\u00bb up=\u00bb250&#8243; up_style=\u00bbpx\u00bb down=\u00bb0&#8243; down_style=\u00bbpx\u00bb][\/vc_column_inner][\/vc_row_inner][\/no_elements_holder_item][\/no_elements_holder][\/vc_column][\/vc_row][vc_row row_type=\u00bbrow\u00bb use_row_as_full_screen_section=\u00bbno\u00bb type=\u00bbfull_width\u00bb oblique_section=\u00bbno\u00bb text_align=\u00bbcenter\u00bb Overflow=\u00bb\u00bb triangle_shape=\u00bbno\u00bb css_animation=\u00bb\u00bb overflow=\u00bb\u00bb el_id=\u00bbtexto_titulo\u00bb][vc_column][vc_separator type=\u00bbtransparent\u00bb up=\u00bb60&#8243; up_style=\u00bbpx\u00bb down=\u00bb0&#8243; down_style=\u00bbpx\u00bb][vc_column_text]<\/p>\n<p id=\"avisos\" style=\"text-align: center;font-size: 46px;color: #f8b329;font-weight: 600;line-height: 50px\"><span style=\"color: #651420\">Documentos de Inter\u00e9s<\/span><\/p>\n<p>[\/vc_column_text][vc_separator type=\u00bbtransparent\u00bb up=\u00bb60&#8243; up_style=\u00bbpx\u00bb down=\u00bb0&#8243; down_style=\u00bbpx\u00bb][\/vc_column][\/vc_row][vc_row row_type=\u00bbrow\u00bb use_row_as_full_screen_section=\u00bbno\u00bb type=\u00bbfull_width\u00bb oblique_section=\u00bbno\u00bb text_align=\u00bbleft\u00bb Overflow=\u00bb\u00bb triangle_shape=\u00bbno\u00bb css_animation=\u00bb\u00bb overflow=\u00bb\u00bb el_id=\u00bbboton1_boton2_boton3&#8243; el_class=\u00bbbotones_enlace\u00bb][vc_column][vc_row_inner row_type=\u00bbrow\u00bb type=\u00bbfull_width\u00bb use_row_as_full_screen_section_slide=\u00bbno\u00bb text_align=\u00bbleft\u00bb css_animation=\u00bb\u00bb][vc_column_inner][vc_empty_space height=\u00bb50px\u00bb image_repeat=\u00bbno-repeat\u00bb][no_elements_holder number_of_columns=\u00bbsix_columns\u00bb switch_to_one_column=\u00bb\u00bb][no_elements_holder_item aligment=\u00bbleft\u00bb vertical_alignment=\u00bb\u00bb advanced_animations=\u00bbno\u00bb][vc_separator type=\u00bbtransparent\u00bb up_style=\u00bbpx\u00bb down_style=\u00bbpx\u00bb][vc_single_image image=\u00bb16059&#8243; alignment=\u00bbcenter\u00bb onclick=\u00bbcustom_link\u00bb img_link_target=\u00bb_blank\u00bb mkd_css_animation=\u00bb\u00bb set_shader=\u00bbno\u00bb set_popup=\u00bbno\u00bb animate_image_on_hover=\u00bbzoom\u00bb link=\u00bbhttp:\/\/poderjudicialcdmx.gob.mx\/estadistica\/wp-content\/uploads\/marcoConceptualCompleto.pdf\u00bb][vc_separator type=\u00bbtransparent\u00bb up_style=\u00bbpx\u00bb down_style=\u00bbpx\u00bb]<div class=\"custom_font_holder  \" style=\"font-family: lato; font-size: 18px; line-height: 20px; font-style: normal; font-weight: 700; color: #8f2829; text-decoration: none; text-transform: none; text-align: center\" data-font-size=18 data-line-height=20 ><div  ><p><strong>Marco Conceptual Homologado de la Estad\u00edstica de la materia Penal del Sistema Acusatorio<\/strong><\/p>\n<\/div><\/div>[vc_separator type=\u00bbtransparent\u00bb up_style=\u00bbpx\u00bb down_style=\u00bbpx\u00bb][\/no_elements_holder_item][no_elements_holder_item aligment=\u00bbleft\u00bb vertical_alignment=\u00bb\u00bb advanced_animations=\u00bbno\u00bb][vc_separator type=\u00bbtransparent\u00bb up_style=\u00bbpx\u00bb down_style=\u00bbpx\u00bb][vc_single_image image=\u00bb16062&#8243; alignment=\u00bbcenter\u00bb onclick=\u00bbcustom_link\u00bb img_link_target=\u00bb_blank\u00bb mkd_css_animation=\u00bb\u00bb set_shader=\u00bbno\u00bb set_popup=\u00bbno\u00bb animate_image_on_hover=\u00bbzoom\u00bb link=\u00bbhttp:\/\/www.poderjudicialcdmx.gob.mx\/estadistica\/wp-content\/uploads\/Anexo-Marco-Conceptual.pdf\u00bb][vc_separator type=\u00bbtransparent\u00bb up_style=\u00bbpx\u00bb down_style=\u00bbpx\u00bb]<div class=\"custom_font_holder  \" style=\"font-family: lato; font-size: 18px; line-height: 20px; font-style: normal; font-weight: 700; color: #8f2829; text-decoration: none; text-transform: none; text-align: center\" data-font-size=18 data-line-height=20 ><div  ><p><strong>Anexo al Marco Conceptual Homologado de la Estad\u00edstica de la materia Penal del Sistema Acusatorio\u00a0<\/strong><\/p>\n<\/div><\/div>[vc_separator type=\u00bbtransparent\u00bb up_style=\u00bbpx\u00bb down_style=\u00bbpx\u00bb][\/no_elements_holder_item][no_elements_holder_item aligment=\u00bbleft\u00bb vertical_alignment=\u00bb\u00bb advanced_animations=\u00bbno\u00bb][vc_separator type=\u00bbtransparent\u00bb up_style=\u00bbpx\u00bb down_style=\u00bbpx\u00bb][vc_single_image image=\u00bb16061&#8243; alignment=\u00bbcenter\u00bb onclick=\u00bbcustom_link\u00bb img_link_target=\u00bb_blank\u00bb mkd_css_animation=\u00bb\u00bb set_shader=\u00bbno\u00bb set_popup=\u00bbno\u00bb animate_image_on_hover=\u00bbzoom\u00bb link=\u00bbhttp:\/\/www.poderjudicialcdmx.gob.mx\/estadistica\/wp-content\/uploads\/Marco-Conceptual-Adolescentes.pdf\u00bb][vc_separator type=\u00bbtransparent\u00bb up_style=\u00bbpx\u00bb down_style=\u00bbpx\u00bb]<div class=\"custom_font_holder  \" style=\"font-family: lato; font-size: 18px; line-height: 20px; font-style: normal; font-weight: 700; color: #8f2829; text-decoration: none; text-transform: none; text-align: center\" data-font-size=18 data-line-height=20 ><div  ><p><strong>Marco Conceptual Homologado de la Estad\u00edstica del Sistema Penal\u00a0Oral en materia de Justicia para Adolescentes\u00a0<\/strong><\/p>\n<\/div><\/div>[vc_separator type=\u00bbtransparent\u00bb up_style=\u00bbpx\u00bb down_style=\u00bbpx\u00bb][\/no_elements_holder_item][\/no_elements_holder][no_elements_holder number_of_columns=\u00bbsix_columns\u00bb switch_to_one_column=\u00bb\u00bb][no_elements_holder_item aligment=\u00bbleft\u00bb vertical_alignment=\u00bb\u00bb advanced_animations=\u00bbno\u00bb][vc_separator type=\u00bbtransparent\u00bb up_style=\u00bbpx\u00bb down_style=\u00bbpx\u00bb][vc_single_image image=\u00bb16060&#8243; alignment=\u00bbcenter\u00bb onclick=\u00bbcustom_link\u00bb img_link_target=\u00bb_blank\u00bb mkd_css_animation=\u00bb\u00bb set_shader=\u00bbno\u00bb set_popup=\u00bbno\u00bb animate_image_on_hover=\u00bbzoom\u00bb link=\u00bbhttp:\/\/www.poderjudicialcdmx.gob.mx\/estadistica\/wp-content\/uploads\/ET-Sistema-Estad\u00edstico-Judicial.pdf\u00bb][vc_separator type=\u00bbtransparent\u00bb up_style=\u00bbpx\u00bb down_style=\u00bbpx\u00bb]<div class=\"custom_font_holder  \" style=\"font-family: lato; font-size: 18px; line-height: 20px; font-style: normal; font-weight: 700; color: #8f2829; text-decoration: none; text-transform: none; text-align: center\" data-font-size=18 data-line-height=20 ><div  ><p>Est\u00e1ndar T\u00e9cnico del Sistema Estad\u00edstico Judicial en materia Oral Mercantil<\/p>\n<\/div><\/div>[vc_separator type=\u00bbtransparent\u00bb up_style=\u00bbpx\u00bb down_style=\u00bbpx\u00bb][\/no_elements_holder_item][no_elements_holder_item aligment=\u00bbleft\u00bb vertical_alignment=\u00bb\u00bb advanced_animations=\u00bbno\u00bb][vc_separator type=\u00bbtransparent\u00bb up_style=\u00bbpx\u00bb down_style=\u00bbpx\u00bb][vc_single_image image=\u00bb16062&#8243; alignment=\u00bbcenter\u00bb onclick=\u00bbcustom_link\u00bb img_link_target=\u00bb_blank\u00bb mkd_css_animation=\u00bb\u00bb set_shader=\u00bbno\u00bb set_popup=\u00bbno\u00bb animate_image_on_hover=\u00bbzoom\u00bb link=\u00bbhttps:\/\/www.poderjudicialcdmx.gob.mx\/estadistica\/wp-content\/uploads\/Lineamientos-estad\u00edstica-del-Poder-Judicial.pdf\u00bb][vc_separator type=\u00bbtransparent\u00bb up_style=\u00bbpx\u00bb down_style=\u00bbpx\u00bb]<div class=\"custom_font_holder  \" style=\"font-family: lato; font-size: 18px; line-height: 20px; font-style: normal; font-weight: 700; color: #8f2829; text-decoration: none; text-transform: none; text-align: center\" data-font-size=18 data-line-height=20 ><div  ><p><strong>Lineamientos de Estad\u00edstica<\/strong><\/p>\n<\/div><\/div>[vc_separator type=\u00bbtransparent\u00bb up_style=\u00bbpx\u00bb down_style=\u00bbpx\u00bb][\/no_elements_holder_item][no_elements_holder_item aligment=\u00bbleft\u00bb vertical_alignment=\u00bb\u00bb advanced_animations=\u00bbno\u00bb][vc_separator type=\u00bbtransparent\u00bb up_style=\u00bbpx\u00bb down_style=\u00bbpx\u00bb][vc_single_image image=\u00bb16061&#8243; alignment=\u00bbcenter\u00bb onclick=\u00bbcustom_link\u00bb img_link_target=\u00bb_blank\u00bb mkd_css_animation=\u00bb\u00bb set_shader=\u00bbno\u00bb set_popup=\u00bbno\u00bb animate_image_on_hover=\u00bbzoom\u00bb link=\u00bbhttp:\/\/www.poderjudicialcdmx.gob.mx\/estadistica\/wp-content\/uploads\/CATALOGO-DE-JUICIOS-Y-PROCEDIMIENTOS-2017.pdf\u00bb][vc_separator type=\u00bbtransparent\u00bb up_style=\u00bbpx\u00bb down_style=\u00bbpx\u00bb]<div class=\"custom_font_holder  \" style=\"font-family: lato; font-size: 18px; line-height: 20px; font-style: normal; font-weight: 700; color: #8f2829; text-decoration: none; text-transform: none; text-align: center\" data-font-size=18 data-line-height=20 ><div  ><p><strong>Cat\u00e1logo de Juicios y Acciones del TSJCDMX<\/strong><\/p>\n<\/div><\/div>[vc_separator type=\u00bbtransparent\u00bb up_style=\u00bbpx\u00bb down_style=\u00bbpx\u00bb][\/no_elements_holder_item][\/no_elements_holder][\/vc_column_inner][\/vc_row_inner][\/vc_column][\/vc_row][vc_row row_type=\u00bbrow\u00bb use_row_as_full_screen_section=\u00bbno\u00bb type=\u00bbfull_width\u00bb oblique_section=\u00bbno\u00bb text_align=\u00bbleft\u00bb Overflow=\u00bb\u00bb triangle_shape=\u00bbno\u00bb css_animation=\u00bb\u00bb overflow=\u00bb\u00bb el_id=\u00bbboton4_boton5_boton6&#8243; el_class=\u00bbbotones_enlace\u00bb][vc_column][vc_row_inner row_type=\u00bbrow\u00bb type=\u00bbfull_width\u00bb use_row_as_full_screen_section_slide=\u00bbno\u00bb text_align=\u00bbleft\u00bb css_animation=\u00bb\u00bb][vc_column_inner][no_elements_holder number_of_columns=\u00bbsix_columns\u00bb switch_to_one_column=\u00bb\u00bb][no_elements_holder_item aligment=\u00bbleft\u00bb vertical_alignment=\u00bb\u00bb advanced_animations=\u00bbno\u00bb][vc_separator type=\u00bbtransparent\u00bb up_style=\u00bbpx\u00bb down_style=\u00bbpx\u00bb][vc_single_image image=\u00bb16059&#8243; alignment=\u00bbcenter\u00bb onclick=\u00bbcustom_link\u00bb img_link_target=\u00bb_blank\u00bb mkd_css_animation=\u00bb\u00bb set_shader=\u00bbno\u00bb set_popup=\u00bbno\u00bb animate_image_on_hover=\u00bbzoom\u00bb link=\u00bbhttp:\/\/www.poderjudicialcdmx.gob.mx\/estadistica\/wp-content\/uploads\/CUDDF.pdf\u00bb][vc_separator type=\u00bbtransparent\u00bb up_style=\u00bbpx\u00bb down_style=\u00bbpx\u00bb]<div class=\"custom_font_holder  \" style=\"font-family: lato; font-size: 18px; line-height: 20px; font-style: normal; font-weight: 700; color: #8f2829; text-decoration: none; text-transform: none; text-align: center\" data-font-size=18 data-line-height=20 ><div  ><p><strong>Cat\u00e1logo \u00danico de Delitos para la CDMX<\/strong><\/p>\n<\/div><\/div>[vc_separator type=\u00bbtransparent\u00bb up_style=\u00bbpx\u00bb down_style=\u00bbpx\u00bb][\/no_elements_holder_item][no_elements_holder_item aligment=\u00bbleft\u00bb vertical_alignment=\u00bb\u00bb advanced_animations=\u00bbno\u00bb][vc_separator type=\u00bbtransparent\u00bb up_style=\u00bbpx\u00bb down_style=\u00bbpx\u00bb][vc_single_image image=\u00bb16060&#8243; alignment=\u00bbcenter\u00bb onclick=\u00bbcustom_link\u00bb img_link_target=\u00bb_blank\u00bb mkd_css_animation=\u00bb\u00bb set_shader=\u00bbno\u00bb set_popup=\u00bbno\u00bb animate_image_on_hover=\u00bbzoom\u00bb link=\u00bbhttps:\/\/www.poderjudicialcdmx.gob.mx\/estadistica\/wp-content\/uploads\/Guia-tec-pres-inf.pdf\u00bb][vc_separator type=\u00bbtransparent\u00bb up_style=\u00bbpx\u00bb down_style=\u00bbpx\u00bb]<div class=\"custom_font_holder  \" style=\"font-family: lato; font-size: 18px; line-height: 20px; font-style: normal; font-weight: 700; color: #8f2829; text-decoration: none; text-transform: none; text-align: center\" data-font-size=18 data-line-height=20 ><div  ><p><strong>Gu\u00eda para la Presentaci\u00f3n de Informaci\u00f3n<\/strong><\/p>\n<\/div><\/div>[vc_separator type=\u00bbtransparent\u00bb up_style=\u00bbpx\u00bb down_style=\u00bbpx\u00bb][\/no_elements_holder_item][\/no_elements_holder][vc_separator type=\u00bbtransparent\u00bb up_style=\u00bbpx\u00bb down=\u00bb35&#8243; down_style=\u00bbpx\u00bb][\/vc_column_inner][\/vc_row_inner][\/vc_column][\/vc_row][vc_row row_type=\u00bbrow\u00bb use_row_as_full_screen_section=\u00bbno\u00bb type=\u00bbfull_width\u00bb oblique_section=\u00bbno\u00bb text_align=\u00bbleft\u00bb Overflow=\u00bb\u00bb triangle_shape=\u00bbno\u00bb css_animation=\u00bb\u00bb overflow=\u00bb\u00bb el_id=\u00bbboton7_boton8_boton9&#8243; el_class=\u00bbbotones_enlace\u00bb][vc_column][\/vc_column][\/vc_row][vc_row row_type=\u00bbrow\u00bb use_row_as_full_screen_section=\u00bbno\u00bb type=\u00bbfull_width\u00bb oblique_section=\u00bbno\u00bb text_align=\u00bbleft\u00bb Overflow=\u00bb\u00bb triangle_shape=\u00bbno\u00bb css_animation=\u00bb\u00bb overflow=\u00bb\u00bb][vc_column][vc_empty_space image_repeat=\u00bbno-repeat\u00bb][\/vc_column][\/vc_row][vc_row row_type=\u00bbrow\u00bb use_row_as_full_screen_section=\u00bbno\u00bb type=\u00bbfull_width\u00bb oblique_section=\u00bbno\u00bb text_align=\u00bbleft\u00bb Overflow=\u00bb\u00bb triangle_shape=\u00bbno\u00bb css_animation=\u00bb\u00bb overflow=\u00bb\u00bb][vc_column][vc_column_text]<\/p>\n<p style=\"text-align: right\">\u00daltima fecha de actualizaci\u00f3n: junio 2018.<\/p>\n<p>[\/vc_column_text][\/vc_column][\/vc_row][vc_row row_type=\u00bbrow\u00bb use_row_as_full_screen_section=\u00bbno\u00bb type=\u00bbfull_width\u00bb oblique_section=\u00bbno\u00bb text_align=\u00bbleft\u00bb Overflow=\u00bb\u00bb triangle_shape=\u00bbno\u00bb css_animation=\u00bb\u00bb][vc_column][vc_empty_space height=\u00bb20px\u00bb image_repeat=\u00bbno-repeat\u00bb][\/vc_column][\/vc_row]<\/p>\n","protected":false},"excerpt":{"rendered":"<p>[vc_row row_type=\u00bbrow\u00bb use_row_as_full_screen_section=\u00bbno\u00bb type=\u00bbgrid\u00bb oblique_section=\u00bbno\u00bb text_align=\u00bbcenter\u00bb Overflow=\u00bb\u00bb triangle_shape=\u00bbno\u00bb background_image=\u00bb17132&#8243; background_color=\u00bb#ffffff\u00bb padding_top=\u00bb10%\u00bb css_animation=\u00bb\u00bb overflow=\u00bb\u00bb el_id=\u00bbimagen_cabeza\u00bb][vc_column][vc_separator type=\u00bbtransparent\u00bb up=\u00bb60&#8243; up_style=\u00bbpx\u00bb down_style=\u00bbpx\u00bb][no_elements_holder number_of_columns=\u00bbone_column\u00bb switch_to_one_column=\u00bb\u00bb alignment_one_column=\u00bbcenter\u00bb][no_elements_holder_item item_padding=\u00bb19% 0% 0% 0%\u00bb aligment=\u00bbcenter\u00bb vertical_alignment=\u00bbmiddle\u00bb animation_name=\u00bbgrow_in\u00bb advanced_animations=\u00bbno\u00bb item_padding_1300_1600=\u00bb10% 0% 0% 0%\u00bb item_padding_1024_1300=\u00bb13% 0% 0% 0%\u00bb item_padding_768_1024=\u00bb20% 0% 9% 0%\u00bb item_padding_600_768=\u00bb20% 0% 9% 0%\u00bb][vc_row_inner&#8230;<\/p>\n","protected":false},"author":16,"featured_media":0,"parent":0,"menu_order":0,"comment_status":"closed","ping_status":"closed","template":"","meta":{"footnotes":""},"class_list":["post-15763","page","type-page","status-publish","hentry"],"_links":{"self":[{"href":"https:\/\/www.poderjudicialcdmx.gob.mx\/estadistica\/wp-json\/wp\/v2\/pages\/15763"}],"collection":[{"href":"https:\/\/www.poderjudicialcdmx.gob.mx\/estadistica\/wp-json\/wp\/v2\/pages"}],"about":[{"href":"https:\/\/www.poderjudicialcdmx.gob.mx\/estadistica\/wp-json\/wp\/v2\/types\/page"}],"author":[{"embeddable":true,"href":"https:\/\/www.poderjudicialcdmx.gob.mx\/estadistica\/wp-json\/wp\/v2\/users\/16"}],"replies":[{"embeddable":true,"href":"https:\/\/www.poderjudicialcdmx.gob.mx\/estadistica\/wp-json\/wp\/v2\/comments?post=15763"}],"version-history":[{"count":52,"href":"https:\/\/www.poderjudicialcdmx.gob.mx\/estadistica\/wp-json\/wp\/v2\/pages\/15763\/revisions"}],"predecessor-version":[{"id":22142,"href":"https:\/\/www.poderjudicialcdmx.gob.mx\/estadistica\/wp-json\/wp\/v2\/pages\/15763\/revisions\/22142"}],"wp:attachment":[{"href":"https:\/\/www.poderjudicialcdmx.gob.mx\/estadistica\/wp-json\/wp\/v2\/media?parent=15763"}],"curies":[{"name":"wp","href":"https:\/\/api.w.org\/{rel}","templated":true}]}}