{"id":17717,"date":"2025-03-13T20:03:23","date_gmt":"2025-03-13T20:03:23","guid":{"rendered":"http:\/\/www.poderjudicialcdmx.gob.mx\/estadistica\/?page_id=17717"},"modified":"2025-03-13T20:03:23","modified_gmt":"2025-03-13T20:03:23","slug":"ejecucion-de-sanciones","status":"publish","type":"page","link":"https:\/\/www.poderjudicialcdmx.gob.mx\/estadistica\/ejecucion-de-sanciones\/","title":{"rendered":"Ejecuci\u00f3n de sanciones"},"content":{"rendered":"<p>[vc_row row_type=\u00bbrow\u00bb use_row_as_full_screen_section=\u00bbno\u00bb type=\u00bbfull_width\u00bb oblique_section=\u00bbno\u00bb text_align=\u00bbcenter\u00bb Overflow=\u00bb\u00bb triangle_shape=\u00bbno\u00bb background_image=\u00bb18845&#8243; padding_top=\u00bb150&#8243; padding_bottom=\u00bb50&#8243; css_animation=\u00bb\u00bb overflow=\u00bb\u00bb box_shadow_on_row=\u00bbno\u00bb el_id=\u00bbimagen_cabeza\u00bb][vc_column][vc_separator type=\u00bbtransparent\u00bb up=\u00bb150&#8243; up_style=\u00bbpx\u00bb down=\u00bb0&#8243; down_style=\u00bbpx\u00bb][\/vc_column][\/vc_row][vc_row row_type=\u00bbrow\u00bb use_row_as_full_screen_section=\u00bbno\u00bb type=\u00bbgrid\u00bb oblique_section=\u00bbno\u00bb text_align=\u00bbcenter\u00bb Overflow=\u00bb\u00bb triangle_shape=\u00bbno\u00bb padding_top=\u00bb50&#8243; padding_bottom=\u00bb25&#8243; css_animation=\u00bbelement_from_fade\u00bb overflow=\u00bb\u00bb box_shadow_on_row=\u00bbno\u00bb el_id=\u00bbtexto_titulo\u00bb][vc_column][vc_separator type=\u00bbtransparent\u00bb up=\u00bb18&#8243; up_style=\u00bbpx\u00bb down=\u00bb0&#8243; down_style=\u00bbpx\u00bb][vc_column_text][\/vc_column_text][\/vc_column][\/vc_row][vc_row row_type=\u00bbrow\u00bb use_row_as_full_screen_section=\u00bbno\u00bb type=\u00bbgrid\u00bb oblique_section=\u00bbno\u00bb text_align=\u00bbcenter\u00bb Overflow=\u00bb\u00bb triangle_shape=\u00bbno\u00bb padding_top=\u00bb50&#8243; padding_bottom=\u00bb25&#8243; css_animation=\u00bb\u00bb overflow=\u00bb\u00bb box_shadow_on_row=\u00bbno\u00bb el_id=\u00bbnombre_indicador\u00bb][vc_column][vc_column_text]<\/p>\n<h1 style=\"text-align: center\"><span style=\"color: #923844\"><strong>Ejecuci\u00f3n de sanciones penales<\/strong><\/span><\/h1>\n<p>[\/vc_column_text][\/vc_column][\/vc_row][vc_row row_type=\u00bbrow\u00bb use_row_as_full_screen_section=\u00bbno\u00bb type=\u00bbgrid\u00bb oblique_section=\u00bbno\u00bb text_align=\u00bbcenter\u00bb Overflow=\u00bb\u00bb triangle_shape=\u00bbno\u00bb padding_top=\u00bb50&#8243; padding_bottom=\u00bb25&#8243; css_animation=\u00bb\u00bb overflow=\u00bb\u00bb box_shadow_on_row=\u00bbno\u00bb el_id=\u00bbsubtitulo_1&#8243;][vc_column][vc_column_text]<\/p>\n<h3 style=\"text-align: center\"><span style=\"color: #923844\">N\u00famero y distribuci\u00f3n porcentual de las solicitudes para el otorgamiento de beneficios, seg\u00fan si fueron concedidos o negados, desagregado por sexo de las personas solicitantes, 2023<\/span><\/h3>\n<p>[\/vc_column_text][vc_separator type=\u00bbtransparent\u00bb up_style=\u00bbpx\u00bb down=\u00bb0&#8243; down_style=\u00bbpx\u00bb][\/vc_column][\/vc_row][vc_row row_type=\u00bbrow\u00bb use_row_as_full_screen_section=\u00bbno\u00bb type=\u00bbfull_width\u00bb oblique_section=\u00bbno\u00bb text_align=\u00bbleft\u00bb Overflow=\u00bb\u00bb triangle_shape=\u00bbno\u00bb css_animation=\u00bb\u00bb overflow=\u00bb\u00bb el_id=\u00bbgrafica_1&#8243;][vc_column][vc_single_image image=\u00bb22404&#8243; img_size=\u00bbfull\u00bb alignment=\u00bbcenter\u00bb onclick=\u00bblink_image\u00bb mkd_css_animation=\u00bb\u00bb set_shader=\u00bbno\u00bb set_popup=\u00bbno\u00bb animate_image_on_hover=\u00bbno\u00bb][\/vc_column][\/vc_row][vc_row row_type=\u00bbrow\u00bb use_row_as_full_screen_section=\u00bbno\u00bb type=\u00bbgrid\u00bb oblique_section=\u00bbno\u00bb text_align=\u00bbleft\u00bb Overflow=\u00bb\u00bb triangle_shape=\u00bbno\u00bb css_animation=\u00bb\u00bb overflow=\u00bb\u00bb][vc_column width=\u00bb1\/2&#8243;][no_accordion active_tab=\u00bbfalse\u00bb collapsible=\u00bbyes\u00bb style=\u00bbboxed_accordion\u00bb hide_icon=\u00bbyes\u00bb title_alignment=\u00bbcenter\u00bb][no_accordion_section title=\u00bbMetadatos\u00bb title_color=\u00bb#651420&#8243; mark_icon_color_hover=\u00bb#ffffff\u00bb background_color=\u00bb#d9a3a1&#8243; title_tag=\u00bbh2&#8243;][vc_column_text]<\/p>\n<p style=\"text-align: left\"><span style=\"color: #000000\"><strong>Fuente:<\/strong> Direcci\u00f3n de Estad\u00edstica de la Presidencia, con informaci\u00f3n de los juzgados de ejecuci\u00f3n de sanciones penales del Sistema de Justicia Tradicional, todos del TSJCDMX.<\/span><br \/>\n<span style=\"color: #000000\"><strong>Periodicidad:<\/strong> Mensual.<\/span><br \/>\n<span style=\"color: #000000\"><strong>Cobertura:<\/strong> Ciudad de M\u00e9xico.<\/span><br \/>\n<span style=\"color: #000000\"><strong>Unidad de observaci\u00f3n:<\/strong> Solicitudes para el otorgamiento de beneficios.<\/span><br \/>\n<span style=\"color: #000000\"><strong>Desagregaci\u00f3n:<\/strong> Resoluci\u00f3n de la solicitud y sexo de las personas solicitantes.<\/span><br \/>\n<span style=\"color: #000000\"><strong>Periodo de reporte:<\/strong> 2023.<\/span><br \/>\n<span style=\"color: #000000\"><strong>Nota:<\/strong> El rubro \u00abResto\u00bb agrega solicitudes de otorgamiento de beneficios suspendidos, revocados, que causaron firmeza y cumplidos.<\/span><\/p>\n<p>[\/vc_column_text][vc_separator type=\u00bbtransparent\u00bb up_style=\u00bbpx\u00bb down_style=\u00bbpx\u00bb][vc_column_text]<\/p>\n<p style=\"text-align: left\"><span style=\"color: #000000\"><a style=\"color: #000000\" href=\"https:\/\/www.poderjudicialcdmx.gob.mx\/estadistica\/wp-content\/uploads\/8.1_ESP_24.xlsx\" target=\"_blank\" rel=\"noopener noreferrer\"><strong>Ver documento Excel<\/strong><\/a><\/span><\/p>\n<p>[\/vc_column_text][\/no_accordion_section][\/no_accordion][\/vc_column][vc_column width=\u00bb1\/2&#8243;][no_accordion active_tab=\u00bbfalse\u00bb collapsible=\u00bbyes\u00bb style=\u00bbboxed_accordion\u00bb hide_icon=\u00bbyes\u00bb title_alignment=\u00bbcenter\u00bb][no_accordion_section title=\u00bbF\u00d3RMULA\u00bb title_color=\u00bb#651420&#8243; mark_icon_color_hover=\u00bb#ffffff\u00bb background_color=\u00bb#d9a3a1&#8243; title_tag=\u00bbh2&#8243;][vc_column_text]<\/p>\n<p style=\"text-align: left\"><span style=\"color: #000000\"><img loading=\"lazy\" decoding=\"async\" class=\"size-full wp-image-17723 aligncenter\" src=\"http:\/\/www.poderjudicialcdmx.gob.mx\/estadistica\/wp-content\/uploads\/Fomula-1.png\" alt=\"\" width=\"180\" height=\"72\" \/><\/span><\/p>\n<p style=\"text-align: left\"><span style=\"color: #000000\"><strong>Donde:<br \/>\n%S= <\/strong>Porcentaje de solicitudes de beneficios concedidos o negados por sexo.<\/span><br \/>\n<span style=\"color: #000000\"><strong>Nb =<\/strong> N\u00famero de solicitudes de beneficios concedidos o negados por sexo.<\/span><br \/>\n<span style=\"color: #000000\"><strong>Ts<\/strong> <strong>=<\/strong> Total de solicitudes de beneficios por sexo.<\/span><\/p>\n<p>[\/vc_column_text][\/no_accordion_section][\/no_accordion][\/vc_column][\/vc_row][vc_row row_type=\u00bbrow\u00bb use_row_as_full_screen_section=\u00bbno\u00bb type=\u00bbgrid\u00bb oblique_section=\u00bbno\u00bb text_align=\u00bbcenter\u00bb Overflow=\u00bb\u00bb triangle_shape=\u00bbno\u00bb padding_top=\u00bb50&#8243; padding_bottom=\u00bb25&#8243; css_animation=\u00bb\u00bb overflow=\u00bb\u00bb box_shadow_on_row=\u00bbno\u00bb][vc_column][vc_column_text]<\/p>\n<h3 style=\"text-align: center\"><span style=\"color: #923844\">N\u00famero y distribuci\u00f3n porcentual de las personas con beneficios concedidos, seg\u00fan tipo de beneficio y sexo, 2023<\/span><\/h3>\n<p>[\/vc_column_text][vc_separator type=\u00bbtransparent\u00bb up_style=\u00bbpx\u00bb down=\u00bb0&#8243; down_style=\u00bbpx\u00bb][\/vc_column][\/vc_row][vc_row row_type=\u00bbrow\u00bb use_row_as_full_screen_section=\u00bbno\u00bb type=\u00bbfull_width\u00bb oblique_section=\u00bbno\u00bb text_align=\u00bbleft\u00bb Overflow=\u00bb\u00bb triangle_shape=\u00bbno\u00bb css_animation=\u00bb\u00bb overflow=\u00bb\u00bb][vc_column][vc_single_image image=\u00bb22405&#8243; img_size=\u00bbfull\u00bb alignment=\u00bbcenter\u00bb onclick=\u00bblink_image\u00bb mkd_css_animation=\u00bb\u00bb set_shader=\u00bbno\u00bb set_popup=\u00bbno\u00bb animate_image_on_hover=\u00bbno\u00bb][\/vc_column][\/vc_row][vc_row row_type=\u00bbrow\u00bb use_row_as_full_screen_section=\u00bbno\u00bb type=\u00bbgrid\u00bb oblique_section=\u00bbno\u00bb text_align=\u00bbleft\u00bb Overflow=\u00bb\u00bb triangle_shape=\u00bbno\u00bb css_animation=\u00bb\u00bb overflow=\u00bb\u00bb el_id=\u00bbmetadatos_formula_1&#8243;][vc_column width=\u00bb1\/2&#8243;][no_accordion active_tab=\u00bbfalse\u00bb collapsible=\u00bbyes\u00bb style=\u00bbboxed_accordion\u00bb hide_icon=\u00bbyes\u00bb title_alignment=\u00bbcenter\u00bb][no_accordion_section title=\u00bbMetadatos\u00bb title_color=\u00bb#651420&#8243; mark_icon_color_hover=\u00bb#ffffff\u00bb background_color=\u00bb#d9a3a1&#8243; title_tag=\u00bbh2&#8243;][vc_column_text]<\/p>\n<p style=\"text-align: left\"><span style=\"color: #000000\"><strong>Fuente:<\/strong> Direcci\u00f3n de Estad\u00edstica de la Presidencia, con informaci\u00f3n de los juzgados de ejecuci\u00f3n de sanciones penales del Sistema de Justicia Tradicional, todos del TSJCDMX.<\/span><br \/>\n<span style=\"color: #000000\"><strong>Periodicidad:<\/strong> Mensual.<\/span><br \/>\n<span style=\"color: #000000\"><strong>Cobertura:<\/strong> Ciudad de M\u00e9xico.<\/span><br \/>\n<span style=\"color: #000000\"><strong>Unidad de observaci\u00f3n:<\/strong> Personas con beneficios concedidos.<\/span><br \/>\n<span style=\"color: #000000\"><strong>Desagregaci\u00f3n:<\/strong> Tipo de beneficio y sexo de las personas con beneficio concedido.<\/span><br \/>\n<span style=\"color: #000000\"><strong>Periodo de reporte:<\/strong> 2023.<\/span><\/p>\n<p>[\/vc_column_text][vc_separator type=\u00bbtransparent\u00bb up_style=\u00bbpx\u00bb down_style=\u00bbpx\u00bb][vc_column_text]<\/p>\n<p style=\"text-align: left\"><span style=\"color: #000000\"><a style=\"color: #000000\" href=\"https:\/\/www.poderjudicialcdmx.gob.mx\/estadistica\/wp-content\/uploads\/8.2_ESP_24_1.xlsx\" target=\"_blank\" rel=\"noopener noreferrer\"><strong>Ver documento Excel<\/strong><\/a><\/span><\/p>\n<p>[\/vc_column_text][\/no_accordion_section][\/no_accordion][\/vc_column][vc_column width=\u00bb1\/2&#8243;][no_accordion active_tab=\u00bbfalse\u00bb collapsible=\u00bbyes\u00bb style=\u00bbboxed_accordion\u00bb hide_icon=\u00bbyes\u00bb title_alignment=\u00bbcenter\u00bb][no_accordion_section title=\u00bbF\u00d3RMULA\u00bb title_color=\u00bb#651420&#8243; mark_icon_color_hover=\u00bb#ffffff\u00bb background_color=\u00bb#d9a3a1&#8243; title_tag=\u00bbh2&#8243;][vc_column_text]<\/p>\n<p style=\"text-align: left\"><span style=\"color: #000000\"><strong><img loading=\"lazy\" decoding=\"async\" class=\"size-full wp-image-20458 aligncenter\" src=\"https:\/\/www.poderjudicialcdmx.gob.mx\/estadistica\/wp-content\/uploads\/8.2_1.png\" alt=\"\" width=\"274\" height=\"106\" \/><\/strong><\/span><\/p>\n<p style=\"text-align: left\"><span style=\"color: #000000\"><strong>Donde:<br \/>\n<\/strong><strong>%B<\/strong> = Porcentaje de beneficios concedidos, por tipo y sexo<\/span><br \/>\n<span style=\"color: #000000\"><strong><img loading=\"lazy\" decoding=\"async\" class=\"alignnone wp-image-20504\" src=\"https:\/\/www.poderjudicialcdmx.gob.mx\/estadistica\/wp-content\/uploads\/8.2_Nst_1.png\" alt=\"\" width=\"48\" height=\"43\" \/>= <\/strong>N\u00famero de beneficios concedidos por tipo y sexo.<br \/>\n<\/span><span style=\"color: #000000\"><strong>Tb<\/strong> = Total de beneficios concedidos por tipo y sexo.<\/span><\/p>\n<p>[\/vc_column_text][\/no_accordion_section][\/no_accordion][\/vc_column][\/vc_row][vc_row row_type=\u00bbrow\u00bb use_row_as_full_screen_section=\u00bbno\u00bb type=\u00bbgrid\u00bb oblique_section=\u00bbno\u00bb text_align=\u00bbcenter\u00bb Overflow=\u00bb\u00bb triangle_shape=\u00bbno\u00bb padding_top=\u00bb50&#8243; padding_bottom=\u00bb25&#8243; css_animation=\u00bb\u00bb overflow=\u00bb\u00bb box_shadow_on_row=\u00bbno\u00bb][vc_column][vc_column_text]<\/p>\n<h3 style=\"text-align: center\"><span style=\"color: #923844\">N\u00famero y distribuci\u00f3n porcentual de las audiencias celebradas, seg\u00fan sexo de la persona sentenciada, en juzgados de Ejecuci\u00f3n de Sanciones Penales del sistema tradicional, 2019-2023<\/span><\/h3>\n<p>[\/vc_column_text][vc_separator type=\u00bbtransparent\u00bb up_style=\u00bbpx\u00bb down=\u00bb0&#8243; down_style=\u00bbpx\u00bb][\/vc_column][\/vc_row][vc_row row_type=\u00bbrow\u00bb use_row_as_full_screen_section=\u00bbno\u00bb type=\u00bbfull_width\u00bb oblique_section=\u00bbno\u00bb text_align=\u00bbleft\u00bb Overflow=\u00bb\u00bb triangle_shape=\u00bbno\u00bb css_animation=\u00bb\u00bb overflow=\u00bb\u00bb][vc_column][vc_single_image image=\u00bb22406&#8243; img_size=\u00bbfull\u00bb alignment=\u00bbcenter\u00bb onclick=\u00bblink_image\u00bb mkd_css_animation=\u00bb\u00bb set_shader=\u00bbno\u00bb set_popup=\u00bbno\u00bb animate_image_on_hover=\u00bbno\u00bb][\/vc_column][\/vc_row][vc_row row_type=\u00bbrow\u00bb use_row_as_full_screen_section=\u00bbno\u00bb type=\u00bbgrid\u00bb oblique_section=\u00bbno\u00bb text_align=\u00bbleft\u00bb Overflow=\u00bb\u00bb triangle_shape=\u00bbno\u00bb css_animation=\u00bb\u00bb overflow=\u00bb\u00bb][vc_column width=\u00bb1\/2&#8243;][no_accordion active_tab=\u00bbfalse\u00bb collapsible=\u00bbyes\u00bb style=\u00bbboxed_accordion\u00bb hide_icon=\u00bbyes\u00bb title_alignment=\u00bbcenter\u00bb][no_accordion_section title=\u00bbMetadatos\u00bb title_color=\u00bb#651420&#8243; mark_icon_color_hover=\u00bb#ffffff\u00bb background_color=\u00bb#d9a3a1&#8243; title_tag=\u00bbh2&#8243;][vc_column_text]<\/p>\n<p style=\"text-align: left\"><span style=\"color: #000000\"><strong>Fuente:<\/strong> Direcci\u00f3n de Estad\u00edstica de la Presidencia, con informaci\u00f3n de los juzgados de ejecuci\u00f3n de sanciones penales [Sistema de Justicia Tradicional], todos del TSJCDMX.<\/span><br \/>\n<span style=\"color: #000000\"><strong>Periodicidad:<\/strong> Mensual.<\/span><br \/>\n<span style=\"color: #000000\"><strong>Cobertura:<\/strong> Ciudad de M\u00e9xico.<\/span><br \/>\n<span style=\"color: #000000\"><strong>Unidad de observaci\u00f3n:<\/strong> Audiencias celebradas.<\/span><br \/>\n<span style=\"color: #000000\"><strong>Desagregaci\u00f3n:<\/strong> Sexo de las personas sentenciadas.<\/span><br \/>\n<span style=\"color: #000000\"><strong>Periodo de reporte:<\/strong> 2019-2023.<\/span><\/p>\n<p>[\/vc_column_text][vc_separator type=\u00bbtransparent\u00bb up_style=\u00bbpx\u00bb down_style=\u00bbpx\u00bb][vc_column_text]<\/p>\n<p style=\"text-align: left\"><span style=\"color: #000000\"><a style=\"color: #000000\" href=\"https:\/\/www.poderjudicialcdmx.gob.mx\/estadistica\/wp-content\/uploads\/8.3_ESP_24.xlsx\" target=\"_blank\" rel=\"noopener noreferrer\"><strong>Ver documento Excel<\/strong><\/a><\/span><\/p>\n<p>[\/vc_column_text][\/no_accordion_section][\/no_accordion][\/vc_column][vc_column width=\u00bb1\/2&#8243;][no_accordion active_tab=\u00bbfalse\u00bb collapsible=\u00bbyes\u00bb style=\u00bbboxed_accordion\u00bb hide_icon=\u00bbyes\u00bb title_alignment=\u00bbcenter\u00bb][no_accordion_section title=\u00bbF\u00d3RMULA\u00bb title_color=\u00bb#651420&#8243; mark_icon_color_hover=\u00bb#ffffff\u00bb background_color=\u00bb#d9a3a1&#8243; title_tag=\u00bbh2&#8243;][vc_column_text]<\/p>\n<p style=\"text-align: left\"><span style=\"color: #000000\"><strong><img loading=\"lazy\" decoding=\"async\" class=\"size-full wp-image-20460 aligncenter\" src=\"https:\/\/www.poderjudicialcdmx.gob.mx\/estadistica\/wp-content\/uploads\/8.3.png\" alt=\"\" width=\"268\" height=\"94\" \/><\/strong><\/span><\/p>\n<p style=\"text-align: left\"><span style=\"color: #000000\"><strong>Donde:<br \/>\n%AP<\/strong> = Porcentaje de audiencias celebradas, seg\u00fan sexo de la persona sentenciada.<br \/>\n<strong>CS<\/strong> = N\u00famero de audiencias que fueron celebradas, seg\u00fan sexo de la persona sentenciada.<br \/>\n<strong>A<\/strong> = Total de audiencias celebradas por a\u00f1o.<strong><br \/>\n<\/strong><\/span><\/p>\n<p>[\/vc_column_text][\/no_accordion_section][\/no_accordion][\/vc_column][\/vc_row][vc_row row_type=\u00bbrow\u00bb use_row_as_full_screen_section=\u00bbno\u00bb type=\u00bbgrid\u00bb oblique_section=\u00bbno\u00bb text_align=\u00bbcenter\u00bb Overflow=\u00bb\u00bb triangle_shape=\u00bbno\u00bb padding_top=\u00bb50&#8243; padding_bottom=\u00bb25&#8243; css_animation=\u00bb\u00bb overflow=\u00bb\u00bb box_shadow_on_row=\u00bbno\u00bb][vc_column width=\u00bb1\/4&#8243;][\/vc_column][vc_column width=\u00bb1\/2&#8243;][vc_separator type=\u00bbtransparent\u00bb up_style=\u00bbpx\u00bb down_style=\u00bbpx\u00bb][vc_separator type=\u00bbtransparent\u00bb up_style=\u00bbpx\u00bb down_style=\u00bbpx\u00bb][vc_separator type=\u00bbtransparent\u00bb up_style=\u00bbpx\u00bb down_style=\u00bbpx\u00bb][vc_separator type=\u00bbtransparent\u00bb up_style=\u00bbpx\u00bb down_style=\u00bbpx\u00bb]<a href=\"http:\/\/www.poderjudicialcdmx.gob.mx\/estadistica\/\" target=\"_self\" data-hover-background-color=#d9a3a1 data-hover-border-color=#651420 data-hover-color=#651420  class=\"qbutton  icon_right\" style=\"color: #651420; border-color: #ffffff; background-color: #d9a3a1;\">Regresar al Micrositio de Estad\u00edstica<\/a>[\/vc_column][vc_column width=\u00bb1\/4&#8243;][\/vc_column][\/vc_row][vc_row row_type=\u00bbrow\u00bb use_row_as_full_screen_section=\u00bbno\u00bb type=\u00bbgrid\u00bb oblique_section=\u00bbno\u00bb text_align=\u00bbcenter\u00bb Overflow=\u00bb\u00bb triangle_shape=\u00bbno\u00bb padding_top=\u00bb50&#8243; padding_bottom=\u00bb25&#8243; css_animation=\u00bb\u00bb overflow=\u00bb\u00bb box_shadow_on_row=\u00bbno\u00bb][vc_column][vc_separator type=\u00bbtransparent\u00bb up=\u00bb18&#8243; up_style=\u00bbpx\u00bb down=\u00bb0&#8243; down_style=\u00bbpx\u00bb][\/vc_column][\/vc_row][vc_row row_type=\u00bbrow\u00bb use_row_as_full_screen_section=\u00bbno\u00bb type=\u00bbfull_width\u00bb oblique_section=\u00bbno\u00bb text_align=\u00bbleft\u00bb Overflow=\u00bb\u00bb triangle_shape=\u00bbno\u00bb css_animation=\u00bb\u00bb overflow=\u00bb\u00bb][vc_column][vc_empty_space height=\u00bb20px\u00bb image_repeat=\u00bbno-repeat\u00bb][\/vc_column][\/vc_row][vc_row row_type=\u00bbrow\u00bb use_row_as_full_screen_section=\u00bbno\u00bb type=\u00bbfull_width\u00bb oblique_section=\u00bbno\u00bb text_align=\u00bbleft\u00bb Overflow=\u00bb\u00bb triangle_shape=\u00bbno\u00bb css_animation=\u00bb\u00bb overflow=\u00bb\u00bb][vc_column][vc_column_text]<\/p>\n<p style=\"text-align: right\">\u00daltima fecha de actualizaci\u00f3n: octubre 2018.<\/p>\n<p>[\/vc_column_text][\/vc_column][\/vc_row][vc_row row_type=\u00bbrow\u00bb use_row_as_full_screen_section=\u00bbno\u00bb type=\u00bbfull_width\u00bb oblique_section=\u00bbno\u00bb text_align=\u00bbleft\u00bb Overflow=\u00bb\u00bb triangle_shape=\u00bbno\u00bb css_animation=\u00bb\u00bb overflow=\u00bb\u00bb][vc_column][vc_empty_space height=\u00bb20px\u00bb image_repeat=\u00bbno-repeat\u00bb][\/vc_column][\/vc_row]<\/p>\n","protected":false},"excerpt":{"rendered":"<p>[vc_row row_type=\u00bbrow\u00bb use_row_as_full_screen_section=\u00bbno\u00bb type=\u00bbfull_width\u00bb oblique_section=\u00bbno\u00bb text_align=\u00bbcenter\u00bb Overflow=\u00bb\u00bb triangle_shape=\u00bbno\u00bb background_image=\u00bb18845&#8243; padding_top=\u00bb150&#8243; padding_bottom=\u00bb50&#8243; css_animation=\u00bb\u00bb overflow=\u00bb\u00bb box_shadow_on_row=\u00bbno\u00bb el_id=\u00bbimagen_cabeza\u00bb][vc_column][vc_separator type=\u00bbtransparent\u00bb up=\u00bb150&#8243; up_style=\u00bbpx\u00bb down=\u00bb0&#8243; down_style=\u00bbpx\u00bb][\/vc_column][\/vc_row][vc_row row_type=\u00bbrow\u00bb use_row_as_full_screen_section=\u00bbno\u00bb type=\u00bbgrid\u00bb oblique_section=\u00bbno\u00bb text_align=\u00bbcenter\u00bb Overflow=\u00bb\u00bb triangle_shape=\u00bbno\u00bb padding_top=\u00bb50&#8243; padding_bottom=\u00bb25&#8243; css_animation=\u00bbelement_from_fade\u00bb overflow=\u00bb\u00bb box_shadow_on_row=\u00bbno\u00bb el_id=\u00bbtexto_titulo\u00bb][vc_column][vc_separator type=\u00bbtransparent\u00bb up=\u00bb18&#8243; up_style=\u00bbpx\u00bb down=\u00bb0&#8243; down_style=\u00bbpx\u00bb][vc_column_text][\/vc_column_text][\/vc_column][\/vc_row][vc_row row_type=\u00bbrow\u00bb use_row_as_full_screen_section=\u00bbno\u00bb type=\u00bbgrid\u00bb oblique_section=\u00bbno\u00bb text_align=\u00bbcenter\u00bb Overflow=\u00bb\u00bb triangle_shape=\u00bbno\u00bb&#8230;<\/p>\n","protected":false},"author":15,"featured_media":0,"parent":0,"menu_order":0,"comment_status":"closed","ping_status":"closed","template":"","meta":{"footnotes":""},"class_list":["post-17717","page","type-page","status-publish","hentry"],"_links":{"self":[{"href":"https:\/\/www.poderjudicialcdmx.gob.mx\/estadistica\/wp-json\/wp\/v2\/pages\/17717"}],"collection":[{"href":"https:\/\/www.poderjudicialcdmx.gob.mx\/estadistica\/wp-json\/wp\/v2\/pages"}],"about":[{"href":"https:\/\/www.poderjudicialcdmx.gob.mx\/estadistica\/wp-json\/wp\/v2\/types\/page"}],"author":[{"embeddable":true,"href":"https:\/\/www.poderjudicialcdmx.gob.mx\/estadistica\/wp-json\/wp\/v2\/users\/15"}],"replies":[{"embeddable":true,"href":"https:\/\/www.poderjudicialcdmx.gob.mx\/estadistica\/wp-json\/wp\/v2\/comments?post=17717"}],"version-history":[{"count":12,"href":"https:\/\/www.poderjudicialcdmx.gob.mx\/estadistica\/wp-json\/wp\/v2\/pages\/17717\/revisions"}],"predecessor-version":[{"id":22164,"href":"https:\/\/www.poderjudicialcdmx.gob.mx\/estadistica\/wp-json\/wp\/v2\/pages\/17717\/revisions\/22164"}],"wp:attachment":[{"href":"https:\/\/www.poderjudicialcdmx.gob.mx\/estadistica\/wp-json\/wp\/v2\/media?parent=17717"}],"curies":[{"name":"wp","href":"https:\/\/api.w.org\/{rel}","templated":true}]}}