{"id":20512,"date":"2025-03-13T19:13:04","date_gmt":"2025-03-13T19:13:04","guid":{"rendered":"https:\/\/www.poderjudicialcdmx.gob.mx\/estadistica\/?page_id=20512"},"modified":"2025-03-13T19:13:04","modified_gmt":"2025-03-13T19:13:04","slug":"justicia-civil-y-familiar-2","status":"publish","type":"page","link":"https:\/\/www.poderjudicialcdmx.gob.mx\/estadistica\/justicia-civil-y-familiar-2\/","title":{"rendered":"Justicia civil y familiar"},"content":{"rendered":"<p>[vc_row row_type=\u00bbrow\u00bb use_row_as_full_screen_section=\u00bbno\u00bb type=\u00bbfull_width\u00bb oblique_section=\u00bbno\u00bb text_align=\u00bbcenter\u00bb Overflow=\u00bb\u00bb triangle_shape=\u00bbno\u00bb background_image=\u00bb18845&#8243; padding_top=\u00bb150&#8243; padding_bottom=\u00bb50&#8243; css_animation=\u00bb\u00bb overflow=\u00bb\u00bb box_shadow_on_row=\u00bbno\u00bb el_id=\u00bbimagen_cabeza\u00bb][vc_column][vc_separator type=\u00bbtransparent\u00bb up=\u00bb100&#8243; up_style=\u00bbpx\u00bb down=\u00bb0&#8243; down_style=\u00bbpx\u00bb][\/vc_column][\/vc_row][vc_row row_type=\u00bbrow\u00bb use_row_as_full_screen_section=\u00bbno\u00bb type=\u00bbgrid\u00bb oblique_section=\u00bbno\u00bb text_align=\u00bbcenter\u00bb Overflow=\u00bb\u00bb triangle_shape=\u00bbno\u00bb padding_top=\u00bb50&#8243; padding_bottom=\u00bb25&#8243; css_animation=\u00bb\u00bb overflow=\u00bb\u00bb box_shadow_on_row=\u00bbno\u00bb el_id=\u00bbnombre_indicador\u00bb][vc_column][vc_column_text]<\/p>\n<h1 style=\"text-align: center\"><span style=\"color: #923844\">Justicia civil y familiar<\/span><\/h1>\n<p>[\/vc_column_text][\/vc_column][\/vc_row][vc_row row_type=\u00bbrow\u00bb use_row_as_full_screen_section=\u00bbno\u00bb type=\u00bbgrid\u00bb oblique_section=\u00bbno\u00bb text_align=\u00bbcenter\u00bb Overflow=\u00bb\u00bb triangle_shape=\u00bbno\u00bb padding_top=\u00bb50&#8243; padding_bottom=\u00bb25&#8243; css_animation=\u00bb\u00bb overflow=\u00bb\u00bb box_shadow_on_row=\u00bbno\u00bb el_id=\u00bbsubtitulo_1&#8243;][vc_column][vc_column_text]<\/p>\n<h3 style=\"text-align: center\"><span style=\"color: #923844\"><strong>N\u00famero de expedientes de alimentos tramitados por padre, madre u otras personas, 2019-2023<\/strong><\/span><\/h3>\n<p>[\/vc_column_text][vc_separator type=\u00bbtransparent\u00bb up_style=\u00bbpx\u00bb down=\u00bb0&#8243; down_style=\u00bbpx\u00bb][\/vc_column][\/vc_row][vc_row row_type=\u00bbrow\u00bb use_row_as_full_screen_section=\u00bbno\u00bb type=\u00bbfull_width\u00bb oblique_section=\u00bbno\u00bb text_align=\u00bbleft\u00bb Overflow=\u00bb\u00bb triangle_shape=\u00bbno\u00bb css_animation=\u00bb\u00bb overflow=\u00bb\u00bb el_id=\u00bbgrafica_1&#8243;][vc_column][vc_single_image image=\u00bb22369&#8243; img_size=\u00bbfull\u00bb alignment=\u00bbcenter\u00bb onclick=\u00bblink_image\u00bb mkd_css_animation=\u00bb\u00bb set_shader=\u00bbno\u00bb set_popup=\u00bbno\u00bb animate_image_on_hover=\u00bbno\u00bb][vc_separator type=\u00bbtransparent\u00bb up_style=\u00bbpx\u00bb down=\u00bb0&#8243; down_style=\u00bbpx\u00bb][vc_separator type=\u00bbtransparent\u00bb up_style=\u00bbpx\u00bb down=\u00bb0&#8243; down_style=\u00bbpx\u00bb][vc_separator type=\u00bbtransparent\u00bb up_style=\u00bbpx\u00bb down=\u00bb0&#8243; down_style=\u00bbpx\u00bb][vc_separator type=\u00bbtransparent\u00bb up_style=\u00bbpx\u00bb down=\u00bb0&#8243; down_style=\u00bbpx\u00bb][\/vc_column][\/vc_row][vc_row row_type=\u00bbrow\u00bb use_row_as_full_screen_section=\u00bbno\u00bb type=\u00bbgrid\u00bb oblique_section=\u00bbno\u00bb text_align=\u00bbleft\u00bb Overflow=\u00bb\u00bb triangle_shape=\u00bbno\u00bb css_animation=\u00bb\u00bb overflow=\u00bb\u00bb el_id=\u00bbmetadatos_formula_1&#8243;][vc_column width=\u00bb1\/2&#8243;][no_accordion active_tab=\u00bbfalse\u00bb collapsible=\u00bbyes\u00bb style=\u00bbboxed_accordion\u00bb hide_icon=\u00bbyes\u00bb title_alignment=\u00bbcenter\u00bb][no_accordion_section title=\u00bbMetadatos\u00bb title_color=\u00bb#651420&#8243; mark_icon_color_hover=\u00bb#ffffff\u00bb background_color=\u00bb#d9a3a1&#8243; title_tag=\u00bbh2&#8243;][vc_column_text]<\/p>\n<p style=\"text-align: left\"><span style=\"color: #000000\"><strong>Fuente:<\/strong> Direcci\u00f3n de Estad\u00edstica de la Presidencia, con informaci\u00f3n de juzgados familiares de proceso escrito, todos del TSJCDMX.<\/span><br \/>\n<span style=\"color: #000000\"><strong>Periodicidad:<\/strong> Mensual.<\/span><br \/>\n<span style=\"color: #000000\"><strong>Cobertura:<\/strong> Ciudad de M\u00e9xico.<\/span><br \/>\n<span style=\"color: #000000\"><strong>Unidad de observaci\u00f3n:<\/strong> Expedientes de alimentos.<\/span><br \/>\n<span style=\"color: #000000\"><strong>Desagregaci\u00f3n:<\/strong> Persona que realiza el tr\u00e1mite.<\/span><br \/>\n<span style=\"color: #000000\"><strong>Periodo de reporte:<\/strong> 2019-2023.<\/span><br \/>\n<span style=\"color: #000000\"><strong>Nota:<\/strong> Para los a\u00f1os 2019 a 2022, la cifra incluye las demandas escritas y por comparecencia. A partir del a\u00f1o 2023 se cuenta con informaci\u00f3n desagregadas seg\u00fan el tipo de tramitaci\u00f3n.<\/span><\/p>\n<p>[\/vc_column_text][vc_separator type=\u00bbtransparent\u00bb up_style=\u00bbpx\u00bb down_style=\u00bbpx\u00bb][vc_column_text]<\/p>\n<p style=\"text-align: left\"><span style=\"color: #000000\"><a style=\"color: #000000\" href=\"https:\/\/www.poderjudicialcdmx.gob.mx\/estadistica\/wp-content\/uploads\/3.1_JCyF_24.xlsx\" target=\"_blank\" rel=\"noopener noreferrer\"><strong>Ver documento Excel\u00a0<\/strong><\/a><\/span><\/p>\n<p>[\/vc_column_text][\/no_accordion_section][\/no_accordion][\/vc_column][vc_column width=\u00bb1\/2&#8243;][no_accordion active_tab=\u00bbfalse\u00bb collapsible=\u00bbyes\u00bb style=\u00bbboxed_accordion\u00bb hide_icon=\u00bbyes\u00bb title_alignment=\u00bbcenter\u00bb][no_accordion_section title=\u00bbF\u00d3RMULA\u00bb title_color=\u00bb#651420&#8243; mark_icon_color_hover=\u00bb#ffffff\u00bb background_color=\u00bb#d9a3a1&#8243; title_tag=\u00bbh2&#8243;][vc_column_text]<\/p>\n<h3 style=\"text-align: left\"><span style=\"color: #000000\">N.A.<\/span><\/h3>\n<p>[\/vc_column_text][\/no_accordion_section][\/no_accordion][\/vc_column][\/vc_row][vc_row row_type=\u00bbrow\u00bb use_row_as_full_screen_section=\u00bbno\u00bb type=\u00bbgrid\u00bb oblique_section=\u00bbno\u00bb text_align=\u00bbleft\u00bb Overflow=\u00bb\u00bb triangle_shape=\u00bbno\u00bb css_animation=\u00bb\u00bb overflow=\u00bb\u00bb el_id=\u00bbsubtitulo_2&#8243;][vc_column][vc_separator type=\u00bbtransparent\u00bb thickness=\u00bb100&#8243; up_style=\u00bbpx\u00bb down_style=\u00bbpx\u00bb][vc_column_text]<\/p>\n<h3 style=\"text-align: center\"><span style=\"color: #651420\"><strong>Distribuci\u00f3n porcentual de juicios de divorcio, seg\u00fan persona que inici\u00f3 el tr\u00e1mite, 2019-2023<\/strong><\/span><\/h3>\n<p>&nbsp;<\/p>\n<p>[\/vc_column_text][vc_separator type=\u00bbtransparent\u00bb up_style=\u00bbpx\u00bb down=\u00bb0&#8243; down_style=\u00bbpx\u00bb][\/vc_column][\/vc_row][vc_row row_type=\u00bbrow\u00bb use_row_as_full_screen_section=\u00bbno\u00bb type=\u00bbfull_width\u00bb oblique_section=\u00bbno\u00bb text_align=\u00bbleft\u00bb Overflow=\u00bb\u00bb triangle_shape=\u00bbno\u00bb css_animation=\u00bb\u00bb overflow=\u00bb\u00bb el_id=\u00bbgrafica_2&#8243;][vc_column][vc_single_image image=\u00bb22370&#8243; img_size=\u00bbfull\u00bb alignment=\u00bbcenter\u00bb onclick=\u00bblink_image\u00bb mkd_css_animation=\u00bb\u00bb set_shader=\u00bbno\u00bb set_popup=\u00bbno\u00bb animate_image_on_hover=\u00bbno\u00bb][vc_separator type=\u00bbtransparent\u00bb thickness=\u00bb50&#8243; up_style=\u00bbpx\u00bb down=\u00bb0&#8243; down_style=\u00bbpx\u00bb][\/vc_column][\/vc_row][vc_row row_type=\u00bbrow\u00bb use_row_as_full_screen_section=\u00bbno\u00bb type=\u00bbgrid\u00bb oblique_section=\u00bbno\u00bb text_align=\u00bbleft\u00bb Overflow=\u00bb\u00bb triangle_shape=\u00bbno\u00bb css_animation=\u00bb\u00bb overflow=\u00bb\u00bb el_id=\u00bbmetadatos_formula_2&#8243;][vc_column width=\u00bb1\/2&#8243;][no_accordion active_tab=\u00bbfalse\u00bb collapsible=\u00bbyes\u00bb style=\u00bbboxed_accordion\u00bb hide_icon=\u00bbyes\u00bb title_alignment=\u00bbcenter\u00bb][no_accordion_section title=\u00bbMetadatos\u00bb title_color=\u00bb#651420&#8243; mark_icon_color_hover=\u00bb#ffffff\u00bb background_color=\u00bb#d9a3a1&#8243; title_tag=\u00bbh2&#8243;][vc_column_text]<\/p>\n<p style=\"text-align: left\"><span style=\"color: #000000\"><strong>Fuente:<\/strong> Direcci\u00f3n de Estad\u00edstica de la Presidencia, con informaci\u00f3n de juzgados familiares de proceso escrito y oral, todos del TSJCDMX.<\/span><br \/>\n<span style=\"color: #000000\"><strong>Periodicidad:<\/strong> Anual.<\/span><br \/>\n<span style=\"color: #000000\"><strong>Cobertura:<\/strong> Ciudad de M\u00e9xico.<\/span><br \/>\n<span style=\"color: #000000\"><strong>Unidad de observaci\u00f3n:<\/strong> Juicios de divorcio.<\/span><br \/>\n<span style=\"color: #000000\"><strong>Desagregaci\u00f3n:<\/strong> Persona que realiza el tr\u00e1mite.<\/span><br \/>\n<span style=\"color: #000000\"><strong>Periodo de reporte:<\/strong> 2019-2023.<\/span><\/p>\n<p>[\/vc_column_text][vc_separator type=\u00bbtransparent\u00bb up_style=\u00bbpx\u00bb down_style=\u00bbpx\u00bb][vc_column_text]<\/p>\n<p style=\"text-align: left\"><span style=\"color: #000000\"><a style=\"color: #000000\" href=\"https:\/\/www.poderjudicialcdmx.gob.mx\/estadistica\/wp-content\/uploads\/3.2_JCyF_24.xlsx\" target=\"_blank\" rel=\"noopener noreferrer\"><strong>Ver documento Excel<\/strong><\/a><\/span><\/p>\n<p>[\/vc_column_text][\/no_accordion_section][\/no_accordion][\/vc_column][vc_column width=\u00bb1\/2&#8243;][no_accordion active_tab=\u00bbfalse\u00bb collapsible=\u00bbyes\u00bb style=\u00bbboxed_accordion\u00bb hide_icon=\u00bbyes\u00bb title_alignment=\u00bbcenter\u00bb][no_accordion_section title=\u00bbF\u00d3RMULA\u00bb title_color=\u00bb#651420&#8243; mark_icon_color_hover=\u00bb#ffffff\u00bb background_color=\u00bb#d9a3a1&#8243; title_tag=\u00bbh2&#8243;][vc_column_text]<img loading=\"lazy\" decoding=\"async\" class=\"size-full wp-image-17616 aligncenter\" src=\"http:\/\/www.poderjudicialcdmx.gob.mx\/estadistica\/wp-content\/uploads\/formalimentos.png\" alt=\"\" width=\"217\" height=\"76\" \/><\/p>\n<p style=\"text-align: left\"><span style=\"color: #000000\"><strong>Donde:<br \/>\n%ED = <\/strong>Porcentaje de expedientes tramitados por hombre, mujer o ambos.<strong><br \/>\nNE = <\/strong>N\u00famero de expedientes tramitados por hombre, mujer o ambos.<strong><br \/>\nTE = <\/strong>Total de expedientes tramitados.<\/span><\/p>\n<p>[\/vc_column_text][\/no_accordion_section][\/no_accordion][\/vc_column][\/vc_row][vc_row row_type=\u00bbrow\u00bb use_row_as_full_screen_section=\u00bbno\u00bb type=\u00bbgrid\u00bb oblique_section=\u00bbno\u00bb text_align=\u00bbcenter\u00bb Overflow=\u00bb\u00bb triangle_shape=\u00bbno\u00bb padding_top=\u00bb50&#8243; padding_bottom=\u00bb25&#8243; css_animation=\u00bb\u00bb overflow=\u00bb\u00bb box_shadow_on_row=\u00bbno\u00bb][vc_column][vc_separator type=\u00bbtransparent\u00bb up=\u00bb18&#8243; up_style=\u00bbpx\u00bb down=\u00bb0&#8243; down_style=\u00bbpx\u00bb][\/vc_column][\/vc_row][vc_row row_type=\u00bbrow\u00bb use_row_as_full_screen_section=\u00bbno\u00bb type=\u00bbgrid\u00bb oblique_section=\u00bbno\u00bb text_align=\u00bbcenter\u00bb Overflow=\u00bb\u00bb triangle_shape=\u00bbno\u00bb padding_top=\u00bb50&#8243; padding_bottom=\u00bb25&#8243; css_animation=\u00bb\u00bb overflow=\u00bb\u00bb box_shadow_on_row=\u00bbno\u00bb][vc_column width=\u00bb1\/4&#8243;][\/vc_column][vc_column width=\u00bb1\/2&#8243;]<a href=\"http:\/\/www.poderjudicialcdmx.gob.mx\/estadistica\/\" target=\"_self\" data-hover-background-color=#d9a3a1 data-hover-border-color=#651420 data-hover-color=#651420  class=\"qbutton  icon_right\" style=\"color: #651420; border-color: #ffffff; background-color: #d9a3a1;\">Regresar al Micrositio de Estad\u00edstica<\/a>[\/vc_column][vc_column width=\u00bb1\/4&#8243;][\/vc_column][\/vc_row][vc_row row_type=\u00bbrow\u00bb use_row_as_full_screen_section=\u00bbno\u00bb type=\u00bbgrid\u00bb oblique_section=\u00bbno\u00bb text_align=\u00bbcenter\u00bb Overflow=\u00bb\u00bb triangle_shape=\u00bbno\u00bb padding_top=\u00bb50&#8243; padding_bottom=\u00bb25&#8243; css_animation=\u00bb\u00bb overflow=\u00bb\u00bb box_shadow_on_row=\u00bbno\u00bb][vc_column][vc_separator type=\u00bbtransparent\u00bb up=\u00bb18&#8243; up_style=\u00bbpx\u00bb down=\u00bb0&#8243; down_style=\u00bbpx\u00bb][\/vc_column][\/vc_row][vc_row row_type=\u00bbrow\u00bb use_row_as_full_screen_section=\u00bbno\u00bb type=\u00bbfull_width\u00bb oblique_section=\u00bbno\u00bb text_align=\u00bbleft\u00bb Overflow=\u00bb\u00bb triangle_shape=\u00bbno\u00bb css_animation=\u00bb\u00bb overflow=\u00bb\u00bb][vc_column][vc_empty_space height=\u00bb20px\u00bb image_repeat=\u00bbno-repeat\u00bb][\/vc_column][\/vc_row][vc_row row_type=\u00bbrow\u00bb use_row_as_full_screen_section=\u00bbno\u00bb type=\u00bbfull_width\u00bb oblique_section=\u00bbno\u00bb text_align=\u00bbleft\u00bb Overflow=\u00bb\u00bb triangle_shape=\u00bbno\u00bb css_animation=\u00bb\u00bb overflow=\u00bb\u00bb][vc_column][vc_column_text]<\/p>\n<p style=\"text-align: right\">\u00daltima fecha de actualizaci\u00f3n: julio 2022.<\/p>\n<p>[\/vc_column_text][\/vc_column][\/vc_row][vc_row row_type=\u00bbrow\u00bb use_row_as_full_screen_section=\u00bbno\u00bb type=\u00bbfull_width\u00bb oblique_section=\u00bbno\u00bb text_align=\u00bbleft\u00bb Overflow=\u00bb\u00bb triangle_shape=\u00bbno\u00bb css_animation=\u00bb\u00bb overflow=\u00bb\u00bb][vc_column][vc_empty_space height=\u00bb20px\u00bb image_repeat=\u00bbno-repeat\u00bb][\/vc_column][\/vc_row]<\/p>\n","protected":false},"excerpt":{"rendered":"<p>[vc_row row_type=\u00bbrow\u00bb use_row_as_full_screen_section=\u00bbno\u00bb type=\u00bbfull_width\u00bb oblique_section=\u00bbno\u00bb text_align=\u00bbcenter\u00bb Overflow=\u00bb\u00bb triangle_shape=\u00bbno\u00bb background_image=\u00bb18845&#8243; padding_top=\u00bb150&#8243; padding_bottom=\u00bb50&#8243; css_animation=\u00bb\u00bb overflow=\u00bb\u00bb box_shadow_on_row=\u00bbno\u00bb el_id=\u00bbimagen_cabeza\u00bb][vc_column][vc_separator type=\u00bbtransparent\u00bb up=\u00bb100&#8243; up_style=\u00bbpx\u00bb down=\u00bb0&#8243; down_style=\u00bbpx\u00bb][\/vc_column][\/vc_row][vc_row row_type=\u00bbrow\u00bb use_row_as_full_screen_section=\u00bbno\u00bb type=\u00bbgrid\u00bb oblique_section=\u00bbno\u00bb text_align=\u00bbcenter\u00bb Overflow=\u00bb\u00bb triangle_shape=\u00bbno\u00bb padding_top=\u00bb50&#8243; padding_bottom=\u00bb25&#8243; css_animation=\u00bb\u00bb overflow=\u00bb\u00bb box_shadow_on_row=\u00bbno\u00bb el_id=\u00bbnombre_indicador\u00bb][vc_column][vc_column_text] Justicia civil y familiar [\/vc_column_text][\/vc_column][\/vc_row][vc_row row_type=\u00bbrow\u00bb use_row_as_full_screen_section=\u00bbno\u00bb type=\u00bbgrid\u00bb oblique_section=\u00bbno\u00bb text_align=\u00bbcenter\u00bb Overflow=\u00bb\u00bb triangle_shape=\u00bbno\u00bb&#8230;<\/p>\n","protected":false},"author":15,"featured_media":0,"parent":0,"menu_order":0,"comment_status":"closed","ping_status":"closed","template":"","meta":{"footnotes":""},"class_list":["post-20512","page","type-page","status-publish","hentry"],"_links":{"self":[{"href":"https:\/\/www.poderjudicialcdmx.gob.mx\/estadistica\/wp-json\/wp\/v2\/pages\/20512"}],"collection":[{"href":"https:\/\/www.poderjudicialcdmx.gob.mx\/estadistica\/wp-json\/wp\/v2\/pages"}],"about":[{"href":"https:\/\/www.poderjudicialcdmx.gob.mx\/estadistica\/wp-json\/wp\/v2\/types\/page"}],"author":[{"embeddable":true,"href":"https:\/\/www.poderjudicialcdmx.gob.mx\/estadistica\/wp-json\/wp\/v2\/users\/15"}],"replies":[{"embeddable":true,"href":"https:\/\/www.poderjudicialcdmx.gob.mx\/estadistica\/wp-json\/wp\/v2\/comments?post=20512"}],"version-history":[{"count":4,"href":"https:\/\/www.poderjudicialcdmx.gob.mx\/estadistica\/wp-json\/wp\/v2\/pages\/20512\/revisions"}],"predecessor-version":[{"id":22159,"href":"https:\/\/www.poderjudicialcdmx.gob.mx\/estadistica\/wp-json\/wp\/v2\/pages\/20512\/revisions\/22159"}],"wp:attachment":[{"href":"https:\/\/www.poderjudicialcdmx.gob.mx\/estadistica\/wp-json\/wp\/v2\/media?parent=20512"}],"curies":[{"name":"wp","href":"https:\/\/api.w.org\/{rel}","templated":true}]}}