{"id":21455,"date":"2025-09-03T17:46:07","date_gmt":"2025-09-03T17:46:07","guid":{"rendered":"https:\/\/www.poderjudicialcdmx.gob.mx\/estadistica\/?page_id=21455"},"modified":"2025-09-09T15:47:32","modified_gmt":"2025-09-09T15:47:32","slug":"requerimientos_recurrentes","status":"publish","type":"page","link":"https:\/\/www.poderjudicialcdmx.gob.mx\/estadistica\/requerimientos_recurrentes\/","title":{"rendered":"Requerimientos Recurrentes_Actualizado"},"content":{"rendered":"<p>[vc_row row_type=\u00bbrow\u00bb use_row_as_full_screen_section=\u00bbyes\u00bb type=\u00bbfull_width\u00bb oblique_section=\u00bbno\u00bb text_align=\u00bbcenter\u00bb Overflow=\u00bb\u00bb triangle_shape=\u00bbno\u00bb background_image=\u00bb21487&#8243; background_color=\u00bb#ffffff\u00bb padding_top=\u00bb10%\u00bb css_animation=\u00bb\u00bb overflow=\u00bb\u00bb el_id=\u00bbimagen_cabeza\u00bb][vc_column][vc_empty_space height=\u00bb300px\u00bb background_image=\u00bb21487&#8243; image_repeat=\u00bbno-repeat\u00bb][\/vc_column][\/vc_row][vc_row row_type=\u00bbrow\u00bb use_row_as_full_screen_section=\u00bbno\u00bb type=\u00bbfull_width\u00bb oblique_section=\u00bbno\u00bb text_align=\u00bbcenter\u00bb Overflow=\u00bb\u00bb triangle_shape=\u00bbno\u00bb css_animation=\u00bb\u00bb overflow=\u00bb\u00bb el_id=\u00bbtexto_titulo\u00bb][vc_column][vc_separator type=\u00bbtransparent\u00bb up=\u00bb60&#8243; up_style=\u00bbpx\u00bb down=\u00bb0&#8243; down_style=\u00bbpx\u00bb][vc_column_text]<\/p>\n<h2 id=\"pic\" style=\"text-align: center; font-size: 46px; color: #f8b329; font-weight: 600; line-height: 55px;\"><span style=\"color: #651429;\">REQUERIMIENTOS M\u00c1S RECURRENTES EN MATERIA ESTAD\u00cdSTICA<\/span><\/h2>\n<p>[\/vc_column_text][vc_separator type=\u00bbtransparent\u00bb up=\u00bb60&#8243; up_style=\u00bbpx\u00bb down=\u00bb0&#8243; down_style=\u00bbpx\u00bb][\/vc_column][\/vc_row][vc_row row_type=\u00bbrow\u00bb use_row_as_full_screen_section=\u00bbno\u00bb type=\u00bbfull_width\u00bb oblique_section=\u00bbno\u00bb text_align=\u00bbleft\u00bb Overflow=\u00bb\u00bb triangle_shape=\u00bbno\u00bb side_padding=\u00bb17%\u00bb padding_top=\u00bb50&#8243; padding_bottom=\u00bb50&#8243; css_animation=\u00bb\u00bb overflow=\u00bb\u00bb][vc_column][vc_column_text css=\u00bb.vc_custom_1746634829902{margin-right: 50px !important;margin-left: 50px !important;}\u00bb]<\/p>\n<h3 style=\"text-align: center;\"><span style=\"color: #651429;\"><strong>PRIMER TRIMESTRE 2025<\/strong><\/span><\/h3>\n<p>[\/vc_column_text][vc_separator type=\u00bbtransparent\u00bb up_style=\u00bbpx\u00bb down_style=\u00bbpx\u00bb][no_accordion active_tab=\u00bbfalse\u00bb collapsible=\u00bbyes\u00bb style=\u00bbboxed_accordion\u00bb hide_icon=\u00bbno\u00bb title_icon_alignment=\u00bbicon_left_text_left\u00bb][no_accordion_section title=\u00bbAbrir\u00bb title_color=\u00bb#8f2829&#8243; title_hover_color=\u00bb#ffffff\u00bb mark_icon_color=\u00bb#923844&#8243; mark_icon_color_hover=\u00bb#ffffff\u00bb background_color=\u00bb#d9a3a1&#8243; background_hover_color=\u00bb#8f2829&#8243;]<div class=\"custom_font_holder  \" style=\"font-family: Lato; font-size: 15px; line-height: 20px; font-style: normal; font-weight: 400; color: #000000; text-decoration: none; text-transform: none; text-align: left\" data-font-size=15 data-line-height=20 ><div  ><ul>\n<li>Se solicit\u00f3 informaci\u00f3n al respecto de los asuntos ingresados, audiencias, duraci\u00f3n de audiencias, resoluciones al control de la detenci\u00f3n, resoluciones del auto de plazo constitucional, de sentencias, medidas de protecci\u00f3n, medidas cautelares y de soluciones alternas y\/o terminaciones anticipadas en la materia penal, as\u00ed como juicios orales (algunas del sistema tradicional, otros del sistema oral y otros tantos de ambos sistemas), de las cuales, se solicit\u00f3 la informaci\u00f3n desagregada por personas involucradas como probables responsables de la comisi\u00f3n de los delitos, y de estos, datos adicionales de la caracterizaci\u00f3n del mismo, as\u00ed como periodos diversos de informaci\u00f3n. <strong><em><a href=\"https:\/\/www.poderjudicialcdmx.gob.mx\/estadistica\/wp-content\/uploads\/Penal.xlsx\" target=\"_blank\" rel=\"noopener\">Ver archivo<\/a><\/em><\/strong><\/li>\n<\/ul>\n<p>&nbsp;<\/p>\n<ul>\n<li>Se solicit\u00f3 informaci\u00f3n al respecto de los asuntos ingresados de divorcio incausado y deudores alimentarios. <em><strong><a href=\"https:\/\/www.poderjudicialcdmx.gob.mx\/estadistica\/wp-content\/uploads\/Divorcios.xlsx\" target=\"_blank\" rel=\"noopener\">Ver archivo<\/a><\/strong><\/em><\/li>\n<\/ul>\n<p>&nbsp;<\/p>\n<ul>\n<li>Se solicit\u00f3 el total de cuerpos, cad\u00e1veres y restos de personas de 0 a 17 a\u00f1os ingresados al Instituto de Servicios Periciales Ciencias Forenses no reclamados enviados a la fosa com\u00fan. <strong><em><a href=\"https:\/\/www.poderjudicialcdmx.gob.mx\/estadistica\/wp-content\/uploads\/No_reclamados.xlsx\" target=\"_blank\" rel=\"noopener\">Ver archivo<\/a><\/em><\/strong><\/li>\n<\/ul>\n<p>&nbsp;<\/p>\n<ul>\n<li>Se solicit\u00f3 informaci\u00f3n sobre ejecuci\u00f3n de diligencias y\/o mandamientos y lanzamientos y\/o despojo. <em><strong><a href=\"https:\/\/www.poderjudicialcdmx.gob.mx\/estadistica\/wp-content\/uploads\/Despojo.xlsx\" target=\"_blank\" rel=\"noopener\">Ver archivo<\/a><\/strong><\/em><\/li>\n<\/ul>\n<\/div><\/div>[\/no_accordion_section][\/no_accordion][\/vc_column][\/vc_row][vc_row row_type=\u00bbrow\u00bb use_row_as_full_screen_section=\u00bbno\u00bb type=\u00bbfull_width\u00bb oblique_section=\u00bbno\u00bb text_align=\u00bbleft\u00bb Overflow=\u00bb\u00bb triangle_shape=\u00bbno\u00bb side_padding=\u00bb17%\u00bb padding_top=\u00bb50&#8243; padding_bottom=\u00bb50&#8243; css_animation=\u00bb\u00bb overflow=\u00bb\u00bb][vc_column][vc_column_text css=\u00bb.vc_custom_1756511349411{margin-right: 50px !important;margin-left: 50px !important;}\u00bb]<\/p>\n<h3 style=\"text-align: center;\"><span style=\"color: #651429;\"><strong>SEGUNDO TRIMESTRE 2025<\/strong><\/span><\/h3>\n<p>[\/vc_column_text][vc_separator type=\u00bbtransparent\u00bb up_style=\u00bbpx\u00bb down_style=\u00bbpx\u00bb][no_accordion active_tab=\u00bbfalse\u00bb collapsible=\u00bbyes\u00bb style=\u00bbboxed_accordion\u00bb hide_icon=\u00bbno\u00bb title_icon_alignment=\u00bbicon_left_text_left\u00bb][no_accordion_section title=\u00bbAbrir\u00bb title_color=\u00bb#8f2829&#8243; title_hover_color=\u00bb#ffffff\u00bb mark_icon_color=\u00bb#923844&#8243; mark_icon_color_hover=\u00bb#ffffff\u00bb background_color=\u00bb#d9a3a1&#8243; background_hover_color=\u00bb#8f2829&#8243;]<div class=\"custom_font_holder  \" style=\"font-family: Lato; font-size: 15px; line-height: 20px; font-style: normal; font-weight: 400; color: #000000; text-decoration: none; text-transform: none; text-align: left\" data-font-size=15 data-line-height=20 ><div  ><ul>\n<li>Se solicit\u00f3 informaci\u00f3n al respecto de los asuntos ingresados, audiencias, duraci\u00f3n de audiencias, resoluciones al control de la detenci\u00f3n, resoluciones del auto de plazo constitucional, de sentencias, medidas de protecci\u00f3n, medidas cautelares y de soluciones alternas y\/o terminaciones anticipadas en la materia penal, as\u00ed como juicios orales (algunas del sistema tradicional, otros del sistema oral y otros tantos de ambos sistemas), de las cuales, se solicit\u00f3 la informaci\u00f3n desagregada por personas involucradas como probables responsables de la comisi\u00f3n de los delitos, y de estos, datos adicionales de la caracterizaci\u00f3n del mismo, as\u00ed como periodos diversos de informaci\u00f3n. <strong><em><a href=\"https:\/\/www.poderjudicialcdmx.gob.mx\/estadistica\/wp-content\/uploads\/Penal-1.xlsx\" target=\"_blank\" rel=\"noopener\">Ver archivo<\/a><\/em><\/strong><\/li>\n<\/ul>\n<p>&nbsp;<\/p>\n<ul>\n<li>Se solicit\u00f3 informaci\u00f3n respecto a asuntos de guarda y custodia. <em><strong><a href=\"https:\/\/www.poderjudicialcdmx.gob.mx\/estadistica\/wp-content\/uploads\/Familiar.xlsx\" target=\"_blank\" rel=\"noopener\">Ver archivo<\/a><\/strong><\/em><\/li>\n<\/ul>\n<p>&nbsp;<\/p>\n<ul>\n<li>Se solicit\u00f3 informaci\u00f3n sobre desalojos forzosos, desalojos legales. <strong><em><a href=\"https:\/\/www.poderjudicialcdmx.gob.mx\/estadistica\/wp-content\/uploads\/Desalojos.xlsx\" target=\"_blank\" rel=\"noopener\">Ver archivo<\/a><\/em><\/strong><\/li>\n<\/ul>\n<p>&nbsp;<\/p>\n<ul>\n<li>Se solicit\u00f3 el n\u00famero de cuerpos sin identificar que ingresaron al Instituto, as\u00ed como el n\u00famero de cad\u00e1veres enviados a Instituciones educativas. <em><strong><a href=\"https:\/\/www.poderjudicialcdmx.gob.mx\/estadistica\/wp-content\/uploads\/No-identificados.pdf\" target=\"_blank\" rel=\"noopener\">Ver archivo<\/a><\/strong><\/em><\/li>\n<\/ul>\n<\/div><\/div>[\/no_accordion_section][\/no_accordion][\/vc_column][\/vc_row][vc_row row_type=\u00bbrow\u00bb use_row_as_full_screen_section=\u00bbno\u00bb type=\u00bbgrid\u00bb oblique_section=\u00bbno\u00bb text_align=\u00bbleft\u00bb Overflow=\u00bb\u00bb triangle_shape=\u00bbno\u00bb css_animation=\u00bb\u00bb overflow=\u00bb\u00bb][vc_column][vc_separator type=\u00bbtransparent\u00bb up_style=\u00bbpx\u00bb down_style=\u00bbpx\u00bb][vc_empty_space image_repeat=\u00bbno-repeat\u00bb][vc_column_text]<\/p>\n<p style=\"text-align: right;\">\u00daltima fecha de actualizaci\u00f3n: septiembre 2025.<\/p>\n<p>[\/vc_column_text][vc_empty_space image_repeat=\u00bbno-repeat\u00bb][vc_separator type=\u00bbtransparent\u00bb up_style=\u00bbpx\u00bb down_style=\u00bbpx\u00bb][\/vc_column][\/vc_row]<\/p>\n","protected":false},"excerpt":{"rendered":"<p>[vc_row row_type=\u00bbrow\u00bb use_row_as_full_screen_section=\u00bbyes\u00bb type=\u00bbfull_width\u00bb oblique_section=\u00bbno\u00bb text_align=\u00bbcenter\u00bb Overflow=\u00bb\u00bb triangle_shape=\u00bbno\u00bb background_image=\u00bb21487&#8243; background_color=\u00bb#ffffff\u00bb padding_top=\u00bb10%\u00bb css_animation=\u00bb\u00bb overflow=\u00bb\u00bb el_id=\u00bbimagen_cabeza\u00bb][vc_column][vc_empty_space height=\u00bb300px\u00bb background_image=\u00bb21487&#8243; image_repeat=\u00bbno-repeat\u00bb][\/vc_column][\/vc_row][vc_row row_type=\u00bbrow\u00bb use_row_as_full_screen_section=\u00bbno\u00bb type=\u00bbfull_width\u00bb oblique_section=\u00bbno\u00bb text_align=\u00bbcenter\u00bb Overflow=\u00bb\u00bb triangle_shape=\u00bbno\u00bb css_animation=\u00bb\u00bb overflow=\u00bb\u00bb el_id=\u00bbtexto_titulo\u00bb][vc_column][vc_separator type=\u00bbtransparent\u00bb up=\u00bb60&#8243; up_style=\u00bbpx\u00bb down=\u00bb0&#8243; down_style=\u00bbpx\u00bb][vc_column_text] REQUERIMIENTOS M\u00c1S RECURRENTES EN MATERIA ESTAD\u00cdSTICA [\/vc_column_text][vc_separator type=\u00bbtransparent\u00bb up=\u00bb60&#8243; up_style=\u00bbpx\u00bb down=\u00bb0&#8243; down_style=\u00bbpx\u00bb][\/vc_column][\/vc_row][vc_row row_type=\u00bbrow\u00bb&#8230;<\/p>\n","protected":false},"author":15,"featured_media":0,"parent":0,"menu_order":0,"comment_status":"closed","ping_status":"closed","template":"full_width.php","meta":{"footnotes":""},"class_list":["post-21455","page","type-page","status-publish","hentry"],"_links":{"self":[{"href":"https:\/\/www.poderjudicialcdmx.gob.mx\/estadistica\/wp-json\/wp\/v2\/pages\/21455"}],"collection":[{"href":"https:\/\/www.poderjudicialcdmx.gob.mx\/estadistica\/wp-json\/wp\/v2\/pages"}],"about":[{"href":"https:\/\/www.poderjudicialcdmx.gob.mx\/estadistica\/wp-json\/wp\/v2\/types\/page"}],"author":[{"embeddable":true,"href":"https:\/\/www.poderjudicialcdmx.gob.mx\/estadistica\/wp-json\/wp\/v2\/users\/15"}],"replies":[{"embeddable":true,"href":"https:\/\/www.poderjudicialcdmx.gob.mx\/estadistica\/wp-json\/wp\/v2\/comments?post=21455"}],"version-history":[{"count":15,"href":"https:\/\/www.poderjudicialcdmx.gob.mx\/estadistica\/wp-json\/wp\/v2\/pages\/21455\/revisions"}],"predecessor-version":[{"id":23007,"href":"https:\/\/www.poderjudicialcdmx.gob.mx\/estadistica\/wp-json\/wp\/v2\/pages\/21455\/revisions\/23007"}],"wp:attachment":[{"href":"https:\/\/www.poderjudicialcdmx.gob.mx\/estadistica\/wp-json\/wp\/v2\/media?parent=21455"}],"curies":[{"name":"wp","href":"https:\/\/api.w.org\/{rel}","templated":true}]}}