{"id":15299,"date":"2018-06-08T18:05:08","date_gmt":"2018-06-08T18:05:08","guid":{"rendered":"http:\/\/www.poderjudicialcdmx.gob.mx\/medidas_cautelares\/?page_id=16188"},"modified":"2018-06-08T18:05:08","modified_gmt":"2018-06-08T18:05:08","slug":"supervision","status":"publish","type":"page","link":"https:\/\/www.poderjudicialcdmx.gob.mx\/medidas_cautelares\/supervision\/","title":{"rendered":"SUPERVISI\u00d3N"},"content":{"rendered":"<p>[vc_row row_type=\u00bbrow\u00bb use_row_as_full_screen_section=\u00bbno\u00bb type=\u00bbfull_width\u00bb oblique_section=\u00bbno\u00bb text_align=\u00bbleft\u00bb Overflow=\u00bb\u00bb triangle_shape=\u00bbno\u00bb background_image=\u00bb15445&#8243; css_animation=\u00bb\u00bb overflow=\u00bb\u00bb el_id=\u00bbimagen_cabeza\u00bb][vc_column][vc_separator type=\u00bbtransparent\u00bb up_style=\u00bbpx\u00bb down_style=\u00bbpx\u00bb][vc_separator type=\u00bbtransparent\u00bb up=\u00bb350&#8243; up_style=\u00bbpx\u00bb down_style=\u00bbpx\u00bb][\/vc_column][\/vc_row][vc_row row_type=\u00bbrow\u00bb use_row_as_full_screen_section=\u00bbno\u00bb type=\u00bbfull_width\u00bb oblique_section=\u00bbno\u00bb text_align=\u00bbleft\u00bb Overflow=\u00bb\u00bb triangle_shape=\u00bbno\u00bb css_animation=\u00bbelement_from_top\u00bb overflow=\u00bb\u00bb][vc_column][vc_empty_space height=\u00bb50px\u00bb image_repeat=\u00bbno-repeat\u00bb]<div class=\"custom_font_holder  \" style=\"font-family: Lato; font-size: 60px; line-height: 60px; font-style: normal; font-weight: 800; color: #8f5941; text-decoration: none; text-transform: none; text-align: center\" data-font-size=60 data-line-height=60 ><div  ><p>SUPERVISI\u00d3N<\/p>\n<\/div><\/div>[vc_empty_space height=\u00bb17px\u00bb image_repeat=\u00bbno-repeat\u00bb][\/vc_column][\/vc_row][vc_row row_type=\u00bbrow\u00bb use_row_as_full_screen_section=\u00bbno\u00bb type=\u00bbfull_width\u00bb oblique_section=\u00bbno\u00bb text_align=\u00bbleft\u00bb Overflow=\u00bb\u00bb triangle_shape=\u00bbno\u00bb css_animation=\u00bbelement_from_right\u00bb overflow=\u00bb\u00bb][vc_column]<div class=\"custom_font_holder  \" style=\"font-family: Lato; font-size: 22px; line-height: 23px; font-style: normal; font-weight: 400; text-decoration: none; text-transform: none; text-align: center\" data-font-size=22 data-line-height=23 ><div  ><p>Es el acompa\u00f1amiento a la persona sujeta a un proceso penal para<\/p>\n<p>verificar el cumplimiento de lo ordenado por el juez, ya sean:<\/p>\n<\/div><\/div>[vc_empty_space height=\u00bb30px\u00bb image_repeat=\u00bbno-repeat\u00bb][vc_row_inner row_type=\u00bbrow\u00bb type=\u00bbgrid\u00bb use_row_as_full_screen_section_slide=\u00bbno\u00bb text_align=\u00bbleft\u00bb background_color=\u00bb#ddb8a2&#8243; css_animation=\u00bb\u00bb][vc_column_inner][vc_empty_space height=\u00bb30px\u00bb image_repeat=\u00bbno-repeat\u00bb]<div class=\"custom_font_holder  \" style=\"font-family: Lato; font-size: 30px; line-height: 30px; font-style: normal; font-weight: 600; color: #ffffff; text-decoration: none; text-transform: none; text-align: center\" data-font-size=30 data-line-height=30 ><div  ><p>MEDIDAS CAUTELARES\u00a0 \u00a0O\u00a0 \u00a0CONDICIONES<\/p>\n<\/div><\/div>[vc_empty_space height=\u00bb30px\u00bb image_repeat=\u00bbno-repeat\u00bb][\/vc_column_inner][\/vc_row_inner][vc_empty_space height=\u00bb30px\u00bb image_repeat=\u00bbno-repeat\u00bb]<div class=\"custom_font_holder  \" style=\"font-family: Lato; font-size: 22px; line-height: 23px; font-style: normal; font-weight: 400; text-decoration: none; text-transform: none; text-align: center\" data-font-size=22 data-line-height=23 ><div  ><p>Para proporcionar a las partes procesales, Ministerio P\u00fablico, Imputado,<\/p>\n<p>Defensor, V\u00edctima, Asesor Jur\u00eddico, informaci\u00f3n sobre el seguimiento de las mismas.<\/p>\n<\/div><\/div>[\/vc_column][\/vc_row][vc_row row_type=\u00bbrow\u00bb use_row_as_full_screen_section=\u00bbno\u00bb type=\u00bbfull_width\u00bb oblique_section=\u00bbno\u00bb text_align=\u00bbleft\u00bb Overflow=\u00bb\u00bb triangle_shape=\u00bbno\u00bb css_animation=\u00bbelement_from_right\u00bb overflow=\u00bb\u00bb][vc_column][vc_empty_space height=\u00bb40px\u00bb image_repeat=\u00bbno-repeat\u00bb]<div class=\"custom_font_holder  \" style=\"font-family: Lato; font-size: 40px; line-height: 40px; font-style: normal; font-weight: 800; color: #8f5941; text-decoration: none; text-transform: none; text-align: center\" data-font-size=40 data-line-height=40 ><div  ><p>METODOLOG\u00cdA DE LA\u00a0SUPERVISI\u00d3N<\/p>\n<\/div><\/div>[vc_empty_space height=\u00bb40px\u00bb image_repeat=\u00bbno-repeat\u00bb][\/vc_column][\/vc_row][vc_row row_type=\u00bbrow\u00bb use_row_as_full_screen_section=\u00bbno\u00bb type=\u00bbgrid\u00bb oblique_section=\u00bbno\u00bb text_align=\u00bbleft\u00bb Overflow=\u00bb\u00bb triangle_shape=\u00bbno\u00bb css_animation=\u00bbelement_from_right\u00bb overflow=\u00bb\u00bb][vc_column width=\u00bb1\/2&#8243;]<div class=\"custom_font_holder  \" style=\"font-family: Lato; font-size: 18px; line-height: 22px; font-style: normal; font-weight: 400; text-decoration: none; text-transform: none; text-align: left\" data-font-size=18 data-line-height=22 ><div  ><ol>\n<li>\u00a0 \u00a0 \u00a0 \u00a0 Una vez dictadas las medidas cautelares o las condiciones derivadas de la suspensi\u00f3n condicional del proceso, el Juez hace del conocimiento a la Unidad de Supervisi\u00f3n de Medidas Cautelares y Suspensi\u00f3n Condicional del Proceso a efecto de que inicie los actos de supervisi\u00f3n.<\/li>\n<\/ol>\n<\/div><\/div>[vc_empty_space height=\u00bb40px\u00bb image_repeat=\u00bbno-repeat\u00bb][\/vc_column][vc_column width=\u00bb1\/2&#8243;]<div class=\"custom_font_holder  \" style=\"font-family: Lato; font-size: 18px; line-height: 22px; font-style: normal; font-weight: 400; text-decoration: none; text-transform: none; text-align: left\" data-font-size=18 data-line-height=22 ><div  ><ol start=\"2\">\n<li>\u00a0 \u00a0 \u00a0 \u00a0 El supervisor realiza diversas acciones para la debida supervisi\u00f3n del cumplimiento de las medidas cautelares o las condiciones impuestas.<\/li>\n<\/ol>\n<\/div><\/div>[vc_empty_space height=\u00bb40px\u00bb image_repeat=\u00bbno-repeat\u00bb][\/vc_column][\/vc_row][vc_row row_type=\u00bbrow\u00bb use_row_as_full_screen_section=\u00bbno\u00bb type=\u00bbfull_width\u00bb oblique_section=\u00bbno\u00bb text_align=\u00bbleft\u00bb Overflow=\u00bb\u00bb triangle_shape=\u00bbno\u00bb css_animation=\u00bb\u00bb overflow=\u00bb\u00bb][vc_column][vc_single_image image=\u00bb16249&#8243; img_size=\u00bblarge\u00bb alignment=\u00bbcenter\u00bb onclick=\u00bbimg_link_large\u00bb img_link_target=\u00bb_blank\u00bb mkd_css_animation=\u00bbelement_from_bottom\u00bb set_shader=\u00bbno\u00bb set_popup=\u00bbno\u00bb animate_image_on_hover=\u00bbno\u00bb][vc_empty_space height=\u00bb20px\u00bb image_repeat=\u00bbno-repeat\u00bb][\/vc_column][\/vc_row]<\/p>\n","protected":false},"excerpt":{"rendered":"<p>[vc_row row_type=\u00bbrow\u00bb use_row_as_full_screen_section=\u00bbno\u00bb type=\u00bbfull_width\u00bb oblique_section=\u00bbno\u00bb text_align=\u00bbleft\u00bb Overflow=\u00bb\u00bb triangle_shape=\u00bbno\u00bb background_image=\u00bb15445&#8243; css_animation=\u00bb\u00bb overflow=\u00bb\u00bb el_id=\u00bbimagen_cabeza\u00bb][vc_column][vc_separator type=\u00bbtransparent\u00bb up_style=\u00bbpx\u00bb down_style=\u00bbpx\u00bb][vc_separator type=\u00bbtransparent\u00bb up=\u00bb350&#8243; up_style=\u00bbpx\u00bb down_style=\u00bbpx\u00bb][\/vc_column][\/vc_row][vc_row row_type=\u00bbrow\u00bb use_row_as_full_screen_section=\u00bbno\u00bb type=\u00bbfull_width\u00bb oblique_section=\u00bbno\u00bb text_align=\u00bbleft\u00bb Overflow=\u00bb\u00bb triangle_shape=\u00bbno\u00bb css_animation=\u00bbelement_from_top\u00bb overflow=\u00bb\u00bb][vc_column][vc_empty_space height=\u00bb50px\u00bb image_repeat=\u00bbno-repeat\u00bb][vc_empty_space height=\u00bb17px\u00bb image_repeat=\u00bbno-repeat\u00bb][\/vc_column][\/vc_row][vc_row row_type=\u00bbrow\u00bb use_row_as_full_screen_section=\u00bbno\u00bb type=\u00bbfull_width\u00bb oblique_section=\u00bbno\u00bb text_align=\u00bbleft\u00bb Overflow=\u00bb\u00bb triangle_shape=\u00bbno\u00bb css_animation=\u00bbelement_from_right\u00bb overflow=\u00bb\u00bb][vc_column][vc_empty_space height=\u00bb30px\u00bb image_repeat=\u00bbno-repeat\u00bb][vc_row_inner row_type=\u00bbrow\u00bb type=\u00bbgrid\u00bb&#8230;<\/p>\n","protected":false},"author":1,"featured_media":0,"parent":0,"menu_order":0,"comment_status":"closed","ping_status":"closed","template":"full_width.php","meta":{"footnotes":""},"class_list":["post-15299","page","type-page","status-publish","hentry"],"_links":{"self":[{"href":"https:\/\/www.poderjudicialcdmx.gob.mx\/medidas_cautelares\/wp-json\/wp\/v2\/pages\/15299"}],"collection":[{"href":"https:\/\/www.poderjudicialcdmx.gob.mx\/medidas_cautelares\/wp-json\/wp\/v2\/pages"}],"about":[{"href":"https:\/\/www.poderjudicialcdmx.gob.mx\/medidas_cautelares\/wp-json\/wp\/v2\/types\/page"}],"author":[{"embeddable":true,"href":"https:\/\/www.poderjudicialcdmx.gob.mx\/medidas_cautelares\/wp-json\/wp\/v2\/users\/1"}],"replies":[{"embeddable":true,"href":"https:\/\/www.poderjudicialcdmx.gob.mx\/medidas_cautelares\/wp-json\/wp\/v2\/comments?post=15299"}],"version-history":[{"count":16,"href":"https:\/\/www.poderjudicialcdmx.gob.mx\/medidas_cautelares\/wp-json\/wp\/v2\/pages\/15299\/revisions"}],"predecessor-version":[{"id":16462,"href":"https:\/\/www.poderjudicialcdmx.gob.mx\/medidas_cautelares\/wp-json\/wp\/v2\/pages\/15299\/revisions\/16462"}],"wp:attachment":[{"href":"https:\/\/www.poderjudicialcdmx.gob.mx\/medidas_cautelares\/wp-json\/wp\/v2\/media?parent=15299"}],"curies":[{"name":"wp","href":"https:\/\/api.w.org\/{rel}","templated":true}]}}