{"id":16723,"date":"2020-03-13T18:46:36","date_gmt":"2020-03-13T18:46:36","guid":{"rendered":"https:\/\/www.poderjudicialcdmx.gob.mx\/medidas_cautelares\/?page_id=16723"},"modified":"2020-03-13T18:46:36","modified_gmt":"2020-03-13T18:46:36","slug":"medidas-cautelares-2","status":"publish","type":"page","link":"https:\/\/www.poderjudicialcdmx.gob.mx\/medidas_cautelares\/medidas-cautelares-2\/","title":{"rendered":"Medidas Cautelares 2"},"content":{"rendered":"<p>[vc_row row_type=\u00bbrow\u00bb use_row_as_full_screen_section=\u00bbno\u00bb type=\u00bbfull_width\u00bb oblique_section=\u00bbno\u00bb text_align=\u00bbleft\u00bb Overflow=\u00bb\u00bb triangle_shape=\u00bbno\u00bb css_animation=\u00bbelement_from_top\u00bb overflow=\u00bb\u00bb][vc_column][vc_separator type=\u00bbtransparent\u00bb up=\u00bb40&#8243; up_style=\u00bbpx\u00bb down=\u00bb0&#8243; down_style=\u00bbpx\u00bb]<div class=\"custom_font_holder  \" style=\"font-family: lato; font-size: 40px; line-height: 60px; font-style: normal; font-weight: 600; color: #8f5941; text-decoration: none; text-transform: none; text-align: center\" data-font-size=40 data-line-height=60 ><div  ><p>\u00bfQu\u00e9 es una medida cautelar?<\/p>\n<\/div><\/div>[vc_empty_space height=\u00bb17px\u00bb image_repeat=\u00bbno-repeat\u00bb][vc_separator type=\u00bbtransparent\u00bb up=\u00bb40&#8243; up_style=\u00bbpx\u00bb down=\u00bb0&#8243; down_style=\u00bbpx\u00bb]<div class=\"custom_font_holder  \" style=\"font-family: lato; font-size: 25px; line-height: 26px; font-style: normal; font-weight: 400; text-decoration: none; text-transform: none; text-align: center\" data-font-size=25 data-line-height=26 ><div  ><p>Consiste en una o varias obligaciones que impone el Juez<\/p>\n<p>para continuar el proceso penal en libertad.<\/p>\n<\/div><\/div>[vc_separator type=\u00bbtransparent\u00bb up=\u00bb40&#8243; up_style=\u00bbpx\u00bb down=\u00bb0&#8243; down_style=\u00bbpx\u00bb]<div class=\"custom_font_holder  \" style=\"font-family: lato; font-size: 25px; line-height: 36px; font-style: normal; font-weight: 400; text-decoration: none; text-transform: none; text-align: center\" data-font-size=25 data-line-height=36 ><div  ><p>Ven con nosotros<br \/>\nAcude a Claudio Bernard n\u00famero 60 planta baja<br \/>\n-trae disposici\u00f3n de tiempo<br \/>\n-trae tu oficio de imposici\u00f3n de medida cautelar<br \/>\n-trae una identificaci\u00f3n (ine, licencia, pasaporte, forma migratoria, inapam)<br \/>\n-\u00bfc\u00f3mo llego?<\/p>\n<\/div><\/div>[vc_separator type=\u00bbtransparent\u00bb up=\u00bb40&#8243; up_style=\u00bbpx\u00bb down=\u00bb0&#8243; down_style=\u00bbpx\u00bb]<div class=\"custom_font_holder  \" style=\"font-family: lato; font-size: 30px; line-height: 60px; font-style: normal; font-weight: 500; color: #8f5941; text-decoration: none; text-transform: none; text-align: center\" data-font-size=30 data-line-height=60 ><div  ><p>\u00bfQu\u00e9 medidas cautelares te puede imponer?<\/p>\n<\/div><\/div>[\/vc_column][\/vc_row][vc_row row_type=\u00bbrow\u00bb use_row_as_full_screen_section=\u00bbno\u00bb type=\u00bbfull_width\u00bb oblique_section=\u00bbno\u00bb text_align=\u00bbleft\u00bb Overflow=\u00bb\u00bb triangle_shape=\u00bbno\u00bb css_animation=\u00bb\u00bb overflow=\u00bb\u00bb][vc_column][vc_empty_space image_repeat=\u00bbno-repeat\u00bb][\/vc_column][\/vc_row][vc_row row_type=\u00bbrow\u00bb use_row_as_full_screen_section=\u00bbno\u00bb type=\u00bbgrid\u00bb oblique_section=\u00bbno\u00bb text_align=\u00bbright\u00bb Overflow=\u00bb\u00bb triangle_shape=\u00bbno\u00bb css_animation=\u00bb\u00bb overflow=\u00bb\u00bb][vc_column width=\u00bb1\/4&#8243;][vc_single_image image=\u00bb16094&#8243; img_size=\u00bb100&#215;100&#8243; alignment=\u00bbright\u00bb mkd_css_animation=\u00bbelement_from_left\u00bb set_shader=\u00bbno\u00bb set_popup=\u00bbno\u00bb animate_image_on_hover=\u00bbno\u00bb][\/vc_column][vc_column width=\u00bb3\/4&#8243;]<div class=\"custom_font_holder  \" style=\"font-family: lato; font-size: 20px; line-height: 33px; font-style: normal; font-weight: 500; color: #4c4c4c; text-decoration: none; text-transform: none; text-align: left\" data-font-size=20 data-line-height=33 ><div  ><p>FIRMA PERI\u00d3DICA<\/p>\n<p>Acude de forma semanal, quincenal o mensual conforme se te indic\u00f3.<\/p>\n<\/div><\/div>[\/vc_column][\/vc_row][vc_row row_type=\u00bbrow\u00bb use_row_as_full_screen_section=\u00bbno\u00bb type=\u00bbfull_width\u00bb oblique_section=\u00bbno\u00bb text_align=\u00bbleft\u00bb Overflow=\u00bb\u00bb triangle_shape=\u00bbno\u00bb css_animation=\u00bb\u00bb overflow=\u00bb\u00bb][vc_column][vc_empty_space image_repeat=\u00bbno-repeat\u00bb][\/vc_column][\/vc_row][vc_row row_type=\u00bbrow\u00bb use_row_as_full_screen_section=\u00bbno\u00bb type=\u00bbgrid\u00bb oblique_section=\u00bbno\u00bb text_align=\u00bbright\u00bb Overflow=\u00bb\u00bb triangle_shape=\u00bbno\u00bb css_animation=\u00bb\u00bb overflow=\u00bb\u00bb][vc_column width=\u00bb2\/3&#8243;]<div class=\"custom_font_holder  \" style=\"font-family: lato; font-size: 20px; line-height: 33px; font-style: normal; font-weight: 500; color: #4c4c4c; text-decoration: none; text-transform: none; text-align: right\" data-font-size=20 data-line-height=33 ><div  ><p><strong>FIANZA<\/strong><\/p>\n<p>Si cuenta con la solvencia econ\u00f3mica o ya ha sido detenido en m\u00e1s de una<br \/>\nocasi\u00f3n debe acudir a las casas afianzadoras con la finalidad de adquirir una<br \/>\nfianza en el monto que pidi\u00f3 el Juez para garantizar que seguir\u00e1 el proceso.<br \/>\nEste documento deber\u00e1 ser llenado a favor de la Unidad de Gesti\u00f3n Judicial<br \/>\nen la cual se llev\u00f3 a cabo la audiencia inicial y entregado en el mismo lugar.<\/p>\n<\/div><\/div>[\/vc_column][vc_column width=\u00bb1\/3&#8243;][vc_single_image image=\u00bb16101&#8243; img_size=\u00bb100&#215;100&#8243; mkd_css_animation=\u00bbelement_from_left\u00bb set_shader=\u00bbno\u00bb set_popup=\u00bbno\u00bb animate_image_on_hover=\u00bbno\u00bb][\/vc_column][\/vc_row][vc_row row_type=\u00bbrow\u00bb use_row_as_full_screen_section=\u00bbno\u00bb type=\u00bbfull_width\u00bb oblique_section=\u00bbno\u00bb text_align=\u00bbleft\u00bb Overflow=\u00bb\u00bb triangle_shape=\u00bbno\u00bb css_animation=\u00bb\u00bb overflow=\u00bb\u00bb][vc_column][vc_empty_space image_repeat=\u00bbno-repeat\u00bb][\/vc_column][\/vc_row][vc_row row_type=\u00bbrow\u00bb use_row_as_full_screen_section=\u00bbno\u00bb type=\u00bbgrid\u00bb oblique_section=\u00bbno\u00bb text_align=\u00bbright\u00bb Overflow=\u00bb\u00bb triangle_shape=\u00bbno\u00bb css_animation=\u00bb\u00bb overflow=\u00bb\u00bb][vc_column width=\u00bb1\/4&#8243;][vc_single_image image=\u00bb16110&#8243; img_size=\u00bb100&#215;100&#8243; alignment=\u00bbright\u00bb mkd_css_animation=\u00bbelement_from_left\u00bb set_shader=\u00bbno\u00bb set_popup=\u00bbno\u00bb animate_image_on_hover=\u00bbno\u00bb][\/vc_column][vc_column width=\u00bb3\/4&#8243;]<div class=\"custom_font_holder  \" style=\"font-family: lato; font-size: 20px; line-height: 33px; font-style: normal; font-weight: 500; color: #4c4c4c; text-decoration: none; text-transform: none; text-align: left\" data-font-size=20 data-line-height=33 ><div  ><p>EMBARGO<\/p>\n<p>A parte de respetar la imposici\u00f3n de la medida, no existe ninguna actividad<br \/>\nque el supervisado tenga que realizar.<\/p>\n<\/div><\/div>[\/vc_column][\/vc_row][vc_row row_type=\u00bbrow\u00bb use_row_as_full_screen_section=\u00bbno\u00bb type=\u00bbfull_width\u00bb oblique_section=\u00bbno\u00bb text_align=\u00bbleft\u00bb Overflow=\u00bb\u00bb triangle_shape=\u00bbno\u00bb css_animation=\u00bb\u00bb overflow=\u00bb\u00bb][vc_column][vc_empty_space image_repeat=\u00bbno-repeat\u00bb][\/vc_column][\/vc_row][vc_row row_type=\u00bbrow\u00bb use_row_as_full_screen_section=\u00bbno\u00bb type=\u00bbgrid\u00bb oblique_section=\u00bbno\u00bb text_align=\u00bbright\u00bb Overflow=\u00bb\u00bb triangle_shape=\u00bbno\u00bb css_animation=\u00bb\u00bb overflow=\u00bb\u00bb][vc_column width=\u00bb2\/3&#8243;]<div class=\"custom_font_holder  \" style=\"font-family: lato; font-size: 20px; line-height: 33px; font-style: normal; font-weight: 500; color: #4c4c4c; text-decoration: none; text-transform: none; text-align: right\" data-font-size=20 data-line-height=33 ><div  ><p>INMOVILIZACI\u00d3N DE CUENTAS BANCARIAS<\/p>\n<p>No existe ninguna actividad que el supervisado tenga que realizar.<\/p>\n<\/div><\/div>[\/vc_column][vc_column width=\u00bb1\/3&#8243;][vc_single_image image=\u00bb16112&#8243; img_size=\u00bb100&#215;100&#8243; mkd_css_animation=\u00bbelement_from_left\u00bb set_shader=\u00bbno\u00bb set_popup=\u00bbno\u00bb animate_image_on_hover=\u00bbno\u00bb][\/vc_column][\/vc_row][vc_row row_type=\u00bbrow\u00bb use_row_as_full_screen_section=\u00bbno\u00bb type=\u00bbfull_width\u00bb oblique_section=\u00bbno\u00bb text_align=\u00bbleft\u00bb Overflow=\u00bb\u00bb triangle_shape=\u00bbno\u00bb css_animation=\u00bb\u00bb overflow=\u00bb\u00bb][vc_column][vc_empty_space image_repeat=\u00bbno-repeat\u00bb][\/vc_column][\/vc_row][vc_row row_type=\u00bbrow\u00bb use_row_as_full_screen_section=\u00bbno\u00bb type=\u00bbgrid\u00bb oblique_section=\u00bbno\u00bb text_align=\u00bbright\u00bb Overflow=\u00bb\u00bb triangle_shape=\u00bbno\u00bb css_animation=\u00bb\u00bb overflow=\u00bb\u00bb][vc_column width=\u00bb1\/4&#8243;][vc_single_image image=\u00bb16114&#8243; img_size=\u00bb100&#215;100&#8243; alignment=\u00bbright\u00bb mkd_css_animation=\u00bbelement_from_left\u00bb set_shader=\u00bbno\u00bb set_popup=\u00bbno\u00bb animate_image_on_hover=\u00bbno\u00bb][\/vc_column][vc_column width=\u00bb3\/4&#8243;]<div class=\"custom_font_holder  \" style=\"font-family: lato; font-size: 20px; line-height: 33px; font-style: normal; font-weight: 500; color: #4c4c4c; text-decoration: none; text-transform: none; text-align: left\" data-font-size=20 data-line-height=33 ><div  ><p><strong>PROHIBICI\u00d3N DE SALIR SIN AUTORIZACI\u00d3N DEL PA\u00cdS O DE LA CIUDAD<\/strong><\/p>\n<p>De acuerdo a lo ordenado por el juez debo entregar mis documentos<br \/>\nmigratorios (pasaporte y en su caso visa) a la autoridad que me ordenen ya<br \/>\nsea la Unidad de Gesti\u00f3n Judicial correspondiente o ante la Unidad de<br \/>\nSupervisi\u00f3n de Medidas Cautelares y Suspensi\u00f3n Condicional del Proceso.<br \/>\nAcudir a la Unidad de Supervisi\u00f3n de Medidas Cautelares y Suspensi\u00f3n<br \/>\nCondicional del Proceso para conocer a mi supervisor y dar inicio a las<br \/>\nlabores de supervisi\u00f3n.<br \/>\nProporcionar datos sobre mi origen (nacionalidad) y fecha de nacimiento.<\/p>\n<p><strong>Me prohibieron salir de la Ciudad. Ahora\u2026 \u00bfQu\u00e9 hago?<\/strong><br \/>\nDebo permanecer necesariamente dentro de la Ciudad.<\/p>\n<\/div><\/div>[\/vc_column][\/vc_row][vc_row row_type=\u00bbrow\u00bb use_row_as_full_screen_section=\u00bbno\u00bb type=\u00bbfull_width\u00bb oblique_section=\u00bbno\u00bb text_align=\u00bbleft\u00bb Overflow=\u00bb\u00bb triangle_shape=\u00bbno\u00bb css_animation=\u00bb\u00bb overflow=\u00bb\u00bb][vc_column][vc_empty_space image_repeat=\u00bbno-repeat\u00bb][\/vc_column][\/vc_row][vc_row row_type=\u00bbrow\u00bb use_row_as_full_screen_section=\u00bbno\u00bb type=\u00bbgrid\u00bb oblique_section=\u00bbno\u00bb text_align=\u00bbright\u00bb Overflow=\u00bb\u00bb triangle_shape=\u00bbno\u00bb css_animation=\u00bb\u00bb overflow=\u00bb\u00bb][vc_column width=\u00bb2\/3&#8243;]<div class=\"custom_font_holder  \" style=\"font-family: lato; font-size: 20px; line-height: 33px; font-style: normal; font-weight: 500; color: #4c4c4c; text-decoration: none; text-transform: none; text-align: right\" data-font-size=20 data-line-height=33 ><div  ><p>ACUDIR ANTE ALGUNA INSTITUCI\u00d3N ESPEC\u00cdFICA PARA COLABORAR EN MI PROCESO DE<\/p>\n<p>READAPTACI\u00d3N Y CAMBIO DE CONDUCTA<\/p>\n<p>-Debo recibir el oficio que me entregar\u00e1 mi supervisora o supervisor<br \/>\n-Dirigirme a la Direcci\u00f3n en d\u00f3nde se encuentre ubicada la instituci\u00f3n que<br \/>\nme brindar\u00e1 el servicio.<br \/>\n-Cumplir con los requisitos, y entrevistas que me solicite la instituci\u00f3n<br \/>\n-Acudir con la continuidad y especificaciones que me comenten en la unidad.<\/p>\n<\/div><\/div>[\/vc_column][vc_column width=\u00bb1\/3&#8243;][vc_single_image image=\u00bb16115&#8243; img_size=\u00bb100&#215;100&#8243; mkd_css_animation=\u00bbelement_from_left\u00bb set_shader=\u00bbno\u00bb set_popup=\u00bbno\u00bb animate_image_on_hover=\u00bbno\u00bb][\/vc_column][\/vc_row][vc_row row_type=\u00bbrow\u00bb use_row_as_full_screen_section=\u00bbno\u00bb type=\u00bbfull_width\u00bb oblique_section=\u00bbno\u00bb text_align=\u00bbleft\u00bb Overflow=\u00bb\u00bb triangle_shape=\u00bbno\u00bb css_animation=\u00bb\u00bb overflow=\u00bb\u00bb][vc_column][vc_empty_space height=\u00bb50px\u00bb image_repeat=\u00bbno-repeat\u00bb][\/vc_column][\/vc_row][vc_row row_type=\u00bbrow\u00bb use_row_as_full_screen_section=\u00bbno\u00bb type=\u00bbgrid\u00bb oblique_section=\u00bbno\u00bb text_align=\u00bbright\u00bb Overflow=\u00bb\u00bb triangle_shape=\u00bbno\u00bb css_animation=\u00bb\u00bb overflow=\u00bb\u00bb][vc_column width=\u00bb1\/4&#8243;][vc_single_image image=\u00bb16116&#8243; img_size=\u00bb100&#215;100&#8243; alignment=\u00bbright\u00bb mkd_css_animation=\u00bbelement_from_left\u00bb set_shader=\u00bbno\u00bb set_popup=\u00bbno\u00bb animate_image_on_hover=\u00bbno\u00bb][\/vc_column][vc_column width=\u00bb3\/4&#8243;]<div class=\"custom_font_holder  \" style=\"font-family: lato; font-size: 20px; line-height: 33px; font-style: normal; font-weight: 500; color: #4c4c4c; text-decoration: none; text-transform: none; text-align: left\" data-font-size=20 data-line-height=33 ><div  ><p>DEJAR DE ACUDIR A DETERMINADAS REUNIONES O LUGARES<\/p>\n<\/div><\/div>[\/vc_column][\/vc_row][vc_row row_type=\u00bbrow\u00bb use_row_as_full_screen_section=\u00bbno\u00bb type=\u00bbfull_width\u00bb oblique_section=\u00bbno\u00bb text_align=\u00bbleft\u00bb Overflow=\u00bb\u00bb triangle_shape=\u00bbno\u00bb css_animation=\u00bb\u00bb overflow=\u00bb\u00bb][vc_column][vc_empty_space height=\u00bb50px\u00bb image_repeat=\u00bbno-repeat\u00bb][\/vc_column][\/vc_row][vc_row row_type=\u00bbrow\u00bb use_row_as_full_screen_section=\u00bbno\u00bb type=\u00bbgrid\u00bb oblique_section=\u00bbno\u00bb text_align=\u00bbright\u00bb Overflow=\u00bb\u00bb triangle_shape=\u00bbno\u00bb css_animation=\u00bb\u00bb overflow=\u00bb\u00bb][vc_column width=\u00bb2\/3&#8243;]<div class=\"custom_font_holder  \" style=\"font-family: lato; font-size: 20px; line-height: 33px; font-style: normal; font-weight: 500; color: #4c4c4c; text-decoration: none; text-transform: none; text-align: right\" data-font-size=20 data-line-height=33 ><div  ><p><strong>EVITAR CONVIVIR, ACERCARSE O COMUNICARSE CON ALGUNAS PERSONAS<\/strong><\/p>\n<\/div><\/div>[\/vc_column][vc_column width=\u00bb1\/3&#8243;][vc_single_image image=\u00bb16119&#8243; img_size=\u00bb100&#215;100&#8243; mkd_css_animation=\u00bbelement_from_left\u00bb set_shader=\u00bbno\u00bb set_popup=\u00bbno\u00bb animate_image_on_hover=\u00bbno\u00bb][\/vc_column][\/vc_row][vc_row row_type=\u00bbrow\u00bb use_row_as_full_screen_section=\u00bbno\u00bb type=\u00bbfull_width\u00bb oblique_section=\u00bbno\u00bb text_align=\u00bbleft\u00bb Overflow=\u00bb\u00bb triangle_shape=\u00bbno\u00bb css_animation=\u00bb\u00bb overflow=\u00bb\u00bb][vc_column][vc_empty_space height=\u00bb50px\u00bb image_repeat=\u00bbno-repeat\u00bb][\/vc_column][\/vc_row][vc_row row_type=\u00bbrow\u00bb use_row_as_full_screen_section=\u00bbno\u00bb type=\u00bbgrid\u00bb oblique_section=\u00bbno\u00bb text_align=\u00bbright\u00bb Overflow=\u00bb\u00bb triangle_shape=\u00bbno\u00bb css_animation=\u00bb\u00bb overflow=\u00bb\u00bb][vc_column width=\u00bb1\/4&#8243;][vc_single_image image=\u00bb16123&#8243; img_size=\u00bb100&#215;100&#8243; alignment=\u00bbright\u00bb mkd_css_animation=\u00bbelement_from_left\u00bb set_shader=\u00bbno\u00bb set_popup=\u00bbno\u00bb animate_image_on_hover=\u00bbno\u00bb][\/vc_column][vc_column width=\u00bb3\/4&#8243;]<div class=\"custom_font_holder  \" style=\"font-family: lato; font-size: 20px; line-height: 33px; font-style: normal; font-weight: 500; color: #4c4c4c; text-decoration: none; text-transform: none; text-align: left\" data-font-size=20 data-line-height=33 ><div  ><p><strong>SALIR DEL DOMICILIO EN EL QUE VIVO ACTUALMENTE<\/strong><\/p>\n<p>Una vez ordenada por el Juez, el domicilio deber\u00e1 ser abandonado de forma<br \/>\ninmediata.<\/p>\n<\/div><\/div>[\/vc_column][\/vc_row][vc_row row_type=\u00bbrow\u00bb use_row_as_full_screen_section=\u00bbno\u00bb type=\u00bbfull_width\u00bb oblique_section=\u00bbno\u00bb text_align=\u00bbleft\u00bb Overflow=\u00bb\u00bb triangle_shape=\u00bbno\u00bb css_animation=\u00bb\u00bb overflow=\u00bb\u00bb][vc_column][vc_empty_space height=\u00bb50px\u00bb image_repeat=\u00bbno-repeat\u00bb][\/vc_column][\/vc_row][vc_row row_type=\u00bbrow\u00bb use_row_as_full_screen_section=\u00bbno\u00bb type=\u00bbgrid\u00bb oblique_section=\u00bbno\u00bb text_align=\u00bbright\u00bb Overflow=\u00bb\u00bb triangle_shape=\u00bbno\u00bb css_animation=\u00bb\u00bb overflow=\u00bb\u00bb][vc_column width=\u00bb2\/3&#8243;]<div class=\"custom_font_holder  \" style=\"font-family: lato; font-size: 20px; line-height: 33px; font-style: normal; font-weight: 500; color: #4c4c4c; text-decoration: none; text-transform: none; text-align: right\" data-font-size=20 data-line-height=33 ><div  ><p><strong>LA SUSPENSI\u00d3N TEMPORAL EN EL EJERCICIO DEL CARGO P\u00daBLICO<\/strong><\/p>\n<\/div><\/div>[\/vc_column][vc_column width=\u00bb1\/3&#8243;][vc_single_image image=\u00bb16124&#8243; img_size=\u00bb100&#215;100&#8243; mkd_css_animation=\u00bbelement_from_left\u00bb set_shader=\u00bbno\u00bb set_popup=\u00bbno\u00bb animate_image_on_hover=\u00bbno\u00bb][\/vc_column][\/vc_row][vc_row row_type=\u00bbrow\u00bb use_row_as_full_screen_section=\u00bbno\u00bb type=\u00bbfull_width\u00bb oblique_section=\u00bbno\u00bb text_align=\u00bbleft\u00bb Overflow=\u00bb\u00bb triangle_shape=\u00bbno\u00bb css_animation=\u00bb\u00bb overflow=\u00bb\u00bb][vc_column][vc_empty_space height=\u00bb50px\u00bb image_repeat=\u00bbno-repeat\u00bb][\/vc_column][\/vc_row][vc_row row_type=\u00bbrow\u00bb use_row_as_full_screen_section=\u00bbno\u00bb type=\u00bbgrid\u00bb oblique_section=\u00bbno\u00bb text_align=\u00bbright\u00bb Overflow=\u00bb\u00bb triangle_shape=\u00bbno\u00bb css_animation=\u00bb\u00bb overflow=\u00bb\u00bb][vc_column width=\u00bb1\/4&#8243;][vc_single_image image=\u00bb16125&#8243; img_size=\u00bb100&#215;100&#8243; alignment=\u00bbright\u00bb mkd_css_animation=\u00bbelement_from_left\u00bb set_shader=\u00bbno\u00bb set_popup=\u00bbno\u00bb animate_image_on_hover=\u00bbno\u00bb][\/vc_column][vc_column width=\u00bb3\/4&#8243;]<div class=\"custom_font_holder  \" style=\"font-family: lato; font-size: 20px; line-height: 33px; font-style: normal; font-weight: 500; color: #4c4c4c; text-decoration: none; text-transform: none; text-align: left\" data-font-size=20 data-line-height=33 ><div  ><p><strong>DEJAR DE REALIZAR ALGUNA ACTIVIDAD LABORAL O PROFESIONAL<\/strong><\/p>\n<\/div><\/div>[\/vc_column][\/vc_row][vc_row row_type=\u00bbrow\u00bb use_row_as_full_screen_section=\u00bbno\u00bb type=\u00bbfull_width\u00bb oblique_section=\u00bbno\u00bb text_align=\u00bbleft\u00bb Overflow=\u00bb\u00bb triangle_shape=\u00bbno\u00bb css_animation=\u00bb\u00bb overflow=\u00bb\u00bb][vc_column][vc_empty_space height=\u00bb50px\u00bb image_repeat=\u00bbno-repeat\u00bb][\/vc_column][\/vc_row][vc_row row_type=\u00bbrow\u00bb use_row_as_full_screen_section=\u00bbno\u00bb type=\u00bbgrid\u00bb oblique_section=\u00bbno\u00bb text_align=\u00bbright\u00bb Overflow=\u00bb\u00bb triangle_shape=\u00bbno\u00bb css_animation=\u00bb\u00bb overflow=\u00bb\u00bb][vc_column width=\u00bb2\/3&#8243;]<div class=\"custom_font_holder  \" style=\"font-family: lato; font-size: 20px; line-height: 33px; font-style: normal; font-weight: 500; color: #4c4c4c; text-decoration: none; text-transform: none; text-align: right\" data-font-size=20 data-line-height=33 ><div  ><p><strong>LA COLOCACI\u00d3N DE LOCALIZADORES ELECTR\u00d3NICOS<\/strong><\/p>\n<\/div><\/div>[\/vc_column][vc_column width=\u00bb1\/3&#8243;][vc_single_image image=\u00bb16126&#8243; img_size=\u00bb100&#215;100&#8243; mkd_css_animation=\u00bbelement_from_left\u00bb set_shader=\u00bbno\u00bb set_popup=\u00bbno\u00bb animate_image_on_hover=\u00bbno\u00bb][\/vc_column][\/vc_row][vc_row row_type=\u00bbrow\u00bb use_row_as_full_screen_section=\u00bbno\u00bb type=\u00bbfull_width\u00bb oblique_section=\u00bbno\u00bb text_align=\u00bbleft\u00bb Overflow=\u00bb\u00bb triangle_shape=\u00bbno\u00bb css_animation=\u00bb\u00bb overflow=\u00bb\u00bb][vc_column][vc_empty_space height=\u00bb50px\u00bb image_repeat=\u00bbno-repeat\u00bb][\/vc_column][\/vc_row][vc_row row_type=\u00bbrow\u00bb use_row_as_full_screen_section=\u00bbno\u00bb type=\u00bbgrid\u00bb oblique_section=\u00bbno\u00bb text_align=\u00bbright\u00bb Overflow=\u00bb\u00bb triangle_shape=\u00bbno\u00bb css_animation=\u00bb\u00bb overflow=\u00bb\u00bb][vc_column width=\u00bb1\/4&#8243;][vc_single_image image=\u00bb16128&#8243; img_size=\u00bb100&#215;100&#8243; alignment=\u00bbright\u00bb mkd_css_animation=\u00bbelement_from_left\u00bb set_shader=\u00bbno\u00bb set_popup=\u00bbno\u00bb animate_image_on_hover=\u00bbno\u00bb][\/vc_column][vc_column width=\u00bb3\/4&#8243;]<div class=\"custom_font_holder  \" style=\"font-family: lato; font-size: 20px; line-height: 33px; font-style: normal; font-weight: 500; color: #4c4c4c; text-decoration: none; text-transform: none; text-align: left\" data-font-size=20 data-line-height=33 ><div  ><p><strong>MANTENERME EN MI DOMICILIO CON LOS L\u00cdMITES QUE EL JUEZ ESTABLEZCA<\/strong><\/p>\n<p>El Juez establece los l\u00edmites de mantenerse en el domicilio indicando si<br \/>\npuedo salir a realizar mis actividades escolares o laborales de forma<br \/>\nininterrumpida.<\/p>\n<\/div><\/div>[\/vc_column][\/vc_row][vc_row row_type=\u00bbrow\u00bb use_row_as_full_screen_section=\u00bbno\u00bb type=\u00bbfull_width\u00bb oblique_section=\u00bbno\u00bb text_align=\u00bbleft\u00bb Overflow=\u00bb\u00bb triangle_shape=\u00bbno\u00bb css_animation=\u00bb\u00bb overflow=\u00bb\u00bb][vc_column][vc_empty_space height=\u00bb50px\u00bb image_repeat=\u00bbno-repeat\u00bb][\/vc_column][\/vc_row]<\/p>\n","protected":false},"excerpt":{"rendered":"<p>[vc_row row_type=\u00bbrow\u00bb use_row_as_full_screen_section=\u00bbno\u00bb type=\u00bbfull_width\u00bb oblique_section=\u00bbno\u00bb text_align=\u00bbleft\u00bb Overflow=\u00bb\u00bb triangle_shape=\u00bbno\u00bb css_animation=\u00bbelement_from_top\u00bb overflow=\u00bb\u00bb][vc_column][vc_separator type=\u00bbtransparent\u00bb up=\u00bb40&#8243; up_style=\u00bbpx\u00bb down=\u00bb0&#8243; down_style=\u00bbpx\u00bb][vc_empty_space height=\u00bb17px\u00bb image_repeat=\u00bbno-repeat\u00bb][vc_separator type=\u00bbtransparent\u00bb up=\u00bb40&#8243; up_style=\u00bbpx\u00bb down=\u00bb0&#8243; down_style=\u00bbpx\u00bb][vc_separator type=\u00bbtransparent\u00bb up=\u00bb40&#8243; up_style=\u00bbpx\u00bb down=\u00bb0&#8243; down_style=\u00bbpx\u00bb][vc_separator type=\u00bbtransparent\u00bb up=\u00bb40&#8243; up_style=\u00bbpx\u00bb down=\u00bb0&#8243; down_style=\u00bbpx\u00bb][\/vc_column][\/vc_row][vc_row row_type=\u00bbrow\u00bb use_row_as_full_screen_section=\u00bbno\u00bb type=\u00bbfull_width\u00bb oblique_section=\u00bbno\u00bb text_align=\u00bbleft\u00bb Overflow=\u00bb\u00bb triangle_shape=\u00bbno\u00bb css_animation=\u00bb\u00bb overflow=\u00bb\u00bb][vc_column][vc_empty_space image_repeat=\u00bbno-repeat\u00bb][\/vc_column][\/vc_row][vc_row row_type=\u00bbrow\u00bb use_row_as_full_screen_section=\u00bbno\u00bb type=\u00bbgrid\u00bb&#8230;<\/p>\n","protected":false},"author":1,"featured_media":0,"parent":0,"menu_order":0,"comment_status":"closed","ping_status":"closed","template":"","meta":{"footnotes":""},"class_list":["post-16723","page","type-page","status-publish","hentry"],"_links":{"self":[{"href":"https:\/\/www.poderjudicialcdmx.gob.mx\/medidas_cautelares\/wp-json\/wp\/v2\/pages\/16723"}],"collection":[{"href":"https:\/\/www.poderjudicialcdmx.gob.mx\/medidas_cautelares\/wp-json\/wp\/v2\/pages"}],"about":[{"href":"https:\/\/www.poderjudicialcdmx.gob.mx\/medidas_cautelares\/wp-json\/wp\/v2\/types\/page"}],"author":[{"embeddable":true,"href":"https:\/\/www.poderjudicialcdmx.gob.mx\/medidas_cautelares\/wp-json\/wp\/v2\/users\/1"}],"replies":[{"embeddable":true,"href":"https:\/\/www.poderjudicialcdmx.gob.mx\/medidas_cautelares\/wp-json\/wp\/v2\/comments?post=16723"}],"version-history":[{"count":7,"href":"https:\/\/www.poderjudicialcdmx.gob.mx\/medidas_cautelares\/wp-json\/wp\/v2\/pages\/16723\/revisions"}],"predecessor-version":[{"id":16730,"href":"https:\/\/www.poderjudicialcdmx.gob.mx\/medidas_cautelares\/wp-json\/wp\/v2\/pages\/16723\/revisions\/16730"}],"wp:attachment":[{"href":"https:\/\/www.poderjudicialcdmx.gob.mx\/medidas_cautelares\/wp-json\/wp\/v2\/media?parent=16723"}],"curies":[{"name":"wp","href":"https:\/\/api.w.org\/{rel}","templated":true}]}}