{"id":15461,"date":"2016-07-01T16:04:02","date_gmt":"2016-07-01T16:04:02","guid":{"rendered":"http:\/\/www.poderjudicialcdmx.gob.mx\/proteccion_civil\/?page_id=15461"},"modified":"2026-03-27T18:31:25","modified_gmt":"2026-03-27T18:31:25","slug":"fenomeno_perturbador","status":"publish","type":"page","link":"https:\/\/www.poderjudicialcdmx.gob.mx\/proteccion_civil\/fenomeno_perturbador\/","title":{"rendered":"SISMO"},"content":{"rendered":"<p>[vc_row row_type=\u00bbrow\u00bb use_row_as_full_screen_section=\u00bbyes\u00bb type=\u00bbfull_width\u00bb oblique_section=\u00bbno\u00bb text_align=\u00bbcenter\u00bb Overflow=\u00bb\u00bb triangle_shape=\u00bbno\u00bb background_image=\u00bb16453&#8243; use_as_box=\u00bbuse_row_as_box\u00bb background_color=\u00bb#ffffff\u00bb padding_top=\u00bb10%\u00bb css_animation=\u00bb\u00bb overflow=\u00bb\u00bb el_id=\u00bbimagen_cabeza\u00bb][vc_column][vc_separator type=\u00bbtransparent\u00bb up=\u00bb200&#8243; up_style=\u00bbpx\u00bb down_style=\u00bbpx\u00bb][vc_separator type=\u00bbtransparent\u00bb up_style=\u00bbpx\u00bb down=\u00bb260&#8243; down_style=\u00bbpx\u00bb][\/vc_column][\/vc_row][vc_row row_type=\u00bbrow\u00bb use_row_as_full_screen_section=\u00bbno\u00bb type=\u00bbgrid\u00bb oblique_section=\u00bbno\u00bb text_align=\u00bbcenter\u00bb Overflow=\u00bb\u00bb triangle_shape=\u00bbno\u00bb css_animation=\u00bb\u00bb overflow=\u00bb\u00bb el_id=\u00bbtexto_titulo\u00bb][vc_column][vc_separator type=\u00bbtransparent\u00bb up=\u00bb60&#8243; up_style=\u00bbpx\u00bb down=\u00bb0&#8243; down_style=\u00bbpx\u00bb][vc_column_text]<\/p>\n<p style=\"text-align: center; font-size: 46px; color: #9eb75d; font-weight: 600; line-height: 55px;\"><span style=\"color: #00549d;\"><strong>\u00bfQu\u00e9 es un Sismo?<\/strong><\/span><\/p>\n<p>[\/vc_column_text][\/vc_column][\/vc_row][vc_row row_type=\u00bbrow\u00bb use_row_as_full_screen_section=\u00bbno\u00bb type=\u00bbfull_width\u00bb oblique_section=\u00bbno\u00bb text_align=\u00bbcenter\u00bb Overflow=\u00bb\u00bb triangle_shape=\u00bbno\u00bb css_animation=\u00bb\u00bb overflow=\u00bb\u00bb el_id=\u00bbtitulo_descripcion1&#8243;][vc_column][vc_separator type=\u00bbtransparent\u00bb up=\u00bb50&#8243; up_style=\u00bbpx\u00bb down=\u00bb0&#8243; down_style=\u00bbpx\u00bb][vc_row_inner row_type=\u00bbrow\u00bb type=\u00bbgrid\u00bb use_row_as_full_screen_section_slide=\u00bbno\u00bb text_align=\u00bbcenter\u00bb css_animation=\u00bb\u00bb][vc_column_inner width=\u00bb1\/3&#8243;][\/vc_column_inner][vc_column_inner width=\u00bb1\/3&#8243;][vc_column_text]<\/p>\n<h5>Un sismo es la vibraci\u00f3n de la tierra producida por una liberaci\u00f3n r\u00e1pida y espontanea de energ\u00eda. Lo m\u00e1s frecuente es que esta energ\u00eda se produzca por el movimiento o rompimiento de la corteza terrestre.<\/h5>\n<p>[\/vc_column_text][\/vc_column_inner][vc_column_inner width=\u00bb1\/3&#8243;][\/vc_column_inner][\/vc_row_inner][\/vc_column][\/vc_row][vc_row row_type=\u00bbrow\u00bb use_row_as_full_screen_section=\u00bbno\u00bb type=\u00bbgrid\u00bb oblique_section=\u00bbno\u00bb text_align=\u00bbcenter\u00bb Overflow=\u00bb\u00bb triangle_shape=\u00bbno\u00bb css_animation=\u00bb\u00bb overflow=\u00bb\u00bb el_id=\u00bbtitulo_descripcion2_imagen_descripcion3&#8243;][vc_column width=\u00bb1\/3&#8243;][vc_column_text]<\/p>\n<h5>La energ\u00eda liberada se propaga en todas direcciones desde su origen por medio de las ondas s\u00edsmicas; al lugar de origen del sismo se le conoce como\u00a0foco\u00a0o\u00a0hipocentro, y al lugar en la superficie que se encuentra directamente encima del foco se le conoce como\u00a0epicentro.<\/h5>\n<p>[\/vc_column_text][\/vc_column][vc_column width=\u00bb1\/3&#8243;][vc_single_image image=\u00bb15585&#8243; img_size=\u00bbmedium\u00bb alignment=\u00bbcenter\u00bb mkd_css_animation=\u00bbelement_from_fade\u00bb set_shader=\u00bbno\u00bb set_popup=\u00bbno\u00bb animate_image_on_hover=\u00bbno\u00bb][\/vc_column][vc_column width=\u00bb1\/3&#8243;][vc_column_text]<\/p>\n<h5>Es importante mencionar que un sismo NO se puede predecir, esto es, no se puede saber con anticipaci\u00f3n d\u00f3nde y cu\u00e1ndo ocurrir\u00e1 un sismo, as\u00ed como su magnitud.<\/h5>\n<p>[\/vc_column_text][\/vc_column][\/vc_row][vc_row row_type=\u00bbrow\u00bb use_row_as_full_screen_section=\u00bbno\u00bb type=\u00bbgrid\u00bb oblique_section=\u00bbno\u00bb text_align=\u00bbcenter\u00bb Overflow=\u00bb\u00bb triangle_shape=\u00bbno\u00bb css_animation=\u00bb\u00bb overflow=\u00bb\u00bb el_id=\u00bbtexto_titulo2&#8243;][vc_column][vc_separator type=\u00bbtransparent\u00bb up=\u00bb60&#8243; up_style=\u00bbpx\u00bb down=\u00bb0&#8243; down_style=\u00bbpx\u00bb][vc_column_text]<\/p>\n<p style=\"text-align: center; font-size: 46px; color: #9eb75d; font-weight: 600; line-height: 55px;\"><span style=\"color: #00549d;\"><strong>\u00bfQu\u00e9 es el Sistema de Alerta S\u00edsmica?<\/strong><\/span><\/p>\n<p>[\/vc_column_text][vc_separator type=\u00bbtransparent\u00bb up=\u00bb50&#8243; up_style=\u00bbpx\u00bb down=\u00bb0&#8243; down_style=\u00bbpx\u00bb][\/vc_column][\/vc_row][vc_row row_type=\u00bbrow\u00bb use_row_as_full_screen_section=\u00bbno\u00bb type=\u00bbgrid\u00bb oblique_section=\u00bbno\u00bb text_align=\u00bbcenter\u00bb Overflow=\u00bb\u00bb triangle_shape=\u00bbno\u00bb css_animation=\u00bb\u00bb overflow=\u00bb\u00bb el_id=\u00bbtitulo2_descripcion\u00bb][vc_column][vc_column_text]<\/p>\n<h5>El Sistema de Alerta S\u00edsmica, conocida como SAS, depende del Centro de Instrumentaci\u00f3n y Registro S\u00edsmico (CIRES), que es un Asociaci\u00f3n Civil, auspiciada por el Gobierno del Distrito Federal, y que tiene el prop\u00f3sito de detectar sismos importantes en la costa del Estado de Guerrero, y avisar con al menos 50 segundos de anticipaci\u00f3n, en la Ciudad de M\u00e9xico, de la llegada de ondas s\u00edsmicas importantes.<\/h5>\n<h5><\/h5>\n<h5><\/h5>\n<h5>Este sistema, se basa en el principio fundamental de que las ondas s\u00edsmicas llamadas superficiales y que son potencialmente da\u00f1inas, viajan a una velocidad de entre 3.5 y 4.0 Km\/segundo, y por tanto tardan entre 75 y 85 segundos en recorrer la distancia entre la costa del Estado de Guerrero (300 Km) y la Cd. De M\u00e9xico.<\/h5>\n<h5><\/h5>\n<h5><\/h5>\n<h5>La detecci\u00f3n del sismo en la costa, la estimaci\u00f3n de su potencial tama\u00f1o, y finalmente la trasmisi\u00f3n de un mensaje de alertamiento, dejan aproximadamente un alertamiento para estas ondas superficiales, que se transmite aproximadamente 50 segundos antes de la llegada de las ondas s\u00edsmicas superficiales a la Cd. de M\u00e9xico.<\/h5>\n<p>[\/vc_column_text][\/vc_column][\/vc_row][vc_row row_type=\u00bbrow\u00bb use_row_as_full_screen_section=\u00bbno\u00bb type=\u00bbfull_width\u00bb oblique_section=\u00bbno\u00bb text_align=\u00bbcenter\u00bb Overflow=\u00bb\u00bb triangle_shape=\u00bbno\u00bb css_animation=\u00bb\u00bb overflow=\u00bb\u00bb el_id=\u00bbtexto_titulo3&#8243;][vc_column][vc_separator type=\u00bbtransparent\u00bb up=\u00bb80&#8243; up_style=\u00bbpx\u00bb down=\u00bb0&#8243; down_style=\u00bbpx\u00bb][vc_column_text]<\/p>\n<p style=\"text-align: center; font-size: 46px; color: #9eb75d; font-weight: 600; line-height: 55px;\"><span style=\"color: #00549d;\"><strong>\u00bfQU\u00c9 HACER EN LOS CENTROS DE TRABAJO? <\/strong><\/span><\/p>\n<p>[\/vc_column_text][vc_separator type=\u00bbtransparent\u00bb up=\u00bb50&#8243; up_style=\u00bbpx\u00bb down=\u00bb0&#8243; down_style=\u00bbpx\u00bb][\/vc_column][\/vc_row][vc_row row_type=\u00bbrow\u00bb use_row_as_full_screen_section=\u00bbno\u00bb type=\u00bbgrid\u00bb oblique_section=\u00bbno\u00bb text_align=\u00bbleft\u00bb Overflow=\u00bb\u00bb triangle_shape=\u00bbno\u00bb css_animation=\u00bb\u00bb overflow=\u00bb\u00bb el_id=\u00bbinfograma\u00bb][vc_column width=\u00bb1\/2&#8243;][vc_single_image image=\u00bb15758&#8243; img_size=\u00bblarge\u00bb alignment=\u00bbcenter\u00bb mkd_css_animation=\u00bbelement_from_fade\u00bb transition_delay=\u00bb0.2&#8243; set_shader=\u00bbno\u00bb set_popup=\u00bbno\u00bb animate_image_on_hover=\u00bbno\u00bb][\/vc_column][vc_column width=\u00bb1\/2&#8243;][vc_single_image image=\u00bb15757&#8243; img_size=\u00bblarge\u00bb alignment=\u00bbcenter\u00bb mkd_css_animation=\u00bbelement_from_fade\u00bb transition_delay=\u00bb0.2&#8243; set_shader=\u00bbno\u00bb set_popup=\u00bbno\u00bb animate_image_on_hover=\u00bbno\u00bb][\/vc_column][\/vc_row][vc_row row_type=\u00bbrow\u00bb use_row_as_full_screen_section=\u00bbno\u00bb type=\u00bbfull_width\u00bb oblique_section=\u00bbno\u00bb text_align=\u00bbleft\u00bb Overflow=\u00bb\u00bb triangle_shape=\u00bbno\u00bb css_animation=\u00bb\u00bb overflow=\u00bb\u00bb][vc_column][vc_separator type=\u00bbsmall\u00bb position=\u00bbcenter\u00bb color=\u00bb#b5b5b5&#8243; up=\u00bb70&#8243; up_style=\u00bbpx\u00bb down=\u00bb70&#8243; down_style=\u00bbpx\u00bb][\/vc_column][\/vc_row][vc_row row_type=\u00bbrow\u00bb use_row_as_full_screen_section=\u00bbno\u00bb type=\u00bbfull_width\u00bb oblique_section=\u00bbno\u00bb text_align=\u00bbcenter\u00bb Overflow=\u00bb\u00bb triangle_shape=\u00bbno\u00bb css_animation=\u00bb\u00bb overflow=\u00bb\u00bb][vc_column width=\u00bb1\/6&#8243;][\/vc_column][vc_column width=\u00bb2\/6&#8243;][vc_raw_html]JTNDdmlkZW8lMjB3aWR0aCUzRCUyMjYwMCUyMiUyMGNvbnRyb2xzJTNFJTBBJTIwJTIwJTNDc291cmNlJTIwc3JjJTNEJTIyaHR0cHMlM0ElMkYlMkZ3d3cucG9kZXJqdWRpY2lhbGNkbXguZ29iLm14JTJGcHJvdGVjY2lvbl9jaXZpbCUyRndwLWNvbnRlbnQlMkZ1cGxvYWRzJTJGUGlzb3Nfc3VwZXJpb3Jlcy5tcDQlMjIlM0UlMEElMjAlMjAlMEElMjAlMjBZb3VyJTIwYnJvd3NlciUyMGRvZXMlMjBub3QlMjBzdXBwb3J0JTIwSFRNTDUlMjB2aWRlby4lMEElM0MlMkZ2aWRlbyUzRQ==[\/vc_raw_html][vc_column_text]<\/p>\n<h5 style=\"text-align: center;\"><strong><span style=\"color: #333399;\">Indicaciones en caso de sismo parte superior<\/span><\/strong><\/h5>\n<p>[\/vc_column_text][\/vc_column][vc_column width=\u00bb2\/6&#8243;][vc_raw_html]JTNDdmlkZW8lMjB3aWR0aCUzRCUyMjYwMCUyMiUyMGNvbnRyb2xzJTNFJTBBJTIwJTIwJTNDc291cmNlJTIwc3JjJTNEJTIyaHR0cHMlM0ElMkYlMkZ3d3cucG9kZXJqdWRpY2lhbGNkbXguZ29iLm14JTJGcHJvdGVjY2lvbl9jaXZpbCUyRndwLWNvbnRlbnQlMkZ1cGxvYWRzJTJGUGlzb3NfaW5mZXJpb3Jlc19udWV2by5tcDQlMjIlM0UlMEElMjAlMjAlMEElMjAlMjBZb3VyJTIwYnJvd3NlciUyMGRvZXMlMjBub3QlMjBzdXBwb3J0JTIwSFRNTDUlMjB2aWRlby4lMEElM0MlMkZ2aWRlbyUzRQ==[\/vc_raw_html][vc_column_text]<\/p>\n<h5 style=\"text-align: center;\"><strong><span style=\"color: #333399;\">Indicaciones en caso de sismo parte inferior<\/span><\/strong><\/h5>\n<p>[\/vc_column_text][\/vc_column][vc_column width=\u00bb1\/6&#8243;][\/vc_column][\/vc_row][vc_row row_type=\u00bbrow\u00bb use_row_as_full_screen_section=\u00bbno\u00bb type=\u00bbfull_width\u00bb oblique_section=\u00bbno\u00bb text_align=\u00bbleft\u00bb Overflow=\u00bb\u00bb triangle_shape=\u00bbno\u00bb css_animation=\u00bb\u00bb overflow=\u00bb\u00bb][vc_column][vc_empty_space image_repeat=\u00bbno-repeat\u00bb][\/vc_column][\/vc_row][vc_row row_type=\u00bbrow\u00bb use_row_as_full_screen_section=\u00bbno\u00bb type=\u00bbfull_width\u00bb oblique_section=\u00bbno\u00bb text_align=\u00bbcenter\u00bb Overflow=\u00bb\u00bb triangle_shape=\u00bbno\u00bb css_animation=\u00bb\u00bb overflow=\u00bb\u00bb][vc_column width=\u00bb1\/6&#8243;][\/vc_column][vc_column width=\u00bb2\/6&#8243;][vc_raw_html]JTNDdmlkZW8lMjB3aWR0aCUzRCUyMjYwMCUyMiUyMGNvbnRyb2xzJTNFJTBBJTIwJTIwJTNDc291cmNlJTIwc3JjJTNEJTIyaHR0cHMlM0ElMkYlMkZ3d3cucG9kZXJqdWRpY2lhbGNkbXguZ29iLm14JTJGcHJvdGVjY2lvbl9jaXZpbCUyRndwLWNvbnRlbnQlMkZ1cGxvYWRzJTJGUFVOVE9fREVfUkVVTklPTi5tcDQlMjIlM0UlMEElMjAlMjAlMEElMjAlMjBZb3VyJTIwYnJvd3NlciUyMGRvZXMlMjBub3QlMjBzdXBwb3J0JTIwSFRNTDUlMjB2aWRlby4lMEElM0MlMkZ2aWRlbyUzRQ==[\/vc_raw_html][vc_column_text]<\/p>\n<h5 style=\"text-align: center;\"><strong><span style=\"color: #333399;\">Punto de reuni\u00f3n<\/span><\/strong><\/h5>\n<p>[\/vc_column_text][\/vc_column][vc_column width=\u00bb2\/6&#8243;][vc_raw_html]JTNDdmlkZW8lMjB3aWR0aCUzRCUyMjYwMCUyMiUyMGNvbnRyb2xzJTNFJTBBJTIwJTIwJTNDc291cmNlJTIwc3JjJTNEJTIyaHR0cHMlM0ElMkYlMkZ3d3cucG9kZXJqdWRpY2lhbGNkbXguZ29iLm14JTJGcHJvdGVjY2lvbl9jaXZpbCUyRndwLWNvbnRlbnQlMkZ1cGxvYWRzJTJGUkVQTElFR1VFLm1wNCUyMiUzRSUwQSUyMCUyMCUwQSUyMCUyMFlvdXIlMjBicm93c2VyJTIwZG9lcyUyMG5vdCUyMHN1cHBvcnQlMjBIVE1MNSUyMHZpZGVvLiUwQSUzQyUyRnZpZGVvJTNF[\/vc_raw_html][vc_column_text]<\/p>\n<h5 style=\"text-align: center;\"><strong><span style=\"color: #333399;\">Repliegue<\/span><\/strong><\/h5>\n<p>[\/vc_column_text][\/vc_column][vc_column width=\u00bb1\/6&#8243;][\/vc_column][\/vc_row][vc_row row_type=\u00bbrow\u00bb use_row_as_full_screen_section=\u00bbno\u00bb type=\u00bbfull_width\u00bb oblique_section=\u00bbno\u00bb text_align=\u00bbleft\u00bb Overflow=\u00bb\u00bb triangle_shape=\u00bbno\u00bb css_animation=\u00bb\u00bb overflow=\u00bb\u00bb][vc_column][vc_empty_space image_repeat=\u00bbno-repeat\u00bb][\/vc_column][\/vc_row][vc_row row_type=\u00bbrow\u00bb use_row_as_full_screen_section=\u00bbno\u00bb type=\u00bbfull_width\u00bb oblique_section=\u00bbno\u00bb text_align=\u00bbcenter\u00bb Overflow=\u00bb\u00bb triangle_shape=\u00bbno\u00bb css_animation=\u00bb\u00bb overflow=\u00bb\u00bb][vc_column width=\u00bb1\/6&#8243;][\/vc_column][vc_column width=\u00bb2\/6&#8243;][vc_raw_html]JTNDdmlkZW8lMjB3aWR0aCUzRCUyMjYwMCUyMiUyMGNvbnRyb2xzJTNFJTBBJTIwJTIwJTNDc291cmNlJTIwc3JjJTNEJTIyaHR0cHMlM0ElMkYlMkZ3d3cucG9kZXJqdWRpY2lhbGNkbXguZ29iLm14JTJGcHJvdGVjY2lvbl9jaXZpbCUyRndwLWNvbnRlbnQlMkZ1cGxvYWRzJTJGVmlkZW9zX2V2YWN1YWNpb25fU2lzbW9fR2VuZXJpY28ubXA0JTIyJTNFJTBBJTIwJTIwJTBBJTIwJTIwWW91ciUyMGJyb3dzZXIlMjBkb2VzJTIwbm90JTIwc3VwcG9ydCUyMEhUTUw1JTIwdmlkZW8uJTBBJTNDJTJGdmlkZW8lM0U=[\/vc_raw_html][vc_column_text]<\/p>\n<h5 style=\"text-align: center;\"><strong><span style=\"color: #333399;\">Evacuaci\u00f3n en caso de sismo<\/span><\/strong><\/h5>\n<p>[\/vc_column_text][\/vc_column][vc_column width=\u00bb2\/6&#8243;][vc_raw_html]JTNDdmlkZW8lMjB3aWR0aCUzRCUyMjYwMCUyMiUyMGNvbnRyb2xzJTNFJTBBJTIwJTIwJTNDc291cmNlJTIwc3JjJTNEJTIyaHR0cHMlM0ElMkYlMkZ3d3cucG9kZXJqdWRpY2lhbGNkbXguZ29iLm14JTJGcHJvdGVjY2lvbl9jaXZpbCUyRndwLWNvbnRlbnQlMkZ1cGxvYWRzJTJGWk9OQV9ERV9NRU5PUl9SSUVTR08ubXA0JTIyJTNFJTBBJTIwJTIwJTBBJTIwJTIwWW91ciUyMGJyb3dzZXIlMjBkb2VzJTIwbm90JTIwc3VwcG9ydCUyMEhUTUw1JTIwdmlkZW8uJTBBJTNDJTJGdmlkZW8lM0U=[\/vc_raw_html][vc_column_text]<\/p>\n<h5 style=\"text-align: center;\"><strong><span style=\"color: #333399;\">Zona de menor riesgo<\/span><\/strong><\/h5>\n<p>[\/vc_column_text][\/vc_column][vc_column width=\u00bb1\/6&#8243;][\/vc_column][\/vc_row][vc_row row_type=\u00bbrow\u00bb use_row_as_full_screen_section=\u00bbno\u00bb type=\u00bbfull_width\u00bb oblique_section=\u00bbno\u00bb text_align=\u00bbleft\u00bb Overflow=\u00bb\u00bb triangle_shape=\u00bbno\u00bb css_animation=\u00bb\u00bb overflow=\u00bb\u00bb][vc_column][vc_empty_space image_repeat=\u00bbno-repeat\u00bb][\/vc_column][\/vc_row][vc_row row_type=\u00bbrow\u00bb use_row_as_full_screen_section=\u00bbno\u00bb type=\u00bbfull_width\u00bb oblique_section=\u00bbno\u00bb text_align=\u00bbcenter\u00bb Overflow=\u00bb\u00bb triangle_shape=\u00bbno\u00bb css_animation=\u00bb\u00bb overflow=\u00bb\u00bb][vc_column width=\u00bb1\/4&#8243;][\/vc_column][vc_column width=\u00bb1\/2&#8243;][vc_raw_html]JTNDdmlkZW8lMjB3aWR0aCUzRCUyMjYwMCUyMiUyMGNvbnRyb2xzJTNFJTBBJTIwJTIwJTNDc291cmNlJTIwc3JjJTNEJTIyaHR0cHMlM0ElMkYlMkZ3d3cucG9kZXJqdWRpY2lhbGNkbXguZ29iLm14JTJGcHJvdGVjY2lvbl9jaXZpbCUyRndwLWNvbnRlbnQlMkZ1cGxvYWRzJTJGU0lNVUxBQ1JPLm1wNCUyMiUzRSUwQSUyMCUyMCUwQSUyMCUyMFlvdXIlMjBicm93c2VyJTIwZG9lcyUyMG5vdCUyMHN1cHBvcnQlMjBIVE1MNSUyMHZpZGVvLiUwQSUzQyUyRnZpZGVvJTNF[\/vc_raw_html][vc_column_text]<\/p>\n<h5 style=\"text-align: center;\"><strong><span style=\"color: #333399;\">Simulacro<\/span><\/strong><\/h5>\n<p>[\/vc_column_text][\/vc_column][vc_column width=\u00bb1\/4&#8243;][\/vc_column][\/vc_row][vc_row row_type=\u00bbrow\u00bb use_row_as_full_screen_section=\u00bbno\u00bb type=\u00bbfull_width\u00bb oblique_section=\u00bbno\u00bb text_align=\u00bbleft\u00bb Overflow=\u00bb\u00bb triangle_shape=\u00bbno\u00bb css_animation=\u00bb\u00bb overflow=\u00bb\u00bb][vc_column][vc_empty_space height=\u00bb60px\u00bb image_repeat=\u00bbno-repeat\u00bb][\/vc_column][\/vc_row][vc_row row_type=\u00bbrow\u00bb use_row_as_full_screen_section=\u00bbno\u00bb type=\u00bbfull_width\u00bb oblique_section=\u00bbno\u00bb text_align=\u00bbleft\u00bb Overflow=\u00bb\u00bb triangle_shape=\u00bbno\u00bb css_animation=\u00bb\u00bb][vc_column][vc_empty_space height=\u00bb20px\u00bb image_repeat=\u00bbno-repeat\u00bb][\/vc_column][\/vc_row][vc_row row_type=\u00bbrow\u00bb use_row_as_full_screen_section=\u00bbno\u00bb type=\u00bbfull_width\u00bb oblique_section=\u00bbno\u00bb text_align=\u00bbleft\u00bb Overflow=\u00bb\u00bb triangle_shape=\u00bbno\u00bb css_animation=\u00bb\u00bb][vc_column][vc_column_text]<\/p>\n<p style=\"text-align: right;\">\u00daltima actualizaci\u00f3n: febrero 2023.<\/p>\n<p>[\/vc_column_text][\/vc_column][\/vc_row][vc_row row_type=\u00bbrow\u00bb use_row_as_full_screen_section=\u00bbno\u00bb type=\u00bbfull_width\u00bb oblique_section=\u00bbno\u00bb text_align=\u00bbleft\u00bb Overflow=\u00bb\u00bb triangle_shape=\u00bbno\u00bb css_animation=\u00bb\u00bb][vc_column][vc_empty_space height=\u00bb20px\u00bb image_repeat=\u00bbno-repeat\u00bb][\/vc_column][\/vc_row]<\/p>\n","protected":false},"excerpt":{"rendered":"<p>[vc_row row_type=\u00bbrow\u00bb use_row_as_full_screen_section=\u00bbyes\u00bb type=\u00bbfull_width\u00bb oblique_section=\u00bbno\u00bb text_align=\u00bbcenter\u00bb Overflow=\u00bb\u00bb triangle_shape=\u00bbno\u00bb background_image=\u00bb16453&#8243; use_as_box=\u00bbuse_row_as_box\u00bb background_color=\u00bb#ffffff\u00bb padding_top=\u00bb10%\u00bb css_animation=\u00bb\u00bb overflow=\u00bb\u00bb el_id=\u00bbimagen_cabeza\u00bb][vc_column][vc_separator type=\u00bbtransparent\u00bb up=\u00bb200&#8243; up_style=\u00bbpx\u00bb down_style=\u00bbpx\u00bb][vc_separator type=\u00bbtransparent\u00bb up_style=\u00bbpx\u00bb down=\u00bb260&#8243; down_style=\u00bbpx\u00bb][\/vc_column][\/vc_row][vc_row row_type=\u00bbrow\u00bb use_row_as_full_screen_section=\u00bbno\u00bb type=\u00bbgrid\u00bb oblique_section=\u00bbno\u00bb text_align=\u00bbcenter\u00bb Overflow=\u00bb\u00bb triangle_shape=\u00bbno\u00bb css_animation=\u00bb\u00bb overflow=\u00bb\u00bb el_id=\u00bbtexto_titulo\u00bb][vc_column][vc_separator type=\u00bbtransparent\u00bb up=\u00bb60&#8243; up_style=\u00bbpx\u00bb down=\u00bb0&#8243; down_style=\u00bbpx\u00bb][vc_column_text] \u00bfQu\u00e9 es un Sismo? [\/vc_column_text][\/vc_column][\/vc_row][vc_row row_type=\u00bbrow\u00bb use_row_as_full_screen_section=\u00bbno\u00bb&#8230;<\/p>\n","protected":false},"author":1,"featured_media":0,"parent":0,"menu_order":0,"comment_status":"closed","ping_status":"closed","template":"full_width.php","meta":{"footnotes":""},"class_list":["post-15461","page","type-page","status-publish","hentry"],"_links":{"self":[{"href":"https:\/\/www.poderjudicialcdmx.gob.mx\/proteccion_civil\/wp-json\/wp\/v2\/pages\/15461"}],"collection":[{"href":"https:\/\/www.poderjudicialcdmx.gob.mx\/proteccion_civil\/wp-json\/wp\/v2\/pages"}],"about":[{"href":"https:\/\/www.poderjudicialcdmx.gob.mx\/proteccion_civil\/wp-json\/wp\/v2\/types\/page"}],"author":[{"embeddable":true,"href":"https:\/\/www.poderjudicialcdmx.gob.mx\/proteccion_civil\/wp-json\/wp\/v2\/users\/1"}],"replies":[{"embeddable":true,"href":"https:\/\/www.poderjudicialcdmx.gob.mx\/proteccion_civil\/wp-json\/wp\/v2\/comments?post=15461"}],"version-history":[{"count":72,"href":"https:\/\/www.poderjudicialcdmx.gob.mx\/proteccion_civil\/wp-json\/wp\/v2\/pages\/15461\/revisions"}],"predecessor-version":[{"id":18938,"href":"https:\/\/www.poderjudicialcdmx.gob.mx\/proteccion_civil\/wp-json\/wp\/v2\/pages\/15461\/revisions\/18938"}],"wp:attachment":[{"href":"https:\/\/www.poderjudicialcdmx.gob.mx\/proteccion_civil\/wp-json\/wp\/v2\/media?parent=15461"}],"curies":[{"name":"wp","href":"https:\/\/api.w.org\/{rel}","templated":true}]}}