{"id":15486,"date":"2026-03-09T22:19:27","date_gmt":"2026-03-09T22:19:27","guid":{"rendered":"http:\/\/www.poderjudicialcdmx.gob.mx\/proteccion_civil\/?page_id=15486"},"modified":"2026-03-09T22:19:27","modified_gmt":"2026-03-09T22:19:27","slug":"incendio","status":"publish","type":"page","link":"https:\/\/www.poderjudicialcdmx.gob.mx\/proteccion_civil\/incendio\/","title":{"rendered":"INCENDIO"},"content":{"rendered":"<p>[vc_row row_type=\u00bbrow\u00bb use_row_as_full_screen_section=\u00bbyes\u00bb type=\u00bbfull_width\u00bb oblique_section=\u00bbno\u00bb text_align=\u00bbcenter\u00bb Overflow=\u00bb\u00bb triangle_shape=\u00bbno\u00bb background_image=\u00bb15774&#8243; use_as_box=\u00bbuse_row_as_box\u00bb background_color=\u00bb#ffffff\u00bb padding_top=\u00bb10%\u00bb css_animation=\u00bb\u00bb overflow=\u00bb\u00bb el_id=\u00bbimagen_cabeza\u00bb][vc_column][vc_separator type=\u00bbtransparent\u00bb up=\u00bb200&#8243; up_style=\u00bbpx\u00bb down_style=\u00bbpx\u00bb][vc_separator type=\u00bbtransparent\u00bb up=\u00bb300&#8243; up_style=\u00bbpx\u00bb down_style=\u00bbpx\u00bb][\/vc_column][\/vc_row][vc_row row_type=\u00bbrow\u00bb use_row_as_full_screen_section=\u00bbno\u00bb type=\u00bbgrid\u00bb oblique_section=\u00bbno\u00bb text_align=\u00bbcenter\u00bb Overflow=\u00bb\u00bb triangle_shape=\u00bbno\u00bb css_animation=\u00bb\u00bb overflow=\u00bb\u00bb el_id=\u00bbtexto_titulo\u00bb][vc_column][vc_separator type=\u00bbtransparent\u00bb up=\u00bb60&#8243; up_style=\u00bbpx\u00bb down=\u00bb0&#8243; down_style=\u00bbpx\u00bb][vc_column_text]<\/p>\n<p style=\"text-align: center;font-size: 46px;color: #9eb75d;font-weight: 600;line-height: 55px\"><span style=\"color: #00549d\"><b>\u00bfQu\u00e9 es un incendio __?<\/b><\/span><\/p>\n<p>[\/vc_column_text][vc_separator type=\u00bbtransparent\u00bb up=\u00bb60&#8243; up_style=\u00bbpx\u00bb down=\u00bb0&#8243; down_style=\u00bbpx\u00bb][\/vc_column][\/vc_row][vc_row row_type=\u00bbrow\u00bb use_row_as_full_screen_section=\u00bbno\u00bb type=\u00bbfull_width\u00bb oblique_section=\u00bbno\u00bb text_align=\u00bbcenter\u00bb Overflow=\u00bb\u00bb triangle_shape=\u00bbno\u00bb css_animation=\u00bb\u00bb overflow=\u00bb\u00bb el_id=\u00bbtitulo_descripcion\u00bb][vc_column][vc_row_inner row_type=\u00bbrow\u00bb type=\u00bbgrid\u00bb use_row_as_full_screen_section_slide=\u00bbno\u00bb text_align=\u00bbcenter\u00bb css_animation=\u00bb\u00bb][vc_column_inner][vc_column_text]<\/p>\n<h5>El FUEGO, es una reacci\u00f3n qu\u00edmica entre tres elementos: ox\u00edgeno, combustible y calor, que al hacer combusti\u00f3n, despiden luz, humo y gases. Es uno de los cuatro elementos b\u00e1sicos para la existencia del hombre, adem\u00e1s se ser una importante fuente de energ\u00eda, que al estar fuera de control, se transforma en un elemento peligroso con efectos destructivos y en ocasiones hasta letales para los seres vivos.<\/h5>\n<h5>\u00a0Se define como INCENDIO a la ignici\u00f3n no controlada de materiales inflamables y explosivos, debido al uso inadecuado de sustancias combustibles, fallas en instalaciones el\u00e9ctricas defectuosas y al inadecuado almacenamiento y traslado de sustancias peligrosas.<\/h5>\n<p>[\/vc_column_text][\/vc_column_inner][\/vc_row_inner][vc_separator type=\u00bbtransparent\u00bb up=\u00bb50&#8243; up_style=\u00bbpx\u00bb down=\u00bb0&#8243; down_style=\u00bbpx\u00bb][\/vc_column][\/vc_row][vc_row row_type=\u00bbrow\u00bb use_row_as_full_screen_section=\u00bbno\u00bb type=\u00bbgrid\u00bb oblique_section=\u00bbno\u00bb text_align=\u00bbcenter\u00bb Overflow=\u00bb\u00bb triangle_shape=\u00bbno\u00bb css_animation=\u00bb\u00bb overflow=\u00bb\u00bb el_id=\u00bbtexto_titulo2&#8243;][vc_column][vc_column_text]<\/p>\n<p style=\"text-align: center;font-size: 46px;color: #9eb75d;font-weight: 600;line-height: 55px\"><span style=\"color: #00549d\"><strong>El fuego por su magnitud y destructividad se clasifica de la siguiente manera:<\/strong><\/span><\/p>\n<p>[\/vc_column_text][vc_separator type=\u00bbtransparent\u00bb up=\u00bb50&#8243; up_style=\u00bbpx\u00bb down=\u00bb0&#8243; down_style=\u00bbpx\u00bb][\/vc_column][\/vc_row][vc_row row_type=\u00bbrow\u00bb use_row_as_full_screen_section=\u00bbno\u00bb type=\u00bbfull_width\u00bb oblique_section=\u00bbno\u00bb text_align=\u00bbleft\u00bb Overflow=\u00bb\u00bb triangle_shape=\u00bbno\u00bb css_animation=\u00bb\u00bb overflow=\u00bb\u00bb el_id=\u00bbtitulo2_descripcion1, descripcion2, descripcion3&#8243; el_class=\u00bbtexto_tres_columnas\u00bb][vc_column][vc_row_inner row_type=\u00bbrow\u00bb type=\u00bbgrid\u00bb use_row_as_full_screen_section_slide=\u00bbno\u00bb text_align=\u00bbcenter\u00bb css_animation=\u00bb\u00bb][vc_column_inner width=\u00bb1\/3&#8243;][vc_single_image image=\u00bb15725&#8243; img_size=\u00bblarge\u00bb alignment=\u00bbcenter\u00bb mkd_css_animation=\u00bbelement_from_fade\u00bb set_shader=\u00bbno\u00bb set_popup=\u00bbno\u00bb animate_image_on_hover=\u00bbno\u00bb][vc_column_text]<\/p>\n<h2>Conato:<\/h2>\n<p>&nbsp;<\/p>\n<p>Inicio de un incendio que puede ser sofocado, utilizando los extinguidores convencionales, generalmente extintores con polvo qu\u00edmico seco.[\/vc_column_text][vc_separator type=\u00bbtransparent\u00bb up=\u00bb25&#8243; up_style=\u00bbpx\u00bb down_style=\u00bbpx\u00bb][\/vc_column_inner][vc_column_inner width=\u00bb1\/3&#8243;][vc_single_image image=\u00bb15726&#8243; img_size=\u00bblarge\u00bb alignment=\u00bbcenter\u00bb mkd_css_animation=\u00bbelement_from_fade\u00bb set_shader=\u00bbno\u00bb set_popup=\u00bbno\u00bb animate_image_on_hover=\u00bbno\u00bb][vc_column_text]<\/p>\n<h2>Incendio:<\/h2>\n<p>&nbsp;<\/p>\n<p>Es fuego no controlado de grandes proporciones, que puede presentarse en forma s\u00fabita, gradual e instant\u00e1nea, requiriendo para su control y eliminaci\u00f3n el uso de hidrantes, mangueras y extintores de carretilla. Los efectos resultantes del siniestro, abarcan hasta un 25 por ciento de la zona o inmueble afectado.[\/vc_column_text][vc_separator type=\u00bbtransparent\u00bb up=\u00bb25&#8243; up_style=\u00bbpx\u00bb down_style=\u00bbpx\u00bb][\/vc_column_inner][vc_column_inner width=\u00bb1\/3&#8243;][vc_single_image image=\u00bb15727&#8243; img_size=\u00bblarge\u00bb alignment=\u00bbcenter\u00bb mkd_css_animation=\u00bbelement_from_fade\u00bb set_shader=\u00bbno\u00bb set_popup=\u00bbno\u00bb animate_image_on_hover=\u00bbno\u00bb][vc_column_text]<\/p>\n<h2>Conflagraci\u00f3n:<\/h2>\n<p>&nbsp;<\/p>\n<p>Es el incendio que destruye parcial o totalmente un inmueble, abarcando de un 26 por ciento al 100 por ciento de su estructura.[\/vc_column_text][vc_separator type=\u00bbtransparent\u00bb up=\u00bb25&#8243; up_style=\u00bbpx\u00bb down_style=\u00bbpx\u00bb][\/vc_column_inner][\/vc_row_inner][\/vc_column][\/vc_row][vc_row row_type=\u00bbrow\u00bb use_row_as_full_screen_section=\u00bbno\u00bb type=\u00bbgrid\u00bb oblique_section=\u00bbno\u00bb text_align=\u00bbcenter\u00bb Overflow=\u00bb\u00bb triangle_shape=\u00bbno\u00bb css_animation=\u00bb\u00bb overflow=\u00bb\u00bb el_id=\u00bbtexto_titulo3&#8243;][vc_column][vc_separator type=\u00bbtransparent\u00bb up=\u00bb60&#8243; up_style=\u00bbpx\u00bb down=\u00bb0&#8243; down_style=\u00bbpx\u00bb][vc_column_text]<\/p>\n<p style=\"text-align: center;font-size: 46px;color: #9eb75d;font-weight: 600;line-height: 55px\"><span style=\"color: #00549d\"><strong>\u00bfQu\u00e9 es la fase\u00a0de Alerta?<\/strong><\/span><\/p>\n<p>[\/vc_column_text][vc_separator type=\u00bbtransparent\u00bb up=\u00bb60&#8243; up_style=\u00bbpx\u00bb down=\u00bb0&#8243; down_style=\u00bbpx\u00bb][\/vc_column][\/vc_row][vc_row row_type=\u00bbrow\u00bb use_row_as_full_screen_section=\u00bbno\u00bb type=\u00bbgrid\u00bb oblique_section=\u00bbno\u00bb text_align=\u00bbleft\u00bb Overflow=\u00bb\u00bb triangle_shape=\u00bbno\u00bb css_animation=\u00bb\u00bb overflow=\u00bb\u00bb el_id=\u00bbtitulo3_subtitulo\u00bb][vc_column][vc_column_text]<\/p>\n<h5 style=\"text-align: center\">La actividad de \u201cfase de alerta\u201d es una de las piezas claves para la reducci\u00f3n o mitigaci\u00f3n de los da\u00f1os y p\u00e9rdidas posteriores a un siniestro, esta fase consiste en lo siguiente:<\/h5>\n<p>[\/vc_column_text][vc_separator type=\u00bbtransparent\u00bb up=\u00bb50&#8243; up_style=\u00bbpx\u00bb down=\u00bb0&#8243; down_style=\u00bbpx\u00bb][\/vc_column][\/vc_row][vc_row row_type=\u00bbrow\u00bb use_row_as_full_screen_section=\u00bbno\u00bb type=\u00bbgrid\u00bb oblique_section=\u00bbno\u00bb text_align=\u00bbleft\u00bb Overflow=\u00bb\u00bb triangle_shape=\u00bbno\u00bb css_animation=\u00bb\u00bb overflow=\u00bb\u00bb el_id=\u00bbinfograma\u00bb][vc_column width=\u00bb1\/4&#8243;][\/vc_column][vc_column width=\u00bb1\/2&#8243;][vc_single_image image=\u00bb15778&#8243; img_size=\u00bbfull\u00bb alignment=\u00bbcenter\u00bb mkd_css_animation=\u00bbelement_from_fade\u00bb set_shader=\u00bbno\u00bb set_popup=\u00bbno\u00bb animate_image_on_hover=\u00bbno\u00bb][vc_separator type=\u00bbtransparent\u00bb up_style=\u00bbpx\u00bb down_style=\u00bbpx\u00bb][\/vc_column][vc_column width=\u00bb1\/4&#8243;][\/vc_column][\/vc_row][vc_row row_type=\u00bbrow\u00bb use_row_as_full_screen_section=\u00bbno\u00bb type=\u00bbfull_width\u00bb oblique_section=\u00bbno\u00bb text_align=\u00bbcenter\u00bb Overflow=\u00bb\u00bb triangle_shape=\u00bbno\u00bb css_animation=\u00bb\u00bb overflow=\u00bb\u00bb el_id=\u00bbtexto_titulo4&#8243;][vc_column][vc_separator type=\u00bbtransparent\u00bb up=\u00bb80&#8243; up_style=\u00bbpx\u00bb down=\u00bb0&#8243; down_style=\u00bbpx\u00bb][vc_column_text]<\/p>\n<p style=\"text-align: center;font-size: 46px;color: #9eb75d;font-weight: 600;line-height: 55px\"><span style=\"color: #00549d\"><strong>\u00bfQu\u00e9 hacer en caso de Fase de Alerta?<\/strong><\/span><\/p>\n<p>[\/vc_column_text][vc_separator type=\u00bbtransparent\u00bb up=\u00bb60&#8243; up_style=\u00bbpx\u00bb down=\u00bb0&#8243; down_style=\u00bbpx\u00bb][\/vc_column][\/vc_row][vc_row row_type=\u00bbrow\u00bb use_row_as_full_screen_section=\u00bbno\u00bb type=\u00bbgrid\u00bb oblique_section=\u00bbno\u00bb text_align=\u00bbleft\u00bb Overflow=\u00bb\u00bb triangle_shape=\u00bbno\u00bb css_animation=\u00bb\u00bb overflow=\u00bb\u00bb el_id=\u00bbinfograma_parte1_parte2_parte3_parte4_parte5_parte6&#8243; el_class=\u00bbinfogramas\u00bb][vc_column][vc_single_image image=\u00bb15812&#8243; img_size=\u00bbfull\u00bb alignment=\u00bbcenter\u00bb mkd_css_animation=\u00bb\u00bb set_shader=\u00bbno\u00bb set_popup=\u00bbno\u00bb animate_image_on_hover=\u00bbno\u00bb][vc_single_image image=\u00bb15809&#8243; img_size=\u00bbfull\u00bb alignment=\u00bbcenter\u00bb mkd_css_animation=\u00bb\u00bb set_shader=\u00bbno\u00bb set_popup=\u00bbno\u00bb animate_image_on_hover=\u00bbno\u00bb][vc_single_image image=\u00bb15810&#8243; img_size=\u00bbfull\u00bb alignment=\u00bbcenter\u00bb mkd_css_animation=\u00bb\u00bb set_shader=\u00bbno\u00bb set_popup=\u00bbno\u00bb animate_image_on_hover=\u00bbno\u00bb][vc_single_image image=\u00bb15808&#8243; img_size=\u00bbfull\u00bb alignment=\u00bbcenter\u00bb mkd_css_animation=\u00bb\u00bb set_shader=\u00bbno\u00bb set_popup=\u00bbno\u00bb animate_image_on_hover=\u00bbno\u00bb][vc_single_image image=\u00bb15811&#8243; img_size=\u00bbfull\u00bb alignment=\u00bbcenter\u00bb mkd_css_animation=\u00bb\u00bb set_shader=\u00bbno\u00bb set_popup=\u00bbno\u00bb animate_image_on_hover=\u00bbno\u00bb][vc_single_image image=\u00bb15813&#8243; img_size=\u00bbfull\u00bb alignment=\u00bbcenter\u00bb mkd_css_animation=\u00bb\u00bb set_shader=\u00bbno\u00bb set_popup=\u00bbno\u00bb animate_image_on_hover=\u00bbno\u00bb][\/vc_column][\/vc_row][vc_row row_type=\u00bbrow\u00bb use_row_as_full_screen_section=\u00bbno\u00bb type=\u00bbfull_width\u00bb oblique_section=\u00bbno\u00bb text_align=\u00bbcenter\u00bb Overflow=\u00bb\u00bb triangle_shape=\u00bbno\u00bb css_animation=\u00bb\u00bb overflow=\u00bb\u00bb el_id=\u00bbtexto_titulo5&#8243;][vc_column][vc_separator type=\u00bbtransparent\u00bb up=\u00bb80&#8243; up_style=\u00bbpx\u00bb down=\u00bb0&#8243; down_style=\u00bbpx\u00bb][vc_column_text]<\/p>\n<p style=\"text-align: center;font-size: 46px;color: #9eb75d;font-weight: 600;line-height: 55px\"><span style=\"color: #00549d\"><b>En caso de activaci\u00f3n del sistema contra incendios<\/b><\/span><\/p>\n<p>[\/vc_column_text][vc_separator type=\u00bbtransparent\u00bb up=\u00bb50&#8243; up_style=\u00bbpx\u00bb down=\u00bb0&#8243; down_style=\u00bbpx\u00bb][\/vc_column][\/vc_row][vc_row row_type=\u00bbrow\u00bb use_row_as_full_screen_section=\u00bbno\u00bb type=\u00bbgrid\u00bb oblique_section=\u00bbno\u00bb text_align=\u00bbleft\u00bb Overflow=\u00bb\u00bb triangle_shape=\u00bbno\u00bb css_animation=\u00bb\u00bb overflow=\u00bb\u00bb el_id=\u00bbinfograma_parte7_parte8_parte9_parte10_parte11_parte12&#8243; el_class=\u00bbinfogramas\u00bb][vc_column][vc_single_image image=\u00bb15815&#8243; img_size=\u00bbfull\u00bb alignment=\u00bbcenter\u00bb mkd_css_animation=\u00bb\u00bb set_shader=\u00bbno\u00bb set_popup=\u00bbno\u00bb animate_image_on_hover=\u00bbno\u00bb][vc_single_image image=\u00bb15818&#8243; img_size=\u00bbfull\u00bb alignment=\u00bbcenter\u00bb mkd_css_animation=\u00bb\u00bb set_shader=\u00bbno\u00bb set_popup=\u00bbno\u00bb animate_image_on_hover=\u00bbno\u00bb][vc_single_image image=\u00bb15816&#8243; img_size=\u00bbfull\u00bb alignment=\u00bbcenter\u00bb mkd_css_animation=\u00bb\u00bb set_shader=\u00bbno\u00bb set_popup=\u00bbno\u00bb animate_image_on_hover=\u00bbno\u00bb][vc_single_image image=\u00bb15819&#8243; img_size=\u00bbfull\u00bb alignment=\u00bbcenter\u00bb mkd_css_animation=\u00bb\u00bb set_shader=\u00bbno\u00bb set_popup=\u00bbno\u00bb animate_image_on_hover=\u00bbno\u00bb][vc_single_image image=\u00bb15817&#8243; img_size=\u00bbfull\u00bb alignment=\u00bbcenter\u00bb mkd_css_animation=\u00bb\u00bb set_shader=\u00bbno\u00bb set_popup=\u00bbno\u00bb animate_image_on_hover=\u00bbno\u00bb][\/vc_column][\/vc_row][vc_row row_type=\u00bbrow\u00bb use_row_as_full_screen_section=\u00bbno\u00bb type=\u00bbfull_width\u00bb oblique_section=\u00bbno\u00bb text_align=\u00bbcenter\u00bb Overflow=\u00bb\u00bb triangle_shape=\u00bbno\u00bb css_animation=\u00bb\u00bb overflow=\u00bb\u00bb el_id=\u00bbtexto_titulo6&#8243;][vc_column][vc_separator type=\u00bbtransparent\u00bb up=\u00bb80&#8243; up_style=\u00bbpx\u00bb down=\u00bb0&#8243; down_style=\u00bbpx\u00bb][vc_column_text]<\/p>\n<p style=\"text-align: center;font-size: 46px;color: #9eb75d;font-weight: 600;line-height: 55px\"><span style=\"color: #00549d\"><b>Acciones posteriores a un INCENDIO<\/b><\/span><\/p>\n<p>[\/vc_column_text][vc_separator type=\u00bbtransparent\u00bb up=\u00bb50&#8243; up_style=\u00bbpx\u00bb down=\u00bb0&#8243; down_style=\u00bbpx\u00bb][\/vc_column][\/vc_row][vc_row row_type=\u00bbrow\u00bb use_row_as_full_screen_section=\u00bbno\u00bb type=\u00bbfull_width\u00bb oblique_section=\u00bbno\u00bb text_align=\u00bbleft\u00bb Overflow=\u00bb\u00bb triangle_shape=\u00bbno\u00bb side_padding=\u00bb30%\u00bb css_animation=\u00bb\u00bb overflow=\u00bb\u00bb el_id=\u00bbinfograma_parte13&#8243; el_class=\u00bbinfogramas\u00bb][vc_column][vc_separator type=\u00bbtransparent\u00bb up_style=\u00bbpx\u00bb down_style=\u00bbpx\u00bb][vc_row_inner row_type=\u00bbrow\u00bb type=\u00bbfull_width\u00bb use_row_as_full_screen_section_slide=\u00bbno\u00bb text_align=\u00bbleft\u00bb css_animation=\u00bb\u00bb][vc_column_inner width=\u00bb1\/4&#8243;][vc_single_image image=\u00bb15825&#8243; mkd_css_animation=\u00bb\u00bb set_shader=\u00bbno\u00bb set_popup=\u00bbno\u00bb animate_image_on_hover=\u00bbno\u00bb][\/vc_column_inner][vc_column_inner width=\u00bb3\/4&#8243;][vc_column_text]<\/p>\n<h5>Ret\u00edrese del \u00e1rea de peligro, ya que el fuego puede reanimarse.<\/h5>\n<p>[\/vc_column_text][\/vc_column_inner][\/vc_row_inner][\/vc_column][\/vc_row][vc_row row_type=\u00bbrow\u00bb use_row_as_full_screen_section=\u00bbno\u00bb type=\u00bbfull_width\u00bb oblique_section=\u00bbno\u00bb text_align=\u00bbleft\u00bb Overflow=\u00bb\u00bb triangle_shape=\u00bbno\u00bb side_padding=\u00bb30%\u00bb css_animation=\u00bb\u00bb overflow=\u00bb\u00bb el_id=\u00bbinfograma_parte14&#8243; el_class=\u00bbinfogramas\u00bb][vc_column][vc_separator type=\u00bbtransparent\u00bb up_style=\u00bbpx\u00bb down_style=\u00bbpx\u00bb][vc_row_inner row_type=\u00bbrow\u00bb type=\u00bbfull_width\u00bb use_row_as_full_screen_section_slide=\u00bbno\u00bb text_align=\u00bbleft\u00bb css_animation=\u00bb\u00bb][vc_column_inner width=\u00bb1\/4&#8243;][vc_single_image image=\u00bb15826&#8243; mkd_css_animation=\u00bb\u00bb set_shader=\u00bbno\u00bb set_popup=\u00bbno\u00bb animate_image_on_hover=\u00bbno\u00bb][\/vc_column_inner][vc_column_inner width=\u00bb3\/4&#8243;][vc_column_text]<\/p>\n<h5>D\u00e9 instrucciones a la poblaci\u00f3n para su seguridad.<\/h5>\n<p>[\/vc_column_text][\/vc_column_inner][\/vc_row_inner][\/vc_column][\/vc_row][vc_row row_type=\u00bbrow\u00bb use_row_as_full_screen_section=\u00bbno\u00bb type=\u00bbfull_width\u00bb oblique_section=\u00bbno\u00bb text_align=\u00bbleft\u00bb Overflow=\u00bb\u00bb triangle_shape=\u00bbno\u00bb side_padding=\u00bb30%\u00bb css_animation=\u00bb\u00bb overflow=\u00bb\u00bb el_id=\u00bbinfograma_parte15&#8243; el_class=\u00bbinfogramas\u00bb][vc_column][vc_separator type=\u00bbtransparent\u00bb up_style=\u00bbpx\u00bb down_style=\u00bbpx\u00bb][vc_row_inner row_type=\u00bbrow\u00bb type=\u00bbfull_width\u00bb use_row_as_full_screen_section_slide=\u00bbno\u00bb text_align=\u00bbleft\u00bb css_animation=\u00bb\u00bb][vc_column_inner width=\u00bb1\/4&#8243;][vc_single_image image=\u00bb15827&#8243; mkd_css_animation=\u00bb\u00bb set_shader=\u00bbno\u00bb set_popup=\u00bbno\u00bb animate_image_on_hover=\u00bbno\u00bb][\/vc_column_inner][vc_column_inner width=\u00bb3\/4&#8243;][vc_column_text]<\/p>\n<h5>No interfiera con las actividades de los bomberos y personal de rescate.<\/h5>\n<p>[\/vc_column_text][\/vc_column_inner][\/vc_row_inner][\/vc_column][\/vc_row][vc_row row_type=\u00bbrow\u00bb use_row_as_full_screen_section=\u00bbno\u00bb type=\u00bbfull_width\u00bb oblique_section=\u00bbno\u00bb text_align=\u00bbleft\u00bb Overflow=\u00bb\u00bb triangle_shape=\u00bbno\u00bb side_padding=\u00bb30%\u00bb css_animation=\u00bb\u00bb overflow=\u00bb\u00bb el_id=\u00bbinfograma_parte16&#8243; el_class=\u00bbinfogramas\u00bb][vc_column][vc_separator type=\u00bbtransparent\u00bb up_style=\u00bbpx\u00bb down_style=\u00bbpx\u00bb][vc_row_inner row_type=\u00bbrow\u00bb type=\u00bbfull_width\u00bb use_row_as_full_screen_section_slide=\u00bbno\u00bb text_align=\u00bbleft\u00bb css_animation=\u00bb\u00bb][vc_column_inner width=\u00bb1\/4&#8243;][vc_single_image image=\u00bb15828&#8243; mkd_css_animation=\u00bb\u00bb set_shader=\u00bbno\u00bb set_popup=\u00bbno\u00bb animate_image_on_hover=\u00bbno\u00bb][\/vc_column_inner][vc_column_inner width=\u00bb3\/4&#8243;][vc_column_text]<\/p>\n<h5>Si falta alguna persona rep\u00f3rtela a los cuerpos de emergencia.<\/h5>\n<p>[\/vc_column_text][\/vc_column_inner][\/vc_row_inner][\/vc_column][\/vc_row][vc_row row_type=\u00bbrow\u00bb use_row_as_full_screen_section=\u00bbno\u00bb type=\u00bbfull_width\u00bb oblique_section=\u00bbno\u00bb text_align=\u00bbleft\u00bb Overflow=\u00bb\u00bb triangle_shape=\u00bbno\u00bb side_padding=\u00bb30%\u00bb css_animation=\u00bb\u00bb overflow=\u00bb\u00bb el_id=\u00bbinfograma_parte17&#8243; el_class=\u00bbinfogramas\u00bb][vc_column][vc_separator type=\u00bbtransparent\u00bb up_style=\u00bbpx\u00bb down_style=\u00bbpx\u00bb][vc_row_inner row_type=\u00bbrow\u00bb type=\u00bbfull_width\u00bb use_row_as_full_screen_section_slide=\u00bbno\u00bb text_align=\u00bbleft\u00bb css_animation=\u00bb\u00bb][vc_column_inner width=\u00bb1\/4&#8243;][vc_single_image image=\u00bb15829&#8243; mkd_css_animation=\u00bb\u00bb set_shader=\u00bbno\u00bb set_popup=\u00bbno\u00bb animate_image_on_hover=\u00bbno\u00bb][\/vc_column_inner][vc_column_inner width=\u00bb3\/4&#8243;][vc_column_text]<\/p>\n<h5>No regrese al inmueble hasta que las autoridades de Protecci\u00f3n Civil\u00a0lo determine.<\/h5>\n<p>[\/vc_column_text][\/vc_column_inner][\/vc_row_inner][\/vc_column][\/vc_row][vc_row row_type=\u00bbrow\u00bb use_row_as_full_screen_section=\u00bbno\u00bb type=\u00bbfull_width\u00bb oblique_section=\u00bbno\u00bb text_align=\u00bbleft\u00bb Overflow=\u00bb\u00bb triangle_shape=\u00bbno\u00bb css_animation=\u00bb\u00bb overflow=\u00bb\u00bb][vc_column][vc_separator type=\u00bbtransparent\u00bb up_style=\u00bbpx\u00bb down=\u00bb50&#8243; down_style=\u00bbpx\u00bb][\/vc_column][\/vc_row][vc_row row_type=\u00bbrow\u00bb use_row_as_full_screen_section=\u00bbno\u00bb type=\u00bbgrid\u00bb oblique_section=\u00bbno\u00bb text_align=\u00bbcenter\u00bb Overflow=\u00bb\u00bb triangle_shape=\u00bbno\u00bb css_animation=\u00bb\u00bb overflow=\u00bb\u00bb][vc_column][vc_raw_html]JTNDdmlkZW8lMjB3aWR0aCUzRCUyMjgwMCUyMiUyMGNvbnRyb2xzJTNFJTBBJTIwJTIwJTNDc291cmNlJTIwc3JjJTNEJTIyaHR0cHMlM0ElMkYlMkZ3d3cucG9kZXJqdWRpY2lhbGNkbXguZ29iLm14JTJGcHJvdGVjY2lvbl9jaXZpbCUyRndwLWNvbnRlbnQlMkZ1cGxvYWRzJTJGVmlkZW9zLWV2YWN1YWNpb24tdHJpYnVuYWwtR2VuZXJpY29zLUluY2VuZGlvLm1wNCUyMiUzRSUwQSUyMCUyMCUwQSUyMCUyMFlvdXIlMjBicm93c2VyJTIwZG9lcyUyMG5vdCUyMHN1cHBvcnQlMjBIVE1MNSUyMHZpZGVvLiUwQSUzQyUyRnZpZGVvJTNF[\/vc_raw_html][vc_column_text]<\/p>\n<h5 style=\"text-align: center\"><strong><span style=\"color: #333399\">Video evacuaci\u00f3n Tribunal gen\u00e9ricos incendio<\/span><\/strong><\/h5>\n<p>[\/vc_column_text][vc_empty_space height=\u00bb60px\u00bb image_repeat=\u00bbno-repeat\u00bb][\/vc_column][\/vc_row][vc_row row_type=\u00bbrow\u00bb use_row_as_full_screen_section=\u00bbno\u00bb type=\u00bbfull_width\u00bb oblique_section=\u00bbno\u00bb text_align=\u00bbleft\u00bb Overflow=\u00bb\u00bb triangle_shape=\u00bbno\u00bb css_animation=\u00bb\u00bb overflow=\u00bb\u00bb][vc_column][vc_empty_space height=\u00bb20px\u00bb image_repeat=\u00bbno-repeat\u00bb][\/vc_column][\/vc_row][vc_row row_type=\u00bbrow\u00bb use_row_as_full_screen_section=\u00bbno\u00bb type=\u00bbfull_width\u00bb oblique_section=\u00bbno\u00bb text_align=\u00bbleft\u00bb Overflow=\u00bb\u00bb triangle_shape=\u00bbno\u00bb css_animation=\u00bb\u00bb overflow=\u00bb\u00bb][vc_column][vc_column_text]<\/p>\n<p style=\"text-align: right\">\u00daltima fecha de actualizaci\u00f3n: enero de 2021.<\/p>\n<p>[\/vc_column_text][\/vc_column][\/vc_row][vc_row row_type=\u00bbrow\u00bb use_row_as_full_screen_section=\u00bbno\u00bb type=\u00bbfull_width\u00bb oblique_section=\u00bbno\u00bb text_align=\u00bbleft\u00bb Overflow=\u00bb\u00bb triangle_shape=\u00bbno\u00bb css_animation=\u00bb\u00bb overflow=\u00bb\u00bb][vc_column][vc_empty_space height=\u00bb20px\u00bb image_repeat=\u00bbno-repeat\u00bb][\/vc_column][\/vc_row]<\/p>\n","protected":false},"excerpt":{"rendered":"<p>15486<\/p>\n","protected":false},"author":1,"featured_media":0,"parent":0,"menu_order":0,"comment_status":"closed","ping_status":"closed","template":"","meta":{"footnotes":""},"class_list":["post-15486","page","type-page","status-publish","hentry"],"_links":{"self":[{"href":"https:\/\/www.poderjudicialcdmx.gob.mx\/proteccion_civil\/wp-json\/wp\/v2\/pages\/15486"}],"collection":[{"href":"https:\/\/www.poderjudicialcdmx.gob.mx\/proteccion_civil\/wp-json\/wp\/v2\/pages"}],"about":[{"href":"https:\/\/www.poderjudicialcdmx.gob.mx\/proteccion_civil\/wp-json\/wp\/v2\/types\/page"}],"author":[{"embeddable":true,"href":"https:\/\/www.poderjudicialcdmx.gob.mx\/proteccion_civil\/wp-json\/wp\/v2\/users\/1"}],"replies":[{"embeddable":true,"href":"https:\/\/www.poderjudicialcdmx.gob.mx\/proteccion_civil\/wp-json\/wp\/v2\/comments?post=15486"}],"version-history":[{"count":65,"href":"https:\/\/www.poderjudicialcdmx.gob.mx\/proteccion_civil\/wp-json\/wp\/v2\/pages\/15486\/revisions"}],"predecessor-version":[{"id":18642,"href":"https:\/\/www.poderjudicialcdmx.gob.mx\/proteccion_civil\/wp-json\/wp\/v2\/pages\/15486\/revisions\/18642"}],"wp:attachment":[{"href":"https:\/\/www.poderjudicialcdmx.gob.mx\/proteccion_civil\/wp-json\/wp\/v2\/media?parent=15486"}],"curies":[{"name":"wp","href":"https:\/\/api.w.org\/{rel}","templated":true}]}}