{"id":17452,"date":"2021-01-20T21:55:13","date_gmt":"2021-01-20T21:55:13","guid":{"rendered":"https:\/\/www.poderjudicialcdmx.gob.mx\/proteccion_civil\/?page_id=17452"},"modified":"2024-02-28T21:17:10","modified_gmt":"2024-02-28T21:17:10","slug":"videos-auditorios","status":"publish","type":"page","link":"https:\/\/www.poderjudicialcdmx.gob.mx\/proteccion_civil\/videos-auditorios\/","title":{"rendered":"VIDEOS AUDITORIOS"},"content":{"rendered":"<p>[vc_row row_type=\u00bbrow\u00bb use_row_as_full_screen_section=\u00bbno\u00bb type=\u00bbfull_width\u00bb oblique_section=\u00bbno\u00bb text_align=\u00bbleft\u00bb Overflow=\u00bb\u00bb triangle_shape=\u00bbno\u00bb background_image=\u00bb17453&#8243; css_animation=\u00bb\u00bb overflow=\u00bb\u00bb][vc_column][vc_empty_space height=\u00bb300px\u00bb image_repeat=\u00bbno-repeat\u00bb][\/vc_column][\/vc_row][vc_row row_type=\u00bbrow\u00bb use_row_as_full_screen_section=\u00bbno\u00bb type=\u00bbgrid\u00bb oblique_section=\u00bbno\u00bb text_align=\u00bbleft\u00bb Overflow=\u00bb\u00bb triangle_shape=\u00bbno\u00bb css_animation=\u00bb\u00bb overflow=\u00bb\u00bb][vc_column][vc_empty_space height=\u00bb50px\u00bb image_repeat=\u00bbno-repeat\u00bb][vc_column_text]<\/p>\n<h5 id=\"avisos\" style=\"text-align: center; font-size: 46px; color: #9eb75d; font-weight: 300;\"><span style=\"color: #005baa;\">Videos &#8211; <strong>Auditorios\u00a0<\/strong><\/span><\/h5>\n<p>[\/vc_column_text][vc_separator type=\u00bbsmall\u00bb position=\u00bbcenter\u00bb color=\u00bb#005baa\u00bb up=\u00bb90px\u00bb up_style=\u00bbpx\u00bb down=\u00bb150px\u00bb down_style=\u00bbpx\u00bb][\/vc_column][\/vc_row][vc_row row_type=\u00bbrow\u00bb use_row_as_full_screen_section=\u00bbno\u00bb type=\u00bbfull_width\u00bb oblique_section=\u00bbno\u00bb text_align=\u00bbcenter\u00bb Overflow=\u00bb\u00bb triangle_shape=\u00bbno\u00bb css_animation=\u00bb\u00bb overflow=\u00bb\u00bb][vc_column][vc_empty_space image_repeat=\u00bbno-repeat\u00bb][vc_raw_html]JTNDdmlkZW8lMjB3aWR0aCUzRCUyMjUwMCUyMiUyMGNvbnRyb2xzJTNFJTBBJTIwJTIwJTNDc291cmNlJTIwc3JjJTNEJTIyaHR0cHMlM0ElMkYlMkZ3d3cucG9kZXJqdWRpY2lhbGNkbXguZ29iLm14JTJGcHJvdGVjY2lvbl9jaXZpbCUyRndwLWNvbnRlbnQlMkZ1cGxvYWRzJTJGMDFBdWRpdG9yaW9CZW5pdG9KdWFyZXpfUHJvY2VkaW1pZW50b0V2YWN1YWNpb24tMS5tcDQlMjIlM0UlMEElMjAlMjAlMEElMjAlMjBZb3VyJTIwYnJvd3NlciUyMGRvZXMlMjBub3QlMjBzdXBwb3J0JTIwSFRNTDUlMjB2aWRlby4lMEElM0MlMkZ2aWRlbyUzRSUwQSUwQSUyNm5ic3AlM0IlMjAlMjZuYnNwJTNCJTBBJTBBJTNDdmlkZW8lMjB3aWR0aCUzRCUyMjUwMCUyMiUyMGNvbnRyb2xzJTNFJTBBJTIwJTIwJTNDc291cmNlJTIwc3JjJTNEJTIyaHR0cHMlM0ElMkYlMkZ3d3cucG9kZXJqdWRpY2lhbGNkbXguZ29iLm14JTJGcHJvdGVjY2lvbl9jaXZpbCUyRndwLWNvbnRlbnQlMkZ1cGxvYWRzJTJGQXVkaXRvcmlvX0xhdmFsbGVfVXJiaW5hX1Byb2NlZGltaWVudG9fRXZhY3VhY2lvbi5tcDQlMjIlM0UlMEElMjAlMjAlMEElMjAlMjBZb3VyJTIwYnJvd3NlciUyMGRvZXMlMjBub3QlMjBzdXBwb3J0JTIwSFRNTDUlMjB2aWRlby4lMEElM0MlMkZ2aWRlbyUzRSUwQSUwQQ==[\/vc_raw_html][vc_empty_space height=\u00bb20px\u00bb image_repeat=\u00bbno-repeat\u00bb][\/vc_column][\/vc_row][vc_row row_type=\u00bbrow\u00bb use_row_as_full_screen_section=\u00bbno\u00bb type=\u00bbgrid\u00bb oblique_section=\u00bbno\u00bb text_align=\u00bbleft\u00bb Overflow=\u00bb\u00bb triangle_shape=\u00bbno\u00bb css_animation=\u00bb\u00bb][vc_column width=\u00bb1\/2&#8243;][vc_column_text]<\/p>\n<h5 style=\"text-align: center;\"><span style=\"color: #808080;\"><strong>AUDITORIO BENITO JU\u00c1REZ<\/strong><\/span><\/h5>\n<h5 style=\"text-align: center;\"><span style=\"color: #808080;\">Procedimiento de evacuaci\u00f3n<\/span><\/h5>\n<p>[\/vc_column_text][\/vc_column][vc_column width=\u00bb1\/2&#8243;][vc_column_text]<\/p>\n<h5 style=\"text-align: center;\"><span style=\"color: #808080;\"><strong>AUDITORIO LAVALLE URBINA<\/strong><\/span><\/h5>\n<h5 style=\"text-align: center;\"><span style=\"color: #808080;\">Procedimiento de evacuaci\u00f3n<\/span><\/h5>\n<p>[\/vc_column_text][\/vc_column][\/vc_row][vc_row row_type=\u00bbrow\u00bb use_row_as_full_screen_section=\u00bbno\u00bb type=\u00bbgrid\u00bb oblique_section=\u00bbno\u00bb text_align=\u00bbcenter\u00bb Overflow=\u00bb\u00bb triangle_shape=\u00bbno\u00bb css_animation=\u00bb\u00bb overflow=\u00bb\u00bb][vc_column][vc_empty_space height=\u00bb20px\u00bb image_repeat=\u00bbno-repeat\u00bb][vc_raw_html]JTNDdmlkZW8lMjB3aWR0aCUzRCUyMjUwMCUyMiUyMGNvbnRyb2xzJTNFJTBBJTIwJTIwJTNDc291cmNlJTIwc3JjJTNEJTIyaHR0cHMlM0ElMkYlMkZ3d3cucG9kZXJqdWRpY2lhbGNkbXguZ29iLm14JTJGcHJvdGVjY2lvbl9jaXZpbCUyRndwLWNvbnRlbnQlMkZ1cGxvYWRzJTJGQXVkaXRvcmlvX01pZ3VlbF9HaWxib25fTWFpdHJldF9Qcm9jZWRpbWllbnRvX0V2YWN1YWNpb24ubXA0JTIyJTNFJTBBJTIwJTIwJTBBJTIwJTIwWW91ciUyMGJyb3dzZXIlMjBkb2VzJTIwbm90JTIwc3VwcG9ydCUyMEhUTUw1JTIwdmlkZW8uJTBBJTNDJTJGdmlkZW8lM0UlMEElMEElMjZuYnNwJTNCJTIwJTI2bmJzcCUzQiUwQSUwQSUzQ3ZpZGVvJTIwd2lkdGglM0QlMjI1MDAlMjIlMjBjb250cm9scyUzRSUwQSUyMCUyMCUzQ3NvdXJjZSUyMHNyYyUzRCUyMmh0dHBzJTNBJTJGJTJGd3d3LnBvZGVyanVkaWNpYWxjZG14LmdvYi5teCUyRnByb3RlY2Npb25fY2l2aWwlMkZ3cC1jb250ZW50JTJGdXBsb2FkcyUyRlNhbG9uLV9QbGVub19OaW5vc19IZXJvZXNfMTUwLm1wNCUyMiUzRSUwQSUyMCUyMCUwQSUyMCUyMFlvdXIlMjBicm93c2VyJTIwZG9lcyUyMG5vdCUyMHN1cHBvcnQlMjBIVE1MNSUyMHZpZGVvLiUwQSUzQyUyRnZpZGVvJTNF[\/vc_raw_html][vc_empty_space height=\u00bb20px\u00bb image_repeat=\u00bbno-repeat\u00bb][\/vc_column][\/vc_row][vc_row row_type=\u00bbrow\u00bb use_row_as_full_screen_section=\u00bbno\u00bb type=\u00bbgrid\u00bb oblique_section=\u00bbno\u00bb text_align=\u00bbleft\u00bb Overflow=\u00bb\u00bb triangle_shape=\u00bbno\u00bb css_animation=\u00bb\u00bb][vc_column width=\u00bb1\/2&#8243;][vc_column_text]<\/p>\n<h5 style=\"text-align: center;\"><span style=\"color: #808080;\"><strong>AUDITORIO MIGUEL GILBON MAITRET<\/strong><\/span><\/h5>\n<h5 style=\"text-align: center;\"><span style=\"color: #808080;\">Procedimiento de evacuaci\u00f3n<\/span><\/h5>\n<p>[\/vc_column_text][\/vc_column][vc_column width=\u00bb1\/2&#8243;][vc_column_text]<\/p>\n<h5 style=\"text-align: center;\"><span style=\"color: #808080;\"><strong>SAL\u00d3N PLENO NI\u00d1OS H\u00c9ROES<\/strong><\/span><\/h5>\n<h5 style=\"text-align: center;\"><span style=\"color: #808080;\">Procedimiento de evacuaci\u00f3n<\/span><\/h5>\n<p>[\/vc_column_text][\/vc_column][\/vc_row][vc_row row_type=\u00bbrow\u00bb use_row_as_full_screen_section=\u00bbno\u00bb type=\u00bbgrid\u00bb oblique_section=\u00bbno\u00bb text_align=\u00bbcenter\u00bb Overflow=\u00bb\u00bb triangle_shape=\u00bbno\u00bb css_animation=\u00bb\u00bb overflow=\u00bb\u00bb][vc_column][vc_empty_space height=\u00bb20px\u00bb image_repeat=\u00bbno-repeat\u00bb][vc_raw_html]JTNDdmlkZW8lMjB3aWR0aCUzRCUyMjUwMCUyMiUyMGNvbnRyb2xzJTNFJTBBJTIwJTIwJTNDc291cmNlJTIwc3JjJTNEJTIyaHR0cHMlM0ElMkYlMkZ3d3cucG9kZXJqdWRpY2lhbGNkbXguZ29iLm14JTJGcHJvdGVjY2lvbl9jaXZpbCUyRndwLWNvbnRlbnQlMkZ1cGxvYWRzJTJGU2Fsb25fVXNvc19NdWx0aXBsZXNfUHJvY2VkaW1pZW50b19FdmFjdWFjaW9uLm1wNCUyMiUzRSUwQSUyMCUyMCUwQSUyMCUyMFlvdXIlMjBicm93c2VyJTIwZG9lcyUyMG5vdCUyMHN1cHBvcnQlMjBIVE1MNSUyMHZpZGVvLiUwQSUzQyUyRnZpZGVvJTNF[\/vc_raw_html][vc_empty_space height=\u00bb20px\u00bb image_repeat=\u00bbno-repeat\u00bb][vc_column_text]<\/p>\n<h5 style=\"text-align: center;\"><span style=\"color: #808080;\"><strong>SAL\u00d3N USOS MULTIPLES<\/strong><\/span><\/h5>\n<h5 style=\"text-align: center;\"><span style=\"color: #808080;\">Procedimiento de evacuaci\u00f3n<\/span><\/h5>\n<p>[\/vc_column_text][\/vc_column][\/vc_row][vc_row row_type=\u00bbrow\u00bb use_row_as_full_screen_section=\u00bbno\u00bb type=\u00bbfull_width\u00bb oblique_section=\u00bbno\u00bb text_align=\u00bbleft\u00bb Overflow=\u00bb\u00bb triangle_shape=\u00bbno\u00bb css_animation=\u00bb\u00bb][vc_column][vc_empty_space height=\u00bb70px\u00bb image_repeat=\u00bbno-repeat\u00bb][\/vc_column][\/vc_row]<\/p>\n","protected":false},"excerpt":{"rendered":"<p>[vc_row row_type=\u00bbrow\u00bb use_row_as_full_screen_section=\u00bbno\u00bb type=\u00bbfull_width\u00bb oblique_section=\u00bbno\u00bb text_align=\u00bbleft\u00bb Overflow=\u00bb\u00bb triangle_shape=\u00bbno\u00bb background_image=\u00bb17453&#8243; css_animation=\u00bb\u00bb overflow=\u00bb\u00bb][vc_column][vc_empty_space height=\u00bb300px\u00bb image_repeat=\u00bbno-repeat\u00bb][\/vc_column][\/vc_row][vc_row row_type=\u00bbrow\u00bb use_row_as_full_screen_section=\u00bbno\u00bb type=\u00bbgrid\u00bb oblique_section=\u00bbno\u00bb text_align=\u00bbleft\u00bb Overflow=\u00bb\u00bb triangle_shape=\u00bbno\u00bb css_animation=\u00bb\u00bb overflow=\u00bb\u00bb][vc_column][vc_empty_space height=\u00bb50px\u00bb image_repeat=\u00bbno-repeat\u00bb][vc_column_text] Videos &#8211; Auditorios\u00a0 [\/vc_column_text][vc_separator type=\u00bbsmall\u00bb position=\u00bbcenter\u00bb color=\u00bb#005baa\u00bb up=\u00bb90px\u00bb up_style=\u00bbpx\u00bb down=\u00bb150px\u00bb down_style=\u00bbpx\u00bb][\/vc_column][\/vc_row][vc_row row_type=\u00bbrow\u00bb use_row_as_full_screen_section=\u00bbno\u00bb type=\u00bbfull_width\u00bb oblique_section=\u00bbno\u00bb text_align=\u00bbcenter\u00bb Overflow=\u00bb\u00bb triangle_shape=\u00bbno\u00bb css_animation=\u00bb\u00bb overflow=\u00bb\u00bb][vc_column][vc_empty_space image_repeat=\u00bbno-repeat\u00bb][vc_raw_html]JTNDdmlkZW8lMjB3aWR0aCUzRCUyMjUwMCUyMiUyMGNvbnRyb2xzJTNFJTBBJTIwJTIwJTNDc291cmNlJTIwc3JjJTNEJTIyaHR0cHMlM0ElMkYlMkZ3d3cucG9kZXJqdWRpY2lhbGNkbXguZ29iLm14JTJGcHJvdGVjY2lvbl9jaXZpbCUyRndwLWNvbnRlbnQlMkZ1cGxvYWRzJTJGMDFBdWRpdG9yaW9CZW5pdG9KdWFyZXpfUHJvY2VkaW1pZW50b0V2YWN1YWNpb24tMS5tcDQlMjIlM0UlMEElMjAlMjAlMEElMjAlMjBZb3VyJTIwYnJvd3NlciUyMGRvZXMlMjBub3QlMjBzdXBwb3J0JTIwSFRNTDUlMjB2aWRlby4lMEElM0MlMkZ2aWRlbyUzRSUwQSUwQSUyNm5ic3AlM0IlMjAlMjZuYnNwJTNCJTBBJTBBJTNDdmlkZW8lMjB3aWR0aCUzRCUyMjUwMCUyMiUyMGNvbnRyb2xzJTNFJTBBJTIwJTIwJTNDc291cmNlJTIwc3JjJTNEJTIyaHR0cHMlM0ElMkYlMkZ3d3cucG9kZXJqdWRpY2lhbGNkbXguZ29iLm14JTJGcHJvdGVjY2lvbl9jaXZpbCUyRndwLWNvbnRlbnQlMkZ1cGxvYWRzJTJGQXVkaXRvcmlvX0xhdmFsbGVfVXJiaW5hX1Byb2NlZGltaWVudG9fRXZhY3VhY2lvbi5tcDQlMjIlM0UlMEElMjAlMjAlMEElMjAlMjBZb3VyJTIwYnJvd3NlciUyMGRvZXMlMjBub3QlMjBzdXBwb3J0JTIwSFRNTDUlMjB2aWRlby4lMEElM0MlMkZ2aWRlbyUzRSUwQSUwQQ==[\/vc_raw_html][vc_empty_space&#8230;<\/p>\n","protected":false},"author":1,"featured_media":0,"parent":0,"menu_order":0,"comment_status":"closed","ping_status":"closed","template":"full_width.php","meta":{"footnotes":""},"class_list":["post-17452","page","type-page","status-publish","hentry"],"_links":{"self":[{"href":"https:\/\/www.poderjudicialcdmx.gob.mx\/proteccion_civil\/wp-json\/wp\/v2\/pages\/17452"}],"collection":[{"href":"https:\/\/www.poderjudicialcdmx.gob.mx\/proteccion_civil\/wp-json\/wp\/v2\/pages"}],"about":[{"href":"https:\/\/www.poderjudicialcdmx.gob.mx\/proteccion_civil\/wp-json\/wp\/v2\/types\/page"}],"author":[{"embeddable":true,"href":"https:\/\/www.poderjudicialcdmx.gob.mx\/proteccion_civil\/wp-json\/wp\/v2\/users\/1"}],"replies":[{"embeddable":true,"href":"https:\/\/www.poderjudicialcdmx.gob.mx\/proteccion_civil\/wp-json\/wp\/v2\/comments?post=17452"}],"version-history":[{"count":7,"href":"https:\/\/www.poderjudicialcdmx.gob.mx\/proteccion_civil\/wp-json\/wp\/v2\/pages\/17452\/revisions"}],"predecessor-version":[{"id":18764,"href":"https:\/\/www.poderjudicialcdmx.gob.mx\/proteccion_civil\/wp-json\/wp\/v2\/pages\/17452\/revisions\/18764"}],"wp:attachment":[{"href":"https:\/\/www.poderjudicialcdmx.gob.mx\/proteccion_civil\/wp-json\/wp\/v2\/media?parent=17452"}],"curies":[{"name":"wp","href":"https:\/\/api.w.org\/{rel}","templated":true}]}}