{"id":3678,"date":"2022-01-25T15:44:04","date_gmt":"2022-01-25T15:44:04","guid":{"rendered":"https:\/\/www.poderjudicialcdmx.gob.mx\/transparencia\/?page_id=3678"},"modified":"2022-01-25T15:44:04","modified_gmt":"2022-01-25T15:44:04","slug":"144_2","status":"publish","type":"page","link":"https:\/\/www.poderjudicialcdmx.gob.mx\/transparencia\/144_2\/","title":{"rendered":"144_2"},"content":{"rendered":"<p>[vc_row css_animation=\u00bb\u00bb row_type=\u00bbrow\u00bb use_row_as_full_screen_section=\u00bbno\u00bb type=\u00bbfull_width\u00bb oblique_section=\u00bbno\u00bb text_align=\u00bbleft\u00bb Overflow=\u00bb\u00bb triangle_shape=\u00bbno\u00bb overflow=\u00bb\u00bb][vc_column parallax=\u00bbcontent-moving\u00bb width=\u00bb1\/3&#8243;][vc_column_text]<script type=\"text\/javascript\">jQuery(function() { _initLayerSlider( '#layerslider_8_1v7fo5nor5bc5', {createdWith: '6.7.1', sliderVersion: '6.7.1', pauseOnHover: 'enabled', skin: 'v6', useSrcset: true, skinsPath: 'https:\/\/www.poderjudicialcdmx.gob.mx\/transparencia\/wp-content\/plugins\/LayerSlider\/assets\/static\/layerslider\/skins\/'}); });<\/script><link href=\"https:\/\/fonts.googleapis.com\/css?family=Lato:100,100i,200,200i,300,300i,400,400i,500,500i,600,600i,700,700i,800,800i,900,900i\" rel=\"stylesheet\"><div id=\"layerslider_8_1v7fo5nor5bc5\" class=\"ls-wp-container fitvidsignore\" style=\"width:250px;height:500px;margin:0 auto;margin-bottom: 0px;\"><div class=\"ls-slide\" data-ls=\"kenburnsscale:1.2;\"><img loading=\"lazy\" decoding=\"async\" width=\"1920\" height=\"400\" src=\"https:\/\/www.poderjudicialcdmx.gob.mx\/transparencia\/wp-content\/uploads\/2020\/02\/1.png\" class=\"ls-l ls-img-layer\" alt=\"\" srcset=\"https:\/\/www.poderjudicialcdmx.gob.mx\/transparencia\/wp-content\/uploads\/2020\/02\/1.png 1920w, https:\/\/www.poderjudicialcdmx.gob.mx\/transparencia\/wp-content\/uploads\/2020\/02\/1-300x63.png 300w, https:\/\/www.poderjudicialcdmx.gob.mx\/transparencia\/wp-content\/uploads\/2020\/02\/1-768x160.png 768w, https:\/\/www.poderjudicialcdmx.gob.mx\/transparencia\/wp-content\/uploads\/2020\/02\/1-1024x213.png 1024w, https:\/\/www.poderjudicialcdmx.gob.mx\/transparencia\/wp-content\/uploads\/2020\/02\/1-700x146.png 700w\" sizes=\"(max-width: 1920px) 100vw, 1920px\" style=\"top:-27px;left:-340px;width:1920px;height:400px;font-size:13px;line-height:falsepx;\" data-ls=\"position:relative;\"><img loading=\"lazy\" decoding=\"async\" width=\"1920\" height=\"400\" src=\"https:\/\/www.poderjudicialcdmx.gob.mx\/transparencia\/wp-content\/uploads\/2020\/02\/2.png\" class=\"ls-l ls-img-layer\" alt=\"\" srcset=\"https:\/\/www.poderjudicialcdmx.gob.mx\/transparencia\/wp-content\/uploads\/2020\/02\/2.png 1920w, https:\/\/www.poderjudicialcdmx.gob.mx\/transparencia\/wp-content\/uploads\/2020\/02\/2-300x63.png 300w, https:\/\/www.poderjudicialcdmx.gob.mx\/transparencia\/wp-content\/uploads\/2020\/02\/2-768x160.png 768w, https:\/\/www.poderjudicialcdmx.gob.mx\/transparencia\/wp-content\/uploads\/2020\/02\/2-1024x213.png 1024w, https:\/\/www.poderjudicialcdmx.gob.mx\/transparencia\/wp-content\/uploads\/2020\/02\/2-700x146.png 700w\" sizes=\"(max-width: 1920px) 100vw, 1920px\" style=\"top:158px;left:-583px;\" data-ls=\"position:relative;\"><img loading=\"lazy\" decoding=\"async\" width=\"1920\" height=\"400\" src=\"https:\/\/www.poderjudicialcdmx.gob.mx\/transparencia\/wp-content\/uploads\/2020\/02\/3.png\" class=\"ls-l ls-img-layer\" alt=\"\" srcset=\"https:\/\/www.poderjudicialcdmx.gob.mx\/transparencia\/wp-content\/uploads\/2020\/02\/3.png 1920w, https:\/\/www.poderjudicialcdmx.gob.mx\/transparencia\/wp-content\/uploads\/2020\/02\/3-300x63.png 300w, https:\/\/www.poderjudicialcdmx.gob.mx\/transparencia\/wp-content\/uploads\/2020\/02\/3-768x160.png 768w, https:\/\/www.poderjudicialcdmx.gob.mx\/transparencia\/wp-content\/uploads\/2020\/02\/3-1024x213.png 1024w, https:\/\/www.poderjudicialcdmx.gob.mx\/transparencia\/wp-content\/uploads\/2020\/02\/3-700x146.png 700w\" sizes=\"(max-width: 1920px) 100vw, 1920px\" style=\"top:324px;left:-746px;\" data-ls=\"position:relative;\"><img loading=\"lazy\" decoding=\"async\" width=\"1920\" height=\"400\" src=\"https:\/\/www.poderjudicialcdmx.gob.mx\/transparencia\/wp-content\/uploads\/2020\/02\/4.png\" class=\"ls-l ls-img-layer\" alt=\"\" srcset=\"https:\/\/www.poderjudicialcdmx.gob.mx\/transparencia\/wp-content\/uploads\/2020\/02\/4.png 1920w, https:\/\/www.poderjudicialcdmx.gob.mx\/transparencia\/wp-content\/uploads\/2020\/02\/4-300x63.png 300w, https:\/\/www.poderjudicialcdmx.gob.mx\/transparencia\/wp-content\/uploads\/2020\/02\/4-768x160.png 768w, https:\/\/www.poderjudicialcdmx.gob.mx\/transparencia\/wp-content\/uploads\/2020\/02\/4-1024x213.png 1024w, https:\/\/www.poderjudicialcdmx.gob.mx\/transparencia\/wp-content\/uploads\/2020\/02\/4-700x146.png 700w\" sizes=\"(max-width: 1920px) 100vw, 1920px\" style=\"top:478px;left:-913px;width:1920px;height:457px;\" data-ls=\"position:relative;\"><h1 style=\"top:200px;left:166px;text-align:center;font-weight:300;font-size:78px;color:#ffffff;width:120px;height:367px;line-height:78px;font-family:Lato;\" class=\"ls-l ls-text-layer\" data-ls=\"transitionout:false;texttransitionin:true;texttypein:chars_rand;textstartatin:transitioninend + 0;parallax:true;parallaxlevel:-10;parallaxtype:2d;parallaxevent:scroll;rotation:-90;position:relative;\">ART&Iacute;CULO<\/h1><p style=\"top:90px;left:255px;text-align:center;font-weight:700;font-size:78px;color:#ffffff;width:120px;height:367px;line-height:78px;font-family:Lato;\" class=\"ls-l ls-text-layer\" data-ls=\"texttransitionin:true;texttypein:chars_rand;textscalexin:.8;textscaleyin:.8;parallax:true;parallaxlevel:-10;parallaxtype:2d;parallaxevent:scroll;rotation:-90;position:relative;\">144<\/p><\/div><\/div>[\/vc_column_text][vc_empty_space height=\u00bb15px\u00bb image_repeat=\u00bbno-repeat\u00bb][\/vc_column][vc_column width=\u00bb2\/3&#8243;][vc_empty_space height=\u00bb15px\u00bb image_repeat=\u00bbno-repeat\u00bb][vc_empty_space height=\u00bb30px\u00bb image_repeat=\u00bbno-repeat\u00bb][vc_row_inner row_type=\u00bbrow\u00bb type=\u00bbfull_width\u00bb use_row_as_full_screen_section_slide=\u00bbno\u00bb text_align=\u00bbleft\u00bb css_animation=\u00bbelement_from_right\u00bb][vc_column_inner width=\u00bb1\/3&#8243;]<div class=\"custom_font_holder  \" style=\"font-family: LATO; font-size: 25px; font-style: normal; font-weight: 700; color: #005448; text-decoration: none; text-transform: none; text-align: left\" data-font-size=25 ><div  ><p>Art\u00edculo 144:<\/p>\n<\/div><\/div>[vc_empty_space height=\u00bb10px\u00bb image_repeat=\u00bbno-repeat\u00bb][\/vc_column_inner][vc_column_inner width=\u00bb2\/3&#8243;]<div class=\"custom_font_holder  \" style=\"font-family: LATO; font-size: 14px; font-style: normal; font-weight: 400; color: #007e97; text-decoration: none; text-transform: none; text-align: left\" data-font-size=14 ><div  ><\/div><\/div><div class=\"custom_font_holder  \" style=\"font-family: LATO; font-size: 16px; font-style: normal; font-weight: 400; text-decoration: none; text-transform: none; text-align: left\" data-font-size=16 ><div  ><p>Los sujetos obligados deber\u00e1n dar acceso a la informaci\u00f3n a que se refiere este cap\u00edtulo mediante bases de datos que permitan la b\u00fasqueda y extracci\u00f3n de informaci\u00f3n. \u00c9sta adem\u00e1s estar\u00e1 en formatos para la f\u00e1cil comprensi\u00f3n de las personas, procurando que la informaci\u00f3n se encuentre disponible en lenguas ind\u00edgenas. Adem\u00e1s las p\u00e1ginas contar\u00e1n con buscadores tem\u00e1ticos y disponer de un respaldo con todos los registros electr\u00f3nicos para cualquier persona que lo solicite.<\/p>\n<\/div><\/div><div class=\"custom_font_holder  \" style=\"font-family: LATO; font-size: 11px; font-style: normal; color: #007e97; text-decoration: none; text-transform: none; text-align: left\" data-font-size=11 ><div  ><\/div><\/div>[\/vc_column_inner][\/vc_row_inner][vc_separator type=\u00bbnormal\u00bb color=\u00bb#759477&#8243; thickness=\u00bb2&#8243; up=\u00bb15&#8243; up_style=\u00bbpx\u00bb down=\u00bb15&#8243; down_style=\u00bbpx\u00bb][\/vc_column][\/vc_row]<\/p>\n","protected":false},"excerpt":{"rendered":"<p>[vc_row css_animation=\u00bb\u00bb row_type=\u00bbrow\u00bb use_row_as_full_screen_section=\u00bbno\u00bb type=\u00bbfull_width\u00bb oblique_section=\u00bbno\u00bb text_align=\u00bbleft\u00bb Overflow=\u00bb\u00bb triangle_shape=\u00bbno\u00bb overflow=\u00bb\u00bb][vc_column parallax=\u00bbcontent-moving\u00bb width=\u00bb1\/3&#8243;][vc_column_text][\/vc_column_text][vc_empty_space height=\u00bb15px\u00bb image_repeat=\u00bbno-repeat\u00bb][\/vc_column][vc_column width=\u00bb2\/3&#8243;][vc_empty_space height=\u00bb15px\u00bb image_repeat=\u00bbno-repeat\u00bb][vc_empty_space height=\u00bb30px\u00bb image_repeat=\u00bbno-repeat\u00bb][vc_row_inner row_type=\u00bbrow\u00bb type=\u00bbfull_width\u00bb use_row_as_full_screen_section_slide=\u00bbno\u00bb text_align=\u00bbleft\u00bb css_animation=\u00bbelement_from_right\u00bb][vc_column_inner width=\u00bb1\/3&#8243;][vc_empty_space height=\u00bb10px\u00bb image_repeat=\u00bbno-repeat\u00bb][\/vc_column_inner][vc_column_inner width=\u00bb2\/3&#8243;][\/vc_column_inner][\/vc_row_inner][vc_separator type=\u00bbnormal\u00bb color=\u00bb#759477&#8243; thickness=\u00bb2&#8243; up=\u00bb15&#8243; up_style=\u00bbpx\u00bb down=\u00bb15&#8243; down_style=\u00bbpx\u00bb][\/vc_column][\/vc_row]<\/p>\n","protected":false},"author":1,"featured_media":0,"parent":0,"menu_order":0,"comment_status":"closed","ping_status":"closed","template":"","meta":{"footnotes":""},"class_list":["post-3678","page","type-page","status-publish","hentry"],"_links":{"self":[{"href":"https:\/\/www.poderjudicialcdmx.gob.mx\/transparencia\/wp-json\/wp\/v2\/pages\/3678"}],"collection":[{"href":"https:\/\/www.poderjudicialcdmx.gob.mx\/transparencia\/wp-json\/wp\/v2\/pages"}],"about":[{"href":"https:\/\/www.poderjudicialcdmx.gob.mx\/transparencia\/wp-json\/wp\/v2\/types\/page"}],"author":[{"embeddable":true,"href":"https:\/\/www.poderjudicialcdmx.gob.mx\/transparencia\/wp-json\/wp\/v2\/users\/1"}],"replies":[{"embeddable":true,"href":"https:\/\/www.poderjudicialcdmx.gob.mx\/transparencia\/wp-json\/wp\/v2\/comments?post=3678"}],"version-history":[{"count":2,"href":"https:\/\/www.poderjudicialcdmx.gob.mx\/transparencia\/wp-json\/wp\/v2\/pages\/3678\/revisions"}],"predecessor-version":[{"id":3692,"href":"https:\/\/www.poderjudicialcdmx.gob.mx\/transparencia\/wp-json\/wp\/v2\/pages\/3678\/revisions\/3692"}],"wp:attachment":[{"href":"https:\/\/www.poderjudicialcdmx.gob.mx\/transparencia\/wp-json\/wp\/v2\/media?parent=3678"}],"curies":[{"name":"wp","href":"https:\/\/api.w.org\/{rel}","templated":true}]}}