{"id":3705,"date":"2022-01-24T20:07:31","date_gmt":"2022-01-24T20:07:31","guid":{"rendered":"https:\/\/www.poderjudicialcdmx.gob.mx\/transparencia\/?page_id=3705"},"modified":"2026-04-17T22:37:05","modified_gmt":"2026-04-17T22:37:05","slug":"inicio_2","status":"publish","type":"page","link":"https:\/\/www.poderjudicialcdmx.gob.mx\/transparencia\/","title":{"rendered":"Inicio"},"content":{"rendered":"<p>[vc_row row_type=\u00bbrow\u00bb use_row_as_full_screen_section=\u00bbno\u00bb type=\u00bbfull_width\u00bb oblique_section=\u00bbno\u00bb text_align=\u00bbleft\u00bb Overflow=\u00bb\u00bb triangle_shape=\u00bbno\u00bb css_animation=\u00bb\u00bb overflow=\u00bb\u00bb][vc_column][vc_empty_space image_repeat=\u00bbno-repeat\u00bb][\/vc_column][\/vc_row][vc_row row_type=\u00bbrow\u00bb use_row_as_full_screen_section=\u00bbno\u00bb type=\u00bbgrid\u00bb oblique_section=\u00bbno\u00bb text_align=\u00bbleft\u00bb Overflow=\u00bb\u00bb triangle_shape=\u00bbno\u00bb padding_bottom=\u00bb27&#8243; css_animation=\u00bb\u00bb overflow=\u00bb\u00bb box_shadow_on_row=\u00bbno\u00bb][vc_column][vc_separator type=\u00bbtransparent\u00bb up=\u00bb32px\u00bb up_style=\u00bbpx\u00bb down_style=\u00bbpx\u00bb][vc_row_inner row_type=\u00bbrow\u00bb type=\u00bbfull_width\u00bb use_row_as_full_screen_section_slide=\u00bbno\u00bb text_align=\u00bbleft\u00bb css_animation=\u00bb\u00bb][vc_column_inner]<div class=\"custom_font_holder  \" style=\" font-size: 40px; line-height: 45px; font-style: normal; font-weight: 300; color: #005f62; text-decoration: none; text-shadow: 1px 1px 2px rgba(0, 0, 0, 0.4);; text-transform: none; text-align: left\" data-font-size=40 data-line-height=45 ><div  ><p style=\"text-align: left;\"><span style=\"color: #005f62;\">OBLIGACIONES DE TRANSPARENCIA <\/span><span style=\"color: #005f62;\">DEL <\/span><\/p>\n<p style=\"text-align: left;\"><span style=\"color: #005f62;\">TRIBUNAL SUPERIOR DE JUSTICIA <\/span><\/p>\n<p style=\"text-align: left;\"><span style=\"color: #005f62;\">DE LA CIUDAD DE M\u00c9XICO.\u00a0<\/span><\/p>\n<\/div><\/div>[vc_separator type=\u00bbsmall\u00bb position=\u00bbleft\u00bb color=\u00bb#94ad85&#8243; up=\u00bb40px\u00bb up_style=\u00bbpx\u00bb down=\u00bb40px\u00bb down_style=\u00bbpx\u00bb][\/vc_column_inner][\/vc_row_inner][\/vc_column][\/vc_row][vc_row row_type=\u00bbrow\u00bb use_row_as_full_screen_section=\u00bbno\u00bb type=\u00bbgrid\u00bb oblique_section=\u00bbno\u00bb text_align=\u00bbcenter\u00bb Overflow=\u00bb\u00bb triangle_shape=\u00bbno\u00bb css_animation=\u00bb\u00bb overflow=\u00bb\u00bb][vc_column width=\u00bb1\/4&#8243;][vc_single_image image=\u00bb3719&#8243; img_size=\u00bbfull\u00bb alignment=\u00bbcenter\u00bb onclick=\u00bbcustom_link\u00bb mkd_css_animation=\u00bbelement_from_top\u00bb set_shader=\u00bbno\u00bb set_popup=\u00bbno\u00bb animate_image_on_hover=\u00bbzoom\u00bb link=\u00bbhttps:\/\/www.poderjudicialcdmx.gob.mx\/transparencia\/121_2\/\u00bb][\/vc_column][vc_column width=\u00bb1\/4&#8243;][vc_single_image image=\u00bb3720&#8243; img_size=\u00bbfull\u00bb alignment=\u00bbcenter\u00bb onclick=\u00bbcustom_link\u00bb mkd_css_animation=\u00bbelement_from_top\u00bb set_shader=\u00bbno\u00bb set_popup=\u00bbno\u00bb animate_image_on_hover=\u00bbzoom\u00bb link=\u00bbhttps:\/\/www.poderjudicialcdmx.gob.mx\/transparencia\/126_\u00bb][\/vc_column][vc_column width=\u00bb1\/4&#8243;][vc_single_image image=\u00bb3721&#8243; img_size=\u00bbfull\u00bb alignment=\u00bbcenter\u00bb onclick=\u00bbcustom_link\u00bb mkd_css_animation=\u00bbelement_from_top\u00bb set_shader=\u00bbno\u00bb set_popup=\u00bbno\u00bb animate_image_on_hover=\u00bbzoom\u00bb link=\u00bbhttps:\/\/www.poderjudicialcdmx.gob.mx\/transparencia\/141_2\/\u00bb][\/vc_column][vc_column width=\u00bb1\/4&#8243;][vc_single_image image=\u00bb3722&#8243; img_size=\u00bbfull\u00bb alignment=\u00bbcenter\u00bb onclick=\u00bbcustom_link\u00bb mkd_css_animation=\u00bbelement_from_top\u00bb set_shader=\u00bbno\u00bb set_popup=\u00bbno\u00bb animate_image_on_hover=\u00bbzoom\u00bb link=\u00bbhttps:\/\/www.poderjudicialcdmx.gob.mx\/transparencia\/142_2\/\u00bb][\/vc_column][\/vc_row][vc_row row_type=\u00bbrow\u00bb use_row_as_full_screen_section=\u00bbno\u00bb type=\u00bbfull_width\u00bb oblique_section=\u00bbno\u00bb text_align=\u00bbleft\u00bb Overflow=\u00bb\u00bb triangle_shape=\u00bbno\u00bb css_animation=\u00bb\u00bb overflow=\u00bb\u00bb][vc_column][vc_empty_space height=\u00bb15px\u00bb image_repeat=\u00bbno-repeat\u00bb][\/vc_column][\/vc_row][vc_row row_type=\u00bbrow\u00bb use_row_as_full_screen_section=\u00bbno\u00bb type=\u00bbgrid\u00bb oblique_section=\u00bbno\u00bb text_align=\u00bbcenter\u00bb Overflow=\u00bb\u00bb triangle_shape=\u00bbno\u00bb css_animation=\u00bb\u00bb overflow=\u00bb\u00bb][vc_column width=\u00bb1\/4&#8243;][vc_single_image image=\u00bb3723&#8243; img_size=\u00bbfull\u00bb alignment=\u00bbcenter\u00bb onclick=\u00bbcustom_link\u00bb mkd_css_animation=\u00bbelement_from_right\u00bb set_shader=\u00bbno\u00bb set_popup=\u00bbno\u00bb animate_image_on_hover=\u00bbzoom\u00bb link=\u00bbhttps:\/\/www.poderjudicialcdmx.gob.mx\/transparencia\/143_2\/\u00bb][\/vc_column][vc_column width=\u00bb1\/4&#8243;][vc_single_image image=\u00bb3724&#8243; img_size=\u00bbfull\u00bb alignment=\u00bbcenter\u00bb onclick=\u00bbcustom_link\u00bb mkd_css_animation=\u00bbelement_from_right\u00bb set_shader=\u00bbno\u00bb set_popup=\u00bbno\u00bb animate_image_on_hover=\u00bbzoom\u00bb link=\u00bbhttps:\/\/www.poderjudicialcdmx.gob.mx\/transparencia\/144_2\/\u00bb][\/vc_column][vc_column width=\u00bb1\/4&#8243;][vc_single_image image=\u00bb3725&#8243; img_size=\u00bbfull\u00bb alignment=\u00bbcenter\u00bb onclick=\u00bbcustom_link\u00bb mkd_css_animation=\u00bbelement_from_right\u00bb set_shader=\u00bbno\u00bb set_popup=\u00bbno\u00bb animate_image_on_hover=\u00bbzoom\u00bb link=\u00bbhttps:\/\/www.poderjudicialcdmx.gob.mx\/transparencia\/145_2&#8243;][\/vc_column][vc_column width=\u00bb1\/4&#8243;][vc_single_image image=\u00bb3726&#8243; img_size=\u00bbfull\u00bb alignment=\u00bbcenter\u00bb onclick=\u00bbcustom_link\u00bb mkd_css_animation=\u00bbelement_from_right\u00bb set_shader=\u00bbno\u00bb set_popup=\u00bbno\u00bb animate_image_on_hover=\u00bbzoom\u00bb link=\u00bbhttps:\/\/www.poderjudicialcdmx.gob.mx\/transparencia\/146_2\/\u00bb][\/vc_column][\/vc_row][vc_row row_type=\u00bbrow\u00bb use_row_as_full_screen_section=\u00bbno\u00bb type=\u00bbfull_width\u00bb oblique_section=\u00bbno\u00bb text_align=\u00bbleft\u00bb Overflow=\u00bb\u00bb triangle_shape=\u00bbno\u00bb css_animation=\u00bb\u00bb overflow=\u00bb\u00bb][vc_column][vc_empty_space height=\u00bb15px\u00bb image_repeat=\u00bbno-repeat\u00bb][\/vc_column][\/vc_row][vc_row row_type=\u00bbrow\u00bb use_row_as_full_screen_section=\u00bbno\u00bb type=\u00bbgrid\u00bb oblique_section=\u00bbno\u00bb text_align=\u00bbcenter\u00bb Overflow=\u00bb\u00bb triangle_shape=\u00bbno\u00bb css_animation=\u00bb\u00bb overflow=\u00bb\u00bb][vc_column width=\u00bb1\/4&#8243;][vc_single_image image=\u00bb3727&#8243; img_size=\u00bbfull\u00bb alignment=\u00bbcenter\u00bb onclick=\u00bbcustom_link\u00bb mkd_css_animation=\u00bbelement_from_bottom\u00bb set_shader=\u00bbno\u00bb set_popup=\u00bbno\u00bb animate_image_on_hover=\u00bbzoom\u00bb link=\u00bbhttp:\/\/www.poderjudicialcdmx.gob.mx\/transparencia\/147_2\/\u00bb][\/vc_column][vc_column width=\u00bb1\/4&#8243;][vc_single_image image=\u00bb3728&#8243; img_size=\u00bbfull\u00bb alignment=\u00bbcenter\u00bb onclick=\u00bbcustom_link\u00bb mkd_css_animation=\u00bbelement_from_bottom\u00bb set_shader=\u00bbno\u00bb set_popup=\u00bbno\u00bb animate_image_on_hover=\u00bbzoom\u00bb link=\u00bbhttp:\/\/www.poderjudicialcdmx.gob.mx\/transparencia\/172_2\/\u00bb][\/vc_column][vc_column width=\u00bb1\/4&#8243;][\/vc_column][vc_column width=\u00bb1\/4&#8243;][\/vc_column][\/vc_row][vc_row row_type=\u00bbrow\u00bb use_row_as_full_screen_section=\u00bbno\u00bb type=\u00bbfull_width\u00bb oblique_section=\u00bbno\u00bb text_align=\u00bbleft\u00bb Overflow=\u00bb\u00bb triangle_shape=\u00bbno\u00bb css_animation=\u00bb\u00bb overflow=\u00bb\u00bb][vc_column]<div class=\"mkd_separator_with_icon with_custom_icon  center \" style=\"margin-top:70px;margin-bottom:70px\"><div class=\"mkd_icon_holder\" style=\"bottom:-21px;\"><div class=\"mkd_separator_icon_holder\"><div class=\"mkd_line_before\"  style=\"border-color: #005f62;width:120px;border-style: solid;\"><\/div><span><img decoding=\"async\" src=\"https:\/\/www.poderjudicialcdmx.gob.mx\/transparencia\/wp-content\/uploads\/2019\/07\/favicon_transparencia2.png\" alt=\"\" \/><\/span><div class=\"mkd_line_after\"  style=\"border-color: #005f62;width:120px;border-style: solid;\"><\/div><\/div><\/div><\/div>[\/vc_column][\/vc_row][vc_row row_type=\u00bbrow\u00bb use_row_as_full_screen_section=\u00bbno\u00bb type=\u00bbfull_width\u00bb oblique_section=\u00bbno\u00bb text_align=\u00bbleft\u00bb Overflow=\u00bb\u00bb triangle_shape=\u00bbno\u00bb css_animation=\u00bb\u00bb overflow=\u00bb\u00bb][vc_column]<div class=\"custom_font_holder  \" style=\" font-size: 30px; line-height: 45px; font-style: normal; font-weight: 300; color: #005f62; text-decoration: none; text-shadow: 1px 1px 2px rgba(0, 0, 0, 0.4);; text-transform: none; text-align: left\" data-font-size=30 data-line-height=45 ><div  ><p style=\"text-align: center;\"><span style=\"color: #005f62;\">\u00a0TRANSPARENCIA PROACTIVA<\/span><\/p>\n<\/div><\/div>[\/vc_column][\/vc_row][vc_row row_type=\u00bbrow\u00bb use_row_as_full_screen_section=\u00bbno\u00bb type=\u00bbfull_width\u00bb oblique_section=\u00bbno\u00bb text_align=\u00bbleft\u00bb Overflow=\u00bb\u00bb triangle_shape=\u00bbno\u00bb css_animation=\u00bb\u00bb overflow=\u00bb\u00bb][vc_column][vc_empty_space image_repeat=\u00bbno-repeat\u00bb][\/vc_column][\/vc_row][vc_row row_type=\u00bbrow\u00bb use_row_as_full_screen_section=\u00bbno\u00bb type=\u00bbfull_width\u00bb oblique_section=\u00bbno\u00bb text_align=\u00bbleft\u00bb Overflow=\u00bb\u00bb triangle_shape=\u00bbno\u00bb css_animation=\u00bb\u00bb overflow=\u00bb\u00bb][vc_column][vc_single_image image=\u00bb4076&#8243; img_size=\u00bbfull\u00bb alignment=\u00bbcenter\u00bb mkd_css_animation=\u00bb\u00bb set_shader=\u00bbno\u00bb set_popup=\u00bbno\u00bb animate_image_on_hover=\u00bbno\u00bb][\/vc_column][\/vc_row][vc_row row_type=\u00bbrow\u00bb use_row_as_full_screen_section=\u00bbno\u00bb type=\u00bbgrid\u00bb oblique_section=\u00bbno\u00bb text_align=\u00bbcenter\u00bb Overflow=\u00bb\u00bb triangle_shape=\u00bbno\u00bb css_animation=\u00bb\u00bb overflow=\u00bb\u00bb][vc_column][vc_single_image image=\u00bb4082&#8243; img_size=\u00bb200&#215;100&#8243; alignment=\u00bbcenter\u00bb onclick=\u00bbcustom_link\u00bb mkd_css_animation=\u00bbelement_from_bottom\u00bb set_shader=\u00bbno\u00bb set_popup=\u00bbno\u00bb animate_image_on_hover=\u00bbzoom\u00bb link=\u00bbhttp:\/\/www.poderjudicialcdmx.gob.mx\/transparencia\/oaj_2025\/\u00bb][\/vc_column][\/vc_row][vc_row row_type=\u00bbrow\u00bb use_row_as_full_screen_section=\u00bbno\u00bb type=\u00bbfull_width\u00bb oblique_section=\u00bbno\u00bb text_align=\u00bbleft\u00bb Overflow=\u00bb\u00bb triangle_shape=\u00bbno\u00bb css_animation=\u00bb\u00bb overflow=\u00bb\u00bb][vc_column]<div class=\"mkd_separator_with_icon with_custom_icon  center \" style=\"margin-top:70px;margin-bottom:70px\"><div class=\"mkd_icon_holder\" style=\"bottom:-21px;\"><div class=\"mkd_separator_icon_holder\"><div class=\"mkd_line_before\"  style=\"border-color: #005f62;width:120px;border-style: solid;\"><\/div><span><img decoding=\"async\" src=\"https:\/\/www.poderjudicialcdmx.gob.mx\/transparencia\/wp-content\/uploads\/2019\/07\/favicon_transparencia2.png\" alt=\"\" \/><\/span><div class=\"mkd_line_after\"  style=\"border-color: #005f62;width:120px;border-style: solid;\"><\/div><\/div><\/div><\/div>[\/vc_column][\/vc_row][vc_row row_type=\u00bbrow\u00bb use_row_as_full_screen_section=\u00bbno\u00bb type=\u00bbfull_width\u00bb oblique_section=\u00bbno\u00bb text_align=\u00bbleft\u00bb Overflow=\u00bb\u00bb triangle_shape=\u00bbno\u00bb css_animation=\u00bb\u00bb overflow=\u00bb\u00bb][vc_column][vc_row_inner row_type=\u00bbrow\u00bb type=\u00bbgrid\u00bb use_row_as_full_screen_section_slide=\u00bbno\u00bb text_align=\u00bbcenter\u00bb css_animation=\u00bb\u00bb equal_height=\u00bbyes\u00bb][vc_column_inner width=\u00bb1\/4&#8243;][vc_single_image image=\u00bb2695&#8243; alignment=\u00bbcenter\u00bb mkd_css_animation=\u00bb\u00bb set_shader=\u00bbno\u00bb set_popup=\u00bbno\u00bb animate_image_on_hover=\u00bbno\u00bb][\/vc_column_inner][vc_column_inner width=\u00bb1\/4&#8243;][vc_single_image image=\u00bb2696&#8243; alignment=\u00bbcenter\u00bb mkd_css_animation=\u00bb\u00bb set_shader=\u00bbno\u00bb set_popup=\u00bbno\u00bb animate_image_on_hover=\u00bbno\u00bb][\/vc_column_inner][vc_column_inner width=\u00bb1\/4&#8243;][vc_raw_html]JTNDYSUyMHN0eWxlJTNEJTIyYm9yZGVyJTNBJTIwbm9uZSUzQiUyMHBhZGRpbmclM0ElMjAxMHB4JTIwMjBweCUzQiUyMHRleHQtZGVjb3JhdGlvbiUzQSUyMG5vbmUlM0IlMjBjb2xvciUzQSUyMCUyM2ZmZiUzQiUyMGJvcmRlci1yYWRpdXMlM0ElMjAzcHglM0IlMjBmb250LXdlaWdodCUzQSUyMDYwMCUzQiUyMHRleHQtYWxpZ24lM0ElMjBjZW50ZXIlM0IlMjBkaXNwbGF5JTNBJTIwaW5saW5lLWJsb2NrJTNCJTIwZm9udC1zaXplJTNBJTIwMTRweCUzQiUyMHdpZHRoJTNBJTIwYXV0byUzQiUyMG1hcmdpbi1ib3R0b20lM0ElMjAxNXB4JTNCJTIwYmFja2dyb3VuZCUzQSUyMCUyM2ExMjA1NiUyMiUyMGhyZWYlM0QlMjJodHRwcyUzQSUyRiUyRmNvbnN1bHRhcHVibGljYW14LmluYWkub3JnLm14JTJGdnV0LXdlYiUyRiUzRmlkU3VqZXRvT2JpZ2Fkb1BhcmFtZXRybyUzRDE2NDElMjZpZEVudGlkYWRQYXJhbWV0cm8lM0Q5JTI2aWRTZWN0b3JQYXJhbWV0cm8lM0QzMCUyMCVFMiU4MCU5RHRhcmdldCUzRCUyMl9ibGFuayUyMiUzRVZpc2l0YSUyMGxhcyUyMG9ibGlnYWNpb25lcyUyMGRlJTIwdHJhbnNwYXJlbmNpYSUyMCUzQ2JyJTNFJTIwZGUlM0ElMjAlMjBUcmlidW5hbCUyMFN1cGVyaW9yJTIwZGUlMjBKdXN0aWNpYSUyMGRlJTIwbGElMjBDaXVkYWQlMjBkZSUyME0lQzMlQTl4aWNvJTIwYWwlMjBTSVBPVCUzQyUyRmElM0UlMjAlMjAlMEElMEE=[\/vc_raw_html][\/vc_column_inner][vc_column_inner width=\u00bb1\/4&#8243;][vc_single_image image=\u00bb2697&#8243; img_size=\u00bb207&#215;136&#8243; alignment=\u00bbcenter\u00bb mkd_css_animation=\u00bb\u00bb set_shader=\u00bbno\u00bb set_popup=\u00bbno\u00bb animate_image_on_hover=\u00bbno\u00bb][\/vc_column_inner][\/vc_row_inner][\/vc_column][\/vc_row][vc_row row_type=\u00bbexpandable\u00bb text_align=\u00bbcenter\u00bb more_button_label=\u00bbVER MAPA\u00bb less_button_label=\u00bbCERRAR\u00bb overflow=\u00bb\u00bb box_shadow_on_row=\u00bbno\u00bb][vc_column]<div class='google_map_holder' style='height:428px'><div class='mkd_google_map' id='map_canvas_61242' data-addresses='[\"Calle R\u00edo Lerma 62 Cuauht\u00e9moc 06500 Ciudad de M\u00e9xico, CDMX\"]' data-custom-map-style='true' data-color-overlay='#393939' data-saturation='-100' data-lightness='20' data-zoom='18' data-pin='https:\/\/www.poderjudicialcdmx.gob.mx\/transparencia\/wp-content\/uploads\/2019\/07\/favicon_transparencia2.png' data-unique-id='61242' data-google-maps-scroll-wheel='false' data-map-height='428'><\/div><div class='google_map_ovrlay'><\/div><div class='google_map_info_box_holder hide_on_small_screens' style=bottom:0;top:auto><div class='container clearfix'><div class='container_inner clearfix'><div class='google_map_info_box' style=right:40px;left:auto;bottom:40px;top:auto;><h5 style=\"text-align: left;\">R\u00edo Lerma N\u00fam. 62, Piso 7,<\/h5>\n<h5 style=\"text-align: left;\">Col. Cuauht\u00e9moc,<\/h5>\n<h5 style=\"text-align: left;\">Alcald\u00eda Cuauht\u00e9moc,<\/h5>\n<h5 style=\"text-align: left;\">C.P. 06500. CDMX.<\/h5>\n<h5 style=\"text-align: left;\">Tel\u00e9fono: 91-56-49-97<\/h5>\n<h5 style=\"text-align: left;\">Extensiones: 1104, 1106, 1103,<\/h5>\n<p style=\"text-align: left;\">HORARIO DE ATENCI\u00d3N<\/p>\n<p style=\"text-align: left;\">Lunes a jueves de 9:00 a 15:00 horas<\/p>\n<p style=\"text-align: left;\">Viernes de 9:00 a 14:00 horas<\/p>\n<\/div><\/div><\/div><\/div><\/div>[\/vc_column][\/vc_row]<\/p>\n","protected":false},"excerpt":{"rendered":"<p>[vc_row row_type=\u00bbrow\u00bb use_row_as_full_screen_section=\u00bbno\u00bb type=\u00bbfull_width\u00bb oblique_section=\u00bbno\u00bb text_align=\u00bbleft\u00bb Overflow=\u00bb\u00bb triangle_shape=\u00bbno\u00bb css_animation=\u00bb\u00bb overflow=\u00bb\u00bb][vc_column][vc_empty_space image_repeat=\u00bbno-repeat\u00bb][\/vc_column][\/vc_row][vc_row row_type=\u00bbrow\u00bb use_row_as_full_screen_section=\u00bbno\u00bb type=\u00bbgrid\u00bb oblique_section=\u00bbno\u00bb text_align=\u00bbleft\u00bb Overflow=\u00bb\u00bb triangle_shape=\u00bbno\u00bb padding_bottom=\u00bb27&#8243; css_animation=\u00bb\u00bb overflow=\u00bb\u00bb box_shadow_on_row=\u00bbno\u00bb][vc_column][vc_separator type=\u00bbtransparent\u00bb up=\u00bb32px\u00bb up_style=\u00bbpx\u00bb down_style=\u00bbpx\u00bb][vc_row_inner row_type=\u00bbrow\u00bb type=\u00bbfull_width\u00bb use_row_as_full_screen_section_slide=\u00bbno\u00bb text_align=\u00bbleft\u00bb css_animation=\u00bb\u00bb][vc_column_inner][vc_separator type=\u00bbsmall\u00bb position=\u00bbleft\u00bb color=\u00bb#94ad85&#8243; up=\u00bb40px\u00bb up_style=\u00bbpx\u00bb down=\u00bb40px\u00bb down_style=\u00bbpx\u00bb][\/vc_column_inner][\/vc_row_inner][\/vc_column][\/vc_row][vc_row row_type=\u00bbrow\u00bb use_row_as_full_screen_section=\u00bbno\u00bb type=\u00bbgrid\u00bb oblique_section=\u00bbno\u00bb text_align=\u00bbcenter\u00bb Overflow=\u00bb\u00bb triangle_shape=\u00bbno\u00bb&#8230;<\/p>\n","protected":false},"author":1,"featured_media":0,"parent":0,"menu_order":0,"comment_status":"closed","ping_status":"closed","template":"full_width.php","meta":{"footnotes":""},"class_list":["post-3705","page","type-page","status-publish","hentry"],"_links":{"self":[{"href":"https:\/\/www.poderjudicialcdmx.gob.mx\/transparencia\/wp-json\/wp\/v2\/pages\/3705"}],"collection":[{"href":"https:\/\/www.poderjudicialcdmx.gob.mx\/transparencia\/wp-json\/wp\/v2\/pages"}],"about":[{"href":"https:\/\/www.poderjudicialcdmx.gob.mx\/transparencia\/wp-json\/wp\/v2\/types\/page"}],"author":[{"embeddable":true,"href":"https:\/\/www.poderjudicialcdmx.gob.mx\/transparencia\/wp-json\/wp\/v2\/users\/1"}],"replies":[{"embeddable":true,"href":"https:\/\/www.poderjudicialcdmx.gob.mx\/transparencia\/wp-json\/wp\/v2\/comments?post=3705"}],"version-history":[{"count":36,"href":"https:\/\/www.poderjudicialcdmx.gob.mx\/transparencia\/wp-json\/wp\/v2\/pages\/3705\/revisions"}],"predecessor-version":[{"id":4090,"href":"https:\/\/www.poderjudicialcdmx.gob.mx\/transparencia\/wp-json\/wp\/v2\/pages\/3705\/revisions\/4090"}],"wp:attachment":[{"href":"https:\/\/www.poderjudicialcdmx.gob.mx\/transparencia\/wp-json\/wp\/v2\/media?parent=3705"}],"curies":[{"name":"wp","href":"https:\/\/api.w.org\/{rel}","templated":true}]}}