{"id":4083,"date":"2026-04-17T22:20:29","date_gmt":"2026-04-17T22:20:29","guid":{"rendered":"https:\/\/www.poderjudicialcdmx.gob.mx\/transparencia\/?page_id=4083"},"modified":"2026-04-20T20:04:14","modified_gmt":"2026-04-20T20:04:14","slug":"oaj_2025","status":"publish","type":"page","link":"https:\/\/www.poderjudicialcdmx.gob.mx\/transparencia\/oaj_2025\/","title":{"rendered":"OAJ_2025"},"content":{"rendered":"<p>[vc_row row_type=\u00bbrow\u00bb use_row_as_full_screen_section=\u00bbno\u00bb type=\u00bbfull_width\u00bb oblique_section=\u00bbno\u00bb text_align=\u00bbleft\u00bb Overflow=\u00bb\u00bb triangle_shape=\u00bbno\u00bb css_animation=\u00bb\u00bb overflow=\u00bb\u00bb][vc_column][vc_empty_space image_repeat=\u00bbno-repeat\u00bb][\/vc_column][\/vc_row][vc_row row_type=\u00bbrow\u00bb use_row_as_full_screen_section=\u00bbno\u00bb type=\u00bbfull_width\u00bb oblique_section=\u00bbno\u00bb text_align=\u00bbleft\u00bb Overflow=\u00bb\u00bb triangle_shape=\u00bbno\u00bb css_animation=\u00bb\u00bb overflow=\u00bb\u00bb][vc_column]<div class=\"custom_font_holder  \" style=\" font-size: 40px; line-height: 45px; font-style: normal; font-weight: 300; color: #005f62; text-decoration: none; text-transform: none; text-align: left\" data-font-size=40 data-line-height=45 ><div  ><p style=\"text-align: center;\"><span style=\"color: #005f62;\">ACTAS Y ACUERDOS DEL \u00d3RGANO DE ADMINISTRACI\u00d3N JUDICIAL 2025\u00a0<\/span><\/p>\n<\/div><\/div>[\/vc_column][\/vc_row][vc_row row_type=\u00bbrow\u00bb use_row_as_full_screen_section=\u00bbno\u00bb type=\u00bbfull_width\u00bb oblique_section=\u00bbno\u00bb text_align=\u00bbleft\u00bb Overflow=\u00bb\u00bb triangle_shape=\u00bbno\u00bb css_animation=\u00bb\u00bb overflow=\u00bb\u00bb][vc_column][vc_empty_space height=\u00bb30px\u00bb image_repeat=\u00bbno-repeat\u00bb][\/vc_column][\/vc_row][vc_row row_type=\u00bbrow\u00bb use_row_as_full_screen_section=\u00bbno\u00bb type=\u00bbfull_width\u00bb oblique_section=\u00bbno\u00bb text_align=\u00bbleft\u00bb Overflow=\u00bb\u00bb triangle_shape=\u00bbno\u00bb css_animation=\u00bb\u00bb overflow=\u00bb\u00bb][vc_column width=\u00bb1\/2&#8243;][vc_text_separator title=\u00bbActas Plenarias\u00bb text_in_box=\u00bbyes\u00bb text_position=\u00bbcenter\u00bb box_border_style=\u00bbsolid\u00bb animation=\u00bbdefault\u00bb line_border_style=\u00bbsolid\u00bb line_dots=\u00bbno\u00bb]<div class='mkd_list circle show_separator' ><ul>\n<li><a href=\"https:\/\/www.poderjudicialcdmx.gob.mx\/transparenciat\/UT\/OAJ\/2025\/Actas\/Acta_E-01-2025.pdf\">Acta E-01\/2025<\/a><\/li>\n<li><a href=\"https:\/\/www.poderjudicialcdmx.gob.mx\/transparenciat\/UT\/OAJ\/2025\/Actas\/Acta_02-2025.pdf\">Acta 02\/2025<\/a><\/li>\n<li><a href=\"https:\/\/www.poderjudicialcdmx.gob.mx\/transparenciat\/UT\/OAJ\/2025\/Actas\/Acta_03-2025.pdf\">Acta 03\/2025<\/a><\/li>\n<li><a href=\"https:\/\/www.poderjudicialcdmx.gob.mx\/transparenciat\/UT\/OAJ\/2025\/Actas\/Acta_04-2025.pdf\">Acta 04\/2025<\/a><\/li>\n<li><a href=\"https:\/\/www.poderjudicialcdmx.gob.mx\/transparenciat\/UT\/OAJ\/2025\/Actas\/Acta_05-2025.pdf\">Acta 05\/2025<\/a><\/li>\n<li><a href=\"https:\/\/www.poderjudicialcdmx.gob.mx\/transparenciat\/UT\/OAJ\/2025\/Actas\/Acta_06-2025.pdf\">Acta 06\/2025<\/a><\/li>\n<li><a href=\"https:\/\/www.poderjudicialcdmx.gob.mx\/transparenciat\/UT\/OAJ\/2025\/Actas\/Acta_07-2025.pdf\">Acta 07\/2025<\/a><\/li>\n<li><a href=\"https:\/\/www.poderjudicialcdmx.gob.mx\/transparenciat\/UT\/OAJ\/2025\/Actas\/Acta_08-2025.pdf\">Acta 08\/2025<\/a><\/li>\n<li><a href=\"https:\/\/www.poderjudicialcdmx.gob.mx\/transparenciat\/UT\/OAJ\/2025\/Actas\/Acta_09-2025.pdf\">Acta 09\/2025<\/a><\/li>\n<li><a href=\"https:\/\/www.poderjudicialcdmx.gob.mx\/transparenciat\/UT\/OAJ\/2025\/Actas\/Acta_10-2025.pdf\">Acta 10\/2025<\/a><\/li>\n<li><a href=\"https:\/\/www.poderjudicialcdmx.gob.mx\/transparenciat\/UT\/OAJ\/2025\/Actas\/Acta_11-2025.pdf\">Acta 11\/2025<\/a><\/li>\n<li><a href=\"https:\/\/www.poderjudicialcdmx.gob.mx\/transparenciat\/UT\/OAJ\/2025\/Actas\/Acta_12-2025.pdf\">Acta 12\/2025<\/a><\/li>\n<li><a href=\"https:\/\/www.poderjudicialcdmx.gob.mx\/transparenciat\/UT\/OAJ\/2025\/Actas\/Acta_13-2025.pdf\">Acta 13\/2025<\/a><\/li>\n<\/ul>\n<\/div>[\/vc_column][vc_column width=\u00bb1\/2&#8243;][vc_text_separator title=\u00bbAcuerdos Volantes\u00bb text_in_box=\u00bbyes\u00bb text_position=\u00bbcenter\u00bb box_border_style=\u00bbsolid\u00bb animation=\u00bbdefault\u00bb line_border_style=\u00bbsolid\u00bb line_dots=\u00bbno\u00bb]<div class='mkd_list circle show_separator' ><ul>\n<li><a href=\"https:\/\/www.poderjudicialcdmx.gob.mx\/transparenciat\/UT\/OAJ\/2025\/Acuerdos\/Acuerdo_Volante_V-01-2025.pdf\">Acuerdo V.01\/2025<\/a><\/li>\n<li><a href=\"https:\/\/www.poderjudicialcdmx.gob.mx\/transparenciat\/UT\/OAJ\/2025\/Acuerdos\/Acuerdo_Volante_V-02-2025.pdf\">Acuerdo V.02\/2025<\/a><\/li>\n<li><a href=\"https:\/\/www.poderjudicialcdmx.gob.mx\/transparenciat\/UT\/OAJ\/2025\/Acuerdos\/Acuerdo_Volante_V-03-2025.pdf\">Acuerdo V.03\/2025<\/a><\/li>\n<li><a href=\"https:\/\/www.poderjudicialcdmx.gob.mx\/transparenciat\/UT\/OAJ\/2025\/Acuerdos\/Acuerdo_Volante_V-04-2025.pdf\">Acuerdo V.04\/2025<\/a><\/li>\n<li><a href=\"https:\/\/www.poderjudicialcdmx.gob.mx\/transparenciat\/UT\/OAJ\/2025\/Acuerdos\/Acuerdo_Volante_V-05-2025.pdf\">Acuerdo V.05\/2025<\/a><\/li>\n<li><a href=\"https:\/\/www.poderjudicialcdmx.gob.mx\/transparenciat\/UT\/OAJ\/2025\/Acuerdos\/Acuerdo_Volante_V-06-2025.pdf\">Acuerdo V.06\/2025<\/a><\/li>\n<li><a href=\"https:\/\/www.poderjudicialcdmx.gob.mx\/transparenciat\/UT\/OAJ\/2025\/Acuerdos\/Acuerdo_Volante_V-07-2025.pdf\">Acuerdo V.07\/2025<\/a><\/li>\n<li><a href=\"https:\/\/www.poderjudicialcdmx.gob.mx\/transparenciat\/UT\/OAJ\/2025\/Acuerdos\/Acuerdo_Volante_V-08-2025.pdf\">Acuerdo V.08\/2025<\/a><\/li>\n<li><a href=\"https:\/\/www.poderjudicialcdmx.gob.mx\/transparenciat\/UT\/OAJ\/2025\/Acuerdos\/Acuerdo_Volante_V-09-2025.pdf\">Acuerdo V.09\/2025<\/a><\/li>\n<li><a href=\"https:\/\/www.poderjudicialcdmx.gob.mx\/transparenciat\/UT\/OAJ\/2025\/Acuerdos\/Acuerdo_Volante_V-10-2025.pdf\">Acuerdo V.10\/2025<\/a><\/li>\n<li><a href=\"https:\/\/www.poderjudicialcdmx.gob.mx\/transparenciat\/UT\/OAJ\/2025\/Acuerdos\/Acuerdo_Volante_V-11-2025.pdf\">Acuerdo V.11\/2025<\/a><\/li>\n<li><a href=\"https:\/\/www.poderjudicialcdmx.gob.mx\/transparenciat\/UT\/OAJ\/2025\/Acuerdos\/Acuerdo_Volante_V-12-2025.pdf\">Acuerdo V.12\/2025<\/a><\/li>\n<li><a href=\"https:\/\/www.poderjudicialcdmx.gob.mx\/transparenciat\/UT\/OAJ\/2025\/Acuerdos\/Acuerdo_Volante_V-13-2025.pdf\">Acuerdo V.13\/2025<\/a><\/li>\n<li><a href=\"https:\/\/www.poderjudicialcdmx.gob.mx\/transparenciat\/UT\/OAJ\/2025\/Acuerdos\/Acuerdo_Volante_V-14-2025.pdf\">Acuerdo V.14\/2025<\/a><\/li>\n<li><a href=\"https:\/\/www.poderjudicialcdmx.gob.mx\/transparenciat\/UT\/OAJ\/2025\/Acuerdos\/Acuerdo_Volante_V-15-2025.pdf\">Acuerdo V.15\/2025<\/a><\/li>\n<li><a href=\"https:\/\/www.poderjudicialcdmx.gob.mx\/transparenciat\/UT\/OAJ\/2025\/Acuerdos\/Acuerdo_Volante_V-16-2025.pdf\">Acuerdo V.16\/2025<\/a><\/li>\n<li><a href=\"https:\/\/www.poderjudicialcdmx.gob.mx\/transparenciat\/UT\/OAJ\/2025\/Acuerdos\/Acuerdo_Volante_V-17-2025.pdf\">Acuerdo V.17\/2025<\/a><\/li>\n<li><a href=\"https:\/\/www.poderjudicialcdmx.gob.mx\/transparenciat\/UT\/OAJ\/2025\/Acuerdos\/Acuerdo_Volante_V-18-2025.pdf\">Acuerdo V.18\/2025<\/a><\/li>\n<li><a href=\"https:\/\/www.poderjudicialcdmx.gob.mx\/transparenciat\/UT\/OAJ\/2025\/Acuerdos\/Acuerdo_Volante_V-19-2025.pdf\">Acuerdo V.19\/2025<\/a><\/li>\n<li><a href=\"https:\/\/www.poderjudicialcdmx.gob.mx\/transparenciat\/UT\/OAJ\/2025\/Acuerdos\/Acuerdo_Volante_V-20-2025.pdf\">Acuerdo V.20\/2025<\/a><\/li>\n<li><a href=\"https:\/\/www.poderjudicialcdmx.gob.mx\/transparenciat\/UT\/OAJ\/2025\/Acuerdos\/Acuerdo_Volante_V-21-2025.pdf\">Acuerdo V.21\/2025<\/a><\/li>\n<li><a href=\"https:\/\/www.poderjudicialcdmx.gob.mx\/transparenciat\/UT\/OAJ\/2025\/Acuerdos\/Acuerdo_Volante_V-22-2025.pdf\">Acuerdo V.22\/2025<\/a><\/li>\n<li><a href=\"https:\/\/www.poderjudicialcdmx.gob.mx\/transparenciat\/UT\/OAJ\/2025\/Acuerdos\/Acuerdo_Volante_V-23-2025.pdf\">Acuerdo V.23\/2025<\/a><\/li>\n<li><a href=\"https:\/\/www.poderjudicialcdmx.gob.mx\/transparenciat\/UT\/OAJ\/2025\/Acuerdos\/Acuerdo_Volante_V-24-2025.pdf\">Acuerdo V.24\/2025<\/a><\/li>\n<li><a href=\"https:\/\/www.poderjudicialcdmx.gob.mx\/transparenciat\/UT\/OAJ\/2025\/Acuerdos\/Acuerdo_Volante_V-25-2025.pdf\">Acuerdo V.25\/2025<\/a><\/li>\n<li><a href=\"https:\/\/www.poderjudicialcdmx.gob.mx\/transparenciat\/UT\/OAJ\/2025\/Acuerdos\/Acuerdo_Volante_V-26-2025.pdf\">Acuerdo V.26\/2025<\/a><\/li>\n<li><a href=\"https:\/\/www.poderjudicialcdmx.gob.mx\/transparenciat\/UT\/OAJ\/2025\/Acuerdos\/Acuerdo_Volante_V-27-2025.pdf\">Acuerdo V.27\/2025<\/a><\/li>\n<li><a href=\"https:\/\/www.poderjudicialcdmx.gob.mx\/transparenciat\/UT\/OAJ\/2025\/Acuerdos\/Acuerdo_Volante_V-28-2025.pdf\">Acuerdo V.28\/2025<\/a><\/li>\n<li><a href=\"https:\/\/www.poderjudicialcdmx.gob.mx\/transparenciat\/UT\/OAJ\/2025\/Acuerdos\/Acuerdo_Volante_V-29-2025.pdf\">Acuerdo V.29\/2025<\/a><\/li>\n<li><a href=\"https:\/\/www.poderjudicialcdmx.gob.mx\/transparenciat\/UT\/OAJ\/2025\/Acuerdos\/Acuerdo_Volante_V-30-2025.pdf\">Acuerdo V.30\/2025<\/a><\/li>\n<li><a href=\"https:\/\/www.poderjudicialcdmx.gob.mx\/transparenciat\/UT\/OAJ\/2025\/Acuerdos\/Acuerdo_Volante_V-31-2025.pdf\">Acuerdo V.31\/2025<\/a><\/li>\n<li><a href=\"https:\/\/www.poderjudicialcdmx.gob.mx\/transparenciat\/UT\/OAJ\/2025\/Acuerdos\/Acuerdo_Volante_V-32-2025.pdf\">Acuerdo V.32\/2025<\/a><\/li>\n<\/ul>\n<\/div>[\/vc_column][\/vc_row][vc_row row_type=\u00bbrow\u00bb use_row_as_full_screen_section=\u00bbno\u00bb type=\u00bbfull_width\u00bb oblique_section=\u00bbno\u00bb text_align=\u00bbleft\u00bb Overflow=\u00bb\u00bb triangle_shape=\u00bbno\u00bb css_animation=\u00bb\u00bb overflow=\u00bb\u00bb][vc_column][vc_empty_space height=\u00bb20px\u00bb image_repeat=\u00bbno-repeat\u00bb][\/vc_column][\/vc_row][vc_row row_type=\u00bbrow\u00bb use_row_as_full_screen_section=\u00bbno\u00bb type=\u00bbfull_width\u00bb oblique_section=\u00bbno\u00bb text_align=\u00bbleft\u00bb Overflow=\u00bb\u00bb triangle_shape=\u00bbno\u00bb css_animation=\u00bb\u00bb overflow=\u00bb\u00bb][vc_column]<div class=\"mkd_separator_with_icon with_custom_icon  center \" style=\"margin-top:70px;margin-bottom:70px\"><div class=\"mkd_icon_holder\" style=\"bottom:-21px;\"><div class=\"mkd_separator_icon_holder\"><div class=\"mkd_line_before\"  style=\"border-color: #005f62;width:120px;border-style: solid;\"><\/div><span><img decoding=\"async\" src=\"https:\/\/www.poderjudicialcdmx.gob.mx\/transparencia\/wp-content\/uploads\/2019\/07\/favicon_transparencia2.png\" alt=\"\" \/><\/span><div class=\"mkd_line_after\"  style=\"border-color: #005f62;width:120px;border-style: solid;\"><\/div><\/div><\/div><\/div>[\/vc_column][\/vc_row][vc_row row_type=\u00bbrow\u00bb use_row_as_full_screen_section=\u00bbno\u00bb type=\u00bbfull_width\u00bb oblique_section=\u00bbno\u00bb text_align=\u00bbleft\u00bb Overflow=\u00bb\u00bb triangle_shape=\u00bbno\u00bb css_animation=\u00bb\u00bb overflow=\u00bb\u00bb][vc_column]<div class=\"custom_font_holder  \" style=\" font-size: 15px; line-height: 45px; font-style: normal; font-weight: 300; color: #000000; text-decoration: none; text-transform: none; text-align: left\" data-font-size=15 data-line-height=45 ><div  ><p style=\"text-align: center;\"><span style=\"color: #005f62;\">Con fundamento en lo dispuesto en los art\u00edculos 6, apartado B y 16, p\u00e1rrafo segundo, de la Constituci\u00f3n Pol\u00edtica de los Estados Unidos Mexicanos, en correlaci\u00f3n con el art\u00edculo 7, apartados D y E de la Constituci\u00f3n Pol\u00edtica Local, as\u00ed como en atenci\u00f3n a los objetivos y principios que rigen las leyes en materia de transparencia y protecci\u00f3n de datos personales, particularmente aquellos relacionados con la m\u00e1xima publicidad, la transparencia y la rendici\u00f3n de cuentas, se ponen a disposici\u00f3n de la ciudadan\u00eda, las actas y acuerdos emitidos por el <strong>\u00d3rgano de Administraci\u00f3n Judicial del Poder Judicial de la Ciudad de M\u00e9xico<\/strong>, con el prop\u00f3sito de favorecer el conocimiento p\u00fablico de sus determinaciones, garantizando en todo momento la debida protecci\u00f3n de la informaci\u00f3n susceptible de clasificaci\u00f3n.<\/span><\/p>\n<\/div><\/div>[\/vc_column][\/vc_row]<\/p>\n","protected":false},"excerpt":{"rendered":"<p>[vc_row row_type=\u00bbrow\u00bb use_row_as_full_screen_section=\u00bbno\u00bb type=\u00bbfull_width\u00bb oblique_section=\u00bbno\u00bb text_align=\u00bbleft\u00bb Overflow=\u00bb\u00bb triangle_shape=\u00bbno\u00bb css_animation=\u00bb\u00bb overflow=\u00bb\u00bb][vc_column][vc_empty_space image_repeat=\u00bbno-repeat\u00bb][\/vc_column][\/vc_row][vc_row row_type=\u00bbrow\u00bb use_row_as_full_screen_section=\u00bbno\u00bb type=\u00bbfull_width\u00bb oblique_section=\u00bbno\u00bb text_align=\u00bbleft\u00bb Overflow=\u00bb\u00bb triangle_shape=\u00bbno\u00bb css_animation=\u00bb\u00bb overflow=\u00bb\u00bb][vc_column][\/vc_column][\/vc_row][vc_row row_type=\u00bbrow\u00bb use_row_as_full_screen_section=\u00bbno\u00bb type=\u00bbfull_width\u00bb oblique_section=\u00bbno\u00bb text_align=\u00bbleft\u00bb Overflow=\u00bb\u00bb triangle_shape=\u00bbno\u00bb css_animation=\u00bb\u00bb overflow=\u00bb\u00bb][vc_column][vc_empty_space height=\u00bb30px\u00bb image_repeat=\u00bbno-repeat\u00bb][\/vc_column][\/vc_row][vc_row row_type=\u00bbrow\u00bb use_row_as_full_screen_section=\u00bbno\u00bb type=\u00bbfull_width\u00bb oblique_section=\u00bbno\u00bb text_align=\u00bbleft\u00bb Overflow=\u00bb\u00bb triangle_shape=\u00bbno\u00bb css_animation=\u00bb\u00bb overflow=\u00bb\u00bb][vc_column width=\u00bb1\/2&#8243;][vc_text_separator title=\u00bbActas Plenarias\u00bb text_in_box=\u00bbyes\u00bb text_position=\u00bbcenter\u00bb&#8230;<\/p>\n","protected":false},"author":6,"featured_media":0,"parent":0,"menu_order":0,"comment_status":"closed","ping_status":"closed","template":"","meta":{"footnotes":""},"class_list":["post-4083","page","type-page","status-publish","hentry"],"_links":{"self":[{"href":"https:\/\/www.poderjudicialcdmx.gob.mx\/transparencia\/wp-json\/wp\/v2\/pages\/4083"}],"collection":[{"href":"https:\/\/www.poderjudicialcdmx.gob.mx\/transparencia\/wp-json\/wp\/v2\/pages"}],"about":[{"href":"https:\/\/www.poderjudicialcdmx.gob.mx\/transparencia\/wp-json\/wp\/v2\/types\/page"}],"author":[{"embeddable":true,"href":"https:\/\/www.poderjudicialcdmx.gob.mx\/transparencia\/wp-json\/wp\/v2\/users\/6"}],"replies":[{"embeddable":true,"href":"https:\/\/www.poderjudicialcdmx.gob.mx\/transparencia\/wp-json\/wp\/v2\/comments?post=4083"}],"version-history":[{"count":12,"href":"https:\/\/www.poderjudicialcdmx.gob.mx\/transparencia\/wp-json\/wp\/v2\/pages\/4083\/revisions"}],"predecessor-version":[{"id":4101,"href":"https:\/\/www.poderjudicialcdmx.gob.mx\/transparencia\/wp-json\/wp\/v2\/pages\/4083\/revisions\/4101"}],"wp:attachment":[{"href":"https:\/\/www.poderjudicialcdmx.gob.mx\/transparencia\/wp-json\/wp\/v2\/media?parent=4083"}],"curies":[{"name":"wp","href":"https:\/\/api.w.org\/{rel}","templated":true}]}}