{"id":3667,"date":"2022-01-24T19:45:37","date_gmt":"2022-01-24T19:45:37","guid":{"rendered":"https:\/\/www.poderjudicialcdmx.gob.mx\/transparenciacjcj\/?page_id=3667"},"modified":"2023-04-30T04:39:40","modified_gmt":"2023-04-30T04:39:40","slug":"141_","status":"publish","type":"page","link":"https:\/\/www.poderjudicialcdmx.gob.mx\/transparenciacj\/141_\/","title":{"rendered":"141_"},"content":{"rendered":"<p>[vc_row css_animation=\u00bb\u00bb row_type=\u00bbrow\u00bb use_row_as_full_screen_section=\u00bbno\u00bb type=\u00bbgrid\u00bb oblique_section=\u00bbno\u00bb text_align=\u00bbcenter\u00bb Overflow=\u00bb\u00bb triangle_shape=\u00bbno\u00bb overflow=\u00bb\u00bb][vc_column width=\u00bb1\/4&#8243;][vc_single_image image=\u00bb3832&#8243; img_size=\u00bbfull\u00bb alignment=\u00bbcenter\u00bb onclick=\u00bbcustom_link\u00bb mkd_css_animation=\u00bbelement_from_top\u00bb set_shader=\u00bbno\u00bb set_popup=\u00bbno\u00bb animate_image_on_hover=\u00bbzoom\u00bb link=\u00bbhttps:\/\/www.poderjudicialcdmx.gob.mx\/transparenciacj\/121_\/\u00bb][\/vc_column][vc_column width=\u00bb1\/4&#8243;][vc_single_image image=\u00bb3833&#8243; img_size=\u00bbfull\u00bb alignment=\u00bbcenter\u00bb onclick=\u00bbcustom_link\u00bb mkd_css_animation=\u00bbelement_from_top\u00bb set_shader=\u00bbno\u00bb set_popup=\u00bbno\u00bb animate_image_on_hover=\u00bbzoom\u00bb link=\u00bbhttps:\/\/www.poderjudicialcdmx.gob.mx\/transparenciacj\/126_\/\u00bb][\/vc_column][vc_column width=\u00bb1\/4&#8243;][vc_single_image image=\u00bb3834&#8243; img_size=\u00bbfull\u00bb alignment=\u00bbcenter\u00bb onclick=\u00bbcustom_link\u00bb mkd_css_animation=\u00bbelement_from_top\u00bb set_shader=\u00bbno\u00bb set_popup=\u00bbno\u00bb animate_image_on_hover=\u00bbzoom\u00bb link=\u00bbhttps:\/\/www.poderjudicialcdmx.gob.mx\/transparenciacj\/141_\/\u00bb][\/vc_column][vc_column width=\u00bb1\/4&#8243;][vc_single_image image=\u00bb3836&#8243; img_size=\u00bbfull\u00bb alignment=\u00bbcenter\u00bb onclick=\u00bbcustom_link\u00bb mkd_css_animation=\u00bbelement_from_right\u00bb set_shader=\u00bbno\u00bb set_popup=\u00bbno\u00bb animate_image_on_hover=\u00bbzoom\u00bb link=\u00bbhttps:\/\/www.poderjudicialcdmx.gob.mx\/transparenciacj\/143_\/\u00bb][\/vc_column][\/vc_row][vc_row css_animation=\u00bb\u00bb row_type=\u00bbrow\u00bb use_row_as_full_screen_section=\u00bbno\u00bb type=\u00bbfull_width\u00bb oblique_section=\u00bbno\u00bb text_align=\u00bbleft\u00bb Overflow=\u00bb\u00bb triangle_shape=\u00bbno\u00bb overflow=\u00bb\u00bb][vc_column][vc_empty_space height=\u00bb15px\u00bb image_repeat=\u00bbno-repeat\u00bb][\/vc_column][\/vc_row][vc_row css_animation=\u00bb\u00bb row_type=\u00bbrow\u00bb use_row_as_full_screen_section=\u00bbno\u00bb type=\u00bbgrid\u00bb oblique_section=\u00bbno\u00bb text_align=\u00bbcenter\u00bb Overflow=\u00bb\u00bb triangle_shape=\u00bbno\u00bb overflow=\u00bb\u00bb][vc_column width=\u00bb1\/4&#8243;][vc_single_image image=\u00bb3838&#8243; img_size=\u00bbfull\u00bb alignment=\u00bbcenter\u00bb onclick=\u00bbcustom_link\u00bb mkd_css_animation=\u00bbelement_from_right\u00bb set_shader=\u00bbno\u00bb set_popup=\u00bbno\u00bb animate_image_on_hover=\u00bbzoom\u00bb link=\u00bbhttps:\/\/www.poderjudicialcdmx.gob.mx\/transparenciacj\/145_\/\u00bb][\/vc_column][vc_column width=\u00bb1\/4&#8243;][vc_single_image image=\u00bb3839&#8243; img_size=\u00bbfull\u00bb alignment=\u00bbcenter\u00bb onclick=\u00bbcustom_link\u00bb mkd_css_animation=\u00bbelement_from_right\u00bb set_shader=\u00bbno\u00bb set_popup=\u00bbno\u00bb animate_image_on_hover=\u00bbzoom\u00bb link=\u00bbhttps:\/\/www.poderjudicialcdmx.gob.mx\/transparenciacj\/146_\/\u00bb][\/vc_column][vc_column width=\u00bb1\/4&#8243;][vc_single_image image=\u00bb3840&#8243; img_size=\u00bbfull\u00bb alignment=\u00bbcenter\u00bb onclick=\u00bbcustom_link\u00bb mkd_css_animation=\u00bbelement_from_bottom\u00bb set_shader=\u00bbno\u00bb set_popup=\u00bbno\u00bb animate_image_on_hover=\u00bbzoom\u00bb link=\u00bbhttps:\/\/www.poderjudicialcdmx.gob.mx\/transparenciacj\/147_\/\u00bb][\/vc_column][vc_column width=\u00bb1\/4&#8243;][vc_single_image image=\u00bb3841&#8243; img_size=\u00bbfull\u00bb alignment=\u00bbcenter\u00bb onclick=\u00bbcustom_link\u00bb mkd_css_animation=\u00bbelement_from_bottom\u00bb set_shader=\u00bbno\u00bb set_popup=\u00bbno\u00bb animate_image_on_hover=\u00bbzoom\u00bb link=\u00bbhttps:\/\/www.poderjudicialcdmx.gob.mx\/transparenciacj\/172_\/\u00bb][\/vc_column][\/vc_row][vc_row css_animation=\u00bb\u00bb row_type=\u00bbrow\u00bb use_row_as_full_screen_section=\u00bbno\u00bb type=\u00bbfull_width\u00bb oblique_section=\u00bbno\u00bb text_align=\u00bbleft\u00bb Overflow=\u00bb\u00bb triangle_shape=\u00bbno\u00bb overflow=\u00bb\u00bb][\/vc_row][vc_column parallax=\u00bbcontent-moving\u00bb width=\u00bb1\/3&#8243;][vc_column_text]<script type=\"text\/javascript\">jQuery(function() { _initLayerSlider( '#layerslider_15_51qrvv49pqju', {createdWith: '6.7.1', sliderVersion: '6.7.1', pauseOnHover: 'enabled', skin: 'v6', useSrcset: true, skinsPath: 'https:\/\/www.poderjudicialcdmx.gob.mx\/transparenciacj\/wp-content\/plugins\/LayerSlider\/assets\/static\/layerslider\/skins\/'}); });<\/script><link href=\"https:\/\/fonts.googleapis.com\/css?family=Lato:100,100i,200,200i,300,300i,400,400i,500,500i,600,600i,700,700i,800,800i,900,900i\" rel=\"stylesheet\"><div id=\"layerslider_15_51qrvv49pqju\" class=\"ls-wp-container fitvidsignore\" style=\"width:250px;height:500px;margin:0 auto;margin-bottom: 0px;\"><div class=\"ls-slide\" data-ls=\"kenburnsscale:1.2;\"><img loading=\"lazy\" decoding=\"async\" width=\"501\" height=\"1001\" src=\"https:\/\/www.poderjudicialcdmx.gob.mx\/transparenciacj\/wp-content\/uploads\/2023\/03\/fondo-8.png\" class=\"ls-l ls-img-layer\" alt=\"\" srcset=\"https:\/\/www.poderjudicialcdmx.gob.mx\/transparenciacj\/wp-content\/uploads\/2023\/03\/fondo-8.png 501w, https:\/\/www.poderjudicialcdmx.gob.mx\/transparenciacj\/wp-content\/uploads\/2023\/03\/fondo-8-150x300.png 150w, https:\/\/www.poderjudicialcdmx.gob.mx\/transparenciacj\/wp-content\/uploads\/2023\/03\/fondo-8-500x1000.png 500w\" sizes=\"(max-width: 501px) 100vw, 501px\" style=\"top:10px;left:10px;\" data-ls=\"position:relative;\"><h1 style=\"top:200px;left:166px;text-align:center;font-weight:300;font-size:78px;color:#ffffff;width:120px;height:367px;line-height:78px;font-family:Lato;\" class=\"ls-l ls-text-layer\" data-ls=\"transitionout:false;texttransitionin:true;texttypein:chars_rand;textstartatin:transitioninend + 0;parallax:true;parallaxlevel:-10;parallaxtype:2d;parallaxevent:scroll;rotation:-90;position:relative;\">ART&Iacute;CULO<\/h1><p style=\"top:90px;left:255px;text-align:center;font-weight:700;color:#ffffff;width:120px;height:367px;line-height:78px;font-family:Lato;font-size:78px;\" class=\"ls-l ls-text-layer\" data-ls=\"texttransitionin:true;texttypein:chars_rand;textscalexin:.8;textscaleyin:.8;parallax:true;parallaxlevel:-10;parallaxtype:2d;parallaxevent:scroll;rotation:-90;position:relative;\">141<\/p><\/div><\/div>[\/vc_column_text][vc_empty_space height=\u00bb15px\u00bb image_repeat=\u00bbno-repeat\u00bb][\/vc_column][vc_column width=\u00bb2\/3&#8243;][vc_empty_space height=\u00bb15px\u00bb image_repeat=\u00bbno-repeat\u00bb][vc_empty_space height=\u00bb30px\u00bb image_repeat=\u00bbno-repeat\u00bb][vc_row_inner row_type=\u00bbrow\u00bb type=\u00bbfull_width\u00bb use_row_as_full_screen_section_slide=\u00bbno\u00bb text_align=\u00bbleft\u00bb css_animation=\u00bbelement_from_right\u00bb][vc_column_inner width=\u00bb1\/3&#8243;]<div class=\"custom_font_holder  \" style=\"font-family: LATO; font-size: 25px; font-style: normal; font-weight: 700; color: #005448; text-decoration: none; text-transform: none; text-align: left\" data-font-size=25 ><div  ><p>Art\u00edculo 141:<\/p>\n<\/div><\/div>[vc_empty_space height=\u00bb10px\u00bb image_repeat=\u00bbno-repeat\u00bb]<a href=\"https:\/\/www.poderjudicialcdmx.gob.mx\/transparencia_cj\/Excel\/141\/Formato_A141_CJCDMX.xlsx\" target=\"_self\" data-hover-background-color=#007e97 data-hover-color=#ffffff  class=\"qbutton  small icon_right\" style=\"color: #ffffff; font-size: 10px; padding-left: 8px; padding-right: 8px; margin: 0px 0px 0px 0px; background-color: #62a754;\">Descargar formato<\/a>[\/vc_column_inner][vc_column_inner width=\u00bb2\/3&#8243;]<div class=\"custom_font_holder  \" style=\"font-family: LATO; font-size: 14px; font-style: normal; font-weight: 400; color: #007e97; text-decoration: none; text-transform: none; text-align: left\" data-font-size=14 ><div  ><\/div><\/div><div class=\"custom_font_holder  \" style=\"font-family: LATO; font-size: 16px; font-style: normal; font-weight: 400; text-decoration: none; text-transform: none; text-align: left\" data-font-size=16 ><div  ><p>Los resultados de las convocatorias a concurso o licitaci\u00f3n de obras p\u00fablicas, adquisiciones, arrendamientos, concesiones y prestaci\u00f3n de servicios deber\u00e1n contener lo dispuesto por la ley de la materia<\/p>\n<\/div><\/div><div class=\"custom_font_holder  \" style=\"font-family: LATO; font-size: 11px; font-style: normal; color: #007e97; text-decoration: none; text-transform: none; text-align: left\" data-font-size=11 ><div  ><\/div><\/div>[\/vc_column_inner][\/vc_row_inner][vc_separator type=\u00bbnormal\u00bb color=\u00bb#759477&#8243; thickness=\u00bb2&#8243; up=\u00bb15&#8243; up_style=\u00bbpx\u00bb down=\u00bb15&#8243; down_style=\u00bbpx\u00bb][\/vc_column]<\/p>\n","protected":false},"excerpt":{"rendered":"<p>[vc_row css_animation=\u00bb\u00bb row_type=\u00bbrow\u00bb use_row_as_full_screen_section=\u00bbno\u00bb type=\u00bbgrid\u00bb oblique_section=\u00bbno\u00bb text_align=\u00bbcenter\u00bb Overflow=\u00bb\u00bb triangle_shape=\u00bbno\u00bb overflow=\u00bb\u00bb][vc_column width=\u00bb1\/4&#8243;][vc_single_image image=\u00bb3832&#8243; img_size=\u00bbfull\u00bb alignment=\u00bbcenter\u00bb onclick=\u00bbcustom_link\u00bb mkd_css_animation=\u00bbelement_from_top\u00bb set_shader=\u00bbno\u00bb set_popup=\u00bbno\u00bb animate_image_on_hover=\u00bbzoom\u00bb link=\u00bbhttps:\/\/www.poderjudicialcdmx.gob.mx\/transparenciacj\/121_\/\u00bb][\/vc_column][vc_column width=\u00bb1\/4&#8243;][vc_single_image image=\u00bb3833&#8243; img_size=\u00bbfull\u00bb alignment=\u00bbcenter\u00bb onclick=\u00bbcustom_link\u00bb mkd_css_animation=\u00bbelement_from_top\u00bb set_shader=\u00bbno\u00bb set_popup=\u00bbno\u00bb animate_image_on_hover=\u00bbzoom\u00bb link=\u00bbhttps:\/\/www.poderjudicialcdmx.gob.mx\/transparenciacj\/126_\/\u00bb][\/vc_column][vc_column width=\u00bb1\/4&#8243;][vc_single_image image=\u00bb3834&#8243; img_size=\u00bbfull\u00bb alignment=\u00bbcenter\u00bb onclick=\u00bbcustom_link\u00bb mkd_css_animation=\u00bbelement_from_top\u00bb set_shader=\u00bbno\u00bb set_popup=\u00bbno\u00bb animate_image_on_hover=\u00bbzoom\u00bb link=\u00bbhttps:\/\/www.poderjudicialcdmx.gob.mx\/transparenciacj\/141_\/\u00bb][\/vc_column][vc_column width=\u00bb1\/4&#8243;][vc_single_image image=\u00bb3836&#8243; img_size=\u00bbfull\u00bb alignment=\u00bbcenter\u00bb onclick=\u00bbcustom_link\u00bb&#8230;<\/p>\n","protected":false},"author":1,"featured_media":0,"parent":0,"menu_order":0,"comment_status":"closed","ping_status":"closed","template":"","meta":{"footnotes":""},"class_list":["post-3667","page","type-page","status-publish","hentry"],"_links":{"self":[{"href":"https:\/\/www.poderjudicialcdmx.gob.mx\/transparenciacj\/wp-json\/wp\/v2\/pages\/3667"}],"collection":[{"href":"https:\/\/www.poderjudicialcdmx.gob.mx\/transparenciacj\/wp-json\/wp\/v2\/pages"}],"about":[{"href":"https:\/\/www.poderjudicialcdmx.gob.mx\/transparenciacj\/wp-json\/wp\/v2\/types\/page"}],"author":[{"embeddable":true,"href":"https:\/\/www.poderjudicialcdmx.gob.mx\/transparenciacj\/wp-json\/wp\/v2\/users\/1"}],"replies":[{"embeddable":true,"href":"https:\/\/www.poderjudicialcdmx.gob.mx\/transparenciacj\/wp-json\/wp\/v2\/comments?post=3667"}],"version-history":[{"count":14,"href":"https:\/\/www.poderjudicialcdmx.gob.mx\/transparenciacj\/wp-json\/wp\/v2\/pages\/3667\/revisions"}],"predecessor-version":[{"id":3981,"href":"https:\/\/www.poderjudicialcdmx.gob.mx\/transparenciacj\/wp-json\/wp\/v2\/pages\/3667\/revisions\/3981"}],"wp:attachment":[{"href":"https:\/\/www.poderjudicialcdmx.gob.mx\/transparenciacj\/wp-json\/wp\/v2\/media?parent=3667"}],"curies":[{"name":"wp","href":"https:\/\/api.w.org\/{rel}","templated":true}]}}