{"id":15671,"date":"2016-09-22T00:57:23","date_gmt":"2016-09-22T00:57:23","guid":{"rendered":"http:\/\/www.poderjudicialcdmx.gob.mx\/unidadtransparencia\/?page_id=15671"},"modified":"2024-10-29T19:26:17","modified_gmt":"2024-10-29T19:26:17","slug":"preguntas-frecuentes","status":"publish","type":"page","link":"https:\/\/www.poderjudicialcdmx.gob.mx\/unidadtransparencia\/preguntas-frecuentes\/","title":{"rendered":"PREGUNTAS FRECUENTES"},"content":{"rendered":"<p>[vc_row row_type=\u00bbrow\u00bb use_row_as_full_screen_section=\u00bbno\u00bb type=\u00bbfull_width\u00bb oblique_section=\u00bbno\u00bb text_align=\u00bbcenter\u00bb Overflow=\u00bb\u00bb triangle_shape=\u00bbno\u00bb background_image=\u00bb17533&#8243; background_color=\u00bb#ffffff\u00bb padding_top=\u00bb10%\u00bb css_animation=\u00bb\u00bb overflow=\u00bb\u00bb el_id=\u00bbimagen_cabeza\u00bb][vc_column][vc_empty_space height=\u00bb200px\u00bb image_repeat=\u00bbno-repeat\u00bb][\/vc_column][\/vc_row][vc_row row_type=\u00bbrow\u00bb use_row_as_full_screen_section=\u00bbno\u00bb type=\u00bbfull_width\u00bb oblique_section=\u00bbno\u00bb text_align=\u00bbcenter\u00bb Overflow=\u00bb\u00bb triangle_shape=\u00bbno\u00bb background_image=\u00bb12432&#8243; css_animation=\u00bb\u00bb overflow=\u00bb\u00bb][vc_column][vc_separator type=\u00bbtransparent\u00bb up=\u00bb50&#8243; up_style=\u00bbpx\u00bb down=\u00bb0&#8243; down_style=\u00bbpx\u00bb][vc_row_inner row_type=\u00bbrow\u00bb type=\u00bbgrid\u00bb use_row_as_full_screen_section_slide=\u00bbno\u00bb text_align=\u00bbcenter\u00bb css_animation=\u00bb\u00bb][vc_column_inner][vc_column_text]<\/p>\n<p id=\"pic\" style=\"text-align: center;font-size: 46px;color: #9eb75d;font-weight: 600;line-height: 55px\"><span style=\"color: #3399cc\">Preguntas Frecuentes<\/span><\/p>\n<p>[\/vc_column_text][vc_separator type=\u00bbtransparent\u00bb up=\u00bb10&#8243; up_style=\u00bbpx\u00bb down=\u00bb0&#8243; down_style=\u00bbpx\u00bb][\/vc_column_inner][\/vc_row_inner][\/vc_column][\/vc_row][vc_row row_type=\u00bbrow\u00bb use_row_as_full_screen_section=\u00bbno\u00bb type=\u00bbgrid\u00bb oblique_section=\u00bbno\u00bb text_align=\u00bbleft\u00bb Overflow=\u00bb\u00bb triangle_shape=\u00bbno\u00bb padding_top=\u00bb100&#8243; padding_bottom=\u00bb100&#8243; css_animation=\u00bb\u00bb overflow=\u00bb\u00bb el_id=\u00bbdesplegable_texto\u00bb][vc_column][vc_row_inner row_type=\u00bbrow\u00bb type=\u00bbfull_width\u00bb use_row_as_full_screen_section_slide=\u00bbno\u00bb text_align=\u00bbleft\u00bb css_animation=\u00bb\u00bb el_id=\u00bbdesplegable_texto_pregunta1&#8243;][vc_column_inner offset=\u00bbvc_hidden-lg vc_hidden-md vc_hidden-sm vc_hidden-xs\u00bb][no_accordion active_tab=\u00bbfalse\u00bb style=\u00bbboxed_toggle\u00bb hide_icon=\u00bbno\u00bb title_icon_alignment=\u00bbicon_left_text_left\u00bb][no_accordion_section title=\u00bb1. \u00bfC\u00f3mo puedo saber si una persona cuenta con un juicio dentro del Tribunal Superior de Justicia de la Ciudad de M\u00e9xico?\u00bb title_tag=\u00bbh2&#8243;][vc_column_text]<\/p>\n<h5><strong>Para ello, se requiere presentar una solicitud de informaci\u00f3n en la cual mencione el actor, el demandado(s) y periodo de b\u00fasqueda la cual tiene que ser a partir del a\u00f1o de 1994, ya que la base de datos de la Oficial\u00eda de Partes Com\u00fan inici\u00f3 en ese a\u00f1o; ya que si el asunto es anterior a \u00e9ste a\u00f1o, debe dirigirse directamente al Archivo Judicial para la consulta de microfichas y as\u00ed localizar su asunto.<\/strong><\/h5>\n<p>[\/vc_column_text][\/no_accordion_section][\/no_accordion][\/vc_column_inner][\/vc_row_inner][vc_row_inner row_type=\u00bbrow\u00bb type=\u00bbfull_width\u00bb use_row_as_full_screen_section_slide=\u00bbno\u00bb text_align=\u00bbleft\u00bb css_animation=\u00bb\u00bb el_id=\u00bbdesplegable_texto_pregunta1&#8243;][vc_column_inner][no_accordion active_tab=\u00bbfalse\u00bb style=\u00bbboxed_toggle\u00bb hide_icon=\u00bbno\u00bb title_icon_alignment=\u00bbicon_left_text_left\u00bb][no_accordion_section title=\u00bb1. \u00bfC\u00f3mo solicitar Copias simples de expedientes judiciales?\u00bb][vc_column_text]<\/p>\n<h5><strong>De ser parte en dicho asunto, se le orienta acudir directamente al Juzgado en donde podr\u00e1 solicitarlas, previa acreditaci\u00f3n de la personalidad.<\/strong><\/h5>\n<h5><strong>Si no se es parte en el asunto de su inter\u00e9s, tendr\u00e1 que presentar una solicitud de informaci\u00f3n en la Unidad de Transparencia de este Tribunal, la cual gestionar\u00e1 ante el Juzgado o la Sala, quienes analizar\u00e1n el expediente para saber si ya caus\u00f3 estado (esto es que est\u00e9 completamente concluido), en este caso enviar\u00e1n las copias a esta Unidad para realizar una Versi\u00f3n P\u00fablica (con fundamento en el art\u00edculo 180 de la Ley de Transparencia, Acceso a la Informaci\u00f3n P\u00fablica y Rendici\u00f3n de Cuentas de la Ciudad de M\u00e9xico), la cual se someter\u00e1 al comit\u00e9 de Transparencia (fundamento Art. 90, F. VIII de la LTAIPRC), hecho lo anterior,\u00a0 se le notificar\u00e1 al peticionario cu\u00e1ntas fojas tendr\u00e1 que pagar, en caso de ser necesario, o bien, si no excede de 60 fojas, que puede acudir a recoger su informaci\u00f3n.<\/strong><\/h5>\n<h5><\/h5>\n<h5><strong>En este sentido, en caso de que el expediente de su inter\u00e9s no haya causado estado, no proceder\u00e1 la entrega de copias, al constituirse como informaci\u00f3n de acceso restringido en t\u00e9rminos del art\u00edculo 183 fracci\u00f3n VII de la Ley de Transparencia, Acceso a la Informaci\u00f3n y Rendici\u00f3n de Cuentas de la Ciudad de M\u00e9xico.<\/strong><\/h5>\n<h5><\/h5>\n<h5><strong>Cabe aclarar que en caso de que esta Unidad de Transparencia no est\u00e1 facultada para entregar copias certificadas.<\/strong><\/h5>\n<p>[\/vc_column_text][\/no_accordion_section][\/no_accordion][\/vc_column_inner][\/vc_row_inner][vc_row_inner row_type=\u00bbrow\u00bb type=\u00bbfull_width\u00bb use_row_as_full_screen_section_slide=\u00bbno\u00bb text_align=\u00bbleft\u00bb css_animation=\u00bb\u00bb el_id=\u00bbdesplegable_texto_pregunta2&#8243;][vc_column_inner][no_accordion active_tab=\u00bbfalse\u00bb style=\u00bbboxed_toggle\u00bb hide_icon=\u00bbno\u00bb title_icon_alignment=\u00bbicon_left_text_left\u00bb][no_accordion_section title=\u00bb2. \u00bfC\u00f3mo puedo obtener Estad\u00edstica Judicial?\u00bb][vc_column_text]<\/p>\n<h5><strong>Este Tribunal cuenta con un micrositio en el cual, la Direcci\u00f3n de Estad\u00edstica de la Presidencia, concentra diversa informaci\u00f3n estadistica, la cual\u00a0 se\u00a0 sugiere sea consultada en el siguiente link: <span style=\"color: #0000ff\"><a style=\"color: #0000ff\" href=\"http:\/\/www.poderjudicialcdmx.gob.mx\/estadistica\/\">www.poderjudicialcdmx.gob.mx\/estadistica\/<\/a>\u00a0<\/span>en el podr\u00e1 encontrar varias estad\u00edsticas en materia Judicial.<\/strong><\/h5>\n<h5><\/h5>\n<h5><strong>Si la informaci\u00f3n que requiere no la encontr\u00f3 en dicha p\u00e1gina, se le recomienda presentar una solicitud en la Unidad de Transparencia, la cual debe ser redactada de una manera clara, sin olvidar citar el periodo de la informaci\u00f3n que requiere.<\/strong><\/h5>\n<p>[\/vc_column_text][\/no_accordion_section][\/no_accordion][\/vc_column_inner][\/vc_row_inner][vc_row_inner row_type=\u00bbrow\u00bb type=\u00bbfull_width\u00bb use_row_as_full_screen_section_slide=\u00bbno\u00bb text_align=\u00bbleft\u00bb css_animation=\u00bb\u00bb el_id=\u00bbdesplegable_texto_pregunta3&#8243;][vc_column_inner][no_accordion active_tab=\u00bbfalse\u00bb style=\u00bbboxed_toggle\u00bb hide_icon=\u00bbno\u00bb title_icon_alignment=\u00bbicon_left_text_left\u00bb][no_accordion_section title=\u00bb3. \u00bfC\u00f3mo puedo saber si una persona trabaja para esta Instituci\u00f3n?\u00bb][vc_column_text]<\/p>\n<h5><strong>Podr\u00e1 consultar el Portal de Obligaciones de Transparencia de este Tribunal cuyo link es el siguiente:<\/strong><\/h5>\n<h5><\/h5>\n<h5><span style=\"color: #0000ff\"><strong><a style=\"color: #0000ff\" href=\"http:\/\/www.poderjudicialcdmx.gob.mx\/transparencia\/\">http:\/\/www.poderjudicialcdmx.gob.mx\/transparencia\/<\/a><\/strong><\/span><\/h5>\n<h5><\/h5>\n<h5><strong>Ah\u00ed tendr\u00e1 que entrar al art\u00edculo 121, fracci\u00f3n IX, le desplegar\u00e1 un archivo en Excel con el nombre de todos los trabajadores de este Tribunal y su remuneraci\u00f3n mensual.<\/strong><\/h5>\n<h5><\/h5>\n<h5><strong>Se le informa que conforme a la Ley de Transparencia, Acceso a la Informaci\u00f3n P\u00fablica y Rendici\u00f3n de Cuentas de la Ciudad de M\u00e9xico, la informaci\u00f3n se actualiza de manera trimestral.<\/strong><\/h5>\n<p>[\/vc_column_text][\/no_accordion_section][\/no_accordion][\/vc_column_inner][\/vc_row_inner][vc_row_inner row_type=\u00bbrow\u00bb type=\u00bbfull_width\u00bb use_row_as_full_screen_section_slide=\u00bbno\u00bb text_align=\u00bbleft\u00bb css_animation=\u00bb\u00bb el_id=\u00bbdesplegable_texto_pregunta4&#8243;][vc_column_inner][no_accordion active_tab=\u00bbfalse\u00bb style=\u00bbboxed_toggle\u00bb hide_icon=\u00bbno\u00bb title_icon_alignment=\u00bbicon_left_text_left\u00bb][no_accordion_section title=\u00bb4. \u00bfC\u00f3mo puedo conocer los Contratos, Adjudicaciones, Licitaciones e Invitaciones Directas que tiene esta Instituci\u00f3n con particulares o personas morales?\u00bb][vc_column_text]<\/p>\n<h5><strong>Podr\u00e1 consultar el Portal de Obligaciones de Transparencia de este Tribunal cuyo link es el siguiente:<\/strong><\/h5>\n<h5><\/h5>\n<h5><span style=\"color: #0000ff\"><strong><a style=\"color: #0000ff\" href=\"http:\/\/www.poderjudicialcdmx.gob.mx\/transparencia\/\">http:\/\/www.poderjudicialcdmx.gob.mx\/transparencia\/<\/a><\/strong><\/span><\/h5>\n<h5><\/h5>\n<h5><strong>Tendr\u00e1 que ingresar al art\u00edculo 121 , fracci\u00f3n XXX, ya sea en el inciso a) o en el b) de acuerdo a la informaci\u00f3n que sea de su inter\u00e9s.<\/strong><\/h5>\n<p>[\/vc_column_text][\/no_accordion_section][\/no_accordion][\/vc_column_inner][\/vc_row_inner][vc_row_inner row_type=\u00bbrow\u00bb type=\u00bbfull_width\u00bb use_row_as_full_screen_section_slide=\u00bbno\u00bb text_align=\u00bbleft\u00bb css_animation=\u00bb\u00bb el_id=\u00bbdesplegable_texto_pregunta5&#8243;][vc_column_inner][no_accordion active_tab=\u00bbfalse\u00bb style=\u00bbboxed_toggle\u00bb hide_icon=\u00bbno\u00bb title_icon_alignment=\u00bbicon_left_text_left\u00bb][no_accordion_section title=\u00bb5. \u00bfCu\u00e1les son los requisitos para presentar una Queja Administrativa ante el Consejo de la Judicatura de la Ciudad de M\u00e9xico?\u00bb][vc_column_text]<\/p>\n<h5><span style=\"color: #0000ff\"><strong><a style=\"color: #0000ff\" href=\"http:\/\/www.cjcdmx.gob.mx:93\/transparencia\/articulo14\/20\/actualizado\/A14F20_2011-T03_CDJ_Papeleta.doc\">http:\/\/www.cjcdmx.gob.mx:93\/transparencia\/articulo14\/20\/actualizado\/A14F20_2011-T03_CDJ_Papeleta.doc<\/a><\/strong><\/span><\/h5>\n<p>[\/vc_column_text][\/no_accordion_section][\/no_accordion][\/vc_column_inner][\/vc_row_inner][vc_row_inner row_type=\u00bbrow\u00bb type=\u00bbfull_width\u00bb use_row_as_full_screen_section_slide=\u00bbno\u00bb text_align=\u00bbleft\u00bb css_animation=\u00bb\u00bb el_id=\u00bbdesplegable_texto_pregunta6&#8243;][vc_column_inner][no_accordion active_tab=\u00bbfalse\u00bb style=\u00bbboxed_toggle\u00bb hide_icon=\u00bbno\u00bb title_icon_alignment=\u00bbicon_left_text_left\u00bb][no_accordion_section title=\u00bb6. \u00bfCu\u00e1l es el acuerdo que aprob\u00f3 los \u201cLineamientos para aplicar descuentos en las cuotas de recuperaci\u00f3n que cobrar\u00e1 el Servicio M\u00e9dico Forense del Tribunal Superior de Justicia del Distrito Federal, por concepto de derechos, productos y aprovechamientos\u201d?\u00bb][vc_column_text]<\/p>\n<h5><span style=\"color: #0000ff\"><strong><a style=\"color: #0000ff\" href=\"http:\/\/www.cjcdmx.gob.mx:93\/transparencia\/articulo14\/01\/actualizado\/03ReglasProced\/LinDescCuotSEMEFO.pdf\">http:\/\/www.cjcdmx.gob.mx:93\/transparencia\/articulo14\/01\/actualizado\/03ReglasProced\/LinDescCuotSEMEFO.pdf<\/a><\/strong><\/span><\/h5>\n<p>[\/vc_column_text][\/no_accordion_section][\/no_accordion][\/vc_column_inner][\/vc_row_inner][\/vc_column][\/vc_row][vc_row row_type=\u00bbrow\u00bb use_row_as_full_screen_section=\u00bbno\u00bb type=\u00bbfull_width\u00bb oblique_section=\u00bbno\u00bb text_align=\u00bbleft\u00bb Overflow=\u00bb\u00bb triangle_shape=\u00bbno\u00bb css_animation=\u00bb\u00bb overflow=\u00bb\u00bb][vc_column][vc_empty_space height=\u00bb100px\u00bb image_repeat=\u00bbno-repeat\u00bb][\/vc_column][\/vc_row][vc_row row_type=\u00bbrow\u00bb use_row_as_full_screen_section=\u00bbno\u00bb type=\u00bbfull_width\u00bb oblique_section=\u00bbno\u00bb text_align=\u00bbleft\u00bb Overflow=\u00bb\u00bb triangle_shape=\u00bbno\u00bb css_animation=\u00bb\u00bb][vc_column][vc_empty_space height=\u00bb20px\u00bb image_repeat=\u00bbno-repeat\u00bb][\/vc_column][\/vc_row][vc_row row_type=\u00bbrow\u00bb use_row_as_full_screen_section=\u00bbno\u00bb type=\u00bbfull_width\u00bb oblique_section=\u00bbno\u00bb text_align=\u00bbleft\u00bb Overflow=\u00bb\u00bb triangle_shape=\u00bbno\u00bb css_animation=\u00bb\u00bb][vc_column][vc_column_text]<\/p>\n<p style=\"text-align: right\">\u00daltima fecha de actualizaci\u00f3n: agosto 2022.<\/p>\n<p>[\/vc_column_text][\/vc_column][\/vc_row][vc_row row_type=\u00bbrow\u00bb use_row_as_full_screen_section=\u00bbno\u00bb type=\u00bbfull_width\u00bb oblique_section=\u00bbno\u00bb text_align=\u00bbleft\u00bb Overflow=\u00bb\u00bb triangle_shape=\u00bbno\u00bb css_animation=\u00bb\u00bb][vc_column][vc_empty_space height=\u00bb20px\u00bb image_repeat=\u00bbno-repeat\u00bb][\/vc_column][\/vc_row]<\/p>\n","protected":false},"excerpt":{"rendered":"<p>[vc_row row_type=\u00bbrow\u00bb use_row_as_full_screen_section=\u00bbno\u00bb type=\u00bbfull_width\u00bb oblique_section=\u00bbno\u00bb text_align=\u00bbcenter\u00bb Overflow=\u00bb\u00bb triangle_shape=\u00bbno\u00bb background_image=\u00bb17533&#8243; background_color=\u00bb#ffffff\u00bb padding_top=\u00bb10%\u00bb css_animation=\u00bb\u00bb overflow=\u00bb\u00bb el_id=\u00bbimagen_cabeza\u00bb][vc_column][vc_empty_space height=\u00bb200px\u00bb image_repeat=\u00bbno-repeat\u00bb][\/vc_column][\/vc_row][vc_row row_type=\u00bbrow\u00bb use_row_as_full_screen_section=\u00bbno\u00bb type=\u00bbfull_width\u00bb oblique_section=\u00bbno\u00bb text_align=\u00bbcenter\u00bb Overflow=\u00bb\u00bb triangle_shape=\u00bbno\u00bb background_image=\u00bb12432&#8243; css_animation=\u00bb\u00bb overflow=\u00bb\u00bb][vc_column][vc_separator type=\u00bbtransparent\u00bb up=\u00bb50&#8243; up_style=\u00bbpx\u00bb down=\u00bb0&#8243; down_style=\u00bbpx\u00bb][vc_row_inner row_type=\u00bbrow\u00bb type=\u00bbgrid\u00bb use_row_as_full_screen_section_slide=\u00bbno\u00bb text_align=\u00bbcenter\u00bb css_animation=\u00bb\u00bb][vc_column_inner][vc_column_text] Preguntas Frecuentes [\/vc_column_text][vc_separator type=\u00bbtransparent\u00bb up=\u00bb10&#8243; up_style=\u00bbpx\u00bb down=\u00bb0&#8243; down_style=\u00bbpx\u00bb][\/vc_column_inner][\/vc_row_inner][\/vc_column][\/vc_row][vc_row row_type=\u00bbrow\u00bb&#8230;<\/p>\n","protected":false},"author":1,"featured_media":0,"parent":0,"menu_order":0,"comment_status":"closed","ping_status":"closed","template":"","meta":{"footnotes":""},"class_list":["post-15671","page","type-page","status-publish","hentry"],"_links":{"self":[{"href":"https:\/\/www.poderjudicialcdmx.gob.mx\/unidadtransparencia\/wp-json\/wp\/v2\/pages\/15671"}],"collection":[{"href":"https:\/\/www.poderjudicialcdmx.gob.mx\/unidadtransparencia\/wp-json\/wp\/v2\/pages"}],"about":[{"href":"https:\/\/www.poderjudicialcdmx.gob.mx\/unidadtransparencia\/wp-json\/wp\/v2\/types\/page"}],"author":[{"embeddable":true,"href":"https:\/\/www.poderjudicialcdmx.gob.mx\/unidadtransparencia\/wp-json\/wp\/v2\/users\/1"}],"replies":[{"embeddable":true,"href":"https:\/\/www.poderjudicialcdmx.gob.mx\/unidadtransparencia\/wp-json\/wp\/v2\/comments?post=15671"}],"version-history":[{"count":19,"href":"https:\/\/www.poderjudicialcdmx.gob.mx\/unidadtransparencia\/wp-json\/wp\/v2\/pages\/15671\/revisions"}],"predecessor-version":[{"id":18285,"href":"https:\/\/www.poderjudicialcdmx.gob.mx\/unidadtransparencia\/wp-json\/wp\/v2\/pages\/15671\/revisions\/18285"}],"wp:attachment":[{"href":"https:\/\/www.poderjudicialcdmx.gob.mx\/unidadtransparencia\/wp-json\/wp\/v2\/media?parent=15671"}],"curies":[{"name":"wp","href":"https:\/\/api.w.org\/{rel}","templated":true}]}}