{"id":17461,"date":"2017-03-22T18:07:10","date_gmt":"2017-03-22T18:07:10","guid":{"rendered":"http:\/\/www.poderjudicialcdmx.gob.mx\/unidadtransparencia\/?page_id=17461"},"modified":"2024-10-29T19:21:54","modified_gmt":"2024-10-29T19:21:54","slug":"procedimientos","status":"publish","type":"page","link":"https:\/\/www.poderjudicialcdmx.gob.mx\/unidadtransparencia\/procedimientos\/","title":{"rendered":"Procedimientos"},"content":{"rendered":"<p>[vc_row row_type=\u00bbrow\u00bb use_row_as_full_screen_section=\u00bbyes\u00bb type=\u00bbfull_width\u00bb oblique_section=\u00bbno\u00bb text_align=\u00bbcenter\u00bb Overflow=\u00bb\u00bb triangle_shape=\u00bbno\u00bb background_image=\u00bb17534&#8243; padding_top=\u00bb10%\u00bb css_animation=\u00bb\u00bb overflow=\u00bb\u00bb][vc_column][vc_empty_space height=\u00bb200px\u00bb image_repeat=\u00bbno-repeat\u00bb][\/vc_column][\/vc_row][vc_row row_type=\u00bbrow\u00bb use_row_as_full_screen_section=\u00bbno\u00bb type=\u00bbfull_width\u00bb oblique_section=\u00bbno\u00bb text_align=\u00bbcenter\u00bb Overflow=\u00bb\u00bb triangle_shape=\u00bbno\u00bb background_image=\u00bb12432&#8243; css_animation=\u00bb\u00bb overflow=\u00bb\u00bb][vc_column][vc_separator type=\u00bbtransparent\u00bb up=\u00bb50&#8243; up_style=\u00bbpx\u00bb down=\u00bb0&#8243; down_style=\u00bbpx\u00bb][vc_row_inner row_type=\u00bbrow\u00bb type=\u00bbgrid\u00bb use_row_as_full_screen_section_slide=\u00bbno\u00bb text_align=\u00bbcenter\u00bb css_animation=\u00bb\u00bb][vc_column_inner][vc_column_text]<\/p>\n<p id=\"pic\" style=\"text-align: center;font-size: 46px;color: #9eb75d;font-weight: 600;line-height: 55px\"><span style=\"color: #3399cc\">Ejercicio de derecho acceso a la informaci\u00f3n<\/span><\/p>\n<p>[\/vc_column_text][\/vc_column_inner][\/vc_row_inner][\/vc_column][\/vc_row][vc_row row_type=\u00bbrow\u00bb use_row_as_full_screen_section=\u00bbno\u00bb type=\u00bbgrid\u00bb oblique_section=\u00bbno\u00bb text_align=\u00bbleft\u00bb Overflow=\u00bb\u00bb triangle_shape=\u00bbno\u00bb css_animation=\u00bb\u00bb overflow=\u00bb\u00bb][vc_column][vc_empty_space height=\u00bb42px\u00bb image_repeat=\u00bbno-repeat\u00bb][vc_column_text]<\/p>\n<p id=\"pic\" style=\"text-align: center;font-size: 30px;color: #9eb75d;font-weight: 500;line-height: 55px\"><span style=\"color: #3399cc\">\u00bfCu\u00e1l es el procedimiento establecido para solicitar informaci\u00f3n ante el Poder Judicial de la Ciudad de M\u00e9xico?<\/span><\/p>\n<p>[\/vc_column_text][vc_separator type=\u00bbtransparent\u00bb up=\u00bb50&#8243; up_style=\u00bbpx\u00bb down=\u00bb0&#8243; down_style=\u00bbpx\u00bb][vc_column_text]<\/p>\n<h5 style=\"text-align: justify\">Cualquier persona, tiene derecho a presentar una solicitud de acceso a la informaci\u00f3n, sin necesidad de sustentar justificaci\u00f3n o motivaci\u00f3n alguna, a trav\u00e9s de la Unidad de Transparencia del Poder Judicial de la Ciudad de M\u00e9xico que la posea.<\/h5>\n<p>&nbsp;<\/p>\n<h5 style=\"text-align: justify\">Si al ser presentada la solicitud esta no es precisa o no contiene todos los datos requeridos, se prevendr\u00e1 al solicitante en un plazo no mayor a tres d\u00edas h\u00e1biles, por escrito o v\u00eda electr\u00f3nica, para que en un plazo de diez d\u00edas contados a partir del d\u00eda siguiente en que se efectu\u00f3 la notificaci\u00f3n, aclare y precise o complemente su solicitud de informaci\u00f3n.<\/h5>\n<p>&nbsp;<\/p>\n<h5 style=\"text-align: justify\">En caso de que el Poder Judicial de la Ciudad de M\u00e9xico sea parcialmente competente para atender la solicitud, emitir\u00e1 una respuesta en lo relativo a sus atribuciones y orientar\u00e1 al solicitante, se\u00f1alando los datos de la Unidad de Transparencia del sujeto competente para atender la otra parte de la solicitud.<\/h5>\n<p>&nbsp;<\/p>\n<h5 style=\"text-align: justify\">Si la solicitud es satisfecha, ingresar\u00e1 al sistema Infomex o a la Plataforma Nacional de Transparencia, y el Poder Judicial de la Ciudad de M\u00e9xico tendr\u00e1 un plazo de 9 d\u00edas para contestar mismos que pueden ser prorrogables por el mismo tiempo de respuesta.<\/h5>\n<p>[\/vc_column_text][vc_empty_space height=\u00bb42px\u00bb image_repeat=\u00bbno-repeat\u00bb][\/vc_column][\/vc_row][vc_row row_type=\u00bbrow\u00bb use_row_as_full_screen_section=\u00bbno\u00bb type=\u00bbgrid\u00bb oblique_section=\u00bbno\u00bb text_align=\u00bbleft\u00bb Overflow=\u00bb\u00bb triangle_shape=\u00bbno\u00bb css_animation=\u00bb\u00bb overflow=\u00bb\u00bb][vc_column][vc_empty_space height=\u00bb42px\u00bb image_repeat=\u00bbno-repeat\u00bb][vc_column_text]<\/p>\n<p id=\"pic\" style=\"text-align: center;font-size: 30px;color: #9eb75d;font-weight: 500;line-height: 55px\"><span style=\"color: #3399cc\">\u00bfCu\u00e1les son los requisitos de la solicitud de acceso a la informaci\u00f3n p\u00fablica?<\/span><\/p>\n<p>[\/vc_column_text][vc_separator type=\u00bbtransparent\u00bb up=\u00bb50&#8243; up_style=\u00bbpx\u00bb down=\u00bb0&#8243; down_style=\u00bbpx\u00bb][vc_column_text]<\/p>\n<h5 style=\"text-align: justify\">Conforme al art\u00edculo 199 de la Ley de Transparencia, Acceso a la Informaci\u00f3n P\u00fablica y Rendici\u00f3n de Cuentas de la Ciudad de M\u00e9xico, la solicitud de informaci\u00f3n que se presente deber\u00e1 contener cuando menos los siguientes datos:<\/h5>\n<p>&nbsp;<\/p>\n<h5 style=\"text-align: justify\"><strong>I.<\/strong> La descripci\u00f3n del o los documentos o la informaci\u00f3n que se solicita;<\/h5>\n<p>&nbsp;<\/p>\n<h5 style=\"text-align: justify\"><strong>II.<\/strong>El lugar o medio para recibir la informaci\u00f3n y las notificaciones. En el caso de que el solicitante no se\u00f1ale lugar o medio para recibir la informaci\u00f3n y las notificaciones, \u00e9stas se realizar\u00e1n por lista que se fije en los estrados de la Unidad de Transparencia del sujeto obligado que corresponda; y<\/h5>\n<p>&nbsp;<\/p>\n<h5 style=\"text-align: justify\"><strong>III.<\/strong> La modalidad en la que prefiere se otorgue la informaci\u00f3n, la cual podr\u00e1 ser mediante consulta directa, copias simples, certificadas, digitalizadas, u otro tipo de medio electr\u00f3nico.;<\/h5>\n<h4><strong>\u00bfTiene alg\u00fan costo?<\/strong><\/h4>\n<h5 style=\"text-align: justify\"><strong>I.<\/strong> El costo de los materiales utilizados en la reproducci\u00f3n de la informaci\u00f3n;<\/h5>\n<h5 style=\"text-align: justify\"><strong>II.<\/strong> El costo de env\u00edo; y<\/h5>\n<h5 style=\"text-align: justify\"><strong>III.<\/strong> La certificaci\u00f3n de documentos cuando proceda y as\u00ed se soliciten.<\/h5>\n<p>[\/vc_column_text][vc_empty_space height=\u00bb42px\u00bb image_repeat=\u00bbno-repeat\u00bb][\/vc_column][\/vc_row][vc_row row_type=\u00bbrow\u00bb use_row_as_full_screen_section=\u00bbno\u00bb type=\u00bbgrid\u00bb oblique_section=\u00bbno\u00bb text_align=\u00bbleft\u00bb Overflow=\u00bb\u00bb triangle_shape=\u00bbno\u00bb css_animation=\u00bb\u00bb overflow=\u00bb\u00bb][vc_column][vc_empty_space height=\u00bb42px\u00bb image_repeat=\u00bbno-repeat\u00bb][vc_column_text]<\/p>\n<p id=\"pic\" style=\"text-align: center;font-size: 30px;color: #9eb75d;font-weight: 500;line-height: 55px\"><span style=\"color: #3399cc\">\u00bfQu\u00e9 medios de defensa tiene el solicitante en caso de que no se le entregue la informaci\u00f3n requerida?<\/span><\/p>\n<p>[\/vc_column_text][vc_separator type=\u00bbtransparent\u00bb up=\u00bb50&#8243; up_style=\u00bbpx\u00bb down=\u00bb0&#8243; down_style=\u00bbpx\u00bb][vc_column_text]<\/p>\n<h5 style=\"text-align: justify\">Si la respuesta otorgada por el Poder Judicial de la Ciudad de M\u00e9xico, no es satisfactoria, el solicitante podr\u00e1 interponer recurso de revisi\u00f3n en t\u00e9rmino m\u00e1ximo de 15 d\u00edas contados a partir de la fecha de respuesta.<\/h5>\n<p>&nbsp;<\/p>\n<h5 style=\"text-align: justify\">El recurso de revisi\u00f3n podr\u00e1 interponerse, de manera directa o por correo certificado, ante el Instituto de Transparencia, Acceso a la Informaci\u00f3n P\u00fablica, Protecci\u00f3n de Datos Personales y Rendici\u00f3n de Cuentas de la Ciudad de M\u00e9xico o ante la Unidad de Transparencia del Sujeto Obligado, la cual al dar respuesta a una solicitud de acceso, orientar\u00e1n al particular sobre su derecho de interponer el recurso de revisi\u00f3n y el modo y plazo para hacerlo.<\/h5>\n<p>[\/vc_column_text][vc_empty_space height=\u00bb42px\u00bb image_repeat=\u00bbno-repeat\u00bb][\/vc_column][\/vc_row][vc_row row_type=\u00bbrow\u00bb use_row_as_full_screen_section=\u00bbno\u00bb type=\u00bbfull_width\u00bb oblique_section=\u00bbno\u00bb text_align=\u00bbleft\u00bb Overflow=\u00bb\u00bb triangle_shape=\u00bbno\u00bb css_animation=\u00bb\u00bb][vc_column][vc_empty_space height=\u00bb20&#8243; image_repeat=\u00bbno-repeat\u00bb][\/vc_column][\/vc_row][vc_row row_type=\u00bbrow\u00bb use_row_as_full_screen_section=\u00bbno\u00bb type=\u00bbfull_width\u00bb oblique_section=\u00bbno\u00bb text_align=\u00bbleft\u00bb Overflow=\u00bb\u00bb triangle_shape=\u00bbno\u00bb css_animation=\u00bb\u00bb][vc_column][vc_column_text]<\/p>\n<p style=\"text-align: right\">\u00daltima fecha de actualizaci\u00f3n: junio 2018.<\/p>\n<p>[\/vc_column_text][\/vc_column][\/vc_row][vc_row row_type=\u00bbrow\u00bb use_row_as_full_screen_section=\u00bbno\u00bb type=\u00bbfull_width\u00bb oblique_section=\u00bbno\u00bb text_align=\u00bbleft\u00bb Overflow=\u00bb\u00bb triangle_shape=\u00bbno\u00bb css_animation=\u00bb\u00bb][vc_column][vc_empty_space height=\u00bb20px\u00bb image_repeat=\u00bbno-repeat\u00bb][\/vc_column][\/vc_row]<\/p>\n","protected":false},"excerpt":{"rendered":"<p>[vc_row row_type=\u00bbrow\u00bb use_row_as_full_screen_section=\u00bbyes\u00bb type=\u00bbfull_width\u00bb oblique_section=\u00bbno\u00bb text_align=\u00bbcenter\u00bb Overflow=\u00bb\u00bb triangle_shape=\u00bbno\u00bb background_image=\u00bb17534&#8243; padding_top=\u00bb10%\u00bb css_animation=\u00bb\u00bb overflow=\u00bb\u00bb][vc_column][vc_empty_space height=\u00bb200px\u00bb image_repeat=\u00bbno-repeat\u00bb][\/vc_column][\/vc_row][vc_row row_type=\u00bbrow\u00bb use_row_as_full_screen_section=\u00bbno\u00bb type=\u00bbfull_width\u00bb oblique_section=\u00bbno\u00bb text_align=\u00bbcenter\u00bb Overflow=\u00bb\u00bb triangle_shape=\u00bbno\u00bb background_image=\u00bb12432&#8243; css_animation=\u00bb\u00bb overflow=\u00bb\u00bb][vc_column][vc_separator type=\u00bbtransparent\u00bb up=\u00bb50&#8243; up_style=\u00bbpx\u00bb down=\u00bb0&#8243; down_style=\u00bbpx\u00bb][vc_row_inner row_type=\u00bbrow\u00bb type=\u00bbgrid\u00bb use_row_as_full_screen_section_slide=\u00bbno\u00bb text_align=\u00bbcenter\u00bb css_animation=\u00bb\u00bb][vc_column_inner][vc_column_text] Ejercicio de derecho acceso a la informaci\u00f3n [\/vc_column_text][\/vc_column_inner][\/vc_row_inner][\/vc_column][\/vc_row][vc_row row_type=\u00bbrow\u00bb use_row_as_full_screen_section=\u00bbno\u00bb type=\u00bbgrid\u00bb&#8230;<\/p>\n","protected":false},"author":1,"featured_media":0,"parent":0,"menu_order":0,"comment_status":"closed","ping_status":"closed","template":"","meta":{"footnotes":""},"class_list":["post-17461","page","type-page","status-publish","hentry"],"_links":{"self":[{"href":"https:\/\/www.poderjudicialcdmx.gob.mx\/unidadtransparencia\/wp-json\/wp\/v2\/pages\/17461"}],"collection":[{"href":"https:\/\/www.poderjudicialcdmx.gob.mx\/unidadtransparencia\/wp-json\/wp\/v2\/pages"}],"about":[{"href":"https:\/\/www.poderjudicialcdmx.gob.mx\/unidadtransparencia\/wp-json\/wp\/v2\/types\/page"}],"author":[{"embeddable":true,"href":"https:\/\/www.poderjudicialcdmx.gob.mx\/unidadtransparencia\/wp-json\/wp\/v2\/users\/1"}],"replies":[{"embeddable":true,"href":"https:\/\/www.poderjudicialcdmx.gob.mx\/unidadtransparencia\/wp-json\/wp\/v2\/comments?post=17461"}],"version-history":[{"count":25,"href":"https:\/\/www.poderjudicialcdmx.gob.mx\/unidadtransparencia\/wp-json\/wp\/v2\/pages\/17461\/revisions"}],"predecessor-version":[{"id":18282,"href":"https:\/\/www.poderjudicialcdmx.gob.mx\/unidadtransparencia\/wp-json\/wp\/v2\/pages\/17461\/revisions\/18282"}],"wp:attachment":[{"href":"https:\/\/www.poderjudicialcdmx.gob.mx\/unidadtransparencia\/wp-json\/wp\/v2\/media?parent=17461"}],"curies":[{"name":"wp","href":"https:\/\/api.w.org\/{rel}","templated":true}]}}