{"id":17486,"date":"2017-03-22T18:37:31","date_gmt":"2017-03-22T18:37:31","guid":{"rendered":"http:\/\/www.poderjudicialcdmx.gob.mx\/unidadtransparencia\/?page_id=17486"},"modified":"2024-10-29T19:27:51","modified_gmt":"2024-10-29T19:27:51","slug":"versiones-publicas","status":"publish","type":"page","link":"https:\/\/www.poderjudicialcdmx.gob.mx\/unidadtransparencia\/versiones-publicas\/","title":{"rendered":"Versiones publicas"},"content":{"rendered":"<p>[vc_row row_type=\u00bbrow\u00bb use_row_as_full_screen_section=\u00bbyes\u00bb type=\u00bbfull_width\u00bb oblique_section=\u00bbno\u00bb text_align=\u00bbcenter\u00bb Overflow=\u00bb\u00bb triangle_shape=\u00bbno\u00bb background_image=\u00bb17530&#8243; padding_top=\u00bb10%\u00bb css_animation=\u00bb\u00bb overflow=\u00bb\u00bb][vc_column][vc_empty_space height=\u00bb200px\u00bb image_repeat=\u00bbno-repeat\u00bb][\/vc_column][\/vc_row][vc_row row_type=\u00bbrow\u00bb use_row_as_full_screen_section=\u00bbno\u00bb type=\u00bbgrid\u00bb oblique_section=\u00bbno\u00bb text_align=\u00bbcenter\u00bb Overflow=\u00bb\u00bb triangle_shape=\u00bbno\u00bb background_image=\u00bb12432&#8243; css_animation=\u00bb\u00bb overflow=\u00bb\u00bb][vc_column][vc_row_inner row_type=\u00bbrow\u00bb type=\u00bbgrid\u00bb use_row_as_full_screen_section_slide=\u00bbno\u00bb text_align=\u00bbcenter\u00bb css_animation=\u00bb\u00bb][vc_column_inner][vc_separator type=\u00bbtransparent\u00bb up=\u00bb50&#8243; up_style=\u00bbpx\u00bb down=\u00bb0&#8243; down_style=\u00bbpx\u00bb][vc_column_text]<\/p>\n<p id=\"pic\" style=\"text-align: center;font-size: 46px;color: #9eb75d;font-weight: 600;line-height: 55px\"><span style=\"color: #3399cc\">Versiones P\u00fablicas<\/span><\/p>\n<p>[\/vc_column_text][vc_separator type=\u00bbtransparent\u00bb up=\u00bb50&#8243; up_style=\u00bbpx\u00bb down=\u00bb0&#8243; down_style=\u00bbpx\u00bb][\/vc_column_inner][\/vc_row_inner][vc_column_text]<\/p>\n<h5 style=\"text-align: justify\">La versi\u00f3n p\u00fablica, es el documento en el que se elimina la informaci\u00f3n clasificada como de acceso restringido en su modalidad de reservada o confidencial para permitir su acceso.<\/h5>\n<h5 style=\"text-align: justify\">En materia de acceso a la informaci\u00f3n, cuando los documentos solicitados contenga partes o secciones reservadas o confidenciales, los sujetos obligados, para efectos de atender dicha solicitud de informaci\u00f3n, deber\u00e1n elaborar una Versi\u00f3n P\u00fablica en la que se testen las partes o secciones clasificadas, indicando su contenido de manera gen\u00e9rica y fundando y motivando su clasificaci\u00f3n.<\/h5>\n<h5 style=\"text-align: justify\"><\/h5>\n<p>[\/vc_column_text][vc_separator type=\u00bbtransparent\u00bb up=\u00bb50&#8243; up_style=\u00bbpx\u00bb down=\u00bb0&#8243; down_style=\u00bbpx\u00bb][\/vc_column][\/vc_row][vc_row row_type=\u00bbrow\u00bb use_row_as_full_screen_section=\u00bbno\u00bb type=\u00bbgrid\u00bb oblique_section=\u00bbno\u00bb text_align=\u00bbleft\u00bb Overflow=\u00bb\u00bb triangle_shape=\u00bbno\u00bb css_animation=\u00bb\u00bb overflow=\u00bb\u00bb][vc_column][vc_column_text]<\/p>\n<p id=\"pic\" style=\"text-align: center;font-size: 30px;color: #9eb75d;font-weight: 600;line-height: 55px\"><span style=\"color: #3399cc\">DATOS QUE SE ELIMINAN EN UNA VERSI\u00d3N P\u00daBLICA<\/span><\/p>\n<p>[\/vc_column_text][vc_column_text]<\/p>\n<h5 style=\"text-align: justify\"><\/h5>\n<h5 style=\"text-align: justify\">Datos Personales: Toda aquella informaci\u00f3n num\u00e9rica, alfab\u00e9tica, gr\u00e1fica, ac\u00fastica o de cualquier otro tipo concerniente a una persona f\u00edsica, identificada o identificable. Tal y como son, de manera enunciativa y no limitativa: el origen \u00e9tnico o racial, caracter\u00edsticas f\u00edsicas, morales o emocionales, la vida afectiva y familiar, el domicilio y tel\u00e9fono particular, correo electr\u00f3nico no oficial, patrimonio, ideolog\u00eda y opiniones pol\u00edticas, creencias, convicciones religiosas y filos\u00f3ficas, estado de salud, preferencia sexual, la huella digital, el ADN y el n\u00famero de seguridad social, y an\u00e1logos.<\/h5>\n<h5 style=\"text-align: justify\"><strong>Datos identificativos:<\/strong> El nombre, domicilio, tel\u00e9fono particular, tel\u00e9fono celular, fi rma, clave del Registro Federal de Contribuyentes (RFC), Clave \u00danica de Registro de Poblaci\u00f3n (CURP), Matr\u00edcula del Servicio Militar Nacional, n\u00famero de pasaporte, lugar y fecha de nacimiento, nacionalidad, edad, fotograf\u00eda, dem\u00e1s an\u00e1logos;<\/h5>\n<h5 style=\"text-align: justify\"><strong>Datos electr\u00f3nicos:<\/strong> Las direcciones electr\u00f3nicas, tales como, el correo electr\u00f3nico no oficial, direcci\u00f3n IP(Protocolo de Internet), direcci\u00f3n MAC (direcci\u00f3n Media Access Control o direcci\u00f3n de control de acceso al medio), as\u00ed como el nombre del usuario, contrase\u00f1as, firma electr\u00f3nica; o cualquier otra informaci\u00f3n empleada por la persona, para su identificaci\u00f3n en Internet u otra red de comunicaciones electr\u00f3nicas;<\/h5>\n<h5 style=\"text-align: justify\"><strong>Datos laborales:<\/strong> Documentos de reclutamiento y selecci\u00f3n, nombramiento, incidencia, capacitaci\u00f3n, actividades extracurriculares, referencias laborales, referencias personales, solicitud de empleo, hoja de servicio, dem\u00e1s an\u00e1logos;<\/h5>\n<h5 style=\"text-align: justify\"><strong>Datos patrimoniales:<\/strong> Los correspondientes a bienes muebles e inmuebles, informaci\u00f3n fiscal, historial crediticio, ingresos y egresos, cuentas bancarias, seguros, fianzas, servicios contratados, referencias personales, dem\u00e1s an\u00e1logos;<\/h5>\n<h5 style=\"text-align: justify\">Datos sobre procedimientos administrativos y\/o jurisdiccionales:<\/h5>\n<h5 style=\"text-align: justify\">La informaci\u00f3n relativa a una persona que se encuentre sujeta a un procedimiento administrativo seguido en forma de juicio o jurisdiccional en materia laboral, civil, penal, fiscal, administrativa o de cualquier otra rama del Derecho;<\/h5>\n<h5 style=\"text-align: justify\"><strong>Datos acad\u00e9micos:<\/strong> Trayectoria educativa, calificaciones, t\u00edtulos, c\u00e9dula profesional, certificados y reconocimientos, dem\u00e1s an\u00e1logos;<\/h5>\n<h5 style=\"text-align: justify\">Datos de tr\u00e1nsito y movimientos migratorios: Informaci\u00f3n relativa al tr\u00e1nsito de las personas dentro y fuera del pa\u00eds, as\u00ed como informaci\u00f3n migratoria;<\/h5>\n<h5 style=\"text-align: justify\"><\/h5>\n<h5 style=\"text-align: justify\"><strong>Datos sobre la salud:<\/strong> El expediente cl\u00ednico de cualquier atenci\u00f3n m\u00e9dica, referencias o descripci\u00f3n de sintomatolog\u00edas, detecci\u00f3n de enfermedades, incapacidades m\u00e9dicas, discapacidades, intervenciones quir\u00fargicas, vacunas, consumo de estupefacientes, uso de aparatos oftalmol\u00f3gicos, ortop\u00e9dicos, auditivos, pr\u00f3tesis, as\u00ed como el estado f\u00edsico o mental de la persona;<\/h5>\n<h5 style=\"text-align: justify\"><\/h5>\n<h5 style=\"text-align: justify\"><strong>Datos biom\u00e9tricos:<\/strong> huellas dactilares, ADN, geometr\u00eda de la mano, caracter\u00edsticas de iris y retina, tipo de sangre, dem\u00e1s an\u00e1logos;<\/h5>\n<h5 style=\"text-align: justify\"><\/h5>\n<h5 style=\"text-align: justify\"><strong>Caracter\u00edsticas f\u00edsicas:<\/strong> Color de piel, color de cabello, se\u00f1as particulares, estatura, peso, complexi\u00f3n, entre otros.<\/h5>\n<h5 style=\"text-align: justify\"><\/h5>\n<h5 style=\"text-align: justify\"><strong>Datos especialmente protegidos (sensibles):<\/strong> origen \u00e9tnico o racial, costumbres, caracter\u00edsticas morales emocionales, origen racial, ideolog\u00eda y opiniones pol\u00edticas, creencias, convicciones religiosas, afiliaci\u00f3n pol\u00edtica y\/o sindical, pertenencia a organizaciones de la sociedad civil y\/o asociaciones religiosas, filos\u00f3ficas, h\u00e1bitos sexuales y preferencia sexual, entre otros.<\/h5>\n<h5 style=\"text-align: justify\"><\/h5>\n<h5 style=\"text-align: justify\"><strong>Datos personales de naturaleza p\u00fablica:<\/strong> aquellos que por mandato legal sean accesibles al p\u00fablico.<\/h5>\n<p>[\/vc_column_text][vc_empty_space image_repeat=\u00bbno-repeat\u00bb][\/vc_column][\/vc_row][vc_row row_type=\u00bbrow\u00bb use_row_as_full_screen_section=\u00bbno\u00bb type=\u00bbgrid\u00bb oblique_section=\u00bbno\u00bb text_align=\u00bbleft\u00bb Overflow=\u00bb\u00bb triangle_shape=\u00bbno\u00bb css_animation=\u00bb\u00bb overflow=\u00bb\u00bb][vc_column][vc_column_text]<\/p>\n<p id=\"pic\" style=\"text-align: center;font-size: 30px;color: #9eb75d;font-weight: 600;line-height: 55px\"><span style=\"color: #3399cc\">OTROS DATOS SUCEPTIBLES DE SUPRESI\u00d3N<\/span><\/p>\n<p>[\/vc_column_text][vc_column_text]<\/p>\n<h5><strong>&#8211;<\/strong>Los nombres, alias, pseud\u00f3nimos o cualquier otro sobrenombre de las partes, de sus representantes y\/o autorizados.<\/h5>\n<p>&nbsp;<\/p>\n<h5><strong>&#8211;<\/strong>Los nombres, alias, pseud\u00f3nimos o cualquier otro sobrenombre de los testigos, peritos y en general de cualquier persona que hubiese participado en el desahogo de las pruebas ofrecidas en el juicio y\/o procedimiento respectivo.<\/h5>\n<p>&nbsp;<\/p>\n<h5><strong>&#8211;<\/strong>Los nombres de los quejosos o actores citados en los precedentes de las tesis jurisprudenciales y tesis aisladas que se invocan en la sentencia.<\/h5>\n<p>&nbsp;<\/p>\n<h5><strong>&#8211;<\/strong>Para el caso de autoridades deber\u00e1 suprimirse el nombre de la persona y no la denominaci\u00f3n de su cargo cuando participen en el desahogo de las pruebas ofrecidas como testigos, peritos, entre otros.<\/h5>\n<p>&nbsp;<\/p>\n<h5><strong>&#8211;<\/strong>Todos los datos concernientes a menores.<\/h5>\n<p>&nbsp;<\/p>\n<h5><strong>&#8211;<\/strong>Los n\u00fameros de expedientes de primera instancia y, en su caso, del juicio o procedimiento del cual no deriva el acto impugnado.<\/h5>\n<p>&nbsp;<\/p>\n<h5><strong>&#8211;<\/strong>El n\u00famero de registro de una patente o marca.<\/h5>\n<p>&nbsp;<\/p>\n<h5><strong>&#8211;<\/strong>Para determinar la supresi\u00f3n de estos datos, deber\u00e1 tomarse en cuenta el contexto en que se expresan.<\/h5>\n<p>[\/vc_column_text][vc_empty_space image_repeat=\u00bbno-repeat\u00bb][\/vc_column][\/vc_row][vc_row row_type=\u00bbrow\u00bb use_row_as_full_screen_section=\u00bbno\u00bb type=\u00bbgrid\u00bb oblique_section=\u00bbno\u00bb text_align=\u00bbleft\u00bb Overflow=\u00bb\u00bb triangle_shape=\u00bbno\u00bb css_animation=\u00bb\u00bb overflow=\u00bb\u00bb][vc_column][vc_column_text]<\/p>\n<p id=\"pic\" style=\"text-align: center;font-size: 23px;color: #9eb75d;font-weight: 600;line-height: 55px\"><span style=\"color: #3399cc\">Como excepci\u00f3n a lo anterior, existen tambi\u00e9n datos personales de naturaleza p\u00fablica, mismos que no deben ser eliminados; por ejemplo:<\/span><\/p>\n<p>[\/vc_column_text][vc_column_text]<\/p>\n<h5><strong>&#8211;<\/strong>Nombre, cargo, \u00e1rea de adscripci\u00f3n, tel\u00e9fono institucional, perfil de acuerdo a cada puesto, correo institucional y domicilio laboral y n\u00famero de C\u00e9dula profesional de los servidores p\u00fablicos que act\u00faen con ese car\u00e1cter.<\/h5>\n<p>&nbsp;<\/p>\n<h5><strong>&#8211;<\/strong>Firma de los servidores p\u00fablicos cuando en el desempe\u00f1o de sus funciones est\u00e9n suscribiendo actos de autoridad.<\/h5>\n<p>&nbsp;<\/p>\n<h5><strong>&#8211;<\/strong>El nombre comercial y la denominaci\u00f3n o raz\u00f3n social de personas morales.<\/h5>\n<p>&nbsp;<\/p>\n<h5><strong>&#8211;<\/strong>Datos identificativos de los Entes Obligados, as\u00ed como su direcci\u00f3n, tel\u00e9fonos y RFC.<\/h5>\n<p>&nbsp;<\/p>\n<h5><strong>&#8211;<\/strong>Los datos de los representantes legales, los notarios y peritos que act\u00faen en juicio.<\/h5>\n<p>&nbsp;<\/p>\n<h5><strong>&#8211;<\/strong>Nombre y n\u00famero de los Notarios p\u00fablicos, testimonios notariales, n\u00famero de las actas constitutivas, folios reales, n\u00famero de escritura.<\/h5>\n<p>&nbsp;<\/p>\n<h5><strong>&#8211;<\/strong>Nombres de los polic\u00edas, placas de sus unidades, as\u00ed como n\u00fameros de placas de los veh\u00edculos del transporte p\u00fablico.<\/h5>\n<p>&nbsp;<\/p>\n<h5><strong>&#8211;<\/strong>Monto de multas.<\/h5>\n<p>&nbsp;<\/p>\n<h5><strong>&#8211;<\/strong>En los procedimientos seguidos en la Contralor\u00eda motivo del procedimiento, nombre del servidor p\u00fablico y sentido de la resoluci\u00f3n, una vez que cause ejecutoria.<\/h5>\n<p>&nbsp;<\/p>\n<h5><strong>&#8211;<\/strong>Procedimientos de Licitaci\u00f3n P\u00fablica, Adjudicaci\u00f3n Directa o de Invitaci\u00f3n Restringida.<\/h5>\n<p>[\/vc_column_text][vc_empty_space image_repeat=\u00bbno-repeat\u00bb][\/vc_column][\/vc_row][vc_row row_type=\u00bbrow\u00bb use_row_as_full_screen_section=\u00bbno\u00bb type=\u00bbfull_width\u00bb oblique_section=\u00bbno\u00bb text_align=\u00bbleft\u00bb Overflow=\u00bb\u00bb triangle_shape=\u00bbno\u00bb css_animation=\u00bb\u00bb][vc_column][vc_empty_space height=\u00bb20px\u00bb image_repeat=\u00bbno-repeat\u00bb][\/vc_column][\/vc_row][vc_row row_type=\u00bbrow\u00bb use_row_as_full_screen_section=\u00bbno\u00bb type=\u00bbfull_width\u00bb oblique_section=\u00bbno\u00bb text_align=\u00bbleft\u00bb Overflow=\u00bb\u00bb triangle_shape=\u00bbno\u00bb css_animation=\u00bb\u00bb][vc_column][vc_column_text]<\/p>\n<p style=\"text-align: right\">\u00daltima fecha de actualizaci\u00f3n: junio 2018.<\/p>\n<p>[\/vc_column_text][\/vc_column][\/vc_row][vc_row row_type=\u00bbrow\u00bb use_row_as_full_screen_section=\u00bbno\u00bb type=\u00bbfull_width\u00bb oblique_section=\u00bbno\u00bb text_align=\u00bbleft\u00bb Overflow=\u00bb\u00bb triangle_shape=\u00bbno\u00bb css_animation=\u00bb\u00bb][vc_column][vc_empty_space height=\u00bb20px\u00bb image_repeat=\u00bbno-repeat\u00bb][\/vc_column][\/vc_row]<\/p>\n","protected":false},"excerpt":{"rendered":"<p>[vc_row row_type=\u00bbrow\u00bb use_row_as_full_screen_section=\u00bbyes\u00bb type=\u00bbfull_width\u00bb oblique_section=\u00bbno\u00bb text_align=\u00bbcenter\u00bb Overflow=\u00bb\u00bb triangle_shape=\u00bbno\u00bb background_image=\u00bb17530&#8243; padding_top=\u00bb10%\u00bb css_animation=\u00bb\u00bb overflow=\u00bb\u00bb][vc_column][vc_empty_space height=\u00bb200px\u00bb image_repeat=\u00bbno-repeat\u00bb][\/vc_column][\/vc_row][vc_row row_type=\u00bbrow\u00bb use_row_as_full_screen_section=\u00bbno\u00bb type=\u00bbgrid\u00bb oblique_section=\u00bbno\u00bb text_align=\u00bbcenter\u00bb Overflow=\u00bb\u00bb triangle_shape=\u00bbno\u00bb background_image=\u00bb12432&#8243; css_animation=\u00bb\u00bb overflow=\u00bb\u00bb][vc_column][vc_row_inner row_type=\u00bbrow\u00bb type=\u00bbgrid\u00bb use_row_as_full_screen_section_slide=\u00bbno\u00bb text_align=\u00bbcenter\u00bb css_animation=\u00bb\u00bb][vc_column_inner][vc_separator type=\u00bbtransparent\u00bb up=\u00bb50&#8243; up_style=\u00bbpx\u00bb down=\u00bb0&#8243; down_style=\u00bbpx\u00bb][vc_column_text] Versiones P\u00fablicas [\/vc_column_text][vc_separator type=\u00bbtransparent\u00bb up=\u00bb50&#8243; up_style=\u00bbpx\u00bb down=\u00bb0&#8243; down_style=\u00bbpx\u00bb][\/vc_column_inner][\/vc_row_inner][vc_column_text] La versi\u00f3n p\u00fablica,&#8230;<\/p>\n","protected":false},"author":1,"featured_media":0,"parent":0,"menu_order":0,"comment_status":"closed","ping_status":"closed","template":"","meta":{"footnotes":""},"class_list":["post-17486","page","type-page","status-publish","hentry"],"_links":{"self":[{"href":"https:\/\/www.poderjudicialcdmx.gob.mx\/unidadtransparencia\/wp-json\/wp\/v2\/pages\/17486"}],"collection":[{"href":"https:\/\/www.poderjudicialcdmx.gob.mx\/unidadtransparencia\/wp-json\/wp\/v2\/pages"}],"about":[{"href":"https:\/\/www.poderjudicialcdmx.gob.mx\/unidadtransparencia\/wp-json\/wp\/v2\/types\/page"}],"author":[{"embeddable":true,"href":"https:\/\/www.poderjudicialcdmx.gob.mx\/unidadtransparencia\/wp-json\/wp\/v2\/users\/1"}],"replies":[{"embeddable":true,"href":"https:\/\/www.poderjudicialcdmx.gob.mx\/unidadtransparencia\/wp-json\/wp\/v2\/comments?post=17486"}],"version-history":[{"count":19,"href":"https:\/\/www.poderjudicialcdmx.gob.mx\/unidadtransparencia\/wp-json\/wp\/v2\/pages\/17486\/revisions"}],"predecessor-version":[{"id":18287,"href":"https:\/\/www.poderjudicialcdmx.gob.mx\/unidadtransparencia\/wp-json\/wp\/v2\/pages\/17486\/revisions\/18287"}],"wp:attachment":[{"href":"https:\/\/www.poderjudicialcdmx.gob.mx\/unidadtransparencia\/wp-json\/wp\/v2\/media?parent=17486"}],"curies":[{"name":"wp","href":"https:\/\/api.w.org\/{rel}","templated":true}]}}