{"id":17505,"date":"2017-03-22T18:48:22","date_gmt":"2017-03-22T18:48:22","guid":{"rendered":"http:\/\/www.poderjudicialcdmx.gob.mx\/unidadtransparencia\/?page_id=17505"},"modified":"2024-10-29T19:30:07","modified_gmt":"2024-10-29T19:30:07","slug":"como-proteger-tus-datos","status":"publish","type":"page","link":"https:\/\/www.poderjudicialcdmx.gob.mx\/unidadtransparencia\/como-proteger-tus-datos\/","title":{"rendered":"Como proteger tus datos"},"content":{"rendered":"<p>[vc_row row_type=\u00bbrow\u00bb use_row_as_full_screen_section=\u00bbyes\u00bb type=\u00bbfull_width\u00bb oblique_section=\u00bbno\u00bb text_align=\u00bbcenter\u00bb Overflow=\u00bb\u00bb triangle_shape=\u00bbno\u00bb background_image=\u00bb17534&#8243; padding_top=\u00bb10%\u00bb css_animation=\u00bb\u00bb overflow=\u00bb\u00bb][vc_column][vc_empty_space height=\u00bb200px\u00bb image_repeat=\u00bbno-repeat\u00bb][\/vc_column][\/vc_row][vc_row row_type=\u00bbrow\u00bb use_row_as_full_screen_section=\u00bbno\u00bb type=\u00bbfull_width\u00bb oblique_section=\u00bbno\u00bb text_align=\u00bbcenter\u00bb Overflow=\u00bb\u00bb triangle_shape=\u00bbno\u00bb background_image=\u00bb12432&#8243; css_animation=\u00bb\u00bb overflow=\u00bb\u00bb][vc_column][vc_separator type=\u00bbtransparent\u00bb up=\u00bb50&#8243; up_style=\u00bbpx\u00bb down=\u00bb0&#8243; down_style=\u00bbpx\u00bb][vc_row_inner row_type=\u00bbrow\u00bb type=\u00bbgrid\u00bb use_row_as_full_screen_section_slide=\u00bbno\u00bb text_align=\u00bbcenter\u00bb css_animation=\u00bb\u00bb][vc_column_inner][vc_column_text]<\/p>\n<p id=\"pic\" style=\"text-align: center;font-size: 46px;color: #9eb75d;font-weight: 600;line-height: 55px\"><span style=\"color: #3399cc\">Como proteger tus datos<\/span><\/p>\n<p>[\/vc_column_text][vc_separator type=\u00bbtransparent\u00bb up=\u00bb50&#8243; up_style=\u00bbpx\u00bb down=\u00bb0&#8243; down_style=\u00bbpx\u00bb][\/vc_column_inner][\/vc_row_inner][\/vc_column][\/vc_row][vc_row row_type=\u00bbrow\u00bb use_row_as_full_screen_section=\u00bbno\u00bb type=\u00bbgrid\u00bb oblique_section=\u00bbno\u00bb text_align=\u00bbleft\u00bb Overflow=\u00bb\u00bb triangle_shape=\u00bbno\u00bb css_animation=\u00bb\u00bb overflow=\u00bb\u00bb][vc_column][vc_separator type=\u00bbtransparent\u00bb up=\u00bb50&#8243; up_style=\u00bbpx\u00bb down=\u00bb0&#8243; down_style=\u00bbpx\u00bb][vc_column_text]<\/p>\n<h5 style=\"text-align: justify\"><span lang=\"ES-MX\">La protecci\u00f3n de los datos personales en las redes sociales es una misi\u00f3n casi imposible con el tipo de normatividad actual.<\/span><\/h5>\n<h5 style=\"text-align: justify\"><span lang=\"ES-MX\">Muchos de nosotros no somos conscientes de la cantidad de informaci\u00f3n de car\u00e1cter privado que subimos al internet, lo cual, eventualmente, podr\u00eda convertirse en un dolor de cabeza para nosotros o nuestras familias.<\/span><\/h5>\n<h5 style=\"text-align: justify\"><span lang=\"ES-MX\">La informaci\u00f3n proporcionada no s\u00f3lo puede ser \u00fatil para fines comerciales y laborales, tambi\u00e9n puede ser usada para actos de discriminaci\u00f3n o para hacer de las personas objetos de alg\u00fan delito. Esto ocurre cada vez con m\u00e1s frecuencia en ciudades como el Distrito Federal.<\/span><\/h5>\n<h5 style=\"text-align: justify\"><span lang=\"ES-MX\">La expansi\u00f3n de las redes sociales trae como consecuencia un crecimiento exponencial del tr\u00e1nsito de datos de car\u00e1cter privado; por ejemplo, fotograf\u00edas, videos, relatos de experiencias personales, de viajes, y todo tipo de informaci\u00f3n que revela nuestra intimidad. Al respecto, el Estudio de protecci\u00f3n de datos personales entre usuarios y empresas, publicado en 2013 por la Asociaci\u00f3n Mexicana de Internet y Microsoft, nos ofrece un panorama que debemos observar con seriedad.<\/span><\/h5>\n<h5 style=\"text-align: justify\"><span lang=\"ES-MX\">Seg\u00fan este estudio, el acceso a redes sociales es la tercera actividad m\u00e1s importante que los usuarios realizan en internet; as\u00ed lo afirm\u00f3 el 82% de las personas entrevistadas. La primera actividad es la de recibir y enviar correos (87%); y la segunda, la de buscar informaci\u00f3n (84%). No obstante, el 93% de los internautas confes\u00f3 hacer uso de, al menos, una red social.<\/span><\/h5>\n<h5 style=\"text-align: justify\"><span lang=\"ES-MX\">Los j\u00f3venes son los que m\u00e1s emplean la tecnolog\u00eda y tambi\u00e9n los primeros que la adoptan: 75.6% de los usuarios de internet tiene menos de 35 a\u00f1os. Lo preocupante es que, seg\u00fan una encuesta realizada por el IFAI en 2012, los menores de 18 a\u00f1os son m\u00e1s propensos a proporcionar sus datos personales sin la supervisi\u00f3n de un adulto.<\/span><\/h5>\n<h5 style=\"text-align: justify\"><span lang=\"ES-MX\">Asimismo, la mayor\u00eda de las personas dif\u00edcilmente leen las condiciones de uso para darse de alta como usuario en alguna p\u00e1gina de internet y tampoco conocen la pol\u00edtica de privacidad de \u00e9sta. Por supuesto, son los menores de 18 a\u00f1os quienes menos se preocupan por enterarse de estas condiciones y pol\u00edticas.<\/span><\/h5>\n<h5 style=\"text-align: justify\"><span lang=\"ES-MX\">Incluso, la mayor\u00eda de los adolescentes de entre 12 y 17 a\u00f1os se\u00f1al\u00f3 que es poco usual que sus padres revisen su correo o lo que publican en los sitios de internet.<\/span><\/h5>\n<h5 style=\"text-align: justify\"><span lang=\"ES-MX\">Cabe se\u00f1alar que el medio m\u00e1s com\u00fan para acceder a redes sociales es el tel\u00e9fono inteligente; el 56% de los usuarios ingresa desde su celular.<\/span><\/h5>\n<h5 style=\"text-align: justify\"><span lang=\"ES-MX\">Aunque el universo de usuarios de internet se reduce a un 38% de la poblaci\u00f3n de nuestro pa\u00eds, de acuerdo con informaci\u00f3n del INEGI, las cifras ya son considerables y se incrementar\u00e1n proporcionalmente con el n\u00famero de nuevos usuarios de la red internacional.<\/span><\/h5>\n<h5 style=\"text-align: justify\"><span lang=\"ES-MX\">Todos estos datos deben hacernos reflexionar, porque parte de nuestra privacidad se est\u00e1 divulgando con nuestra activa participaci\u00f3n. Y lo peor es que en este proceso podemos involucrar a terceros que no tienen intenci\u00f3n de hacer p\u00fablica su vida personal.<\/span><\/h5>\n<h5 style=\"text-align: justify\"><span lang=\"ES-MX\">En nuestro pa\u00eds, la Ley Federal de Protecci\u00f3n de Datos Personales en Posesi\u00f3n de Particulares es la que regula el tratamiento de datos en las empresas del sector privado, y el \u00f3rgano que se encarga de vigilar su cumplimiento es el IFAI. No obstante, las redes sociales escapan a la protecci\u00f3n, sencillamente porque no se sabe en donde se aloja la informaci\u00f3n proporcionada; por lo tanto, tampoco se conoce la normatividad que aplicar\u00eda.<\/span><\/h5>\n<h5 style=\"text-align: justify\"><span lang=\"ES-MX\">En s\u00edntesis, no se trata de renunciar a las posibilidades de comunicaci\u00f3n que nos ofrece la tecnolog\u00eda, sino de reducir los riesgos ante la falta de una regulaci\u00f3n internacional. Incluso, las redes sociales pueden ser un mecanismo para la rendici\u00f3n de cuentas. As\u00ed que procuremos hacer un buen uso de este medio de comunicaci\u00f3n, cuidando nuestra integridad.<\/span><\/h5>\n<p>[\/vc_column_text][vc_empty_space image_repeat=\u00bbno-repeat\u00bb][\/vc_column][\/vc_row][vc_row row_type=\u00bbrow\u00bb use_row_as_full_screen_section=\u00bbno\u00bb type=\u00bbfull_width\u00bb oblique_section=\u00bbno\u00bb text_align=\u00bbleft\u00bb Overflow=\u00bb\u00bb triangle_shape=\u00bbno\u00bb css_animation=\u00bb\u00bb][vc_column][vc_empty_space height=\u00bb20px\u00bb image_repeat=\u00bbno-repeat\u00bb][\/vc_column][\/vc_row][vc_row row_type=\u00bbrow\u00bb use_row_as_full_screen_section=\u00bbno\u00bb type=\u00bbfull_width\u00bb oblique_section=\u00bbno\u00bb text_align=\u00bbleft\u00bb Overflow=\u00bb\u00bb triangle_shape=\u00bbno\u00bb css_animation=\u00bb\u00bb][vc_column][vc_column_text]<\/p>\n<p style=\"text-align: right\">\u00daltima fecha de actualizaci\u00f3n: junio 2018.<\/p>\n<p>[\/vc_column_text][\/vc_column][\/vc_row][vc_row row_type=\u00bbrow\u00bb use_row_as_full_screen_section=\u00bbno\u00bb type=\u00bbfull_width\u00bb oblique_section=\u00bbno\u00bb text_align=\u00bbleft\u00bb Overflow=\u00bb\u00bb triangle_shape=\u00bbno\u00bb css_animation=\u00bb\u00bb][vc_column][vc_empty_space height=\u00bb20px\u00bb image_repeat=\u00bbno-repeat\u00bb][\/vc_column][\/vc_row]<\/p>\n","protected":false},"excerpt":{"rendered":"<p>[vc_row row_type=\u00bbrow\u00bb use_row_as_full_screen_section=\u00bbyes\u00bb type=\u00bbfull_width\u00bb oblique_section=\u00bbno\u00bb text_align=\u00bbcenter\u00bb Overflow=\u00bb\u00bb triangle_shape=\u00bbno\u00bb background_image=\u00bb17534&#8243; padding_top=\u00bb10%\u00bb css_animation=\u00bb\u00bb overflow=\u00bb\u00bb][vc_column][vc_empty_space height=\u00bb200px\u00bb image_repeat=\u00bbno-repeat\u00bb][\/vc_column][\/vc_row][vc_row row_type=\u00bbrow\u00bb use_row_as_full_screen_section=\u00bbno\u00bb type=\u00bbfull_width\u00bb oblique_section=\u00bbno\u00bb text_align=\u00bbcenter\u00bb Overflow=\u00bb\u00bb triangle_shape=\u00bbno\u00bb background_image=\u00bb12432&#8243; css_animation=\u00bb\u00bb overflow=\u00bb\u00bb][vc_column][vc_separator type=\u00bbtransparent\u00bb up=\u00bb50&#8243; up_style=\u00bbpx\u00bb down=\u00bb0&#8243; down_style=\u00bbpx\u00bb][vc_row_inner row_type=\u00bbrow\u00bb type=\u00bbgrid\u00bb use_row_as_full_screen_section_slide=\u00bbno\u00bb text_align=\u00bbcenter\u00bb css_animation=\u00bb\u00bb][vc_column_inner][vc_column_text] Como proteger tus datos [\/vc_column_text][vc_separator type=\u00bbtransparent\u00bb up=\u00bb50&#8243; up_style=\u00bbpx\u00bb down=\u00bb0&#8243; down_style=\u00bbpx\u00bb][\/vc_column_inner][\/vc_row_inner][\/vc_column][\/vc_row][vc_row row_type=\u00bbrow\u00bb&#8230;<\/p>\n","protected":false},"author":1,"featured_media":0,"parent":0,"menu_order":0,"comment_status":"closed","ping_status":"closed","template":"","meta":{"footnotes":""},"class_list":["post-17505","page","type-page","status-publish","hentry"],"_links":{"self":[{"href":"https:\/\/www.poderjudicialcdmx.gob.mx\/unidadtransparencia\/wp-json\/wp\/v2\/pages\/17505"}],"collection":[{"href":"https:\/\/www.poderjudicialcdmx.gob.mx\/unidadtransparencia\/wp-json\/wp\/v2\/pages"}],"about":[{"href":"https:\/\/www.poderjudicialcdmx.gob.mx\/unidadtransparencia\/wp-json\/wp\/v2\/types\/page"}],"author":[{"embeddable":true,"href":"https:\/\/www.poderjudicialcdmx.gob.mx\/unidadtransparencia\/wp-json\/wp\/v2\/users\/1"}],"replies":[{"embeddable":true,"href":"https:\/\/www.poderjudicialcdmx.gob.mx\/unidadtransparencia\/wp-json\/wp\/v2\/comments?post=17505"}],"version-history":[{"count":19,"href":"https:\/\/www.poderjudicialcdmx.gob.mx\/unidadtransparencia\/wp-json\/wp\/v2\/pages\/17505\/revisions"}],"predecessor-version":[{"id":18288,"href":"https:\/\/www.poderjudicialcdmx.gob.mx\/unidadtransparencia\/wp-json\/wp\/v2\/pages\/17505\/revisions\/18288"}],"wp:attachment":[{"href":"https:\/\/www.poderjudicialcdmx.gob.mx\/unidadtransparencia\/wp-json\/wp\/v2\/media?parent=17505"}],"curies":[{"name":"wp","href":"https:\/\/api.w.org\/{rel}","templated":true}]}}